{"id":163,"date":"2024-04-02T20:48:27","date_gmt":"2024-04-02T18:48:27","guid":{"rendered":"https:\/\/swissmediadesign.com\/?page_id=163"},"modified":"2025-04-24T08:43:36","modified_gmt":"2025-04-24T06:43:36","slug":"hochwertige-architekturfotografie","status":"publish","type":"page","link":"https:\/\/swissmediadesign.com\/fr\/notre-expertise\/grandissent\/renforcer-la-presence-en-ligne\/partenariats-avec-des-influenceurs\/","title":{"rendered":"Photographie d'architecture de haute qualit\u00e9"},"content":{"rendered":"<style type=\"text\/css\" data-created_by=\"avia_inline_auto\" id=\"style-css-av-1m7m97-87a48884ef23bb8c4f791197533b51df\">\n.avia-section.av-1m7m97-87a48884ef23bb8c4f791197533b51df{\nbackground-repeat:no-repeat;\nbackground-image:url(https:\/\/swissmediadesign.com\/wp-content\/uploads\/2024\/05\/AdobeStock_295713811-1500x1000.jpeg);\nbackground-position:50% 50%;\nbackground-attachment:scroll;\n}\n.avia-section.av-1m7m97-87a48884ef23bb8c4f791197533b51df .av-section-color-overlay{\nopacity:0.5;\nbackground-color:#000000;\n}\n<\/style>\n<div id='av_section_1'  class='avia-section av-1m7m97-87a48884ef23bb8c4f791197533b51df main_color avia-section-default avia-no-border-styling  avia-builder-el-0  el_before_av_one_full  avia-builder-el-first  avia-full-stretch avia-bg-style-scroll av-section-color-overlay-active container_wrap fullsize'  data-section-bg-repeat='stretch'><div class=\"av-section-color-overlay-wrap\"><div class=\"av-section-color-overlay\"><\/div><div class='container av-section-cont-open' ><main  role=\"main\" itemprop=\"mainContentOfPage\"  class='template-page content  av-content-full alpha units'><div class='post-entry post-entry-type-page post-entry-163'><div class='entry-content-wrapper clearfix'>\n<div  class='flex_column av-1g7l8z-81987e3a0605b9bf6f3ea1f1bafa10c8 av_one_fifth  avia-builder-el-1  el_before_av_three_fifth  avia-builder-el-first  first flex_column_div'     ><\/div><div  class='flex_column av-1ammoj-e258efb709b0480532a7b53be79c7673 av_three_fifth  avia-builder-el-2  el_after_av_one_fifth  el_before_av_one_fifth  flex_column_div'     ><p>\n<style type=\"text\/css\" data-created_by=\"avia_inline_auto\" id=\"style-css-av-10tx5f-c728953f5bfafc70e699ac52042faa6a\">\n#top .av-special-heading.av-10tx5f-c728953f5bfafc70e699ac52042faa6a{\npadding-bottom:10px;\ncolor:#ffffff;\n}\nbody .av-special-heading.av-10tx5f-c728953f5bfafc70e699ac52042faa6a .av-special-heading-tag .heading-char{\nfont-size:25px;\n}\n.av-special-heading.av-10tx5f-c728953f5bfafc70e699ac52042faa6a .special-heading-inner-border{\nborder-color:#ffffff;\n}\n.av-special-heading.av-10tx5f-c728953f5bfafc70e699ac52042faa6a .av-subheading{\nfont-size:15px;\n}\n<\/style>\n<div  class='av-special-heading av-10tx5f-c728953f5bfafc70e699ac52042faa6a av-special-heading-h1 custom-color-heading blockquote modern-quote modern-centered  avia-builder-el-3  el_before_av_textblock  avia-builder-el-first'><h1 class='av-special-heading-tag'  itemprop=\"headline\"  >Photographie d'architecture de haute qualit\u00e9<\/h1><div class='av_custom_color av-subheading av-subheading_below'><p><a href=\"https:\/\/swissmediadesign.com\/fr\/notre-expertise\/grandissent\/renforcer-la-presence-en-ligne\/\">Photographie<\/a> \/ <a href=\"https:\/\/swissmediadesign.com\/fr\/notre-expertise\/grandissent\/renforcer-la-presence-en-ligne\/partenariats-avec-des-influenceurs\/\">Photographie d'architecture de haute qualit\u00e9<\/a><\/p>\n<\/div><div class=\"special-heading-border\"><div class=\"special-heading-inner-border\"><\/div><\/div><\/div><br \/>\n\n<style type=\"text\/css\" data-created_by=\"avia_inline_auto\" id=\"style-css-av-xqjw3-9b02e31985480a950bafedc96f2ae412\">\n#top .av_textblock_section.av-xqjw3-9b02e31985480a950bafedc96f2ae412 .avia_textblock{\ncolor:#ffffff;\n}\n<\/style>\n<section  class='av_textblock_section av-xqjw3-9b02e31985480a950bafedc96f2ae412'   itemscope=\"itemscope\" itemtype=\"https:\/\/schema.org\/CreativeWork\" ><div class='avia_textblock av_inherit_color'  itemprop=\"text\" ><p style=\"text-align: center;\">Nous vous proposons des photographies d'architecture de premi\u00e8re qualit\u00e9 qui montrent vos b\u00e2timents dans toute leur splendeur. Nos photographes mettent en sc\u00e8ne vos b\u00e2timents et vos vues ext\u00e9rieures avec un \u0153il pr\u00e9cis et une esth\u00e9tique impressionnante. D\u00e9couvrez comment une photographie d'architecture de haute qualit\u00e9 peut capturer la beaut\u00e9 et le caract\u00e8re unique de vos projets architecturaux.<\/p>\n<\/div><\/section><\/p><\/div><div  class='flex_column av-pbtqr-98a1cb056a5e4de7bb3c20805ee1bf8d av_one_fifth  avia-builder-el-5  el_after_av_three_fifth  avia-builder-el-last  flex_column_div'     ><\/div><\/div><\/div><\/main><!-- close content main element --><\/div><\/div><\/div><div id='after_section_1'  class='main_color av_default_container_wrap container_wrap fullsize'  ><div class='container av-section-cont-open' ><div class='template-page content  av-content-full alpha units'><div class='post-entry post-entry-type-page post-entry-163'><div class='entry-content-wrapper clearfix'><div  class='flex_column av-mx7or-59a7ee5554af1a3a73f2d2f75ac9139f av_one_full  avia-builder-el-6  el_after_av_section  avia-builder-el-no-sibling  first flex_column_div'     ><p>\n<style type=\"text\/css\" data-created_by=\"avia_inline_auto\" id=\"style-css-av-h2s2j-04a66401748aebb24446e877a3451e8a\">\n#top .av-special-heading.av-h2s2j-04a66401748aebb24446e877a3451e8a{\npadding-bottom:10px;\n}\nbody .av-special-heading.av-h2s2j-04a66401748aebb24446e877a3451e8a .av-special-heading-tag .heading-char{\nfont-size:25px;\n}\n.av-special-heading.av-h2s2j-04a66401748aebb24446e877a3451e8a .av-subheading{\nfont-size:15px;\n}\n<\/style>\n<div  class='av-special-heading av-h2s2j-04a66401748aebb24446e877a3451e8a av-special-heading-h2 blockquote modern-quote  avia-builder-el-7  el_before_av_textblock  avia-builder-el-first'><h2 class='av-special-heading-tag'  itemprop=\"headline\"  >Photographie d'architecture artistique pour des vues ext\u00e9rieures impressionnantes<\/h2><div class=\"special-heading-border\"><div class=\"special-heading-inner-border\"><\/div><\/div><\/div><br \/>\n<section  class='av_textblock_section av-aq1i3-3a90b00e9131f0eadf141e9c59e51f7a'   itemscope=\"itemscope\" itemtype=\"https:\/\/schema.org\/CreativeWork\" ><div class='avia_textblock'  itemprop=\"text\" ><div class=\"w-full text-token-text-primary\" dir=\"auto\" data-testid=\"conversation-turn-209\" data-scroll-anchor=\"false\">\n<div class=\"py-2 juice:py-&#091;18px&#093; px-3 text-base md:px-4 m-auto md:px-5 lg:px-1 xl:px-5\">\n<div class=\"mx-auto flex flex-1 gap-3 text-base juice:gap-4 juice:md:gap-6 md:max-w-3xl lg:max-w-&#091;40rem&#093; xl:max-w-&#091;48rem&#093;\">\n<div class=\"group\/conversation-turn relative flex w-full min-w-0 flex-col agent-turn\">\n<div class=\"flex-col gap-1 md:gap-3\">\n<div class=\"flex flex-grow flex-col max-w-full\">\n<div class=\"min-h-&#091;20px&#093; text-message flex flex-col items-start whitespace-pre-wrap break-words &#091;.text-message+&amp;&#093;:mt-5 juice:w-full juice:items-end overflow-x-auto gap-2\" dir=\"auto\" data-message-author-role=\"assistant\" data-message-id=\"ead1b8bc-eb1a-49d9-839a-dfe6bcb5a312\">\n<div class=\"flex w-full flex-col gap-1 juice:empty:hidden juice:first:pt-&#091;3px&#093;\">\n<div class=\"markdown prose w-full break-words dark:prose-invert light\">\n<p>Chez Swiss Media Design, nous comprenons l'art et la science de la photographie d'architecture. Notre mission est de pr\u00e9senter vos b\u00e2timents dans toute leur splendeur en capturant leurs d\u00e9tails, formes et structures uniques. Gr\u00e2ce \u00e0 notre photographie d'architecture de haute qualit\u00e9, nous mettons en valeur la beaut\u00e9 esth\u00e9tique et fonctionnelle de vos b\u00e2timents et cr\u00e9ons des repr\u00e9sentations visuelles impressionnantes qui enthousiasment et inspirent.<\/p>\n<p>Notre approche commence par une planification et une pr\u00e9paration approfondies. Nous prenons le temps de comprendre vos projets architecturaux et leurs caract\u00e9ristiques sp\u00e9cifiques. En travaillant avec vous et vos architectes, nous saisissons la vision et les aspects particuliers qui caract\u00e9risent votre construction. Cela nous permet de d\u00e9velopper une strat\u00e9gie photographique qui met en lumi\u00e8re vos b\u00e2timents de mani\u00e8re optimale.<\/p>\n<p>Pendant la s\u00e9ance photo, nous utilisons des techniques d'appareil photo de pointe et un \u00e9clairage cr\u00e9atif pour trouver les meilleures perspectives et les meilleurs angles. Notre \u00e9quipe exp\u00e9riment\u00e9e veille \u00e0 ce que chaque d\u00e9tail - de la structure globale aux \u00e9l\u00e9ments architecturaux les plus fins - soit parfaitement captur\u00e9. Nous travaillons dans diff\u00e9rentes conditions d'\u00e9clairage et utilisons l'environnement naturel pour repr\u00e9senter vos vues ext\u00e9rieures dans toute leur diversit\u00e9.<\/p>\n<p>Le shooting est suivi d'un post-traitement minutieux. \u00c0 l'aide de logiciels de traitement d'image avanc\u00e9s, nous optimisons les photos afin de renforcer les couleurs, les contrastes et les d\u00e9tails sans perdre l'authenticit\u00e9 des clich\u00e9s. Nos retoucheurs s'assurent que chaque photo r\u00e9pond aux normes de qualit\u00e9 les plus \u00e9lev\u00e9es et est pr\u00eate \u00e0 \u00eatre utilis\u00e9e dans des publications, des pr\u00e9sentations ou des galeries en ligne.<\/p>\n<p>Notre photographie d'architecture de haute qualit\u00e9 est id\u00e9ale pour les architectes, les entreprises de construction, les promoteurs immobiliers et les bureaux de design. Elle vous aide \u00e0 pr\u00e9senter vos projets de mani\u00e8re professionnelle, \u00e0 impressionner les clients potentiels et \u00e0 enrichir vos supports marketing. Que ce soit pour votre site web, vos brochures, vos magazines ou vos expositions, nous vous fournissons des images \u00e9poustouflantes qui mettent en valeur le caract\u00e8re unique et la beaut\u00e9 de votre architecture.<\/p>\n<p>D\u00e9couvrez le pouvoir de transformation de la photographie d'architecture de haute qualit\u00e9 avec Swiss Media Design. Ensemble, pr\u00e9sentons vos b\u00e2timents sous leur meilleur jour et racontons des histoires visuelles qui laisseront une impression durable. Contactez-nous d\u00e8s aujourd'hui pour en savoir plus sur nos services et pour convenir d'un rendez-vous pour votre s\u00e9ance photo personnalis\u00e9e.<\/p>\n<\/div>\n<\/div>\n<\/div>\n<\/div>\n<\/div>\n<\/div>\n<\/div>\n<\/div>\n<\/div>\n<\/div><\/section><\/p><\/div><\/p>","protected":false},"excerpt":{"rendered":"","protected":false},"author":2,"featured_media":0,"parent":159,"menu_order":3232,"comment_status":"closed","ping_status":"closed","template":"","meta":{"footnotes":""},"class_list":["post-163","page","type-page","status-publish","hentry"],"_links":{"self":[{"href":"https:\/\/swissmediadesign.com\/fr\/wp-json\/wp\/v2\/pages\/163","targetHints":{"allow":["GET"]}}],"collection":[{"href":"https:\/\/swissmediadesign.com\/fr\/wp-json\/wp\/v2\/pages"}],"about":[{"href":"https:\/\/swissmediadesign.com\/fr\/wp-json\/wp\/v2\/types\/page"}],"author":[{"embeddable":true,"href":"https:\/\/swissmediadesign.com\/fr\/wp-json\/wp\/v2\/users\/2"}],"replies":[{"embeddable":true,"href":"https:\/\/swissmediadesign.com\/fr\/wp-json\/wp\/v2\/comments?post=163"}],"version-history":[{"count":0,"href":"https:\/\/swissmediadesign.com\/fr\/wp-json\/wp\/v2\/pages\/163\/revisions"}],"up":[{"embeddable":true,"href":"https:\/\/swissmediadesign.com\/fr\/wp-json\/wp\/v2\/pages\/159"}],"wp:attachment":[{"href":"https:\/\/swissmediadesign.com\/fr\/wp-json\/wp\/v2\/media?parent=163"}],"curies":[{"name":"wp","href":"https:\/\/api.w.org\/{rel}","templated":true}]}}