{"id":177,"date":"2024-04-02T20:54:57","date_gmt":"2024-04-02T18:54:57","guid":{"rendered":"https:\/\/swissmediadesign.com\/?page_id=177"},"modified":"2025-04-24T08:44:41","modified_gmt":"2025-04-24T06:44:41","slug":"marktforschung-wettbewerbsanalyse","status":"publish","type":"page","link":"https:\/\/swissmediadesign.com\/fr\/notre-expertise\/dominent\/leadership-strategique\/etude-de-marche-analyse-de-la-concurrence\/","title":{"rendered":"\u00c9tudes de march\u00e9 &amp; analyse de la concurrence"},"content":{"rendered":"<style type=\"text\/css\" data-created_by=\"avia_inline_auto\" id=\"style-css-av-lwp0ph0e-27682256eb0d677baf75a668f4463b8a\">\n.avia-section.av-lwp0ph0e-27682256eb0d677baf75a668f4463b8a{\nbackground-repeat:no-repeat;\nbackground-image:url(https:\/\/swissmediadesign.com\/wp-content\/uploads\/2024\/05\/224386232_m_normal_none-2-1500x1000.jpg);\nbackground-position:50% 50%;\nbackground-attachment:scroll;\n}\n.avia-section.av-lwp0ph0e-27682256eb0d677baf75a668f4463b8a .av-section-color-overlay{\nopacity:0.5;\nbackground-color:#000000;\n}\n<\/style>\n<div id='av_section_1'  class='avia-section av-lwp0ph0e-27682256eb0d677baf75a668f4463b8a main_color avia-section-default avia-no-border-styling  avia-builder-el-0  el_before_av_one_full  avia-builder-el-first  avia-full-stretch avia-bg-style-scroll av-section-color-overlay-active container_wrap fullsize'  data-section-bg-repeat='stretch'><div class=\"av-section-color-overlay-wrap\"><div class=\"av-section-color-overlay\"><\/div><div class='container av-section-cont-open' ><main  role=\"main\" itemprop=\"mainContentOfPage\"  class='template-page content  av-content-full alpha units'><div class='post-entry post-entry-type-page post-entry-177'><div class='entry-content-wrapper clearfix'>\n<div  class='flex_column av-1965sx-7ab838881900d53127c0f9b2f1d9d52f av_one_fifth  avia-builder-el-1  el_before_av_three_fifth  avia-builder-el-first  first flex_column_div'     ><\/div><div  class='flex_column av-10sc29-91cd31cbd9090ff501b78a1ce6902b03 av_three_fifth  avia-builder-el-2  el_after_av_one_fifth  el_before_av_one_fifth  flex_column_div'     ><p>\n<style type=\"text\/css\" data-created_by=\"avia_inline_auto\" id=\"style-css-av-lwp0l00m-614895358673e037d68ea88894ee291a\">\n#top .av-special-heading.av-lwp0l00m-614895358673e037d68ea88894ee291a{\npadding-bottom:10px;\ncolor:#ffffff;\n}\nbody .av-special-heading.av-lwp0l00m-614895358673e037d68ea88894ee291a .av-special-heading-tag .heading-char{\nfont-size:25px;\n}\n.av-special-heading.av-lwp0l00m-614895358673e037d68ea88894ee291a .special-heading-inner-border{\nborder-color:#ffffff;\n}\n.av-special-heading.av-lwp0l00m-614895358673e037d68ea88894ee291a .av-subheading{\nfont-size:15px;\n}\n<\/style>\n<div  class='av-special-heading av-lwp0l00m-614895358673e037d68ea88894ee291a av-special-heading-h1 custom-color-heading blockquote modern-quote modern-centered  avia-builder-el-3  el_before_av_textblock  avia-builder-el-first'><h1 class='av-special-heading-tag'  itemprop=\"headline\"  >\u00c9tude de march\u00e9 <span class='special_amp'>&amp;<\/span> Analyse de la concurrence<\/h1><div class='av_custom_color av-subheading av-subheading_below'><p><a href=\"https:\/\/swissmediadesign.com\/fr\/notre-expertise\/dominent\/leadership-strategique\/\">Leadership strat\u00e9gique sur le march\u00e9<\/a> \/ <a href=\"https:\/\/swissmediadesign.com\/fr\/notre-expertise\/dominent\/leadership-strategique\/etude-de-marche-analyse-de-la-concurrence\/\">\u00c9tudes de march\u00e9 &amp; analyse de la concurrence<\/a><\/p>\n<\/div><div class=\"special-heading-border\"><div class=\"special-heading-inner-border\"><\/div><\/div><\/div><br \/>\n\n<style type=\"text\/css\" data-created_by=\"avia_inline_auto\" id=\"style-css-av-yweuh-7fdba44bdc746d2bbb79a220a996521a\">\n#top .av_textblock_section.av-yweuh-7fdba44bdc746d2bbb79a220a996521a .avia_textblock{\ncolor:#ffffff;\n}\n<\/style>\n<section  class='av_textblock_section av-yweuh-7fdba44bdc746d2bbb79a220a996521a'   itemscope=\"itemscope\" itemtype=\"https:\/\/schema.org\/CreativeWork\" ><div class='avia_textblock av_inherit_color'  itemprop=\"text\" ><p style=\"text-align: center;\">Notre \u00e9tude de march\u00e9 et notre analyse de la concurrence vous fournissent des informations approfondies sur les tendances actuelles du march\u00e9, les besoins des consommateurs et les strat\u00e9gies des concurrents. Gr\u00e2ce \u00e0 des \u00e9tudes et des analyses d\u00e9taill\u00e9es, nous vous aidons \u00e0 prendre des d\u00e9cisions fond\u00e9es et \u00e0 renforcer votre position sur le march\u00e9 de mani\u00e8re cibl\u00e9e.<\/p>\n<\/div><\/section><\/p><\/div><div  class='flex_column av-oiujl-3af880fe1ca3dbebb6c88df64559023c av_one_fifth  avia-builder-el-5  el_after_av_three_fifth  avia-builder-el-last  flex_column_div'     ><\/div><\/div><\/div><\/main><!-- close content main element --><\/div><\/div><\/div><div id='after_section_1'  class='main_color av_default_container_wrap container_wrap fullsize'  ><div class='container av-section-cont-open' ><div class='template-page content  av-content-full alpha units'><div class='post-entry post-entry-type-page post-entry-177'><div class='entry-content-wrapper clearfix'><div  class='flex_column av-nkx3d-a70fa3c501d304cfd4cf816c7757f17f av_one_full  avia-builder-el-6  el_after_av_section  avia-builder-el-no-sibling  first flex_column_div'     ><p>\n<style type=\"text\/css\" data-created_by=\"avia_inline_auto\" id=\"style-css-av-e9ttl-be6824b5f477669d41ee1cc9b25848e2\">\n#top .av-special-heading.av-e9ttl-be6824b5f477669d41ee1cc9b25848e2{\npadding-bottom:10px;\n}\nbody .av-special-heading.av-e9ttl-be6824b5f477669d41ee1cc9b25848e2 .av-special-heading-tag .heading-char{\nfont-size:25px;\n}\n.av-special-heading.av-e9ttl-be6824b5f477669d41ee1cc9b25848e2 .av-subheading{\nfont-size:15px;\n}\n<\/style>\n<div  class='av-special-heading av-e9ttl-be6824b5f477669d41ee1cc9b25848e2 av-special-heading-h2 blockquote modern-quote  avia-builder-el-7  el_before_av_textblock  avia-builder-el-first'><h2 class='av-special-heading-tag'  itemprop=\"headline\"  >R\u00e9ussir sur le march\u00e9 gr\u00e2ce \u00e0 des analyses pr\u00e9cises et des strat\u00e9gies innovantes<\/h2><div class=\"special-heading-border\"><div class=\"special-heading-inner-border\"><\/div><\/div><\/div><br \/>\n<section  class='av_textblock_section av-8iiux-66114c8e4157762d67cc7f4221081a5f'   itemscope=\"itemscope\" itemtype=\"https:\/\/schema.org\/CreativeWork\" ><div class='avia_textblock'  itemprop=\"text\" ><p>Dans le monde dynamique des affaires d'aujourd'hui, des d\u00e9cisions fond\u00e9es sont la cl\u00e9 du succ\u00e8s. Nos services d'\u00e9tude de march\u00e9 et d'analyse de la concurrence chez Swiss Media Design vous offrent la base n\u00e9cessaire pour renforcer votre position sur le march\u00e9 et la dominer \u00e0 long terme.<\/p>\n<p>Nos \u00e9tudes de march\u00e9 vont bien au-del\u00e0 d'un examen superficiel. Nous r\u00e9alisons des \u00e9tudes de march\u00e9 compl\u00e8tes et d\u00e9taill\u00e9es qui vous donnent un aper\u00e7u profond des tendances actuelles du march\u00e9 et des besoins des consommateurs. Nous analysons les donn\u00e9es d\u00e9mographiques, les comportements de consommation et les segments de march\u00e9 afin de vous donner une image pr\u00e9cise de votre groupe cible. Ces informations vous permettent d'adapter au mieux vos produits et services aux besoins de vos clients et de cibler vos strat\u00e9gies marketing.<\/p>\n<p>L'analyse de la concurrence est un \u00e9l\u00e9ment essentiel de nos services. Nous \u00e9tudions les strat\u00e9gies de vos concurrents, analysons leurs forces et leurs faiblesses et identifions les opportunit\u00e9s et les risques pour votre entreprise. Cette analyse d\u00e9taill\u00e9e vous permet de mieux \u00e9valuer votre position sur le march\u00e9 et de prendre des mesures strat\u00e9giques pour vous d\u00e9marquer de vos concurrents. Nos analyses de la concurrence comprennent \u00e9galement l'observation des tendances du march\u00e9 et l'identification des nouvelles barri\u00e8res \u00e0 l'entr\u00e9e que vous devez surmonter pour r\u00e9ussir.<\/p>\n<p>Gr\u00e2ce aux connaissances acquises dans le cadre de nos \u00e9tudes de march\u00e9 et de notre analyse de la concurrence, nous vous aidons \u00e0 d\u00e9velopper des strat\u00e9gies sur mesure. Ces strat\u00e9gies sont con\u00e7ues pour consolider et d\u00e9velopper votre position de leader sur le march\u00e9. Nous vous aidons \u00e0 identifier les opportunit\u00e9s de croissance, \u00e0 optimiser vos mesures de marketing et \u00e0 d\u00e9velopper des approches innovantes qui vous permettront d'accro\u00eetre votre comp\u00e9titivit\u00e9.<\/p>\n<p>Nos services ne s'arr\u00eatent pas \u00e0 la fourniture de donn\u00e9es et d'analyses. Nous nous consid\u00e9rons comme un partenaire \u00e0 long terme qui vous assiste en permanence. Gr\u00e2ce \u00e0 des mises \u00e0 jour r\u00e9guli\u00e8res et \u00e0 des analyses continues, nous vous garantissons d'\u00eatre toujours \u00e0 la pointe de l'actualit\u00e9 et de pouvoir r\u00e9agir avec flexibilit\u00e9 aux changements du march\u00e9.<\/p>\n<p>Gr\u00e2ce \u00e0 notre expertise en mati\u00e8re d'\u00e9tudes de march\u00e9 et d'analyse de la concurrence, nous posons la premi\u00e8re pierre de votre succ\u00e8s durable et de votre domination sur la concurrence. Faites confiance \u00e0 Swiss Media Design pour atteindre les objectifs de votre entreprise et assurer votre position sur le march\u00e9. Actuellement, nous nous occupons principalement de clients dans l'espace germanophone, mais nous pr\u00e9voyons de nous \u00e9tendre aux march\u00e9s internationaux afin d'aider davantage d'entreprises \u00e0 r\u00e9ussir dans le monde entier. Apr\u00e8s un entretien de conseil, nous pouvons composer nos services individuellement selon vos souhaits et les adapter de mani\u00e8re optimale \u00e0 vos besoins.<\/p>\n<\/div><\/section><\/p><\/div><\/p>","protected":false},"excerpt":{"rendered":"","protected":false},"author":2,"featured_media":0,"parent":175,"menu_order":3311,"comment_status":"closed","ping_status":"closed","template":"","meta":{"footnotes":""},"class_list":["post-177","page","type-page","status-publish","hentry"],"_links":{"self":[{"href":"https:\/\/swissmediadesign.com\/fr\/wp-json\/wp\/v2\/pages\/177","targetHints":{"allow":["GET"]}}],"collection":[{"href":"https:\/\/swissmediadesign.com\/fr\/wp-json\/wp\/v2\/pages"}],"about":[{"href":"https:\/\/swissmediadesign.com\/fr\/wp-json\/wp\/v2\/types\/page"}],"author":[{"embeddable":true,"href":"https:\/\/swissmediadesign.com\/fr\/wp-json\/wp\/v2\/users\/2"}],"replies":[{"embeddable":true,"href":"https:\/\/swissmediadesign.com\/fr\/wp-json\/wp\/v2\/comments?post=177"}],"version-history":[{"count":0,"href":"https:\/\/swissmediadesign.com\/fr\/wp-json\/wp\/v2\/pages\/177\/revisions"}],"up":[{"embeddable":true,"href":"https:\/\/swissmediadesign.com\/fr\/wp-json\/wp\/v2\/pages\/175"}],"wp:attachment":[{"href":"https:\/\/swissmediadesign.com\/fr\/wp-json\/wp\/v2\/media?parent=177"}],"curies":[{"name":"wp","href":"https:\/\/api.w.org\/{rel}","templated":true}]}}