{"id":179,"date":"2024-04-02T20:55:33","date_gmt":"2024-04-02T18:55:33","guid":{"rendered":"https:\/\/swissmediadesign.com\/?page_id=179"},"modified":"2025-04-24T08:44:55","modified_gmt":"2025-04-24T06:44:55","slug":"strategieentwicklung-fuer-marktfuehrer","status":"publish","type":"page","link":"https:\/\/swissmediadesign.com\/fr\/notre-expertise\/dominent\/leadership-strategique\/developpement-strategique-pour-les-leaders-du-marche\/","title":{"rendered":"D\u00e9veloppement de strat\u00e9gies pour les leaders du march\u00e9"},"content":{"rendered":"<style type=\"text\/css\" data-created_by=\"avia_inline_auto\" id=\"style-css-av-lwp17y0p-5aebfd0402083661fcfa304dad940c46\">\n.avia-section.av-lwp17y0p-5aebfd0402083661fcfa304dad940c46{\nbackground-repeat:no-repeat;\nbackground-image:url(https:\/\/swissmediadesign.com\/wp-content\/uploads\/2024\/05\/201434584_m_normal_none-1500x1000.jpg);\nbackground-position:50% 50%;\nbackground-attachment:scroll;\n}\n.avia-section.av-lwp17y0p-5aebfd0402083661fcfa304dad940c46 .av-section-color-overlay{\nopacity:0.5;\nbackground-color:#000000;\n}\n<\/style>\n<div id='av_section_1'  class='avia-section av-lwp17y0p-5aebfd0402083661fcfa304dad940c46 main_color avia-section-default avia-no-border-styling  avia-builder-el-0  el_before_av_one_full  avia-builder-el-first  avia-full-stretch avia-bg-style-scroll av-section-color-overlay-active container_wrap fullsize'  data-section-bg-repeat='stretch'><div class=\"av-section-color-overlay-wrap\"><div class=\"av-section-color-overlay\"><\/div><div class='container av-section-cont-open' ><main  role=\"main\" itemprop=\"mainContentOfPage\"  class='template-page content  av-content-full alpha units'><div class='post-entry post-entry-type-page post-entry-179'><div class='entry-content-wrapper clearfix'>\n<div  class='flex_column av-1cg717-353b62a2f2a13f82c1ffa6baf44fd53d av_one_fifth  avia-builder-el-1  el_before_av_three_fifth  avia-builder-el-first  first flex_column_div'     ><\/div><div  class='flex_column av-19tjmj-a32e8db8ee8895c29d77d97d7394fb17 av_three_fifth  avia-builder-el-2  el_after_av_one_fifth  el_before_av_one_fifth  flex_column_div'     ><p>\n<style type=\"text\/css\" data-created_by=\"avia_inline_auto\" id=\"style-css-av-12kee3-d19ea042b6dcb4bf484118b262badb27\">\n#top .av-special-heading.av-12kee3-d19ea042b6dcb4bf484118b262badb27{\npadding-bottom:10px;\ncolor:#ffffff;\n}\nbody .av-special-heading.av-12kee3-d19ea042b6dcb4bf484118b262badb27 .av-special-heading-tag .heading-char{\nfont-size:25px;\n}\n.av-special-heading.av-12kee3-d19ea042b6dcb4bf484118b262badb27 .special-heading-inner-border{\nborder-color:#ffffff;\n}\n.av-special-heading.av-12kee3-d19ea042b6dcb4bf484118b262badb27 .av-subheading{\nfont-size:15px;\n}\n<\/style>\n<div  class='av-special-heading av-12kee3-d19ea042b6dcb4bf484118b262badb27 av-special-heading-h1 custom-color-heading blockquote modern-quote modern-centered  avia-builder-el-3  el_before_av_textblock  avia-builder-el-first'><h1 class='av-special-heading-tag'  itemprop=\"headline\"  >D\u00e9veloppement de strat\u00e9gies pour les leaders du march\u00e9<\/h1><div class='av_custom_color av-subheading av-subheading_below'><p><a href=\"https:\/\/swissmediadesign.com\/fr\/notre-expertise\/dominent\/leadership-strategique\/\">Leadership strat\u00e9gique sur le march\u00e9<\/a> \/ <a href=\"https:\/\/swissmediadesign.com\/fr\/notre-expertise\/dominent\/leadership-strategique\/developpement-strategique-pour-les-leaders-du-marche\/\">D\u00e9veloppement de strat\u00e9gies pour les leaders du march\u00e9<\/a><\/p>\n<\/div><div class=\"special-heading-border\"><div class=\"special-heading-inner-border\"><\/div><\/div><\/div><br \/>\n\n<style type=\"text\/css\" data-created_by=\"avia_inline_auto\" id=\"style-css-av-ypej7-fa9e34773f6326b0ef0715a23ad76ea8\">\n#top .av_textblock_section.av-ypej7-fa9e34773f6326b0ef0715a23ad76ea8 .avia_textblock{\ncolor:#ffffff;\n}\n<\/style>\n<section  class='av_textblock_section av-ypej7-fa9e34773f6326b0ef0715a23ad76ea8'   itemscope=\"itemscope\" itemtype=\"https:\/\/schema.org\/CreativeWork\" ><div class='avia_textblock av_inherit_color'  itemprop=\"text\" ><p style=\"text-align: center;\">Nos services de d\u00e9veloppement strat\u00e9gique chez Swiss Media Design vous aident \u00e0 consolider et \u00e0 d\u00e9velopper votre position sur le march\u00e9. Gr\u00e2ce \u00e0 des strat\u00e9gies sur mesure, bas\u00e9es sur des analyses de march\u00e9 d\u00e9taill\u00e9es et des approches innovantes, nous vous aidons \u00e0 atteindre un succ\u00e8s et une comp\u00e9titivit\u00e9 durables.<\/p>\n<\/div><\/section><\/p><\/div><div  class='flex_column av-qvczf-327761dc54b03a03a6dccc5b6d331743 av_one_fifth  avia-builder-el-5  el_after_av_three_fifth  avia-builder-el-last  flex_column_div'     ><\/div><\/div><\/div><\/main><!-- close content main element --><\/div><\/div><\/div><div id='after_section_1'  class='main_color av_default_container_wrap container_wrap fullsize'  ><div class='container av-section-cont-open' ><div class='template-page content  av-content-full alpha units'><div class='post-entry post-entry-type-page post-entry-179'><div class='entry-content-wrapper clearfix'><div  class='flex_column av-kzjzf-617a9d6c2ee62ad65031c81f908727a8 av_one_full  avia-builder-el-6  el_after_av_section  avia-builder-el-no-sibling  first flex_column_div'     ><p>\n<style type=\"text\/css\" data-created_by=\"avia_inline_auto\" id=\"style-css-av-f9vnv-00ad358d84abce83eb607629f429c20b\">\n#top .av-special-heading.av-f9vnv-00ad358d84abce83eb607629f429c20b{\npadding-bottom:10px;\n}\nbody .av-special-heading.av-f9vnv-00ad358d84abce83eb607629f429c20b .av-special-heading-tag .heading-char{\nfont-size:25px;\n}\n.av-special-heading.av-f9vnv-00ad358d84abce83eb607629f429c20b .av-subheading{\nfont-size:15px;\n}\n<\/style>\n<div  class='av-special-heading av-f9vnv-00ad358d84abce83eb607629f429c20b av-special-heading-h2 blockquote modern-quote  avia-builder-el-7  el_before_av_textblock  avia-builder-el-first'><h2 class='av-special-heading-tag'  itemprop=\"headline\"  >Leadership \u00e0 long terme gr\u00e2ce \u00e0 l'excellence strat\u00e9gique<\/h2><div class=\"special-heading-border\"><div class=\"special-heading-inner-border\"><\/div><\/div><\/div><br \/>\n<section  class='av_textblock_section av-7gv5f-60c461e7d9ddeef42a874738ddc53460'   itemscope=\"itemscope\" itemtype=\"https:\/\/schema.org\/CreativeWork\" ><div class='avia_textblock'  itemprop=\"text\" ><p>Dans un monde des affaires en constante \u00e9volution, il est essentiel d'\u00eatre proactif, m\u00eame si votre entreprise occupe d\u00e9j\u00e0 une position forte sur le march\u00e9. Chez Swiss Media Design, nous proposons des services complets de d\u00e9veloppement strat\u00e9gique pour les leaders du march\u00e9 afin de garantir que vous ne vous contentiez pas de conserver votre position de leader, mais que vous la renforciez continuellement.<\/p>\n<p>Notre d\u00e9veloppement strat\u00e9gique commence par une analyse approfondie de votre environnement de march\u00e9 actuel et de votre paysage concurrentiel. Nous examinons \u00e0 la fois les facteurs externes et internes afin d'obtenir une compr\u00e9hension globale de votre position sur le march\u00e9 et des d\u00e9fis et opportunit\u00e9s qui se pr\u00e9sentent \u00e0 vous. Pour ce faire, nous nous appuyons sur des outils d'analyse de pointe et des m\u00e9thodes \u00e9prouv\u00e9es afin de vous fournir un aper\u00e7u d\u00e9taill\u00e9 et des recommandations d'action.<\/p>\n<p>Une partie essentielle de notre travail consiste \u00e0 vous aider \u00e0 rester innovant et agile. M\u00eame si votre entreprise est prosp\u00e8re, il est indispensable de rechercher constamment de nouvelles opportunit\u00e9s et am\u00e9liorations. N'attendez pas que les conditions du march\u00e9 changent ou que les concurrents vous rattrapent. Nous vous aidons \u00e0 d\u00e9velopper de nouvelles strat\u00e9gies de mani\u00e8re proactive afin de maximiser les potentiels de croissance et de d\u00e9fendre votre position sur le march\u00e9.<\/p>\n<p>Nos strat\u00e9gies sur mesure comprennent entre autres l'identification de nouveaux march\u00e9s et groupes cibles, le d\u00e9veloppement de strat\u00e9gies d'expansion et la mise en \u0153uvre de processus d'innovation. Nous vous aidons \u00e0 adapter et \u00e0 optimiser vos mod\u00e8les d'entreprise afin de pouvoir r\u00e9agir de mani\u00e8re flexible aux conditions changeantes du march\u00e9. Nous vous aidons en outre \u00e0 mettre en \u0153uvre des strat\u00e9gies de croissance bas\u00e9es sur un succ\u00e8s durable.<\/p>\n<p>Chez Swiss Media Design, nous ne nous consid\u00e9rons pas seulement comme des conseillers, mais aussi comme des partenaires \u00e0 long terme. Nous vous accompagnons en permanence et adaptons nos strat\u00e9gies en permanence afin de garantir que vous ayez toujours une longueur d'avance. En contr\u00f4lant et en adaptant r\u00e9guli\u00e8rement les strat\u00e9gies d\u00e9velopp\u00e9es, nous veillons \u00e0 ce que vous conserviez votre succ\u00e8s, m\u00eame dans un environnement de march\u00e9 dynamique.<\/p>\n<p>Faites confiance \u00e0 notre expertise en mati\u00e8re de d\u00e9veloppement strat\u00e9gique pour les leaders du march\u00e9 afin d'accompagner votre entreprise sur la voie d'une croissance durable et d'un succ\u00e8s soutenu. Ensemble, nous fa\u00e7onnons l'avenir de votre entreprise et assurons votre position de leader sur le march\u00e9.<\/p>\n<\/div><\/section><\/p><\/div><\/p>","protected":false},"excerpt":{"rendered":"","protected":false},"author":2,"featured_media":0,"parent":175,"menu_order":3312,"comment_status":"closed","ping_status":"closed","template":"","meta":{"footnotes":""},"class_list":["post-179","page","type-page","status-publish","hentry"],"_links":{"self":[{"href":"https:\/\/swissmediadesign.com\/fr\/wp-json\/wp\/v2\/pages\/179","targetHints":{"allow":["GET"]}}],"collection":[{"href":"https:\/\/swissmediadesign.com\/fr\/wp-json\/wp\/v2\/pages"}],"about":[{"href":"https:\/\/swissmediadesign.com\/fr\/wp-json\/wp\/v2\/types\/page"}],"author":[{"embeddable":true,"href":"https:\/\/swissmediadesign.com\/fr\/wp-json\/wp\/v2\/users\/2"}],"replies":[{"embeddable":true,"href":"https:\/\/swissmediadesign.com\/fr\/wp-json\/wp\/v2\/comments?post=179"}],"version-history":[{"count":0,"href":"https:\/\/swissmediadesign.com\/fr\/wp-json\/wp\/v2\/pages\/179\/revisions"}],"up":[{"embeddable":true,"href":"https:\/\/swissmediadesign.com\/fr\/wp-json\/wp\/v2\/pages\/175"}],"wp:attachment":[{"href":"https:\/\/swissmediadesign.com\/fr\/wp-json\/wp\/v2\/media?parent=179"}],"curies":[{"name":"wp","href":"https:\/\/api.w.org\/{rel}","templated":true}]}}