{"id":181,"date":"2024-04-02T20:55:55","date_gmt":"2024-04-02T18:55:55","guid":{"rendered":"https:\/\/swissmediadesign.com\/?page_id=181"},"modified":"2025-04-24T08:45:09","modified_gmt":"2025-04-24T06:45:09","slug":"beratung-zur-markenexpansion","status":"publish","type":"page","link":"https:\/\/swissmediadesign.com\/fr\/notre-expertise\/dominent\/leadership-strategique\/conseil-en-expansion-de-marque\/","title":{"rendered":"Conseil en mati\u00e8re d'expansion de marque"},"content":{"rendered":"<style type=\"text\/css\" data-created_by=\"avia_inline_auto\" id=\"style-css-av-lwp1ny33-3e06274ebccafdd8f9ea06709b632f1b\">\n.avia-section.av-lwp1ny33-3e06274ebccafdd8f9ea06709b632f1b{\nbackground-repeat:no-repeat;\nbackground-image:url(https:\/\/swissmediadesign.com\/wp-content\/uploads\/2024\/05\/192668502_m_normal_none-1500x1000.jpg);\nbackground-position:50% 50%;\nbackground-attachment:scroll;\n}\n.avia-section.av-lwp1ny33-3e06274ebccafdd8f9ea06709b632f1b .av-section-color-overlay{\nopacity:0.5;\nbackground-color:#000000;\n}\n<\/style>\n<div id='av_section_1'  class='avia-section av-lwp1ny33-3e06274ebccafdd8f9ea06709b632f1b main_color avia-section-default avia-no-border-styling  avia-builder-el-0  el_before_av_one_full  avia-builder-el-first  avia-full-stretch avia-bg-style-scroll av-section-color-overlay-active container_wrap fullsize'  data-section-bg-repeat='stretch'><div class=\"av-section-color-overlay-wrap\"><div class=\"av-section-color-overlay\"><\/div><div class='container av-section-cont-open' ><main  role=\"main\" itemprop=\"mainContentOfPage\"  class='template-page content  av-content-full alpha units'><div class='post-entry post-entry-type-page post-entry-181'><div class='entry-content-wrapper clearfix'>\n<div  class='flex_column av-5t025-6d56833cec0d68ca3c0d93c29a05edd3 av_one_fifth  avia-builder-el-1  el_before_av_three_fifth  avia-builder-el-first  first flex_column_div'     ><\/div><div  class='flex_column av-1g24i5-19b030da90e775cdbcf2aae79e4307a2 av_three_fifth  avia-builder-el-2  el_after_av_one_fifth  el_before_av_one_fifth  flex_column_div'     ><p>\n<style type=\"text\/css\" data-created_by=\"avia_inline_auto\" id=\"style-css-av-lwp1n5l4-7d34cd53dd87d53c0f72ee82238884ec\">\n#top .av-special-heading.av-lwp1n5l4-7d34cd53dd87d53c0f72ee82238884ec{\npadding-bottom:10px;\ncolor:#ffffff;\n}\nbody .av-special-heading.av-lwp1n5l4-7d34cd53dd87d53c0f72ee82238884ec .av-special-heading-tag .heading-char{\nfont-size:25px;\n}\n.av-special-heading.av-lwp1n5l4-7d34cd53dd87d53c0f72ee82238884ec .special-heading-inner-border{\nborder-color:#ffffff;\n}\n.av-special-heading.av-lwp1n5l4-7d34cd53dd87d53c0f72ee82238884ec .av-subheading{\nfont-size:15px;\n}\n<\/style>\n<div  class='av-special-heading av-lwp1n5l4-7d34cd53dd87d53c0f72ee82238884ec av-special-heading-h1 custom-color-heading blockquote modern-quote modern-centered  avia-builder-el-3  el_before_av_textblock  avia-builder-el-first'><h1 class='av-special-heading-tag'  itemprop=\"headline\"  >Conseil en mati\u00e8re d'expansion de marque<\/h1><div class='av_custom_color av-subheading av-subheading_below'><p><a href=\"https:\/\/swissmediadesign.com\/fr\/notre-expertise\/dominent\/leadership-strategique\/\">Leadership strat\u00e9gique sur le march\u00e9<\/a> \/ <a href=\"https:\/\/swissmediadesign.com\/fr\/notre-expertise\/dominent\/leadership-strategique\/conseil-en-expansion-de-marque\/\">Conseil en mati\u00e8re d'expansion de marque<\/a><\/p>\n<\/div><div class=\"special-heading-border\"><div class=\"special-heading-inner-border\"><\/div><\/div><\/div><br \/>\n\n<style type=\"text\/css\" data-created_by=\"avia_inline_auto\" id=\"style-css-av-1b23sl-93f75f38c8149ee0f5b4c38d78d25cc4\">\n#top .av_textblock_section.av-1b23sl-93f75f38c8149ee0f5b4c38d78d25cc4 .avia_textblock{\ncolor:#ffffff;\n}\n<\/style>\n<section  class='av_textblock_section av-1b23sl-93f75f38c8149ee0f5b4c38d78d25cc4'   itemscope=\"itemscope\" itemtype=\"https:\/\/schema.org\/CreativeWork\" ><div class='avia_textblock av_inherit_color'  itemprop=\"text\" ><p style=\"text-align: center;\">L'expansion sur de nouveaux march\u00e9s est cruciale pour la croissance de votre entreprise. Swiss Media Design vous aide \u00e0 \u00e9tendre votre marque de mani\u00e8re strat\u00e9gique. Nos experts analysent les march\u00e9s cibles, identifient les opportunit\u00e9s et d\u00e9veloppent des strat\u00e9gies d'expansion sur mesure afin de renforcer votre pr\u00e9sence sur le march\u00e9 mondial.<\/p>\n<\/div><\/section><\/p><\/div><div  class='flex_column av-10slbp-06c74ddf86f0195434dd401eea92dc9f av_one_fifth  avia-builder-el-5  el_after_av_three_fifth  avia-builder-el-last  flex_column_div'     ><\/div><\/div><\/div><\/main><!-- close content main element --><\/div><\/div><\/div><div id='after_section_1'  class='main_color av_default_container_wrap container_wrap fullsize'  ><div class='container av-section-cont-open' ><div class='template-page content  av-content-full alpha units'><div class='post-entry post-entry-type-page post-entry-181'><div class='entry-content-wrapper clearfix'><div  class='flex_column av-mh8ut-d353007086dddeb2facda7cfcd67aefb av_one_full  avia-builder-el-6  el_after_av_section  avia-builder-el-no-sibling  first flex_column_div'     ><p>\n<style type=\"text\/css\" data-created_by=\"avia_inline_auto\" id=\"style-css-av-50p1-789a3f7f648321911994fa78e60107a6\">\n#top .av-special-heading.av-50p1-789a3f7f648321911994fa78e60107a6{\npadding-bottom:10px;\n}\nbody .av-special-heading.av-50p1-789a3f7f648321911994fa78e60107a6 .av-special-heading-tag .heading-char{\nfont-size:25px;\n}\n.av-special-heading.av-50p1-789a3f7f648321911994fa78e60107a6 .av-subheading{\nfont-size:15px;\n}\n<\/style>\n<div  class='av-special-heading av-50p1-789a3f7f648321911994fa78e60107a6 av-special-heading-h2 blockquote modern-quote  avia-builder-el-7  el_before_av_textblock  avia-builder-el-first'><h2 class='av-special-heading-tag'  itemprop=\"headline\"  >Strat\u00e9gies d'expansion pour le succ\u00e8s \u00e0 long terme de l'entreprise<\/h2><div class=\"special-heading-border\"><div class=\"special-heading-inner-border\"><\/div><\/div><\/div><br \/>\n<section  class='av_textblock_section av-9z55h-27b1b329a2fcc2e86f28feef2e44dd71'   itemscope=\"itemscope\" itemtype=\"https:\/\/schema.org\/CreativeWork\" ><div class='avia_textblock'  itemprop=\"text\" ><p>L'expansion sur de nouveaux march\u00e9s est essentielle pour la croissance et le succ\u00e8s \u00e0 long terme de votre entreprise. Chez Swiss Media Design, nous comprenons qu'une expansion de marque r\u00e9ussie exige bien plus que la simple conqu\u00eate de nouvelles zones g\u00e9ographiques. Il s'agit d'int\u00e9grer votre marque dans de nouvelles cultures, de nouveaux mod\u00e8les de consommation et de nouveaux paysages concurrentiels, tout en conservant vos valeurs fondamentales et l'identit\u00e9 de votre marque.<\/p>\n<p>Chez Swiss Media Design, nos experts travaillent en \u00e9troite collaboration avec vous pour r\u00e9aliser des analyses de march\u00e9 compl\u00e8tes. Nous \u00e9tudions les donn\u00e9es d\u00e9mographiques, les comportements d'achat et les nuances culturelles afin de d\u00e9velopper une compr\u00e9hension approfondie des march\u00e9s cibles. Cela nous permet d'identifier les opportunit\u00e9s et les d\u00e9fis qui s'appliquent sp\u00e9cifiquement \u00e0 votre entreprise et \u00e0 votre secteur.<\/p>\n<p>Apr\u00e8s avoir analys\u00e9 les march\u00e9s cibles, nous \u00e9laborons des strat\u00e9gies d'expansion sur mesure qui tiennent compte de vos objectifs commerciaux individuels et de vos ressources. Nos strat\u00e9gies comprennent l'identification de mod\u00e8les d'entr\u00e9e sur le march\u00e9 appropri\u00e9s, le d\u00e9veloppement de campagnes de marketing localis\u00e9es et l'adaptation de vos produits et services aux besoins et aux attentes des nouveaux groupes cibles.<\/p>\n<p>Un autre aspect important de nos conseils est le soutien \u00e0 la mise en \u0153uvre des strat\u00e9gies d'expansion. Nous offrons des conseils pratiques et vous accompagnons \u00e0 chaque \u00e9tape du processus, de l'analyse du march\u00e9 \u00e0 la mise en \u0153uvre et au contr\u00f4le des r\u00e9sultats, en passant par l'\u00e9laboration de la strat\u00e9gie. Nos experts mettent leurs connaissances et leur exp\u00e9rience \u00e0 votre service afin de garantir que votre expansion se d\u00e9roule sans heurts et de mani\u00e8re efficace.<\/p>\n<p>En outre, nous offrons un soutien continu et une adaptation de vos strat\u00e9gies d'expansion aux conditions changeantes du march\u00e9. En examinant et en analysant r\u00e9guli\u00e8rement l'\u00e9volution du march\u00e9 et vos performances, nous pouvons r\u00e9agir rapidement aux changements et adapter vos strat\u00e9gies en cons\u00e9quence afin de garantir votre succ\u00e8s \u00e0 long terme.<\/p>\n<p>Swiss Media Design mise sur une approche globale de l'expansion de la marque qui met l'accent sur l'innovation, la flexibilit\u00e9 et la durabilit\u00e9. Faites confiance \u00e0 notre expertise pour conqu\u00e9rir de nouveaux march\u00e9s, renforcer votre pr\u00e9sence sur le march\u00e9 et faire passer votre entreprise \u00e0 la vitesse sup\u00e9rieure en mati\u00e8re de croissance. Ensemble, nous fa\u00e7onnons l'avenir de votre marque et assurons votre succ\u00e8s \u00e0 l'\u00e9chelle mondiale.<\/p>\n<\/div><\/section><\/p><\/div><\/p>","protected":false},"excerpt":{"rendered":"","protected":false},"author":2,"featured_media":0,"parent":175,"menu_order":3313,"comment_status":"closed","ping_status":"closed","template":"","meta":{"footnotes":""},"class_list":["post-181","page","type-page","status-publish","hentry"],"_links":{"self":[{"href":"https:\/\/swissmediadesign.com\/fr\/wp-json\/wp\/v2\/pages\/181","targetHints":{"allow":["GET"]}}],"collection":[{"href":"https:\/\/swissmediadesign.com\/fr\/wp-json\/wp\/v2\/pages"}],"about":[{"href":"https:\/\/swissmediadesign.com\/fr\/wp-json\/wp\/v2\/types\/page"}],"author":[{"embeddable":true,"href":"https:\/\/swissmediadesign.com\/fr\/wp-json\/wp\/v2\/users\/2"}],"replies":[{"embeddable":true,"href":"https:\/\/swissmediadesign.com\/fr\/wp-json\/wp\/v2\/comments?post=181"}],"version-history":[{"count":0,"href":"https:\/\/swissmediadesign.com\/fr\/wp-json\/wp\/v2\/pages\/181\/revisions"}],"up":[{"embeddable":true,"href":"https:\/\/swissmediadesign.com\/fr\/wp-json\/wp\/v2\/pages\/175"}],"wp:attachment":[{"href":"https:\/\/swissmediadesign.com\/fr\/wp-json\/wp\/v2\/media?parent=181"}],"curies":[{"name":"wp","href":"https:\/\/api.w.org\/{rel}","templated":true}]}}