{"id":187,"date":"2024-04-02T20:59:22","date_gmt":"2024-04-02T18:59:22","guid":{"rendered":"https:\/\/swissmediadesign.com\/?page_id=187"},"modified":"2025-04-24T08:45:18","modified_gmt":"2025-04-24T06:45:18","slug":"automatisierungen","status":"publish","type":"page","link":"https:\/\/swissmediadesign.com\/fr\/notre-expertise\/dominent\/analyse-marketing-de-la-performance\/","title":{"rendered":"Automatisations"},"content":{"rendered":"<style type=\"text\/css\" data-created_by=\"avia_inline_auto\" id=\"style-css-av-lwp9e7cg-cf137b5ebc12a7ac96973796624d799a\">\n.avia-section.av-lwp9e7cg-cf137b5ebc12a7ac96973796624d799a{\nbackground-repeat:no-repeat;\nbackground-image:url(https:\/\/swissmediadesign.com\/wp-content\/uploads\/2024\/05\/224386232_m_normal_none-3-300x200.jpg);\nbackground-position:50% 50%;\nbackground-attachment:scroll;\n}\n.avia-section.av-lwp9e7cg-cf137b5ebc12a7ac96973796624d799a .av-section-color-overlay{\nopacity:0.5;\nbackground-color:#000000;\n}\n<\/style>\n<div id='av_section_1'  class='avia-section av-lwp9e7cg-cf137b5ebc12a7ac96973796624d799a main_color avia-section-default avia-no-border-styling  avia-builder-el-0  el_before_av_masonry_gallery  avia-builder-el-first  avia-full-stretch avia-bg-style-scroll av-section-color-overlay-active container_wrap fullsize'  data-section-bg-repeat='stretch'><div class=\"av-section-color-overlay-wrap\"><div class=\"av-section-color-overlay\"><\/div><div class='container av-section-cont-open' ><main  role=\"main\" itemprop=\"mainContentOfPage\"  class='template-page content  av-content-full alpha units'><div class='post-entry post-entry-type-page post-entry-187'><div class='entry-content-wrapper clearfix'>\n<div  class='flex_column av-2lv03-0cc3dc67e0e1c41e20b1f9c719e0f09e av_one_fifth  avia-builder-el-1  el_before_av_three_fifth  avia-builder-el-first  first flex_column_div'     ><\/div><div  class='flex_column av-lxfwb-a9c804db804c1875156036fc583e6140 av_three_fifth  avia-builder-el-2  el_after_av_one_fifth  el_before_av_one_fifth  flex_column_div'     ><p>\n<style type=\"text\/css\" data-created_by=\"avia_inline_auto\" id=\"style-css-av-lwp9ecqg-79116449f14461182f0db6b965f31163\">\n#top .av-special-heading.av-lwp9ecqg-79116449f14461182f0db6b965f31163{\npadding-bottom:10px;\ncolor:#ffffff;\n}\nbody .av-special-heading.av-lwp9ecqg-79116449f14461182f0db6b965f31163 .av-special-heading-tag .heading-char{\nfont-size:25px;\n}\n.av-special-heading.av-lwp9ecqg-79116449f14461182f0db6b965f31163 .special-heading-inner-border{\nborder-color:#ffffff;\n}\n.av-special-heading.av-lwp9ecqg-79116449f14461182f0db6b965f31163 .av-subheading{\nfont-size:15px;\n}\n<\/style>\n<div  class='av-special-heading av-lwp9ecqg-79116449f14461182f0db6b965f31163 av-special-heading-h1 custom-color-heading blockquote modern-quote modern-centered  avia-builder-el-3  el_before_av_textblock  avia-builder-el-first'><h1 class='av-special-heading-tag'  itemprop=\"headline\"  >Automatisations<\/h1><div class='av_custom_color av-subheading av-subheading_below'><p><a href=\"https:\/\/swissmediadesign.com\/fr\/notre-expertise\/dominent\/\">Dominent<\/a> \/ <a href=\"https:\/\/swissmediadesign.com\/fr\/notre-expertise\/dominent\/analyse-marketing-de-la-performance\/\">Automatisations<\/a><\/p>\n<\/div><div class=\"special-heading-border\"><div class=\"special-heading-inner-border\"><\/div><\/div><\/div><br \/>\n\n<style type=\"text\/css\" data-created_by=\"avia_inline_auto\" id=\"style-css-av-dfyzf-1aeb958f874555650c57f6b037b1f6ff\">\n#top .av_textblock_section.av-dfyzf-1aeb958f874555650c57f6b037b1f6ff .avia_textblock{\ncolor:#ffffff;\n}\n<\/style>\n<section  class='av_textblock_section av-dfyzf-1aeb958f874555650c57f6b037b1f6ff'   itemscope=\"itemscope\" itemtype=\"https:\/\/schema.org\/CreativeWork\" ><div class='avia_textblock av_inherit_color'  itemprop=\"text\" ><p style=\"text-align: center;\">L'automatisation est essentielle pour accro\u00eetre l'efficacit\u00e9 et optimiser les processus de votre entreprise. Nos services complets comprennent l'automatisation du marketing, l'automatisation du flux de travail et l'automatisation du site web, afin de rendre vos processus commerciaux transparents et efficaces et de maximiser votre succ\u00e8s.<\/p>\n<\/div><\/section><\/p><\/div><div  class='flex_column av-bc3i3-0f8778d38e4123cd29a3629ccde64d47 av_one_fifth  avia-builder-el-5  el_after_av_three_fifth  avia-builder-el-last  flex_column_div'     ><\/div>\n<style type=\"text\/css\" data-created_by=\"avia_inline_auto\" id=\"style-css-av-lwpa0koo-c4f176751357d553cdb5e2a148cb90d3\">\n#top .av-masonry.av-lwpa0koo-c4f176751357d553cdb5e2a148cb90d3{\nbackground-color:#ffffff;\n}\n<\/style>\n<div id='av-masonry-1' class='av-masonry av-lwpa0koo-c4f176751357d553cdb5e2a148cb90d3 noHover av-flex-size av-large-gap av-hover-overlay-active av-masonry-animation-active av-masonry-col-3 av-caption-always av-caption-style-overlay av-masonry-gallery' data-post_id=\"187\"><div class=\"av-masonry-container isotope av-js-disabled\"><div class='av-masonry-entry isotope-item av-masonry-item-no-image'><\/div><a href=\"https:\/\/swissmediadesign.com\/fr\/notre-expertise\/dominent\/analyse-marketing-de-la-performance\/campagnes-publicitaires-axees-sur-les-donnees\/\"  aria-label=\"Automatisation du marketing par l&#039;image\"  id='av-masonry-1-item-1109' data-av-masonry-item='1109' class='av-masonry-entry isotope-item post-1109 attachment type-attachment status-inherit hentry  av-masonry-item-with-image' title=\"Automatisation du marketing\" alt=\"\"  data-av-masonry-custom-link=\"https:\/\/swissmediadesign.com\/unsere-expertise\/dominieren\/automatisierungen\/marketing-automatisierung\/\"  itemprop=\"thumbnailUrl\" ><div class='av-inner-masonry-sizer'><\/div><figure class='av-inner-masonry main_color'><div class=\"av-masonry-outerimage-container\"><div class='av-masonry-image-container'   ><img decoding=\"async\" src=\"https:\/\/swissmediadesign.com\/wp-content\/uploads\/2024\/05\/224386232_m_normal_none-4-1030x687.jpg\" title=\"Automatisation du marketing\" alt=\"\" \/><\/div><\/div><figcaption class='av-inner-masonry-content site-background'><div class='av-inner-masonry-content-pos'><div class='av-inner-masonry-content-pos-content'><div class='avia-arrow'><\/div><h3 class='av-masonry-entry-title entry-title'  itemprop=\"headline\" >Automatisation du marketing<\/h3><div class='av-masonry-entry-content entry-content'  itemprop=\"text\" >L'automatisation du marketing est la cl\u00e9 pour rendre vos processus marketing plus efficaces et maximiser le succ\u00e8s de vos campagnes. Gr\u00e2ce \u00e0 nos solutions de campagnes d'e-mail automatis\u00e9es, de planification des m\u00e9dias sociaux et d'analyses d\u00e9taill\u00e9es, nous optimisons votre strat\u00e9gie marketing et augmentons votre port\u00e9e et votre efficacit\u00e9.<\/div><\/div><\/div><\/figcaption><\/figure><\/a><!--end av-masonry entry--><a href=\"https:\/\/swissmediadesign.com\/fr\/notre-expertise\/dominent\/analyse-marketing-de-la-performance\/optimisation-de-la-conversion\/\"  aria-label=\"image Automatisation du flux de travail\"  id='av-masonry-1-item-1115' data-av-masonry-item='1115' class='av-masonry-entry isotope-item post-1115 attachment type-attachment status-inherit hentry  av-masonry-item-with-image' title=\"Automatisation du flux de travail\" alt=\"\"  data-av-masonry-custom-link=\"https:\/\/swissmediadesign.com\/unsere-expertise\/dominieren\/automatisierungen\/workflow-automatisierung\/\"  itemprop=\"thumbnailUrl\" ><div class='av-inner-masonry-sizer'><\/div><figure class='av-inner-masonry main_color'><div class=\"av-masonry-outerimage-container\"><div class='av-masonry-image-container'   ><img decoding=\"async\" src=\"https:\/\/swissmediadesign.com\/wp-content\/uploads\/2024\/05\/224386232_m_normal_none-5-1030x687.jpg\" title=\"Automatisation du flux de travail\" alt=\"\" \/><\/div><\/div><figcaption class='av-inner-masonry-content site-background'><div class='av-inner-masonry-content-pos'><div class='av-inner-masonry-content-pos-content'><div class='avia-arrow'><\/div><h3 class='av-masonry-entry-title entry-title'  itemprop=\"headline\" >Automatisation du flux de travail<\/h3><div class='av-masonry-entry-content entry-content'  itemprop=\"text\" >L'automatisation des flux de travail est essentielle pour optimiser vos processus commerciaux et augmenter l'efficacit\u00e9 de votre entreprise. Gr\u00e2ce \u00e0 nos solutions sur mesure, nous automatisons les t\u00e2ches r\u00e9p\u00e9titives, r\u00e9duisons les erreurs manuelles et lib\u00e9rons du temps pour les activit\u00e9s strat\u00e9giques.<\/div><\/div><\/div><\/figcaption><\/figure><\/a><!--end av-masonry entry--><a href=\"https:\/\/swissmediadesign.com\/fr\/notre-expertise\/dominent\/analyse-marketing-de-la-performance\/reporting-complet-de-la-campagne\/\"  aria-label=\"image Automatisation du site web\"  id='av-masonry-1-item-1121' data-av-masonry-item='1121' class='av-masonry-entry isotope-item post-1121 attachment type-attachment status-inherit hentry  av-masonry-item-with-image' title=\"Automatisation du site web\" alt=\"\"  data-av-masonry-custom-link=\"https:\/\/swissmediadesign.com\/unsere-expertise\/dominieren\/automatisierungen\/website-automatisierung\/\"  itemprop=\"thumbnailUrl\" ><div class='av-inner-masonry-sizer'><\/div><figure class='av-inner-masonry main_color'><div class=\"av-masonry-outerimage-container\"><div class='av-masonry-image-container'   ><img decoding=\"async\" src=\"https:\/\/swissmediadesign.com\/wp-content\/uploads\/2024\/05\/224386232_m_normal_none-6-1030x687.jpg\" title=\"Automatisation du site web\" alt=\"\" \/><\/div><\/div><figcaption class='av-inner-masonry-content site-background'><div class='av-inner-masonry-content-pos'><div class='av-inner-masonry-content-pos-content'><div class='avia-arrow'><\/div><h3 class='av-masonry-entry-title entry-title'  itemprop=\"headline\" >Automatisation du site web<\/h3><div class='av-masonry-entry-content entry-content'  itemprop=\"text\" >L'automatisation des sites web est un \u00e9l\u00e9ment essentiel pour rendre votre pr\u00e9sence en ligne efficace et conviviale. Gr\u00e2ce \u00e0 nos solutions automatis\u00e9es, nous optimisons les performances de votre site web, am\u00e9liorons l'exp\u00e9rience utilisateur et augmentons les taux de conversion. Faites confiance \u00e0 Swiss Media Design pour faire passer votre site web au niveau sup\u00e9rieur et vous assurer un succ\u00e8s durable.<\/div><\/div><\/div><\/figcaption><\/figure><\/a><!--end av-masonry entry--><\/div><\/div><\/p>","protected":false},"excerpt":{"rendered":"","protected":false},"author":2,"featured_media":0,"parent":172,"menu_order":3320,"comment_status":"closed","ping_status":"closed","template":"","meta":{"footnotes":""},"class_list":["post-187","page","type-page","status-publish","hentry"],"_links":{"self":[{"href":"https:\/\/swissmediadesign.com\/fr\/wp-json\/wp\/v2\/pages\/187","targetHints":{"allow":["GET"]}}],"collection":[{"href":"https:\/\/swissmediadesign.com\/fr\/wp-json\/wp\/v2\/pages"}],"about":[{"href":"https:\/\/swissmediadesign.com\/fr\/wp-json\/wp\/v2\/types\/page"}],"author":[{"embeddable":true,"href":"https:\/\/swissmediadesign.com\/fr\/wp-json\/wp\/v2\/users\/2"}],"replies":[{"embeddable":true,"href":"https:\/\/swissmediadesign.com\/fr\/wp-json\/wp\/v2\/comments?post=187"}],"version-history":[{"count":0,"href":"https:\/\/swissmediadesign.com\/fr\/wp-json\/wp\/v2\/pages\/187\/revisions"}],"up":[{"embeddable":true,"href":"https:\/\/swissmediadesign.com\/fr\/wp-json\/wp\/v2\/pages\/172"}],"wp:attachment":[{"href":"https:\/\/swissmediadesign.com\/fr\/wp-json\/wp\/v2\/media?parent=187"}],"curies":[{"name":"wp","href":"https:\/\/api.w.org\/{rel}","templated":true}]}}