{"id":189,"date":"2024-04-02T20:59:41","date_gmt":"2024-04-02T18:59:41","guid":{"rendered":"https:\/\/swissmediadesign.com\/?page_id=189"},"modified":"2025-04-24T08:45:33","modified_gmt":"2025-04-24T06:45:33","slug":"marketing-automatisierung","status":"publish","type":"page","link":"https:\/\/swissmediadesign.com\/fr\/notre-expertise\/dominent\/analyse-marketing-de-la-performance\/campagnes-publicitaires-axees-sur-les-donnees\/","title":{"rendered":"Automatisation du marketing"},"content":{"rendered":"<style type=\"text\/css\" data-created_by=\"avia_inline_auto\" id=\"style-css-av-lwp9v5e0-d4d702250bd1ff6deba04e3d30c33966\">\n.avia-section.av-lwp9v5e0-d4d702250bd1ff6deba04e3d30c33966{\nbackground-repeat:no-repeat;\nbackground-image:url(https:\/\/swissmediadesign.com\/wp-content\/uploads\/2024\/05\/224386232_m_normal_none-4-1500x1000.jpg);\nbackground-position:50% 50%;\nbackground-attachment:scroll;\n}\n.avia-section.av-lwp9v5e0-d4d702250bd1ff6deba04e3d30c33966 .av-section-color-overlay{\nopacity:0.5;\nbackground-color:#000000;\n}\n<\/style>\n<div id='av_section_1'  class='avia-section av-lwp9v5e0-d4d702250bd1ff6deba04e3d30c33966 main_color avia-section-default avia-no-border-styling  avia-builder-el-0  el_before_av_one_full  avia-builder-el-first  avia-full-stretch avia-bg-style-scroll av-section-color-overlay-active container_wrap fullsize'  data-section-bg-repeat='stretch'><div class=\"av-section-color-overlay-wrap\"><div class=\"av-section-color-overlay\"><\/div><div class='container av-section-cont-open' ><main  role=\"main\" itemprop=\"mainContentOfPage\"  class='template-page content  av-content-full alpha units'><div class='post-entry post-entry-type-page post-entry-189'><div class='entry-content-wrapper clearfix'>\n<div  class='flex_column av-19vosl-428938c7794a22bd9803ccee730eefd0 av_one_fifth  avia-builder-el-1  el_before_av_three_fifth  avia-builder-el-first  first flex_column_div'     ><\/div><div  class='flex_column av-di99-a0d62c56f1b298cc2f01276fc447e181 av_three_fifth  avia-builder-el-2  el_after_av_one_fifth  el_before_av_one_fifth  flex_column_div'     ><p>\n<style type=\"text\/css\" data-created_by=\"avia_inline_auto\" id=\"style-css-av-lwp9ubby-c5d32bbea166d99a7c94e83066ed3b2d\">\n#top .av-special-heading.av-lwp9ubby-c5d32bbea166d99a7c94e83066ed3b2d{\npadding-bottom:10px;\ncolor:#ffffff;\n}\nbody .av-special-heading.av-lwp9ubby-c5d32bbea166d99a7c94e83066ed3b2d .av-special-heading-tag .heading-char{\nfont-size:25px;\n}\n.av-special-heading.av-lwp9ubby-c5d32bbea166d99a7c94e83066ed3b2d .special-heading-inner-border{\nborder-color:#ffffff;\n}\n.av-special-heading.av-lwp9ubby-c5d32bbea166d99a7c94e83066ed3b2d .av-subheading{\nfont-size:15px;\n}\n<\/style>\n<div  class='av-special-heading av-lwp9ubby-c5d32bbea166d99a7c94e83066ed3b2d av-special-heading-h1 custom-color-heading blockquote modern-quote modern-centered  avia-builder-el-3  el_before_av_textblock  avia-builder-el-first'><h1 class='av-special-heading-tag'  itemprop=\"headline\"  >Automatisation du marketing<\/h1><div class='av_custom_color av-subheading av-subheading_below'><p><a href=\"https:\/\/swissmediadesign.com\/fr\/notre-expertise\/dominent\/analyse-marketing-de-la-performance\/\">Automatisations<\/a> \/ <a href=\"https:\/\/swissmediadesign.com\/fr\/notre-expertise\/dominent\/analyse-marketing-de-la-performance\/campagnes-publicitaires-axees-sur-les-donnees\/\">Automatisation du marketing<\/a><\/p>\n<\/div><div class=\"special-heading-border\"><div class=\"special-heading-inner-border\"><\/div><\/div><\/div><br \/>\n\n<style type=\"text\/css\" data-created_by=\"avia_inline_auto\" id=\"style-css-av-uw0jx-17828378ea4488f0bc1b1fbc1b236155\">\n#top .av_textblock_section.av-uw0jx-17828378ea4488f0bc1b1fbc1b236155 .avia_textblock{\ncolor:#ffffff;\n}\n<\/style>\n<section  class='av_textblock_section av-uw0jx-17828378ea4488f0bc1b1fbc1b236155'   itemscope=\"itemscope\" itemtype=\"https:\/\/schema.org\/CreativeWork\" ><div class='avia_textblock av_inherit_color'  itemprop=\"text\" ><p style=\"text-align: center;\">L'automatisation du marketing est la cl\u00e9 pour rendre vos processus marketing plus efficaces et maximiser le succ\u00e8s de vos campagnes. Gr\u00e2ce \u00e0 nos solutions de campagnes d'e-mail automatis\u00e9es, de planification des m\u00e9dias sociaux et d'analyses d\u00e9taill\u00e9es, nous optimisons votre strat\u00e9gie marketing et augmentons votre port\u00e9e et votre efficacit\u00e9.<\/p>\n<\/div><\/section><\/p><\/div><div  class='flex_column av-q6gdx-b901b2a77e916dd40d91b1f3d2fdb6e8 av_one_fifth  avia-builder-el-5  el_after_av_three_fifth  avia-builder-el-last  flex_column_div'     ><\/div><\/div><\/div><\/main><!-- close content main element --><\/div><\/div><\/div><div id='after_section_1'  class='main_color av_default_container_wrap container_wrap fullsize'  ><div class='container av-section-cont-open' ><div class='template-page content  av-content-full alpha units'><div class='post-entry post-entry-type-page post-entry-189'><div class='entry-content-wrapper clearfix'><div  class='flex_column av-ily79-e1c4dcacc73d6d545c56241c97a342d9 av_one_full  avia-builder-el-6  el_after_av_section  avia-builder-el-no-sibling  first flex_column_div'     ><p>\n<style type=\"text\/css\" data-created_by=\"avia_inline_auto\" id=\"style-css-av-e6yfp-949e73704841d16261882e5e59391df9\">\n#top .av-special-heading.av-e6yfp-949e73704841d16261882e5e59391df9{\npadding-bottom:10px;\n}\nbody .av-special-heading.av-e6yfp-949e73704841d16261882e5e59391df9 .av-special-heading-tag .heading-char{\nfont-size:25px;\n}\n.av-special-heading.av-e6yfp-949e73704841d16261882e5e59391df9 .av-subheading{\nfont-size:15px;\n}\n<\/style>\n<div  class='av-special-heading av-e6yfp-949e73704841d16261882e5e59391df9 av-special-heading-h2 blockquote modern-quote  avia-builder-el-7  el_before_av_textblock  avia-builder-el-first'><h2 class='av-special-heading-tag'  itemprop=\"headline\"  >Maximiser le succ\u00e8s de vos campagnes de marketing<\/h2><div class=\"special-heading-border\"><div class=\"special-heading-inner-border\"><\/div><\/div><\/div><br \/>\n<section  class='av_textblock_section av-15b11-4d3c020098459ad709a73dd0661040f7'   itemscope=\"itemscope\" itemtype=\"https:\/\/schema.org\/CreativeWork\" ><div class='avia_textblock'  itemprop=\"text\" ><p>L'automatisation du marketing est la cl\u00e9 pour rendre vos processus marketing plus efficaces et maximiser le succ\u00e8s de vos campagnes. Dans le monde des affaires actuel, qui \u00e9volue rapidement, l'automatisation des processus marketing permet un gain de temps consid\u00e9rable et un ciblage plus pr\u00e9cis. Chez Swiss Media Design, nous proposons des solutions compl\u00e8tes qui vous permettent d'optimiser votre strat\u00e9gie marketing et d'augmenter de mani\u00e8re significative votre port\u00e9e et votre efficacit\u00e9.<\/p>\n<p>Nos services d'automatisation du marketing comprennent la cr\u00e9ation et la gestion de campagnes d'e-mails automatis\u00e9es. Nous d\u00e9veloppons des mod\u00e8les d'e-mails personnalis\u00e9s qui sont envoy\u00e9s automatiquement \u00e0 votre groupe cible, en fonction de son comportement et de ses pr\u00e9f\u00e9rences. Cela permet non seulement d'augmenter les taux d'ouverture et de clics, mais aussi de favoriser la fid\u00e9lisation et la satisfaction des clients.<\/p>\n<p>Un autre aspect important est la planification et la publication automatis\u00e9es du contenu des m\u00e9dias sociaux. \u00c0 l'aide d'outils modernes tels que Hootsuite ou Buffer, nous planifions vos publications sur les m\u00e9dias sociaux \u00e0 l'avance et les publions aux moments les plus opportuns afin d'obtenir une visibilit\u00e9 et un engagement maximum. Cela vous permet de maintenir une pr\u00e9sence coh\u00e9rente sur diff\u00e9rentes plateformes sans devoir ajuster manuellement chaque publication.<\/p>\n<p>De plus, nous proposons des analyses et des rapports d\u00e9taill\u00e9s qui mesurent le succ\u00e8s de vos campagnes automatis\u00e9es. Le suivi et l'\u00e9valuation continus des performances des campagnes nous permettent d'obtenir des informations pr\u00e9cieuses et d'optimiser en permanence votre strat\u00e9gie. Cela garantit que vos activit\u00e9s de marketing sont toujours orient\u00e9es vers les meilleurs r\u00e9sultats possibles.<\/p>\n<p>Nos solutions d'automatisation du marketing sont con\u00e7ues pour am\u00e9liorer vos processus internes, augmenter votre productivit\u00e9 et vous donner un avantage concurrentiel. Nous vous aidons \u00e0 atteindre efficacement vos objectifs marketing et \u00e0 renforcer durablement votre marque.<\/p>\n<p>Faites confiance \u00e0 Swiss Media Design pour automatiser vos processus marketing et maximiser le succ\u00e8s de vos campagnes. Gr\u00e2ce \u00e0 nos approches innovantes et \u00e0 nos solutions sur mesure, nous faisons passer votre strat\u00e9gie marketing au niveau sup\u00e9rieur et assurons votre succ\u00e8s \u00e0 long terme.<\/p>\n<\/div><\/section><\/p><\/div><\/p>","protected":false},"excerpt":{"rendered":"","protected":false},"author":2,"featured_media":0,"parent":187,"menu_order":3321,"comment_status":"closed","ping_status":"closed","template":"","meta":{"footnotes":""},"class_list":["post-189","page","type-page","status-publish","hentry"],"_links":{"self":[{"href":"https:\/\/swissmediadesign.com\/fr\/wp-json\/wp\/v2\/pages\/189","targetHints":{"allow":["GET"]}}],"collection":[{"href":"https:\/\/swissmediadesign.com\/fr\/wp-json\/wp\/v2\/pages"}],"about":[{"href":"https:\/\/swissmediadesign.com\/fr\/wp-json\/wp\/v2\/types\/page"}],"author":[{"embeddable":true,"href":"https:\/\/swissmediadesign.com\/fr\/wp-json\/wp\/v2\/users\/2"}],"replies":[{"embeddable":true,"href":"https:\/\/swissmediadesign.com\/fr\/wp-json\/wp\/v2\/comments?post=189"}],"version-history":[{"count":0,"href":"https:\/\/swissmediadesign.com\/fr\/wp-json\/wp\/v2\/pages\/189\/revisions"}],"up":[{"embeddable":true,"href":"https:\/\/swissmediadesign.com\/fr\/wp-json\/wp\/v2\/pages\/187"}],"wp:attachment":[{"href":"https:\/\/swissmediadesign.com\/fr\/wp-json\/wp\/v2\/media?parent=189"}],"curies":[{"name":"wp","href":"https:\/\/api.w.org\/{rel}","templated":true}]}}