{"id":191,"date":"2024-04-02T21:00:21","date_gmt":"2024-04-02T19:00:21","guid":{"rendered":"https:\/\/swissmediadesign.com\/?page_id=191"},"modified":"2025-04-24T08:45:45","modified_gmt":"2025-04-24T06:45:45","slug":"workflow-automatisierung","status":"publish","type":"page","link":"https:\/\/swissmediadesign.com\/fr\/notre-expertise\/dominent\/analyse-marketing-de-la-performance\/optimisation-de-la-conversion\/","title":{"rendered":"Automatisation du flux de travail"},"content":{"rendered":"<style type=\"text\/css\" data-created_by=\"avia_inline_auto\" id=\"style-css-av-lwpacghv-deabecc0ee44da4a636d70a1fc2ed19e\">\n.avia-section.av-lwpacghv-deabecc0ee44da4a636d70a1fc2ed19e{\nbackground-repeat:no-repeat;\nbackground-image:url(https:\/\/swissmediadesign.com\/wp-content\/uploads\/2024\/05\/224386232_m_normal_none-5-1500x1000.jpg);\nbackground-position:50% 50%;\nbackground-attachment:scroll;\n}\n.avia-section.av-lwpacghv-deabecc0ee44da4a636d70a1fc2ed19e .av-section-color-overlay{\nopacity:0.5;\nbackground-color:#000000;\n}\n<\/style>\n<div id='av_section_1'  class='avia-section av-lwpacghv-deabecc0ee44da4a636d70a1fc2ed19e main_color avia-section-default avia-no-border-styling  avia-builder-el-0  el_before_av_one_full  avia-builder-el-first  avia-full-stretch avia-bg-style-scroll av-section-color-overlay-active container_wrap fullsize'  data-section-bg-repeat='stretch'><div class=\"av-section-color-overlay-wrap\"><div class=\"av-section-color-overlay\"><\/div><div class='container av-section-cont-open' ><main  role=\"main\" itemprop=\"mainContentOfPage\"  class='template-page content  av-content-full alpha units'><div class='post-entry post-entry-type-page post-entry-191'><div class='entry-content-wrapper clearfix'>\n<div  class='flex_column av-su5lr-06756722998a3816ac32b125faebda2c av_one_fifth  avia-builder-el-1  el_before_av_three_fifth  avia-builder-el-first  first flex_column_div'     ><\/div><div  class='flex_column av-n4suv-f35917d1259f165fe66743a7d041042f av_three_fifth  avia-builder-el-2  el_after_av_one_fifth  el_before_av_one_fifth  flex_column_div'     ><p>\n<style type=\"text\/css\" data-created_by=\"avia_inline_auto\" id=\"style-css-av-lwpa548d-be3c46a91511d1efad98c2eec545a87f\">\n#top .av-special-heading.av-lwpa548d-be3c46a91511d1efad98c2eec545a87f{\npadding-bottom:10px;\ncolor:#ffffff;\n}\nbody .av-special-heading.av-lwpa548d-be3c46a91511d1efad98c2eec545a87f .av-special-heading-tag .heading-char{\nfont-size:25px;\n}\n.av-special-heading.av-lwpa548d-be3c46a91511d1efad98c2eec545a87f .special-heading-inner-border{\nborder-color:#ffffff;\n}\n.av-special-heading.av-lwpa548d-be3c46a91511d1efad98c2eec545a87f .av-subheading{\nfont-size:15px;\n}\n<\/style>\n<div  class='av-special-heading av-lwpa548d-be3c46a91511d1efad98c2eec545a87f av-special-heading-h1 custom-color-heading blockquote modern-quote modern-centered  avia-builder-el-3  el_before_av_textblock  avia-builder-el-first'><h1 class='av-special-heading-tag'  itemprop=\"headline\"  >Automatisation du flux de travail<\/h1><div class='av_custom_color av-subheading av-subheading_below'><p><a href=\"https:\/\/swissmediadesign.com\/fr\/notre-expertise\/dominent\/analyse-marketing-de-la-performance\/\">Automatisations<\/a> \/ <a href=\"https:\/\/swissmediadesign.com\/fr\/notre-expertise\/dominent\/analyse-marketing-de-la-performance\/optimisation-de-la-conversion\/\">Automatisation du flux de travail<\/a><\/p>\n<\/div><div class=\"special-heading-border\"><div class=\"special-heading-inner-border\"><\/div><\/div><\/div><br \/>\n\n<style type=\"text\/css\" data-created_by=\"avia_inline_auto\" id=\"style-css-av-68on-0429f2d16eb2b88bd4c3d8af4f23a4c1\">\n#top .av_textblock_section.av-68on-0429f2d16eb2b88bd4c3d8af4f23a4c1 .avia_textblock{\ncolor:#ffffff;\n}\n<\/style>\n<section  class='av_textblock_section av-68on-0429f2d16eb2b88bd4c3d8af4f23a4c1'   itemscope=\"itemscope\" itemtype=\"https:\/\/schema.org\/CreativeWork\" ><div class='avia_textblock av_inherit_color'  itemprop=\"text\" ><p style=\"text-align: center;\">L'automatisation des flux de travail est essentielle pour optimiser vos processus commerciaux et augmenter l'efficacit\u00e9 de votre entreprise. Gr\u00e2ce \u00e0 nos solutions sur mesure, nous automatisons les t\u00e2ches r\u00e9p\u00e9titives, r\u00e9duisons les erreurs manuelles et lib\u00e9rons du temps pour les activit\u00e9s strat\u00e9giques.<\/p>\n<\/div><\/section><\/p><\/div><div  class='flex_column av-6t5rj-75ec34c66371d31cd3bb3bbb959e2ff6 av_one_fifth  avia-builder-el-5  el_after_av_three_fifth  avia-builder-el-last  flex_column_div'     ><\/div><\/div><\/div><\/main><!-- close content main element --><\/div><\/div><\/div><div id='after_section_1'  class='main_color av_default_container_wrap container_wrap fullsize'  ><div class='container av-section-cont-open' ><div class='template-page content  av-content-full alpha units'><div class='post-entry post-entry-type-page post-entry-191'><div class='entry-content-wrapper clearfix'><div  class='flex_column av-qytr-3f96f89c5ea5336ef9de58ed2a4acb45 av_one_full  avia-builder-el-6  el_after_av_section  avia-builder-el-no-sibling  first flex_column_div'     ><p>\n<style type=\"text\/css\" data-created_by=\"avia_inline_auto\" id=\"style-css-av-lwpak4xh-d067d180450792480807010d9634ee06\">\n#top .av-special-heading.av-lwpak4xh-d067d180450792480807010d9634ee06{\npadding-bottom:10px;\n}\nbody .av-special-heading.av-lwpak4xh-d067d180450792480807010d9634ee06 .av-special-heading-tag .heading-char{\nfont-size:25px;\n}\n.av-special-heading.av-lwpak4xh-d067d180450792480807010d9634ee06 .av-subheading{\nfont-size:15px;\n}\n<\/style>\n<div  class='av-special-heading av-lwpak4xh-d067d180450792480807010d9634ee06 av-special-heading-h2 blockquote modern-quote  avia-builder-el-7  el_before_av_textblock  avia-builder-el-first'><h2 class='av-special-heading-tag'  itemprop=\"headline\"  >R\u00e9duire les erreurs manuelles gr\u00e2ce \u00e0 des flux de travail automatis\u00e9s<\/h2><div class=\"special-heading-border\"><div class=\"special-heading-inner-border\"><\/div><\/div><\/div><br \/>\n<section  class='av_textblock_section av-lwpajfho-41d247481d53cffb3652712cd82f67c6'   itemscope=\"itemscope\" itemtype=\"https:\/\/schema.org\/CreativeWork\" ><div class='avia_textblock'  itemprop=\"text\" ><p>L'automatisation des flux de travail est essentielle pour optimiser vos processus commerciaux et am\u00e9liorer l'efficacit\u00e9 de votre entreprise. Dans un monde de plus en plus num\u00e9ris\u00e9, les t\u00e2ches manuelles et r\u00e9p\u00e9titives peuvent \u00eatre co\u00fbteuses et sujettes \u00e0 des erreurs. Chez Swiss Media Design, nos solutions sur mesure d'automatisation des flux de travail vous aident \u00e0 relever ces d\u00e9fis et \u00e0 transformer vos processus de travail.<\/p>\n<p>En automatisant les t\u00e2ches r\u00e9p\u00e9titives, nous r\u00e9duisons les erreurs manuelles et augmentons la pr\u00e9cision et la coh\u00e9rence de vos processus. Votre \u00e9quipe peut ainsi se concentrer sur des t\u00e2ches plus strat\u00e9giques qui apportent une r\u00e9elle valeur ajout\u00e9e \u00e0 votre entreprise. Qu'il s'agisse d'automatiser les processus d'approbation, le traitement des donn\u00e9es ou la communication, nos solutions sont flexibles et adaptables aux besoins sp\u00e9cifiques de votre entreprise.<\/p>\n<p>Un autre avantage de l'automatisation des flux de travail est l'am\u00e9lioration de la transparence et de la tra\u00e7abilit\u00e9. Les workflows automatis\u00e9s vous permettent de voir \u00e0 tout moment le statut des t\u00e2ches et des projets, de d\u00e9tecter rapidement les goulots d'\u00e9tranglement et de prendre les mesures qui s'imposent. Il en r\u00e9sulte une meilleure planification et une meilleure gestion de vos ressources et de vos projets.<\/p>\n<p>Chez Swiss Media Design, nos experts travaillent en \u00e9troite collaboration avec vous afin d'analyser vos processus existants et d'identifier les potentiels d'optimisation. Sur la base de cette analyse, nous d\u00e9veloppons des solutions d'automatisation sur mesure, parfaitement adapt\u00e9es \u00e0 vos besoins commerciaux. De l'impl\u00e9mentation \u00e0 l'assistance continue, nous sommes \u00e0 vos c\u00f4t\u00e9s pour garantir le bon fonctionnement et l'efficacit\u00e9 de vos workflows.<\/p>\n<p>Gr\u00e2ce \u00e0 notre expertise en mati\u00e8re d'automatisation des flux de travail, nous posons la premi\u00e8re pierre d'un environnement de travail plus efficace et plus productif. Faites confiance \u00e0 Swiss Media Design pour r\u00e9volutionner vos processus commerciaux et ouvrir la voie \u00e0 la croissance et au succ\u00e8s futurs.<\/p>\n<\/div><\/section><\/p><\/div><\/p>","protected":false},"excerpt":{"rendered":"","protected":false},"author":2,"featured_media":0,"parent":187,"menu_order":3322,"comment_status":"closed","ping_status":"closed","template":"","meta":{"footnotes":""},"class_list":["post-191","page","type-page","status-publish","hentry"],"_links":{"self":[{"href":"https:\/\/swissmediadesign.com\/fr\/wp-json\/wp\/v2\/pages\/191","targetHints":{"allow":["GET"]}}],"collection":[{"href":"https:\/\/swissmediadesign.com\/fr\/wp-json\/wp\/v2\/pages"}],"about":[{"href":"https:\/\/swissmediadesign.com\/fr\/wp-json\/wp\/v2\/types\/page"}],"author":[{"embeddable":true,"href":"https:\/\/swissmediadesign.com\/fr\/wp-json\/wp\/v2\/users\/2"}],"replies":[{"embeddable":true,"href":"https:\/\/swissmediadesign.com\/fr\/wp-json\/wp\/v2\/comments?post=191"}],"version-history":[{"count":0,"href":"https:\/\/swissmediadesign.com\/fr\/wp-json\/wp\/v2\/pages\/191\/revisions"}],"up":[{"embeddable":true,"href":"https:\/\/swissmediadesign.com\/fr\/wp-json\/wp\/v2\/pages\/187"}],"wp:attachment":[{"href":"https:\/\/swissmediadesign.com\/fr\/wp-json\/wp\/v2\/media?parent=191"}],"curies":[{"name":"wp","href":"https:\/\/api.w.org\/{rel}","templated":true}]}}