{"id":1993,"date":"2024-11-12T19:31:47","date_gmt":"2024-11-12T18:31:47","guid":{"rendered":"https:\/\/swissmediadesign.com\/?page_id=1993"},"modified":"2025-07-09T20:15:41","modified_gmt":"2025-07-09T18:15:41","slug":"ueber-uns","status":"publish","type":"page","link":"https:\/\/swissmediadesign.com\/fr\/agence\/","title":{"rendered":"\u00c0 propos de nous"},"content":{"rendered":"<style type=\"text\/css\" data-created_by=\"avia_inline_auto\" id=\"style-css-av-luj9i64t-1ecbf347e4a71c651a292a6cb26f95b9\">\n.avia-section.av-luj9i64t-1ecbf347e4a71c651a292a6cb26f95b9{\nbackground-repeat:no-repeat;\nbackground-image:url(https:\/\/swissmediadesign.com\/wp-content\/uploads\/2024\/11\/SMD-OFFICE_121124@florin.schmid011-1500x844.jpeg);\nbackground-position:50% 50%;\nbackground-attachment:scroll;\n}\n.avia-section.av-luj9i64t-1ecbf347e4a71c651a292a6cb26f95b9 .av-section-color-overlay{\nopacity:0.6;\nbackground-color:#000000;\n}\n<\/style>\n<div id='av_section_1'  class='avia-section av-luj9i64t-1ecbf347e4a71c651a292a6cb26f95b9 main_color avia-section-default avia-no-border-styling  avia-builder-el-0  el_before_av_section  avia-builder-el-first  avia-full-stretch avia-bg-style-scroll av-section-color-overlay-active container_wrap fullsize'  data-section-bg-repeat='stretch'><div class=\"av-section-color-overlay-wrap\"><div class=\"av-section-color-overlay\"><\/div><div class='container av-section-cont-open' ><main  role=\"main\" itemprop=\"mainContentOfPage\"  class='template-page content  av-content-full alpha units'><div class='post-entry post-entry-type-page post-entry-1993'><div class='entry-content-wrapper clearfix'>\n<div  class='flex_column av-2nh1x-0ddcef43e5a1f1ff96dce94bb9f5facc av_one_fifth  avia-builder-el-1  el_before_av_three_fifth  avia-builder-el-first  first flex_column_div'     ><\/div><div  class='flex_column av-1unv1-291b20e0c7b07639c210827b0a18d345 av_three_fifth  avia-builder-el-2  el_after_av_one_fifth  el_before_av_one_fifth  flex_column_div'     ><p>\n<style type=\"text\/css\" data-created_by=\"avia_inline_auto\" id=\"style-css-av-luj9hmy0-19df7abf963200cd8cd29270e8d2dc8b\">\n#top .av-special-heading.av-luj9hmy0-19df7abf963200cd8cd29270e8d2dc8b{\npadding-bottom:10px;\ncolor:#ffffff;\n}\nbody .av-special-heading.av-luj9hmy0-19df7abf963200cd8cd29270e8d2dc8b .av-special-heading-tag .heading-char{\nfont-size:25px;\n}\n.av-special-heading.av-luj9hmy0-19df7abf963200cd8cd29270e8d2dc8b .special-heading-inner-border{\nborder-color:#ffffff;\n}\n.av-special-heading.av-luj9hmy0-19df7abf963200cd8cd29270e8d2dc8b .av-subheading{\nfont-size:15px;\n}\n<\/style>\n<div  class='av-special-heading av-luj9hmy0-19df7abf963200cd8cd29270e8d2dc8b av-special-heading-h1 custom-color-heading blockquote modern-quote modern-centered  avia-builder-el-3  el_before_av_textblock  avia-builder-el-first'><h1 class='av-special-heading-tag'  itemprop=\"headline\"  >\u00c0 propos de nous<\/h1><div class=\"special-heading-border\"><div class=\"special-heading-inner-border\"><\/div><\/div><\/div><br \/>\n\n<style type=\"text\/css\" data-created_by=\"avia_inline_auto\" id=\"style-css-av-4qrt-ddd25768b4282f60577ae28ac1cdef6b\">\n#top .av_textblock_section.av-4qrt-ddd25768b4282f60577ae28ac1cdef6b .avia_textblock{\ncolor:#ffffff;\n}\n<\/style>\n<section  class='av_textblock_section av-4qrt-ddd25768b4282f60577ae28ac1cdef6b'   itemscope=\"itemscope\" itemtype=\"https:\/\/schema.org\/CreativeWork\" ><div class='avia_textblock av_inherit_color'  itemprop=\"text\" ><p style=\"text-align: center;\">Bienvenue dans notre agence - votre partenaire pour des solutions cr\u00e9atives et des strat\u00e9gies innovantes. Nous associons passion et expertise pour faire progresser votre marque dans le monde num\u00e9rique. D\u00e9couvrez comment nous faisons la diff\u00e9rence gr\u00e2ce \u00e0 des approches sur mesure et \u00e0 une \u00e9quipe engag\u00e9e.<\/p>\n<\/div><\/section><\/p><\/div><div  class='flex_column av-2r61-9bfb104c374eac42570abc850560dce8 av_one_fifth  avia-builder-el-5  el_after_av_three_fifth  avia-builder-el-last  flex_column_div'     ><\/div>\n\n<\/div><\/div><\/main><!-- close content main element --><\/div><\/div><\/div><div id='av_section_2'  class='avia-section av-268j1-95a9448afae7bf64cc74097d94255b98 main_color avia-section-default avia-no-border-styling  avia-builder-el-6  el_after_av_section  avia-builder-el-last  avia-bg-style-scroll container_wrap fullsize'  ><div class='container av-section-cont-open' ><div class='template-page content  av-content-full alpha units'><div class='post-entry post-entry-type-page post-entry-1993'><div class='entry-content-wrapper clearfix'>\n<div  class='flex_column av-1gcnt-d50475574f9bd54b88e22310679eeac6 av_one_half  avia-builder-el-7  el_before_av_one_half  avia-builder-el-first  first flex_column_div'     ><p>\n<style type=\"text\/css\" data-created_by=\"avia_inline_auto\" id=\"style-css-av-12hth-4d7f1abece811b4bfbb57e2fc43c0c5d\">\n#top .av-special-heading.av-12hth-4d7f1abece811b4bfbb57e2fc43c0c5d{\npadding-bottom:10px;\n}\nbody .av-special-heading.av-12hth-4d7f1abece811b4bfbb57e2fc43c0c5d .av-special-heading-tag .heading-char{\nfont-size:25px;\n}\n.av-special-heading.av-12hth-4d7f1abece811b4bfbb57e2fc43c0c5d .av-subheading{\nfont-size:15px;\n}\n<\/style>\n<div  class='av-special-heading av-12hth-4d7f1abece811b4bfbb57e2fc43c0c5d av-special-heading-h2 blockquote modern-quote  avia-builder-el-8  el_before_av_textblock  avia-builder-el-first'><h2 class='av-special-heading-tag'  itemprop=\"headline\"  >De la vision \u00e0 la r\u00e9alit\u00e9<\/h2><div class=\"special-heading-border\"><div class=\"special-heading-inner-border\"><\/div><\/div><\/div><br \/>\n<section  class='av_textblock_section av-luj9ncsw-4c78f6221b65ee8cde156925e388eb3c'   itemscope=\"itemscope\" itemtype=\"https:\/\/schema.org\/CreativeWork\" ><div class='avia_textblock'  itemprop=\"text\" ><div class=\"flex-1 overflow-hidden\">\n<div class=\"react-scroll-to-bottom--css-snxjs-79elbk h-full\">\n<div class=\"react-scroll-to-bottom--css-snxjs-1n7m0yu\">\n<div class=\"flex flex-col text-sm pb-9\">\n<div class=\"w-full text-token-text-primary\" data-testid=\"conversation-turn-95\">\n<div class=\"px-4 py-2 justify-center text-base md:gap-6 m-auto\">\n<div class=\"flex flex-1 text-base mx-auto gap-3 md:px-5 lg:px-1 xl:px-5 md:max-w-3xl lg:max-w-&#091;40rem&#093; xl:max-w-&#091;48rem&#093; group final-completion\">\n<div class=\"relative flex w-full flex-col agent-turn\">\n<div class=\"flex-col gap-1 md:gap-3\">\n<div class=\"flex flex-grow flex-col max-w-full\">\n<div class=\"min-h-&#091;20px&#093; text-message flex flex-col items-start gap-3 whitespace-pre-wrap break-words &#091;.text-message+&amp;&#093;:mt-5 overflow-x-auto\" data-message-author-role=\"assistant\" data-message-id=\"f113e6a8-0582-45cd-9e84-4218aab922e7\">\n<div class=\"markdown prose w-full break-words dark:prose-invert dark\">\n<p>Au c\u0153ur de Swiss Media Design bat une passion in\u00e9branlable pour la cr\u00e9ativit\u00e9 et l'innovation. Depuis notre cr\u00e9ation, nous nous sommes \u00e9tablis non seulement comme une agence, mais aussi comme un foyer pour les visionnaires et les r\u00eaveurs qui cr\u00e9ent ensemble l'extraordinaire. Nous sommes unis par la conviction que derri\u00e8re chaque id\u00e9e se cache le potentiel de quelque chose de r\u00e9volutionnaire - une force qui transforme les marques et red\u00e9finit la mani\u00e8re dont nous voyons le monde.<\/p>\n<p>Notre voyage a commenc\u00e9 par une promesse simple : raconter les histoires de nos clients avec autant de c\u0153ur et de d\u00e9vouement qu'ils le m\u00e9ritent. Cette promesse est devenue notre \u00e9toile directrice, qui nous guide dans tout ce que nous faisons. De la premi\u00e8re esquisse au produit final, nous travaillons main dans la main avec vous pour cr\u00e9er des solutions qui ne sont pas seulement visibles, mais tangibles. Nos projets sont le r\u00e9sultat d'un lien profond avec nos clients et d'une recherche inlassable de la perfection.<\/p>\n<p><strong>\"Dans un monde de bruit, la vraie cr\u00e9ativit\u00e9 devient la voix la plus forte\".<\/strong><\/p>\n<\/div>\n<\/div>\n<\/div>\n<div class=\"mt-1 flex justify-start gap-3 empty:hidden\">\n<div class=\"text-gray-400 flex self-end lg:self-center items-center justify-center lg:justify-start mt-0 -ml-1 h-7 gap-&#091;2px&#093; visible\">\n<div class=\"flex\"><\/div>\n<\/div>\n<\/div>\n<div class=\"pr-2 lg:pr-0\"><\/div>\n<\/div>\n<\/div>\n<\/div>\n<\/div>\n<\/div>\n<\/div>\n<\/div>\n<\/div>\n<\/div>\n<div class=\"w-full pt-2 md:pt-0 dark:border-white\/20 md:border-transparent md:dark:border-transparent md:w-&#091;calc(100%-.5rem)&#093;\">\n<form class=\"stretch mx-2 flex flex-row gap-3 last:mb-2 md:mx-4 md:last:mb-6 lg:mx-auto lg:max-w-2xl xl:max-w-3xl\" action=\"\">\n<div class=\"relative flex h-full flex-1 flex-col\">\n<div class=\"absolute bottom-full left-0 right-0\"><\/div>\n<div class=\"flex w-full items-center\"><\/div>\n<\/div>\n<input type=\"hidden\" name=\"trp-form-language\" value=\"fr\"\/><\/form>\n<\/div>\n<\/div><\/section><\/p><\/div><div  class='flex_column av-nrvp-0dfe1f156ef2103563c754e5946984ba av_one_half  avia-builder-el-10  el_after_av_one_half  el_before_av_one_half  flex_column_div'     ><style type=\"text\/css\" data-created_by=\"avia_inline_auto\" id=\"style-css-av-m3ern2l6-b0840457085071d04ebd82e689f0e4b8\">\n.avia-image-container.av-m3ern2l6-b0840457085071d04ebd82e689f0e4b8 img.avia_image{\nbox-shadow:none;\n}\n.avia-image-container.av-m3ern2l6-b0840457085071d04ebd82e689f0e4b8 .av-image-caption-overlay-center{\ncolor:#ffffff;\n}\n<\/style>\n<div  class='avia-image-container av-m3ern2l6-b0840457085071d04ebd82e689f0e4b8 av-styling- avia-align-center  avia-builder-el-11  avia-builder-el-no-sibling'   itemprop=\"image\" itemscope=\"itemscope\" itemtype=\"https:\/\/schema.org\/ImageObject\" ><div class=\"avia-image-container-inner\"><div class=\"avia-image-overlay-wrap\"><img class='avia_image' src='https:\/\/swissmediadesign.com\/wp-content\/uploads\/2024\/11\/office-1-scaled.jpg' alt='' title='office-1'  height=\"1440\" width=\"2560\"  itemprop=\"thumbnailUrl\"  \/><\/div><\/div><\/div><\/div><div  class='flex_column av-2hskt-1cf98cf000afb668dc59f07e4c34f8b6 av_one_half  avia-builder-el-12  el_after_av_one_half  el_before_av_one_half  first flex_column_div av-hide-on-mobile  column-top-margin'     ><style type=\"text\/css\" data-created_by=\"avia_inline_auto\" id=\"style-css-av-m3es0ibp-80018e714ae092df4137fe064cd308bf\">\n.avia-image-container.av-m3es0ibp-80018e714ae092df4137fe064cd308bf img.avia_image{\nbox-shadow:none;\n}\n.avia-image-container.av-m3es0ibp-80018e714ae092df4137fe064cd308bf .av-image-caption-overlay-center{\ncolor:#ffffff;\n}\n<\/style>\n<div  class='avia-image-container av-m3es0ibp-80018e714ae092df4137fe064cd308bf av-styling- avia-align-center  avia-builder-el-13  avia-builder-el-no-sibling'   itemprop=\"image\" itemscope=\"itemscope\" itemtype=\"https:\/\/schema.org\/ImageObject\" ><div class=\"avia-image-container-inner\"><div class=\"avia-image-overlay-wrap\"><img class='avia_image' src='https:\/\/swissmediadesign.com\/wp-content\/uploads\/2024\/11\/SMD-OFFICE_121124@florin.schmid010-1030x580.jpeg' alt='' title='SMD OFFICE_121124@florin.schmid010'  height=\"580\" width=\"1030\"  itemprop=\"thumbnailUrl\"  \/><\/div><\/div><\/div><\/div><div  class='flex_column av-75kt-cf1c12a8ab0b6ce6f059e9b8d0ad355d av_one_half  avia-builder-el-14  el_after_av_one_half  el_before_av_one_half  flex_column_div av-hide-on-mobile  column-top-margin'     ><p>\n<style type=\"text\/css\" data-created_by=\"avia_inline_auto\" id=\"style-css-av-5cyuex-6a817014f38c90bb0320dc50c9d0f90f\">\n#top .av-special-heading.av-5cyuex-6a817014f38c90bb0320dc50c9d0f90f{\npadding-bottom:10px;\n}\nbody .av-special-heading.av-5cyuex-6a817014f38c90bb0320dc50c9d0f90f .av-special-heading-tag .heading-char{\nfont-size:25px;\n}\n.av-special-heading.av-5cyuex-6a817014f38c90bb0320dc50c9d0f90f .av-subheading{\nfont-size:15px;\n}\n<\/style>\n<div  class='av-special-heading av-5cyuex-6a817014f38c90bb0320dc50c9d0f90f av-special-heading-h2 blockquote modern-quote  avia-builder-el-15  el_before_av_textblock  avia-builder-el-first'><h2 class='av-special-heading-tag'  itemprop=\"headline\"  >L'art de donner vie \u00e0 votre marque<\/h2><div class=\"special-heading-border\"><div class=\"special-heading-inner-border\"><\/div><\/div><\/div><br \/>\n<section  class='av_textblock_section av-x32d-ef7e7b801e5f64dd499fc648a654ac49'   itemscope=\"itemscope\" itemtype=\"https:\/\/schema.org\/CreativeWork\" ><div class='avia_textblock'  itemprop=\"text\" ><div class=\"flex-1 overflow-hidden\">\n<div class=\"react-scroll-to-bottom--css-snxjs-79elbk h-full\">\n<div class=\"react-scroll-to-bottom--css-snxjs-1n7m0yu\">\n<div class=\"flex flex-col text-sm pb-9\">\n<div class=\"w-full text-token-text-primary\" data-testid=\"conversation-turn-95\">\n<div class=\"px-4 py-2 justify-center text-base md:gap-6 m-auto\">\n<div class=\"flex flex-1 text-base mx-auto gap-3 md:px-5 lg:px-1 xl:px-5 md:max-w-3xl lg:max-w-&#091;40rem&#093; xl:max-w-&#091;48rem&#093; group final-completion\">\n<div class=\"relative flex w-full flex-col agent-turn\">\n<div class=\"flex-col gap-1 md:gap-3\">\n<div class=\"flex flex-grow flex-col max-w-full\">\n<div class=\"min-h-&#091;20px&#093; text-message flex flex-col items-start gap-3 whitespace-pre-wrap break-words &#091;.text-message+&amp;&#093;:mt-5 overflow-x-auto\" data-message-author-role=\"assistant\" data-message-id=\"f113e6a8-0582-45cd-9e84-4218aab922e7\">\n<div class=\"markdown prose w-full break-words dark:prose-invert dark\">\n<p>Dans un monde de plus en plus bruyant et complexe, nous savons non seulement faire entendre votre voix, mais aussi la faire rayonner de mani\u00e8re \u00e0 ce qu'elle atteigne les c\u0153urs et cr\u00e9e des souvenirs. Chez Swiss Media Design, il ne s'agit pas seulement de promouvoir des produits ou de cr\u00e9er des designs - il s'agit de raconter des histoires qui restent. Des histoires qui touchent, qui donnent la chair de poule, qui inspirent et qui ont le pouvoir de faire bouger les gens.<\/p>\n<p>Notre travail est une d\u00e9claration d'amour \u00e0 la cr\u00e9ativit\u00e9. Elle est notre fa\u00e7on de changer le monde - une id\u00e9e, une image, un sentiment \u00e0 la fois. C'est cette magie de l'union du c\u0153ur et de l'esprit qui nous pousse \u00e0 cr\u00e9er l'extraordinaire et \u00e0 donner du sens \u00e0 chaque instant.<\/p>\n<p>Nous vous invitons \u00e0 nous rejoindre dans un voyage o\u00f9 vos visions et vos r\u00eaves prennent le volant. D\u00e9passons ensemble les limites du possible pour cr\u00e9er quelque chose qui rendra non seulement votre marque, mais aussi le monde un peu plus beau. Bienvenue chez Swiss Media Design - o\u00f9 votre histoire est racont\u00e9e dans les moindres d\u00e9tails avec d\u00e9vouement et excellence. Ensemble, nous transformons les id\u00e9es en souvenirs et les visions en r\u00e9alit\u00e9.<\/p>\n<\/div>\n<\/div>\n<\/div>\n<div class=\"mt-1 flex justify-start gap-3 empty:hidden\">\n<div class=\"text-gray-400 flex self-end lg:self-center items-center justify-center lg:justify-start mt-0 -ml-1 h-7 gap-&#091;2px&#093; visible\">\n<div class=\"flex\"><\/div>\n<\/div>\n<\/div>\n<div class=\"pr-2 lg:pr-0\"><\/div>\n<\/div>\n<\/div>\n<\/div>\n<\/div>\n<\/div>\n<\/div>\n<\/div>\n<\/div>\n<\/div>\n<div class=\"w-full pt-2 md:pt-0 dark:border-white\/20 md:border-transparent md:dark:border-transparent md:w-&#091;calc(100%-.5rem)&#093;\">\n<form class=\"stretch mx-2 flex flex-row gap-3 last:mb-2 md:mx-4 md:last:mb-6 lg:mx-auto lg:max-w-2xl xl:max-w-3xl\" action=\"\">\n<div class=\"relative flex h-full flex-1 flex-col\">\n<div class=\"absolute bottom-full left-0 right-0\"><\/div>\n<div class=\"flex w-full items-center\"><\/div>\n<\/div>\n<input type=\"hidden\" name=\"trp-form-language\" value=\"fr\"\/><\/form>\n<\/div>\n<\/div><\/section><\/p><\/div><div  id=\"hidedesktop\"  class='flex_column av-m3eswveu-ac5d2b6a0a02309556b8fc1e35efd154 av_one_half  avia-builder-el-17  el_after_av_one_half  el_before_av_one_half  first flex_column_div  column-top-margin'     ><p>\n<style type=\"text\/css\" data-created_by=\"avia_inline_auto\" id=\"style-css-av-1ds59-0ace8caf1705a3e18fba2455e2fc2fad\">\n#top .av-special-heading.av-1ds59-0ace8caf1705a3e18fba2455e2fc2fad{\npadding-bottom:10px;\n}\nbody .av-special-heading.av-1ds59-0ace8caf1705a3e18fba2455e2fc2fad .av-special-heading-tag .heading-char{\nfont-size:25px;\n}\n.av-special-heading.av-1ds59-0ace8caf1705a3e18fba2455e2fc2fad .av-subheading{\nfont-size:15px;\n}\n<\/style>\n<div  class='av-special-heading av-1ds59-0ace8caf1705a3e18fba2455e2fc2fad av-special-heading-h2 blockquote modern-quote  avia-builder-el-18  el_before_av_textblock  avia-builder-el-first'><h2 class='av-special-heading-tag'  itemprop=\"headline\"  >Faire vivre les marques<\/h2><div class=\"special-heading-border\"><div class=\"special-heading-inner-border\"><\/div><\/div><\/div><br \/>\n<section  class='av_textblock_section av-g3e0p-c515042139485aff65d3c5a2c669be2e'   itemscope=\"itemscope\" itemtype=\"https:\/\/schema.org\/CreativeWork\" ><div class='avia_textblock'  itemprop=\"text\" ><div class=\"flex-1 overflow-hidden\">\n<div class=\"react-scroll-to-bottom--css-snxjs-79elbk h-full\">\n<div class=\"react-scroll-to-bottom--css-snxjs-1n7m0yu\">\n<div class=\"flex flex-col text-sm pb-9\">\n<div class=\"w-full text-token-text-primary\" data-testid=\"conversation-turn-95\">\n<div class=\"px-4 py-2 justify-center text-base md:gap-6 m-auto\">\n<div class=\"flex flex-1 text-base mx-auto gap-3 md:px-5 lg:px-1 xl:px-5 md:max-w-3xl lg:max-w-&#091;40rem&#093; xl:max-w-&#091;48rem&#093; group final-completion\">\n<div class=\"relative flex w-full flex-col agent-turn\">\n<div class=\"flex-col gap-1 md:gap-3\">\n<div class=\"flex flex-grow flex-col max-w-full\">\n<div class=\"min-h-&#091;20px&#093; text-message flex flex-col items-start gap-3 whitespace-pre-wrap break-words &#091;.text-message+&amp;&#093;:mt-5 overflow-x-auto\" data-message-author-role=\"assistant\" data-message-id=\"f113e6a8-0582-45cd-9e84-4218aab922e7\">\n<div class=\"markdown prose w-full break-words dark:prose-invert dark\">\n<p>Dans un monde de plus en plus bruyant et complexe, nous savons non seulement faire entendre votre voix, mais aussi la faire rayonner de mani\u00e8re \u00e0 ce qu'elle atteigne les c\u0153urs et cr\u00e9e des souvenirs. Chez Swiss Media Design, il ne s'agit pas seulement de promouvoir des produits ou de cr\u00e9er des designs - il s'agit de raconter des histoires qui restent. Des histoires qui touchent, qui donnent la chair de poule, qui inspirent et qui ont le pouvoir de faire bouger les gens.<\/p>\n<p>Notre travail est une d\u00e9claration d'amour \u00e0 la cr\u00e9ativit\u00e9. Elle est notre fa\u00e7on de changer le monde - une id\u00e9e, une image, un sentiment \u00e0 la fois. C'est cette magie de l'union du c\u0153ur et de l'esprit qui nous pousse \u00e0 cr\u00e9er l'extraordinaire et \u00e0 donner du sens \u00e0 chaque instant.<\/p>\n<p>Nous vous invitons \u00e0 nous rejoindre dans un voyage o\u00f9 vos visions et vos r\u00eaves prennent le volant. D\u00e9passons ensemble les limites du possible pour cr\u00e9er quelque chose qui rendra non seulement votre marque, mais aussi le monde un peu plus beau. Bienvenue chez Swiss Media Design - o\u00f9 votre histoire est racont\u00e9e dans les moindres d\u00e9tails avec d\u00e9vouement et excellence. Ensemble, nous transformons les id\u00e9es en souvenirs et les visions en r\u00e9alit\u00e9.<\/p>\n<\/div>\n<\/div>\n<\/div>\n<div class=\"mt-1 flex justify-start gap-3 empty:hidden\">\n<div class=\"text-gray-400 flex self-end lg:self-center items-center justify-center lg:justify-start mt-0 -ml-1 h-7 gap-&#091;2px&#093; visible\">\n<div class=\"flex\"><\/div>\n<\/div>\n<\/div>\n<div class=\"pr-2 lg:pr-0\"><\/div>\n<\/div>\n<\/div>\n<\/div>\n<\/div>\n<\/div>\n<\/div>\n<\/div>\n<\/div>\n<\/div>\n<div class=\"w-full pt-2 md:pt-0 dark:border-white\/20 md:border-transparent md:dark:border-transparent md:w-&#091;calc(100%-.5rem)&#093;\">\n<form class=\"stretch mx-2 flex flex-row gap-3 last:mb-2 md:mx-4 md:last:mb-6 lg:mx-auto lg:max-w-2xl xl:max-w-3xl\" action=\"\">\n<div class=\"relative flex h-full flex-1 flex-col\">\n<div class=\"absolute bottom-full left-0 right-0\"><\/div>\n<div class=\"flex w-full items-center\"><\/div>\n<\/div>\n<input type=\"hidden\" name=\"trp-form-language\" value=\"fr\"\/><\/form>\n<\/div>\n<\/div><\/section><\/p><\/div><div  id=\"hidedesktop\"  class='flex_column av-m3esvcq7-edd6313c45c5dbff2cefe62d9e147bd2 av_one_half  avia-builder-el-20  el_after_av_one_half  avia-builder-el-last  flex_column_div  column-top-margin'     ><style type=\"text\/css\" data-created_by=\"avia_inline_auto\" id=\"style-css-av-2z5fa1-a2f0e7669dc228875a6d7e9b2cb86f8a\">\n.avia-image-container.av-2z5fa1-a2f0e7669dc228875a6d7e9b2cb86f8a img.avia_image{\nbox-shadow:none;\n}\n.avia-image-container.av-2z5fa1-a2f0e7669dc228875a6d7e9b2cb86f8a .av-image-caption-overlay-center{\ncolor:#ffffff;\n}\n<\/style>\n<div  class='avia-image-container av-2z5fa1-a2f0e7669dc228875a6d7e9b2cb86f8a av-styling- avia-align-center  avia-builder-el-21  avia-builder-el-no-sibling'   itemprop=\"image\" itemscope=\"itemscope\" itemtype=\"https:\/\/schema.org\/ImageObject\" ><div class=\"avia-image-container-inner\"><div class=\"avia-image-overlay-wrap\"><img class='avia_image' src='https:\/\/swissmediadesign.com\/wp-content\/uploads\/2024\/11\/office-2-scaled.jpg' alt='' title='office-2'  height=\"1679\" width=\"2560\"  itemprop=\"thumbnailUrl\"  \/><\/div><\/div><\/div><\/div>","protected":false},"excerpt":{"rendered":"","protected":false},"author":2,"featured_media":0,"parent":0,"menu_order":2000,"comment_status":"closed","ping_status":"closed","template":"","meta":{"footnotes":""},"class_list":["post-1993","page","type-page","status-publish","hentry"],"_links":{"self":[{"href":"https:\/\/swissmediadesign.com\/fr\/wp-json\/wp\/v2\/pages\/1993","targetHints":{"allow":["GET"]}}],"collection":[{"href":"https:\/\/swissmediadesign.com\/fr\/wp-json\/wp\/v2\/pages"}],"about":[{"href":"https:\/\/swissmediadesign.com\/fr\/wp-json\/wp\/v2\/types\/page"}],"author":[{"embeddable":true,"href":"https:\/\/swissmediadesign.com\/fr\/wp-json\/wp\/v2\/users\/2"}],"replies":[{"embeddable":true,"href":"https:\/\/swissmediadesign.com\/fr\/wp-json\/wp\/v2\/comments?post=1993"}],"version-history":[{"count":0,"href":"https:\/\/swissmediadesign.com\/fr\/wp-json\/wp\/v2\/pages\/1993\/revisions"}],"wp:attachment":[{"href":"https:\/\/swissmediadesign.com\/fr\/wp-json\/wp\/v2\/media?parent=1993"}],"curies":[{"name":"wp","href":"https:\/\/api.w.org\/{rel}","templated":true}]}}