{"id":201,"date":"2024-04-02T21:02:48","date_gmt":"2024-04-02T19:02:48","guid":{"rendered":"https:\/\/swissmediadesign.com\/?page_id=201"},"modified":"2025-04-24T08:46:31","modified_gmt":"2025-04-24T06:46:31","slug":"datensicherheit","status":"publish","type":"page","link":"https:\/\/swissmediadesign.com\/fr\/notre-expertise\/dominent\/solutions-innovantes-de-branding\/storytelling-marketing-de-contenu\/","title":{"rendered":"S\u00e9curit\u00e9 des donn\u00e9es"},"content":{"rendered":"<style type=\"text\/css\" data-created_by=\"avia_inline_auto\" id=\"style-css-av-lwpcvfll-44e07879677c02ea955b5f33a611bcbc\">\n.avia-section.av-lwpcvfll-44e07879677c02ea955b5f33a611bcbc{\nbackground-repeat:no-repeat;\nbackground-image:url(https:\/\/swissmediadesign.com\/wp-content\/uploads\/2024\/05\/162195870_m_normal_none-1500x1000.jpg);\nbackground-position:50% 50%;\nbackground-attachment:scroll;\n}\n.avia-section.av-lwpcvfll-44e07879677c02ea955b5f33a611bcbc .av-section-color-overlay{\nopacity:0.5;\nbackground-color:#000000;\n}\n<\/style>\n<div id='av_section_1'  class='avia-section av-lwpcvfll-44e07879677c02ea955b5f33a611bcbc main_color avia-section-default avia-no-border-styling  avia-builder-el-0  el_before_av_one_full  avia-builder-el-first  avia-full-stretch avia-bg-style-scroll av-section-color-overlay-active container_wrap fullsize'  data-section-bg-repeat='stretch'><div class=\"av-section-color-overlay-wrap\"><div class=\"av-section-color-overlay\"><\/div><div class='container av-section-cont-open' ><main  role=\"main\" itemprop=\"mainContentOfPage\"  class='template-page content  av-content-full alpha units'><div class='post-entry post-entry-type-page post-entry-201'><div class='entry-content-wrapper clearfix'>\n<div  class='flex_column av-134855-0b13bc304415b30dec16916d771a23a3 av_one_fifth  avia-builder-el-1  el_before_av_three_fifth  avia-builder-el-first  first flex_column_div'     ><\/div><div  class='flex_column av-vx1w9-ab048e6ec7b86592b9432d69a4459368 av_three_fifth  avia-builder-el-2  el_after_av_one_fifth  el_before_av_one_fifth  flex_column_div'     ><p>\n<style type=\"text\/css\" data-created_by=\"avia_inline_auto\" id=\"style-css-av-lwpcuf7o-327e7d9bdb75cd45a5af52b0f36419d3\">\n#top .av-special-heading.av-lwpcuf7o-327e7d9bdb75cd45a5af52b0f36419d3{\npadding-bottom:10px;\ncolor:#ffffff;\n}\nbody .av-special-heading.av-lwpcuf7o-327e7d9bdb75cd45a5af52b0f36419d3 .av-special-heading-tag .heading-char{\nfont-size:25px;\n}\n.av-special-heading.av-lwpcuf7o-327e7d9bdb75cd45a5af52b0f36419d3 .special-heading-inner-border{\nborder-color:#ffffff;\n}\n.av-special-heading.av-lwpcuf7o-327e7d9bdb75cd45a5af52b0f36419d3 .av-subheading{\nfont-size:15px;\n}\n<\/style>\n<div  class='av-special-heading av-lwpcuf7o-327e7d9bdb75cd45a5af52b0f36419d3 av-special-heading-h1 custom-color-heading blockquote modern-quote modern-centered  avia-builder-el-3  el_before_av_textblock  avia-builder-el-first'><h1 class='av-special-heading-tag'  itemprop=\"headline\"  >S\u00e9curit\u00e9 des donn\u00e9es<\/h1><div class='av_custom_color av-subheading av-subheading_below'><p><a href=\"https:\/\/swissmediadesign.com\/fr\/notre-expertise\/dominent\/solutions-innovantes-de-branding\/\">S\u00e9curit\u00e9<\/a> \/ <a href=\"https:\/\/swissmediadesign.com\/fr\/notre-expertise\/dominent\/solutions-innovantes-de-branding\/storytelling-marketing-de-contenu\/\">S\u00e9curit\u00e9 des donn\u00e9es<\/a><\/p>\n<\/div><div class=\"special-heading-border\"><div class=\"special-heading-inner-border\"><\/div><\/div><\/div><br \/>\n\n<style type=\"text\/css\" data-created_by=\"avia_inline_auto\" id=\"style-css-av-lwpcw51b-59137f7a293f0c28a810e13e04007125\">\n#top .av_textblock_section.av-lwpcw51b-59137f7a293f0c28a810e13e04007125 .avia_textblock{\ncolor:#ffffff;\n}\n<\/style>\n<section  class='av_textblock_section av-lwpcw51b-59137f7a293f0c28a810e13e04007125'   itemscope=\"itemscope\" itemtype=\"https:\/\/schema.org\/CreativeWork\" ><div class='avia_textblock av_inherit_color'  itemprop=\"text\" ><p style=\"text-align: center;\">La s\u00e9curit\u00e9 des donn\u00e9es est essentielle pour garantir en permanence l'int\u00e9grit\u00e9 et la confidentialit\u00e9 de vos informations sensibles. Swiss Media Design propose des solutions compl\u00e8tes pour prot\u00e9ger vos donn\u00e9es contre la perte, le vol et l'acc\u00e8s non autoris\u00e9. Faites confiance \u00e0 notre expertise pour une s\u00e9curit\u00e9 maximale des donn\u00e9es.<\/p>\n<\/div><\/section><\/p><\/div><div  class='flex_column av-r7bk1-e81332fa52537259ecefa8f4831a1c78 av_one_fifth  avia-builder-el-5  el_after_av_three_fifth  avia-builder-el-last  flex_column_div'     ><\/div><\/div><\/div><\/main><!-- close content main element --><\/div><\/div><\/div><div id='after_section_1'  class='main_color av_default_container_wrap container_wrap fullsize'  ><div class='container av-section-cont-open' ><div class='template-page content  av-content-full alpha units'><div class='post-entry post-entry-type-page post-entry-201'><div class='entry-content-wrapper clearfix'><div  class='flex_column av-jtugh-d540c44d4a8a9d01da43505d9f68d1e0 av_one_full  avia-builder-el-6  el_after_av_section  avia-builder-el-no-sibling  first flex_column_div'     ><p>\n<style type=\"text\/css\" data-created_by=\"avia_inline_auto\" id=\"style-css-av-ghlr5-0f06a4be50aecc3caba0d2298ce0e37f\">\n#top .av-special-heading.av-ghlr5-0f06a4be50aecc3caba0d2298ce0e37f{\npadding-bottom:10px;\n}\nbody .av-special-heading.av-ghlr5-0f06a4be50aecc3caba0d2298ce0e37f .av-special-heading-tag .heading-char{\nfont-size:25px;\n}\n.av-special-heading.av-ghlr5-0f06a4be50aecc3caba0d2298ce0e37f .av-subheading{\nfont-size:15px;\n}\n<\/style>\n<div  class='av-special-heading av-ghlr5-0f06a4be50aecc3caba0d2298ce0e37f av-special-heading-h2 blockquote modern-quote  avia-builder-el-7  el_before_av_textblock  avia-builder-el-first'><h2 class='av-special-heading-tag'  itemprop=\"headline\"  >Optimisation continue de votre architecture de s\u00e9curit\u00e9<\/h2><div class=\"special-heading-border\"><div class=\"special-heading-inner-border\"><\/div><\/div><\/div><br \/>\n<section  class='av_textblock_section av-86y7l-128dbfa108edefdc76b607753c0623ae'   itemscope=\"itemscope\" itemtype=\"https:\/\/schema.org\/CreativeWork\" ><div class='avia_textblock'  itemprop=\"text\" ><p>Dans le monde num\u00e9rique d'aujourd'hui, la s\u00e9curit\u00e9 des donn\u00e9es est d'une importance capitale pour garantir l'int\u00e9grit\u00e9, la confidentialit\u00e9 et la disponibilit\u00e9 de vos informations sensibles. Chez Swiss Media Design, nous comprenons l'importance critique de la protection de vos donn\u00e9es et proposons des solutions compl\u00e8tes bas\u00e9es sur des technologies de pointe et des pratiques \u00e9prouv\u00e9es.<\/p>\n<p>Nos services commencent par une \u00e9valuation d\u00e9taill\u00e9e de votre infrastructure de s\u00e9curit\u00e9 actuelle. Nous identifions les points faibles et les menaces potentielles qui pourraient mettre vos donn\u00e9es en danger. Sur la base de cette analyse, nous d\u00e9veloppons des strat\u00e9gies de s\u00e9curit\u00e9 sur mesure, sp\u00e9cialement adapt\u00e9es aux besoins et aux exigences de votre entreprise. Nos solutions comprennent entre autres la mise en \u0153uvre de technologies de cryptage avanc\u00e9es, de pare-feu et de syst\u00e8mes de d\u00e9tection d'intrusion (IDS) afin de garantir une protection compl\u00e8te de vos donn\u00e9es.<\/p>\n<p>Un \u00e9l\u00e9ment essentiel de nos services de s\u00e9curit\u00e9 des donn\u00e9es est la surveillance continue de vos syst\u00e8mes. Gr\u00e2ce \u00e0 l'utilisation d'outils de surveillance de pointe, nous pouvons d\u00e9tecter en temps r\u00e9el les activit\u00e9s inhabituelles et les menaces potentielles et prendre des mesures imm\u00e9diates pour \u00e9viter les dommages. Cette strat\u00e9gie de surveillance proactive garantit que vos donn\u00e9es sont prot\u00e9g\u00e9es \u00e0 tout moment et que vous pouvez r\u00e9agir rapidement aux nouvelles menaces.<\/p>\n<p>Nous proposons en outre des contr\u00f4les de s\u00e9curit\u00e9 et des tests d'intrusion r\u00e9guliers afin de tester l'efficacit\u00e9 de vos mesures de s\u00e9curit\u00e9 et de les am\u00e9liorer en permanence. Ces tests nous aident \u00e0 identifier les points faibles \u00e0 un stade pr\u00e9coce et \u00e0 prendre des mesures cibl\u00e9es pour y rem\u00e9dier. Notre objectif est d'optimiser en permanence votre architecture de s\u00e9curit\u00e9 et de l'adapter \u00e0 l'\u00e9volution du paysage des menaces.<\/p>\n<p>Un autre aspect important de nos services de s\u00e9curit\u00e9 des donn\u00e9es est la formation et la sensibilisation de votre personnel. L'erreur humaine est souvent le point le plus faible de la cha\u00eene de s\u00e9curit\u00e9, c'est pourquoi nous proposons des programmes de formation complets afin de sensibiliser votre \u00e9quipe \u00e0 l'importance de la s\u00e9curit\u00e9 des donn\u00e9es et d'enseigner les bonnes pratiques en mati\u00e8re de s\u00e9curit\u00e9. Gr\u00e2ce \u00e0 des formations r\u00e9guli\u00e8res et \u00e0 des simulations d'incidents de s\u00e9curit\u00e9, nous veillons \u00e0 ce que vos collaborateurs sachent comment identifier les menaces potentielles et y r\u00e9agir.<\/p>\n<p>Faites confiance \u00e0 l'expertise de Swiss Media Design pour renforcer la s\u00e9curit\u00e9 de vos donn\u00e9es et prot\u00e9ger vos informations sensibles. Gr\u00e2ce \u00e0 nos solutions de s\u00e9curit\u00e9 sur mesure, nos mesures de surveillance proactives et nos programmes de formation complets, nous sommes votre partenaire de confiance pour prot\u00e9ger les donn\u00e9es de votre entreprise et garantir la continuit\u00e9 de vos activit\u00e9s dans un monde de plus en plus interconnect\u00e9.<\/p>\n<\/div><\/section><\/p><\/div><\/p>","protected":false},"excerpt":{"rendered":"","protected":false},"author":2,"featured_media":0,"parent":199,"menu_order":3331,"comment_status":"closed","ping_status":"closed","template":"","meta":{"footnotes":""},"class_list":["post-201","page","type-page","status-publish","hentry"],"_links":{"self":[{"href":"https:\/\/swissmediadesign.com\/fr\/wp-json\/wp\/v2\/pages\/201","targetHints":{"allow":["GET"]}}],"collection":[{"href":"https:\/\/swissmediadesign.com\/fr\/wp-json\/wp\/v2\/pages"}],"about":[{"href":"https:\/\/swissmediadesign.com\/fr\/wp-json\/wp\/v2\/types\/page"}],"author":[{"embeddable":true,"href":"https:\/\/swissmediadesign.com\/fr\/wp-json\/wp\/v2\/users\/2"}],"replies":[{"embeddable":true,"href":"https:\/\/swissmediadesign.com\/fr\/wp-json\/wp\/v2\/comments?post=201"}],"version-history":[{"count":0,"href":"https:\/\/swissmediadesign.com\/fr\/wp-json\/wp\/v2\/pages\/201\/revisions"}],"up":[{"embeddable":true,"href":"https:\/\/swissmediadesign.com\/fr\/wp-json\/wp\/v2\/pages\/199"}],"wp:attachment":[{"href":"https:\/\/swissmediadesign.com\/fr\/wp-json\/wp\/v2\/media?parent=201"}],"curies":[{"name":"wp","href":"https:\/\/api.w.org\/{rel}","templated":true}]}}