{"id":203,"date":"2024-04-02T21:03:11","date_gmt":"2024-04-02T19:03:11","guid":{"rendered":"https:\/\/swissmediadesign.com\/?page_id=203"},"modified":"2025-04-24T08:46:45","modified_gmt":"2025-04-24T06:46:45","slug":"cybersecurity","status":"publish","type":"page","link":"https:\/\/swissmediadesign.com\/fr\/notre-expertise\/dominent\/solutions-innovantes-de-branding\/strategies-seo-avancees\/","title":{"rendered":"Cybers\u00e9curit\u00e9"},"content":{"rendered":"<style type=\"text\/css\" data-created_by=\"avia_inline_auto\" id=\"style-css-av-lwpc0lfz-f59f8d83b1c84b198168a75ca9a63234\">\n.avia-section.av-lwpc0lfz-f59f8d83b1c84b198168a75ca9a63234{\nbackground-repeat:no-repeat;\nbackground-image:url(https:\/\/swissmediadesign.com\/wp-content\/uploads\/2024\/05\/224386232_m_normal_none-7-1500x1000.jpg);\nbackground-position:50% 50%;\nbackground-attachment:scroll;\n}\n.avia-section.av-lwpc0lfz-f59f8d83b1c84b198168a75ca9a63234 .av-section-color-overlay{\nopacity:0.5;\nbackground-color:#000000;\n}\n<\/style>\n<div id='av_section_1'  class='avia-section av-lwpc0lfz-f59f8d83b1c84b198168a75ca9a63234 main_color avia-section-default avia-no-border-styling  avia-builder-el-0  el_before_av_one_full  avia-builder-el-first  avia-full-stretch avia-bg-style-scroll av-section-color-overlay-active container_wrap fullsize'  data-section-bg-repeat='stretch'><div class=\"av-section-color-overlay-wrap\"><div class=\"av-section-color-overlay\"><\/div><div class='container av-section-cont-open' ><main  role=\"main\" itemprop=\"mainContentOfPage\"  class='template-page content  av-content-full alpha units'><div class='post-entry post-entry-type-page post-entry-203'><div class='entry-content-wrapper clearfix'>\n<div  class='flex_column av-19tf0j-db4f8f6e0daf3ca0c34ca1256ac9a045 av_one_fifth  avia-builder-el-1  el_before_av_three_fifth  avia-builder-el-first  first flex_column_div'     ><\/div><div  class='flex_column av-152kjv-cf2b942f2098fb080a09f25c42111019 av_three_fifth  avia-builder-el-2  el_after_av_one_fifth  el_before_av_one_fifth  flex_column_div'     ><p>\n<style type=\"text\/css\" data-created_by=\"avia_inline_auto\" id=\"style-css-av-lwpbzw9w-0cec2ddb979cdaa5a2231224970d362c\">\n#top .av-special-heading.av-lwpbzw9w-0cec2ddb979cdaa5a2231224970d362c{\npadding-bottom:10px;\ncolor:#ffffff;\n}\nbody .av-special-heading.av-lwpbzw9w-0cec2ddb979cdaa5a2231224970d362c .av-special-heading-tag .heading-char{\nfont-size:25px;\n}\n.av-special-heading.av-lwpbzw9w-0cec2ddb979cdaa5a2231224970d362c .special-heading-inner-border{\nborder-color:#ffffff;\n}\n.av-special-heading.av-lwpbzw9w-0cec2ddb979cdaa5a2231224970d362c .av-subheading{\nfont-size:15px;\n}\n<\/style>\n<div  class='av-special-heading av-lwpbzw9w-0cec2ddb979cdaa5a2231224970d362c av-special-heading-h1 custom-color-heading blockquote modern-quote modern-centered  avia-builder-el-3  el_before_av_textblock  avia-builder-el-first'><h1 class='av-special-heading-tag'  itemprop=\"headline\"  >Cybers\u00e9curit\u00e9<\/h1><div class='av_custom_color av-subheading av-subheading_below'><p><a href=\"https:\/\/swissmediadesign.com\/fr\/notre-expertise\/dominent\/solutions-innovantes-de-branding\/\">S\u00e9curit\u00e9<\/a> \/ <a href=\"https:\/\/swissmediadesign.com\/fr\/notre-expertise\/dominent\/solutions-innovantes-de-branding\/strategies-seo-avancees\/\">Cybers\u00e9curit\u00e9<\/a><\/p>\n<\/div><div class=\"special-heading-border\"><div class=\"special-heading-inner-border\"><\/div><\/div><\/div><br \/>\n\n<style type=\"text\/css\" data-created_by=\"avia_inline_auto\" id=\"style-css-av-umyy3-4d33bb532d87a4a16d49710734196f88\">\n#top .av_textblock_section.av-umyy3-4d33bb532d87a4a16d49710734196f88 .avia_textblock{\ncolor:#ffffff;\n}\n<\/style>\n<section  class='av_textblock_section av-umyy3-4d33bb532d87a4a16d49710734196f88'   itemscope=\"itemscope\" itemtype=\"https:\/\/schema.org\/CreativeWork\" ><div class='avia_textblock av_inherit_color'  itemprop=\"text\" ><p style=\"text-align: center;\">Dans un monde interconnect\u00e9, la cybers\u00e9curit\u00e9 est essentielle pour prot\u00e9ger les donn\u00e9es de votre entreprise. Swiss Media Design propose des solutions compl\u00e8tes pour prot\u00e9ger votre entreprise contre les menaces num\u00e9riques. Faites confiance \u00e0 notre expertise pour garantir vos actifs num\u00e9riques et la continuit\u00e9 de votre activit\u00e9.<\/p>\n<\/div><\/section><\/p><\/div><div  class='flex_column av-te8lv-d85ad1bc0bf72db7ac0ed335f954f589 av_one_fifth  avia-builder-el-5  el_after_av_three_fifth  avia-builder-el-last  flex_column_div'     ><\/div><\/div><\/div><\/main><!-- close content main element --><\/div><\/div><\/div><div id='after_section_1'  class='main_color av_default_container_wrap container_wrap fullsize'  ><div class='container av-section-cont-open' ><div class='template-page content  av-content-full alpha units'><div class='post-entry post-entry-type-page post-entry-203'><div class='entry-content-wrapper clearfix'><div  class='flex_column av-kmzub-5456ed7b39cc31143c9a151a8e212c72 av_one_full  avia-builder-el-6  el_after_av_section  avia-builder-el-no-sibling  first flex_column_div'     ><p>\n<style type=\"text\/css\" data-created_by=\"avia_inline_auto\" id=\"style-css-av-d1xlf-cf21adf1d6b8b8bb1980e668d7663b8e\">\n#top .av-special-heading.av-d1xlf-cf21adf1d6b8b8bb1980e668d7663b8e{\npadding-bottom:10px;\n}\nbody .av-special-heading.av-d1xlf-cf21adf1d6b8b8bb1980e668d7663b8e .av-special-heading-tag .heading-char{\nfont-size:25px;\n}\n.av-special-heading.av-d1xlf-cf21adf1d6b8b8bb1980e668d7663b8e .av-subheading{\nfont-size:15px;\n}\n<\/style>\n<div  class='av-special-heading av-d1xlf-cf21adf1d6b8b8bb1980e668d7663b8e av-special-heading-h2 blockquote modern-quote  avia-builder-el-7  el_before_av_textblock  avia-builder-el-first'><h2 class='av-special-heading-tag'  itemprop=\"headline\"  >Des solutions de cybers\u00e9curit\u00e9 avanc\u00e9es pour votre entreprise<\/h2><div class=\"special-heading-border\"><div class=\"special-heading-inner-border\"><\/div><\/div><\/div><br \/>\n<section  class='av_textblock_section av-2wbn-2e0072cc6551f9774c43a15f713bb5b3'   itemscope=\"itemscope\" itemtype=\"https:\/\/schema.org\/CreativeWork\" ><div class='avia_textblock'  itemprop=\"text\" ><p>Dans le monde num\u00e9ris\u00e9 d'aujourd'hui, la cybers\u00e9curit\u00e9 est essentielle pour prot\u00e9ger l'int\u00e9grit\u00e9, la confidentialit\u00e9 et la disponibilit\u00e9 des donn\u00e9es de votre entreprise. Chez Swiss Media Design, nous comprenons que les cyber-attaques sont de plus en plus sophistiqu\u00e9es et fr\u00e9quentes, ce qui n\u00e9cessite une approche proactive et globale de la s\u00e9curit\u00e9. Nos services de cybers\u00e9curit\u00e9 sont con\u00e7us pour prot\u00e9ger votre entreprise contre un large \u00e9ventail de menaces num\u00e9riques et pour garantir que vos activit\u00e9s commerciales se poursuivent sans heurts ni perturbations.<\/p>\n<p>Nos solutions de cybers\u00e9curit\u00e9 commencent par une \u00e9valuation approfondie de votre infrastructure de s\u00e9curit\u00e9 actuelle. Nous identifions les vuln\u00e9rabilit\u00e9s et les risques potentiels dans vos syst\u00e8mes et d\u00e9veloppons des strat\u00e9gies de s\u00e9curit\u00e9 sur mesure, sp\u00e9cialement adapt\u00e9es aux besoins et aux exigences de votre entreprise. Nous travaillons exclusivement avec des outils haut de gamme et renon\u00e7ons aux fournisseurs gratuits afin de garantir les normes de s\u00e9curit\u00e9 les plus \u00e9lev\u00e9es. Nos experts mettent en \u0153uvre des mesures de s\u00e9curit\u00e9 avanc\u00e9es, notamment des pare-feu, des syst\u00e8mes de d\u00e9tection d'intrusion (IDS) et des technologies de cryptage, afin de garantir une protection \u00e0 plusieurs niveaux de vos actifs num\u00e9riques.<\/p>\n<p>Une partie essentielle de nos services de cybers\u00e9curit\u00e9 est la surveillance continue de vos syst\u00e8mes. Gr\u00e2ce \u00e0 l'utilisation d'outils de surveillance de pointe, nous pouvons d\u00e9tecter en temps r\u00e9el les activit\u00e9s inhabituelles et les menaces potentielles et prendre des mesures imm\u00e9diates pour \u00e9viter les dommages. Nos strat\u00e9gies proactives de surveillance et de r\u00e9action garantissent que votre entreprise est toujours prot\u00e9g\u00e9e contre les cybermenaces nouvelles et \u00e9mergentes.<\/p>\n<p>Nous proposons en outre des contr\u00f4les de s\u00e9curit\u00e9 et des tests d'intrusion r\u00e9guliers afin de tester et d'am\u00e9liorer en permanence la r\u00e9sistance de vos syst\u00e8mes aux attaques. Ces tests nous aident \u00e0 identifier les vuln\u00e9rabilit\u00e9s \u00e0 un stade pr\u00e9coce et \u00e0 prendre des mesures cibl\u00e9es pour y rem\u00e9dier. Notre objectif est d'optimiser en permanence votre architecture de s\u00e9curit\u00e9 et de l'adapter \u00e0 l'\u00e9volution du paysage des menaces.<\/p>\n<p>Un autre aspect important de nos services de cybers\u00e9curit\u00e9 est la formation et la sensibilisation de votre personnel. L'erreur humaine est souvent le point le plus faible de la cha\u00eene de s\u00e9curit\u00e9, c'est pourquoi nous proposons des programmes de formation complets afin de sensibiliser votre \u00e9quipe \u00e0 l'importance de la cybers\u00e9curit\u00e9 et d'enseigner les bonnes pratiques de s\u00e9curit\u00e9. Gr\u00e2ce \u00e0 des formations r\u00e9guli\u00e8res et \u00e0 des simulations d'attaques de phishing, nous nous assurons que votre personnel sait comment identifier les menaces potentielles et y r\u00e9pondre.<\/p>\n<p>Notre expertise se situe en particulier dans le domaine de la s\u00e9curit\u00e9 de WordPress. Nous proposons des solutions de s\u00e9curit\u00e9 sp\u00e9cialis\u00e9es pour les sites WordPress afin de garantir que votre pr\u00e9sence en ligne est toujours prot\u00e9g\u00e9e. En outre, nous sommes \u00e9galement en mesure de mettre en \u0153uvre des mesures de s\u00e9curit\u00e9 compl\u00e8tes pour d'autres syst\u00e8mes et plates-formes.<\/p>\n<p>Faites confiance \u00e0 l'expertise de Swiss Media Design pour renforcer votre cybers\u00e9curit\u00e9 et prot\u00e9ger vos actifs num\u00e9riques. Gr\u00e2ce \u00e0 nos solutions de s\u00e9curit\u00e9 sur mesure, nos mesures de surveillance proactives et nos programmes de formation complets, nous sommes votre partenaire de confiance pour prot\u00e9ger les donn\u00e9es de votre entreprise et garantir la continuit\u00e9 de vos activit\u00e9s dans un monde de plus en plus interconnect\u00e9.<\/p>\n<\/div><\/section><\/p><\/div><\/p>","protected":false},"excerpt":{"rendered":"","protected":false},"author":2,"featured_media":0,"parent":199,"menu_order":3332,"comment_status":"closed","ping_status":"closed","template":"","meta":{"footnotes":""},"class_list":["post-203","page","type-page","status-publish","hentry"],"_links":{"self":[{"href":"https:\/\/swissmediadesign.com\/fr\/wp-json\/wp\/v2\/pages\/203","targetHints":{"allow":["GET"]}}],"collection":[{"href":"https:\/\/swissmediadesign.com\/fr\/wp-json\/wp\/v2\/pages"}],"about":[{"href":"https:\/\/swissmediadesign.com\/fr\/wp-json\/wp\/v2\/types\/page"}],"author":[{"embeddable":true,"href":"https:\/\/swissmediadesign.com\/fr\/wp-json\/wp\/v2\/users\/2"}],"replies":[{"embeddable":true,"href":"https:\/\/swissmediadesign.com\/fr\/wp-json\/wp\/v2\/comments?post=203"}],"version-history":[{"count":0,"href":"https:\/\/swissmediadesign.com\/fr\/wp-json\/wp\/v2\/pages\/203\/revisions"}],"up":[{"embeddable":true,"href":"https:\/\/swissmediadesign.com\/fr\/wp-json\/wp\/v2\/pages\/199"}],"wp:attachment":[{"href":"https:\/\/swissmediadesign.com\/fr\/wp-json\/wp\/v2\/media?parent=203"}],"curies":[{"name":"wp","href":"https:\/\/api.w.org\/{rel}","templated":true}]}}