{"id":205,"date":"2024-04-02T21:03:28","date_gmt":"2024-04-02T19:03:28","guid":{"rendered":"https:\/\/swissmediadesign.com\/?page_id=205"},"modified":"2025-04-24T08:46:57","modified_gmt":"2025-04-24T06:46:57","slug":"compliance-und-datenschutz","status":"publish","type":"page","link":"https:\/\/swissmediadesign.com\/fr\/notre-expertise\/dominent\/solutions-innovantes-de-branding\/campagnes-creatives-sur-les-medias-sociaux\/","title":{"rendered":"Conformit\u00e9 et protection des donn\u00e9es"},"content":{"rendered":"<style type=\"text\/css\" data-created_by=\"avia_inline_auto\" id=\"style-css-av-lwpd6zcd-ac1ce81771806b82c3a2404d58b4cc66\">\n.avia-section.av-lwpd6zcd-ac1ce81771806b82c3a2404d58b4cc66{\nbackground-repeat:no-repeat;\nbackground-image:url(https:\/\/swissmediadesign.com\/wp-content\/uploads\/2024\/05\/224386232_m_normal_none-8-1500x1000.jpg);\nbackground-position:50% 50%;\nbackground-attachment:scroll;\n}\n.avia-section.av-lwpd6zcd-ac1ce81771806b82c3a2404d58b4cc66 .av-section-color-overlay{\nopacity:0.5;\nbackground-color:#000000;\n}\n<\/style>\n<div id='av_section_1'  class='avia-section av-lwpd6zcd-ac1ce81771806b82c3a2404d58b4cc66 main_color avia-section-default avia-no-border-styling  avia-builder-el-0  el_before_av_one_full  avia-builder-el-first  avia-full-stretch avia-bg-style-scroll av-section-color-overlay-active container_wrap fullsize'  data-section-bg-repeat='stretch'><div class=\"av-section-color-overlay-wrap\"><div class=\"av-section-color-overlay\"><\/div><div class='container av-section-cont-open' ><main  role=\"main\" itemprop=\"mainContentOfPage\"  class='template-page content  av-content-full alpha units'><div class='post-entry post-entry-type-page post-entry-205'><div class='entry-content-wrapper clearfix'>\n<div  class='flex_column av-14pyul-e27ba220eaab43da5e4be2cb859b6e25 av_one_fifth  avia-builder-el-1  el_before_av_three_fifth  avia-builder-el-first  first flex_column_div'     ><\/div><div  class='flex_column av-395r1-849330c35d115db7bf7af41bfbe94d29 av_three_fifth  avia-builder-el-2  el_after_av_one_fifth  el_before_av_one_fifth  flex_column_div'     ><p>\n<style type=\"text\/css\" data-created_by=\"avia_inline_auto\" id=\"style-css-av-lwpd77jz-d0dcd3206a2bf7d0a587e69aa7a766e3\">\n#top .av-special-heading.av-lwpd77jz-d0dcd3206a2bf7d0a587e69aa7a766e3{\npadding-bottom:10px;\ncolor:#ffffff;\n}\nbody .av-special-heading.av-lwpd77jz-d0dcd3206a2bf7d0a587e69aa7a766e3 .av-special-heading-tag .heading-char{\nfont-size:25px;\n}\n.av-special-heading.av-lwpd77jz-d0dcd3206a2bf7d0a587e69aa7a766e3 .special-heading-inner-border{\nborder-color:#ffffff;\n}\n.av-special-heading.av-lwpd77jz-d0dcd3206a2bf7d0a587e69aa7a766e3 .av-subheading{\nfont-size:15px;\n}\n<\/style>\n<div  class='av-special-heading av-lwpd77jz-d0dcd3206a2bf7d0a587e69aa7a766e3 av-special-heading-h1 custom-color-heading blockquote modern-quote modern-centered  avia-builder-el-3  el_before_av_textblock  avia-builder-el-first'><h1 class='av-special-heading-tag'  itemprop=\"headline\"  >Conformit\u00e9 et protection des donn\u00e9es<\/h1><div class='av_custom_color av-subheading av-subheading_below'><p><a href=\"https:\/\/swissmediadesign.com\/fr\/notre-expertise\/dominent\/solutions-innovantes-de-branding\/\">S\u00e9curit\u00e9<\/a> \/ <a href=\"https:\/\/swissmediadesign.com\/fr\/notre-expertise\/dominent\/solutions-innovantes-de-branding\/campagnes-creatives-sur-les-medias-sociaux\/\">Conformit\u00e9 et protection des donn\u00e9es<\/a><\/p>\n<\/div><div class=\"special-heading-border\"><div class=\"special-heading-inner-border\"><\/div><\/div><\/div><br \/>\n\n<style type=\"text\/css\" data-created_by=\"avia_inline_auto\" id=\"style-css-av-lwpd8ft7-cdb2c0462d026996ac5421343ed02da0\">\n#top .av_textblock_section.av-lwpd8ft7-cdb2c0462d026996ac5421343ed02da0 .avia_textblock{\ncolor:#ffffff;\n}\n<\/style>\n<section  class='av_textblock_section av-lwpd8ft7-cdb2c0462d026996ac5421343ed02da0'   itemscope=\"itemscope\" itemtype=\"https:\/\/schema.org\/CreativeWork\" ><div class='avia_textblock av_inherit_color'  itemprop=\"text\" ><p style=\"text-align: center;\">La conformit\u00e9 et la protection des donn\u00e9es sont essentielles pour r\u00e9pondre aux exigences l\u00e9gales et assurer la confiance des clients. Swiss Media Design propose des solutions compl\u00e8tes, y compris la s\u00e9curit\u00e9 du cloud, pour prot\u00e9ger vos donn\u00e9es et les traiter conform\u00e9ment \u00e0 la loi. Faites confiance \u00e0 notre expertise pour une s\u00e9curit\u00e9 maximale des donn\u00e9es.<\/p>\n<\/div><\/section><\/p><\/div><div  class='flex_column av-pv1wl-3f6e99bd9bfb649dde44c8338c472ae0 av_one_fifth  avia-builder-el-5  el_after_av_three_fifth  avia-builder-el-last  flex_column_div'     ><\/div><\/div><\/div><\/main><!-- close content main element --><\/div><\/div><\/div><div id='after_section_1'  class='main_color av_default_container_wrap container_wrap fullsize'  ><div class='container av-section-cont-open' ><div class='template-page content  av-content-full alpha units'><div class='post-entry post-entry-type-page post-entry-205'><div class='entry-content-wrapper clearfix'><div  class='flex_column av-kj5q5-ca0633f01d01a4826cc7550e40d05c61 av_one_full  avia-builder-el-6  el_after_av_section  avia-builder-el-no-sibling  first flex_column_div'     ><p>\n<style type=\"text\/css\" data-created_by=\"avia_inline_auto\" id=\"style-css-av-dce51-088a48d8612236aebc32f3d5262ae97f\">\n#top .av-special-heading.av-dce51-088a48d8612236aebc32f3d5262ae97f{\npadding-bottom:10px;\n}\nbody .av-special-heading.av-dce51-088a48d8612236aebc32f3d5262ae97f .av-special-heading-tag .heading-char{\nfont-size:25px;\n}\n.av-special-heading.av-dce51-088a48d8612236aebc32f3d5262ae97f .av-subheading{\nfont-size:15px;\n}\n<\/style>\n<div  class='av-special-heading av-dce51-088a48d8612236aebc32f3d5262ae97f av-special-heading-h2 blockquote modern-quote  avia-builder-el-7  el_before_av_textblock  avia-builder-el-first'><h2 class='av-special-heading-tag'  itemprop=\"headline\"  >Des strat\u00e9gies de protection des donn\u00e9es sur mesure pour votre entreprise<\/h2><div class=\"special-heading-border\"><div class=\"special-heading-inner-border\"><\/div><\/div><\/div><br \/>\n<section  class='av_textblock_section av-a7yat-0008e972e6e456e5293164e8303474d4'   itemscope=\"itemscope\" itemtype=\"https:\/\/schema.org\/CreativeWork\" ><div class='avia_textblock'  itemprop=\"text\" ><p>Dans le monde des affaires actuel, la conformit\u00e9 et la protection des donn\u00e9es sont essentielles pour r\u00e9pondre aux exigences l\u00e9gales et assurer la confiance de vos clients. Chez Swiss Media Design, nous comprenons la complexit\u00e9 et la nature critique de ces exigences et proposons des solutions compl\u00e8tes qui garantissent que vos donn\u00e9es sont non seulement prot\u00e9g\u00e9es, mais aussi trait\u00e9es conform\u00e9ment \u00e0 la loi.<\/p>\n<p>Nos services commencent par une analyse approfondie de vos pratiques et politiques actuelles en mati\u00e8re de protection des donn\u00e9es. Nous identifions les points faibles et les domaines \u00e0 am\u00e9liorer afin de garantir la conformit\u00e9 avec toutes les lois pertinentes en mati\u00e8re de protection des donn\u00e9es, telles que le RGPD (R\u00e8glement g\u00e9n\u00e9ral sur la protection des donn\u00e9es). Sur cette base, nous \u00e9laborons des strat\u00e9gies de protection des donn\u00e9es sur mesure, sp\u00e9cialement adapt\u00e9es aux besoins et aux exigences de votre entreprise.<\/p>\n<p>L'int\u00e9gration de mesures de s\u00e9curit\u00e9 dans le nuage est un \u00e9l\u00e9ment essentiel de nos services. \u00c9tant donn\u00e9 que de plus en plus d'entreprises ont recours \u00e0 des solutions en nuage pour stocker et g\u00e9rer leurs donn\u00e9es, il est essentiel que ces donn\u00e9es soient prot\u00e9g\u00e9es contre les acc\u00e8s non autoris\u00e9s, les pertes et autres menaces. Nous mettons en \u0153uvre des solutions de s\u00e9curit\u00e9 cloud avanc\u00e9es qui garantissent que vos donn\u00e9es sont aussi s\u00fbres dans le cloud que dans les syst\u00e8mes locaux. Cela comprend le cryptage, les contr\u00f4les d'acc\u00e8s et les audits de s\u00e9curit\u00e9 r\u00e9guliers.<\/p>\n<p>Nos programmes proactifs de surveillance et de conformit\u00e9 vous aident \u00e0 garder en permanence une vue d'ensemble de vos pratiques en mati\u00e8re de protection des donn\u00e9es et \u00e0 vous assurer qu'elles sont toujours conformes aux exigences l\u00e9gales actuelles. Nous proposons des audits et des \u00e9valuations r\u00e9guliers afin de v\u00e9rifier la conformit\u00e9 aux r\u00e8gles de protection des donn\u00e9es et de proc\u00e9der aux ajustements n\u00e9cessaires. Cette surveillance continue permet de s'assurer que votre entreprise est toujours \u00e0 jour et ne prend aucun risque.<\/p>\n<p>En outre, nous proposons des programmes de formation pour sensibiliser vos collaborateurs \u00e0 l'importance de la conformit\u00e9 et de la protection des donn\u00e9es. Gr\u00e2ce \u00e0 des formations et des ateliers cibl\u00e9s, nous veillons \u00e0 ce que votre \u00e9quipe comprenne et applique les meilleures pratiques en mati\u00e8re de protection des donn\u00e9es. Cela contribue non seulement \u00e0 renforcer la s\u00e9curit\u00e9 de vos donn\u00e9es, mais favorise \u00e9galement une culture d'entreprise qui fait de la protection des donn\u00e9es et de la conformit\u00e9 une priorit\u00e9.<\/p>\n<p>Faites confiance \u00e0 Swiss Media Design pour r\u00e9pondre \u00e0 vos exigences en mati\u00e8re de conformit\u00e9 et de protection des donn\u00e9es. Gr\u00e2ce \u00e0 nos solutions compl\u00e8tes, qui incluent des mesures de s\u00e9curit\u00e9 cloud, et \u00e0 notre expertise, nous garantissons que vos informations sensibles sont prot\u00e9g\u00e9es et trait\u00e9es conform\u00e9ment \u00e0 la loi. Vous pouvez ainsi vous concentrer sur la r\u00e9ussite de votre entreprise, tandis que nous veillons \u00e0 la s\u00e9curit\u00e9 et \u00e0 l'int\u00e9grit\u00e9 de vos donn\u00e9es.<\/p>\n<\/div><\/section><\/p><\/div><\/p>","protected":false},"excerpt":{"rendered":"","protected":false},"author":2,"featured_media":0,"parent":199,"menu_order":3333,"comment_status":"closed","ping_status":"closed","template":"","meta":{"footnotes":""},"class_list":["post-205","page","type-page","status-publish","hentry"],"_links":{"self":[{"href":"https:\/\/swissmediadesign.com\/fr\/wp-json\/wp\/v2\/pages\/205","targetHints":{"allow":["GET"]}}],"collection":[{"href":"https:\/\/swissmediadesign.com\/fr\/wp-json\/wp\/v2\/pages"}],"about":[{"href":"https:\/\/swissmediadesign.com\/fr\/wp-json\/wp\/v2\/types\/page"}],"author":[{"embeddable":true,"href":"https:\/\/swissmediadesign.com\/fr\/wp-json\/wp\/v2\/users\/2"}],"replies":[{"embeddable":true,"href":"https:\/\/swissmediadesign.com\/fr\/wp-json\/wp\/v2\/comments?post=205"}],"version-history":[{"count":0,"href":"https:\/\/swissmediadesign.com\/fr\/wp-json\/wp\/v2\/pages\/205\/revisions"}],"up":[{"embeddable":true,"href":"https:\/\/swissmediadesign.com\/fr\/wp-json\/wp\/v2\/pages\/199"}],"wp:attachment":[{"href":"https:\/\/swissmediadesign.com\/fr\/wp-json\/wp\/v2\/media?parent=205"}],"curies":[{"name":"wp","href":"https:\/\/api.w.org\/{rel}","templated":true}]}}