{"id":250,"date":"2024-04-02T22:17:05","date_gmt":"2024-04-02T20:17:05","guid":{"rendered":"https:\/\/swissmediadesign.com\/?page_id=250"},"modified":"2025-03-25T10:22:47","modified_gmt":"2025-03-25T09:22:47","slug":"unsere-erfolge","status":"publish","type":"page","link":"https:\/\/swissmediadesign.com\/fr\/agence\/nos-succes\/","title":{"rendered":"Nos succ\u00e8s"},"content":{"rendered":"<style type=\"text\/css\" data-created_by=\"avia_inline_auto\" id=\"style-css-av-lujuy3er-d90e8f64be9542698b26b065ab3af3a7\">\n.avia-section.av-lujuy3er-d90e8f64be9542698b26b065ab3af3a7{\nbackground-repeat:no-repeat;\nbackground-image:url(https:\/\/swissmediadesign.com\/wp-content\/uploads\/2024\/04\/79417838_m_normal_none-1500x900.jpg);\nbackground-position:50% 50%;\nbackground-attachment:scroll;\n}\n.avia-section.av-lujuy3er-d90e8f64be9542698b26b065ab3af3a7 .av-section-color-overlay{\nopacity:0.5;\nbackground-color:#000000;\n}\n<\/style>\n<div id='av_section_1'  class='avia-section av-lujuy3er-d90e8f64be9542698b26b065ab3af3a7 main_color avia-section-default avia-no-border-styling  avia-builder-el-0  el_before_av_section  avia-builder-el-first  avia-full-stretch avia-bg-style-scroll av-section-color-overlay-active container_wrap fullsize'  data-section-bg-repeat='stretch'><div class=\"av-section-color-overlay-wrap\"><div class=\"av-section-color-overlay\"><\/div><div class='container av-section-cont-open' ><main  role=\"main\" itemprop=\"mainContentOfPage\"  class='template-page content  av-content-full alpha units'><div class='post-entry post-entry-type-page post-entry-250'><div class='entry-content-wrapper clearfix'>\n<div  class='flex_column av-ptgua-b467165308a03d5e6cd750dbcb4c5dd0 av_one_fifth  avia-builder-el-1  el_before_av_three_fifth  avia-builder-el-first  first flex_column_div'     ><\/div><div  class='flex_column av-kvs8i-6f91942dcbd95dff5beae2f61d8cbaeb av_three_fifth  avia-builder-el-2  el_after_av_one_fifth  el_before_av_one_fifth  flex_column_div'     ><p>\n<style type=\"text\/css\" data-created_by=\"avia_inline_auto\" id=\"style-css-av-lujuxgvo-a81b8411a5ee6a6c158737282797cb4d\">\n#top .av-special-heading.av-lujuxgvo-a81b8411a5ee6a6c158737282797cb4d{\npadding-bottom:10px;\ncolor:#ffffff;\n}\nbody .av-special-heading.av-lujuxgvo-a81b8411a5ee6a6c158737282797cb4d .av-special-heading-tag .heading-char{\nfont-size:25px;\n}\n.av-special-heading.av-lujuxgvo-a81b8411a5ee6a6c158737282797cb4d .special-heading-inner-border{\nborder-color:#ffffff;\n}\n.av-special-heading.av-lujuxgvo-a81b8411a5ee6a6c158737282797cb4d .av-subheading{\nfont-size:15px;\n}\n<\/style>\n<div  class='av-special-heading av-lujuxgvo-a81b8411a5ee6a6c158737282797cb4d av-special-heading-h1 custom-color-heading blockquote modern-quote modern-centered  avia-builder-el-3  el_before_av_textblock  avia-builder-el-first'><h1 class='av-special-heading-tag'  itemprop=\"headline\"  >Nos succ\u00e8s<\/h1><div class=\"special-heading-border\"><div class=\"special-heading-inner-border\"><\/div><\/div><\/div><br \/>\n\n<style type=\"text\/css\" data-created_by=\"avia_inline_auto\" id=\"style-css-av-1m9ey-0673dd23bb440926154a1712b04c0950\">\n#top .av_textblock_section.av-1m9ey-0673dd23bb440926154a1712b04c0950 .avia_textblock{\ncolor:#ffffff;\n}\n<\/style>\n<section  class='av_textblock_section av-1m9ey-0673dd23bb440926154a1712b04c0950'   itemscope=\"itemscope\" itemtype=\"https:\/\/schema.org\/CreativeWork\" ><div class='avia_textblock av_inherit_color'  itemprop=\"text\" ><p style=\"text-align: center;\">Commencez votre voyage avec nous et d\u00e9couvrez des solutions publicitaires impressionnantes qui feront battre votre c\u0153ur plus fort. Avec d\u00e9vouement et cr\u00e9ativit\u00e9, nous fa\u00e7onnons la pr\u00e9sence num\u00e9rique de votre marque et transformons des visions en succ\u00e8s tangibles.<\/p>\n<\/div><\/section><\/p><\/div><div  class='flex_column av-bjzi2-4466685af97bbc9f513e1c99468a5f58 av_one_fifth  avia-builder-el-5  el_after_av_three_fifth  avia-builder-el-last  flex_column_div'     ><\/div>\n\n<\/div><\/div><\/main><!-- close content main element --><\/div><\/div><\/div><div id='av_section_2'  class='avia-section av-fmla2-24a172079fd14f25ef21efc135f96ae1 main_color avia-section-default avia-no-border-styling  avia-builder-el-6  el_after_av_section  avia-builder-el-last  avia-bg-style-scroll container_wrap fullsize'  ><div class='container av-section-cont-open' ><div class='template-page content  av-content-full alpha units'><div class='post-entry post-entry-type-page post-entry-250'><div class='entry-content-wrapper clearfix'>\n<div  class='flex_column av-7a2lu-db191b97291d8c38e2d15d21995df63e av_one_full  avia-builder-el-7  avia-builder-el-no-sibling  first flex_column_div'     ><p>\n<style type=\"text\/css\" data-created_by=\"avia_inline_auto\" id=\"style-css-av-lujv2jzq-234d368ecd2502a0a77a1ca56aada00f\">\n#top .av-special-heading.av-lujv2jzq-234d368ecd2502a0a77a1ca56aada00f{\npadding-bottom:10px;\n}\nbody .av-special-heading.av-lujv2jzq-234d368ecd2502a0a77a1ca56aada00f .av-special-heading-tag .heading-char{\nfont-size:25px;\n}\n.av-special-heading.av-lujv2jzq-234d368ecd2502a0a77a1ca56aada00f .av-subheading{\nfont-size:15px;\n}\n<\/style>\n<div  class='av-special-heading av-lujv2jzq-234d368ecd2502a0a77a1ca56aada00f av-special-heading-h2 blockquote modern-quote  avia-builder-el-8  el_before_av_textblock  avia-builder-el-first'><h2 class='av-special-heading-tag'  itemprop=\"headline\"  >Succ\u00e8s et responsabilit\u00e9 : notre engagement en faveur des normes de qualit\u00e9 suisses<\/h2><div class=\"special-heading-border\"><div class=\"special-heading-inner-border\"><\/div><\/div><\/div><br \/>\n<section  class='av_textblock_section av-lujv1p4e-b8939790c166b2f733b9f69f326d9279'   itemscope=\"itemscope\" itemtype=\"https:\/\/schema.org\/CreativeWork\" ><div class='avia_textblock'  itemprop=\"text\" ><p>Chez Swiss Media Design, les succ\u00e8s sont plus que des chiffres et des statistiques - ils sont le r\u00e9sultat de la passion, de l'innovation et du travail acharn\u00e9. De la cr\u00e9ation de designs prim\u00e9s au d\u00e9veloppement de strat\u00e9gies marketing r\u00e9volutionnaires, nous avons toujours recherch\u00e9 l'excellence. Nos succ\u00e8s se refl\u00e8tent non seulement dans les prix que nous avons re\u00e7us et les \u00e9valuations de nos clients, mais aussi dans les partenariats \u00e0 long terme que nous avons \u00e9tablis et dans les changements positifs que nous apportons dans le monde. Chaque \u00e9tape que nous franchissons nous conforte dans notre qu\u00eate de l'excellence et nous motive \u00e0 continuer de d\u00e9velopper des solutions innovantes qui enthousiasment et impressionnent nos clients. Notre r\u00e9ussite est un encouragement permanent \u00e0 poursuivre notre chemin en tant qu'agence leader en mati\u00e8re de solutions cr\u00e9atives et \u00e0 continuer \u00e0 \u00e9tablir la norme en mati\u00e8re d'excellence.<\/p>\n<p>En tant que membre fier de Swiss Made : pour des produits et des services de qualit\u00e9 suisse, nous nous engageons \u00e0 respecter les plus hauts standards de comp\u00e9tence, de qualit\u00e9 et de tradition. Les valeurs repr\u00e9sent\u00e9es par le Swiss Label sont les m\u00eames que celles que nous vivons et appr\u00e9cions chez Swiss Media Design. Nous offrons aux entreprises la possibilit\u00e9 d'apposer le label convoit\u00e9 de l'arbal\u00e8te sur leurs produits et services et de souligner ainsi de mani\u00e8re sympathique le lien fort qui les unit \u00e0 leur origine suisse.<\/p>\n<p>En tant que membres de Swiss Label, nous produisons un certain pourcentage de nos produits et services exclusivement en Suisse. Ce choix d\u00e9lib\u00e9r\u00e9 garantit que nos produits et services r\u00e9pondent aux normes de qualit\u00e9 suisses \u00e9lev\u00e9es dont nous sommes fiers.<\/p>\n<p>Swiss Label met r\u00e9guli\u00e8rement en place des mesures d'assurance qualit\u00e9 afin de garantir que les produits et services de nos membres r\u00e9pondent aux exigences de qualit\u00e9 les plus \u00e9lev\u00e9es. De plus, nous offrons \u00e0 nos membres, par le biais d'actions de marketing communes et de coop\u00e9rations, une plateforme sur laquelle ils peuvent non seulement pr\u00e9senter leurs produits, mais aussi interagir avec d'autres entreprises.<\/p>\n<p>De plus, nous portons fi\u00e8rement l'insigne Swiss Hosting, ce qui signifie que chez Hostpoint et Webland, tous nos services d'h\u00e9bergement et notre infrastructure web sont exclusivement situ\u00e9s en Suisse. Cette certification souligne notre engagement pour la qualit\u00e9 et la fiabilit\u00e9 suisses dans tous nos domaines d'activit\u00e9.<\/p>\n<\/div><\/section><\/p><\/div>","protected":false},"excerpt":{"rendered":"","protected":false},"author":2,"featured_media":0,"parent":1993,"menu_order":2600,"comment_status":"closed","ping_status":"closed","template":"","meta":{"footnotes":""},"class_list":["post-250","page","type-page","status-publish","hentry"],"_links":{"self":[{"href":"https:\/\/swissmediadesign.com\/fr\/wp-json\/wp\/v2\/pages\/250","targetHints":{"allow":["GET"]}}],"collection":[{"href":"https:\/\/swissmediadesign.com\/fr\/wp-json\/wp\/v2\/pages"}],"about":[{"href":"https:\/\/swissmediadesign.com\/fr\/wp-json\/wp\/v2\/types\/page"}],"author":[{"embeddable":true,"href":"https:\/\/swissmediadesign.com\/fr\/wp-json\/wp\/v2\/users\/2"}],"replies":[{"embeddable":true,"href":"https:\/\/swissmediadesign.com\/fr\/wp-json\/wp\/v2\/comments?post=250"}],"version-history":[{"count":0,"href":"https:\/\/swissmediadesign.com\/fr\/wp-json\/wp\/v2\/pages\/250\/revisions"}],"up":[{"embeddable":true,"href":"https:\/\/swissmediadesign.com\/fr\/wp-json\/wp\/v2\/pages\/1993"}],"wp:attachment":[{"href":"https:\/\/swissmediadesign.com\/fr\/wp-json\/wp\/v2\/media?parent=250"}],"curies":[{"name":"wp","href":"https:\/\/api.w.org\/{rel}","templated":true}]}}