{"id":254,"date":"2024-04-02T22:17:30","date_gmt":"2024-04-02T20:17:30","guid":{"rendered":"https:\/\/swissmediadesign.com\/?page_id=254"},"modified":"2025-03-25T11:34:54","modified_gmt":"2025-03-25T10:34:54","slug":"faq","status":"publish","type":"page","link":"https:\/\/swissmediadesign.com\/fr\/agence\/faq\/","title":{"rendered":"FAQ"},"content":{"rendered":"<style type=\"text\/css\" data-created_by=\"avia_inline_auto\" id=\"style-css-av-2kc9q-33ca60206f9dceab382e9963e591283c\">\n.avia-section.av-2kc9q-33ca60206f9dceab382e9963e591283c{\nbackground-repeat:no-repeat;\nbackground-image:url(https:\/\/swissmediadesign.com\/wp-content\/uploads\/2024\/04\/141387270_m_normal_none-1500x1000.jpg);\nbackground-position:50% 50%;\nbackground-attachment:scroll;\n}\n.avia-section.av-2kc9q-33ca60206f9dceab382e9963e591283c .av-section-color-overlay{\nopacity:0.5;\nbackground-color:#000000;\n}\n<\/style>\n<div id='av_section_1'  class='avia-section av-2kc9q-33ca60206f9dceab382e9963e591283c main_color avia-section-default avia-no-border-styling  avia-builder-el-0  el_before_av_section  avia-builder-el-first  avia-full-stretch avia-bg-style-scroll av-section-color-overlay-active container_wrap fullsize'  data-section-bg-repeat='stretch'><div class=\"av-section-color-overlay-wrap\"><div class=\"av-section-color-overlay\"><\/div><div class='container av-section-cont-open' ><main  role=\"main\" itemprop=\"mainContentOfPage\"  class='template-page content  av-content-full alpha units'><div class='post-entry post-entry-type-page post-entry-254'><div class='entry-content-wrapper clearfix'>\n<div  class='flex_column av-n336e-143b6d43771f6eb883748ae5b4e078a0 av_one_fifth  avia-builder-el-1  el_before_av_three_fifth  avia-builder-el-first  first flex_column_div'     ><\/div><div  class='flex_column av-1ft5y-a320ec2a9990be805c5a19ddc8ee0699 av_three_fifth  avia-builder-el-2  el_after_av_one_fifth  el_before_av_one_fifth  flex_column_div'     ><p>\n<style type=\"text\/css\" data-created_by=\"avia_inline_auto\" id=\"style-css-av-lujzvo69-5ba677d563982cf36505b4f7dc56f4e7\">\n#top .av-special-heading.av-lujzvo69-5ba677d563982cf36505b4f7dc56f4e7{\npadding-bottom:10px;\ncolor:#ffffff;\n}\nbody .av-special-heading.av-lujzvo69-5ba677d563982cf36505b4f7dc56f4e7 .av-special-heading-tag .heading-char{\nfont-size:25px;\n}\n.av-special-heading.av-lujzvo69-5ba677d563982cf36505b4f7dc56f4e7 .special-heading-inner-border{\nborder-color:#ffffff;\n}\n.av-special-heading.av-lujzvo69-5ba677d563982cf36505b4f7dc56f4e7 .av-subheading{\nfont-size:15px;\n}\n<\/style>\n<div  class='av-special-heading av-lujzvo69-5ba677d563982cf36505b4f7dc56f4e7 av-special-heading-h1 custom-color-heading blockquote modern-quote modern-centered  avia-builder-el-3  el_before_av_textblock  avia-builder-el-first'><h1 class='av-special-heading-tag'  itemprop=\"headline\"  >FAQ<\/h1><div class=\"special-heading-border\"><div class=\"special-heading-inner-border\"><\/div><\/div><\/div><br \/>\n\n<style type=\"text\/css\" data-created_by=\"avia_inline_auto\" id=\"style-css-av-lujzwiwn-3a8010795d61ec231638e0e5203de4f2\">\n#top .av_textblock_section.av-lujzwiwn-3a8010795d61ec231638e0e5203de4f2 .avia_textblock{\ncolor:#ffffff;\n}\n<\/style>\n<section  class='av_textblock_section av-lujzwiwn-3a8010795d61ec231638e0e5203de4f2'   itemscope=\"itemscope\" itemtype=\"https:\/\/schema.org\/CreativeWork\" ><div class='avia_textblock av_inherit_color'  itemprop=\"text\" ><p style=\"text-align: center;\">Bienvenue dans notre section FAQ ! Vous trouverez ici les r\u00e9ponses aux questions les plus fr\u00e9quemment pos\u00e9es sur nos produits, nos services et notre entreprise. Nous avons soigneusement rassembl\u00e9 ces questions afin de vous offrir une assistance rapide et compl\u00e8te.<\/p>\n<\/div><\/section><\/p><\/div><div  class='flex_column av-10m3i-76ad44460ffe61a9f021347fc711aebc av_one_fifth  avia-builder-el-5  el_after_av_three_fifth  avia-builder-el-last  flex_column_div'     ><\/div>\n\n<\/div><\/div><\/main><!-- close content main element --><\/div><\/div><\/div><div id='av_section_2'  class='avia-section av-f2912-48f40cd3d8dacb61d8008b0223a5181a main_color avia-section-default avia-no-border-styling  avia-builder-el-6  el_after_av_section  avia-builder-el-last  avia-bg-style-scroll container_wrap fullsize'  ><div class='container av-section-cont-open' ><div class='template-page content  av-content-full alpha units'><div class='post-entry post-entry-type-page post-entry-254'><div class='entry-content-wrapper clearfix'>\n<div  class='flex_column av-72lbi-e61cec9d1f9670038be7734ae2f32066 av_one_full  avia-builder-el-7  avia-builder-el-no-sibling  first flex_column_div'     ><p><section  class='av_textblock_section av-luk03y36-170336e457511d2d605aeda85b7ed3a0'   itemscope=\"itemscope\" itemtype=\"https:\/\/schema.org\/CreativeWork\" ><div class='avia_textblock'  itemprop=\"text\" ><p>Si, apr\u00e8s avoir lu la FAQ, vous avez toujours des questions ouvertes ou si vous avez besoin d'informations suppl\u00e9mentaires, n'h\u00e9sitez pas \u00e0 nous contacter directement. Notre \u00e9quipe se tient \u00e0 votre disposition pour r\u00e9pondre \u00e0 chacune de vos demandes et vous apporter le soutien n\u00e9cessaire. Chez Swiss Media Design, nous tenons \u00e0 ce que vous vous sentiez bien inform\u00e9s et soutenus \u00e0 chaque \u00e9tape de notre collaboration.<\/p>\n<\/div><\/section><br \/>\n\n<style type=\"text\/css\" data-created_by=\"avia_inline_auto\" id=\"style-css-av-luk08azs-1c43d9089449a8063859ca1c3d3672c6\">\n#top .togglecontainer.av-luk08azs-1c43d9089449a8063859ca1c3d3672c6 p.toggler{\ncolor:#555555;\nbackground-color:#f8f8f8;\nborder-color:#e1e1e1;\n}\n#top .togglecontainer.av-luk08azs-1c43d9089449a8063859ca1c3d3672c6 p.toggler .toggle_icon{\ncolor:#ff6600;\nborder-color:#ff6600;\n}\n#top .togglecontainer.av-luk08azs-1c43d9089449a8063859ca1c3d3672c6 p.toggler .toggle_icon > span{\ncolor:#ff6600;\nborder-color:#ff6600;\n}\n#top .togglecontainer.av-luk08azs-1c43d9089449a8063859ca1c3d3672c6 .toggle_wrap .toggle_content{\ncolor:#555555;\nbackground-color:#f8f8f8;\nborder-color:#e1e1e1;\n}\n<\/style>\n<div  class='togglecontainer av-luk08azs-1c43d9089449a8063859ca1c3d3672c6 av-minimal-toggle  avia-builder-el-9  el_after_av_textblock  avia-builder-el-last  toggle_close_all'  itemscope=\"itemscope\" itemtype=\"https:\/\/schema.org\/FAQPage\" >\n<section class='av_toggle_section av-luk05b8a-3-ddbeabf491dcd16fe1232761adaee8e8'  itemscope=\"itemscope\" itemprop=\"mainEntity\" itemtype=\"https:\/\/schema.org\/Question\" ><div role=\"tablist\" class=\"single_toggle\" data-tags=\"{Tout} \"  ><p data-fake-id='#toggle-id-1' class='toggler   av-inherit-border-color'  itemprop=\"name\"  role='tab' tabindex='0' aria-controls='toggle-id-1'>Quelles sont les nouveaut\u00e9s du bot sur ce site ?<span class=\"toggle_icon\"><span class=\"vert_icon\"><\/span><span class=\"hor_icon\"><\/span><\/span><\/p><div id='toggle-id-1' class='toggle_wrap'   itemscope=\"itemscope\" itemprop=\"acceptedAnswer\" itemtype=\"https:\/\/schema.org\/Answer\" ><div class='toggle_content invers-color av-inherit-border-color'  itemprop=\"text\" ><p>Nous avons r\u00e9cemment introduit un nouveau bot con\u00e7u pour offrir \u00e0 nos utilisateurs une interaction et une assistance am\u00e9lior\u00e9es. Ce bot utilise des technologies avanc\u00e9es pour fournir des informations pertinentes plus rapidement et plus pr\u00e9cis\u00e9ment.<\/p>\n<\/div><\/div><\/div><\/section>\n<section class='av_toggle_section av-luk05b8a-3-4d74921e8a899ff38717a5811fb9536e'  itemscope=\"itemscope\" itemprop=\"mainEntity\" itemtype=\"https:\/\/schema.org\/Question\" ><div role=\"tablist\" class=\"single_toggle\" data-tags=\"{Tout} \"  ><p data-fake-id='#toggle-id-2' class='toggler   av-inherit-border-color'  itemprop=\"name\"  role='tab' tabindex='0' aria-controls='toggle-id-2'>Le nouveau bot est-il imm\u00e9diatement pleinement op\u00e9rationnel ?<span class=\"toggle_icon\"><span class=\"vert_icon\"><\/span><span class=\"hor_icon\"><\/span><\/span><\/p><div id='toggle-id-2' class='toggle_wrap'   itemscope=\"itemscope\" itemprop=\"acceptedAnswer\" itemtype=\"https:\/\/schema.org\/Answer\" ><div class='toggle_content invers-color av-inherit-border-color'  itemprop=\"text\" ><p>Notre nouveau bot est actuellement encore en phase d'entra\u00eenement. Pendant cette p\u00e9riode, il acquiert de l'exp\u00e9rience et apprend des interactions afin d'am\u00e9liorer continuellement ses r\u00e9ponses et sa convivialit\u00e9.<\/p>\n<\/div><\/div><\/div><\/section>\n<section class='av_toggle_section av-luk05b8a-3-cab5a3a35aaac393d4cf8b433f3af7d5'  itemscope=\"itemscope\" itemprop=\"mainEntity\" itemtype=\"https:\/\/schema.org\/Question\" ><div role=\"tablist\" class=\"single_toggle\" data-tags=\"{Tout} \"  ><p data-fake-id='#toggle-id-3' class='toggler   av-inherit-border-color'  itemprop=\"name\"  role='tab' tabindex='0' aria-controls='toggle-id-3'>Peut-on rencontrer des probl\u00e8mes lors de l'utilisation du nouveau bot ?<span class=\"toggle_icon\"><span class=\"vert_icon\"><\/span><span class=\"hor_icon\"><\/span><\/span><\/p><div id='toggle-id-3' class='toggle_wrap'   itemscope=\"itemscope\" itemprop=\"acceptedAnswer\" itemtype=\"https:\/\/schema.org\/Answer\" ><div class='toggle_content invers-color av-inherit-border-color'  itemprop=\"text\" ><p>Comme le bot est encore en train d'apprendre, il peut occasionnellement rencontrer des probl\u00e8mes mineurs ou des r\u00e9ponses impr\u00e9cises. Nous travaillons d'arrache-pied pour r\u00e9soudre rapidement ces d\u00e9fis et am\u00e9liorer continuellement les performances du bot.<\/p>\n<\/div><\/div><\/div><\/section>\n<section class='av_toggle_section av-luk05b8a-3-706e132283e89b70e49942866ac2acbe'  itemscope=\"itemscope\" itemprop=\"mainEntity\" itemtype=\"https:\/\/schema.org\/Question\" ><div role=\"tablist\" class=\"single_toggle\" data-tags=\"{Tout} \"  ><p data-fake-id='#toggle-id-4' class='toggler   av-inherit-border-color'  itemprop=\"name\"  role='tab' tabindex='0' aria-controls='toggle-id-4'>Comment puis-je donner mon avis sur le nouveau bot ?<span class=\"toggle_icon\"><span class=\"vert_icon\"><\/span><span class=\"hor_icon\"><\/span><\/span><\/p><div id='toggle-id-4' class='toggle_wrap'   itemscope=\"itemscope\" itemprop=\"acceptedAnswer\" itemtype=\"https:\/\/schema.org\/Answer\" ><div class='toggle_content invers-color av-inherit-border-color'  itemprop=\"text\" ><p>Si vous avez des r\u00e9actions ou des suggestions, il vous suffit d'interagir directement avec le bot sur notre site. Vos interactions nous aident \u00e0 former le bot et \u00e0 affiner ses r\u00e9ponses.<\/p>\n<\/div><\/div><\/div><\/section>\n<section class='av_toggle_section av-luk051nl-2d092a8ad050f06ab7d0fb4d00db5b99'  itemscope=\"itemscope\" itemprop=\"mainEntity\" itemtype=\"https:\/\/schema.org\/Question\" ><div role=\"tablist\" class=\"single_toggle\" data-tags=\"{Tout} \"  ><p data-fake-id='#toggle-id-5' class='toggler   av-inherit-border-color'  itemprop=\"name\"  role='tab' tabindex='0' aria-controls='toggle-id-5'>Qu'est-ce qui distingue Swiss Media Design des autres agences ?<span class=\"toggle_icon\"><span class=\"vert_icon\"><\/span><span class=\"hor_icon\"><\/span><\/span><\/p><div id='toggle-id-5' class='toggle_wrap'   itemscope=\"itemscope\" itemprop=\"acceptedAnswer\" itemtype=\"https:\/\/schema.org\/Answer\" ><div class='toggle_content invers-color av-inherit-border-color'  itemprop=\"text\" ><p>Notre approche individuelle, les technologies les plus r\u00e9centes et notre engagement en faveur d'une qualit\u00e9 maximale et de la satisfaction des clients nous distinguent des autres.<\/p>\n<\/div><\/div><\/div><\/section>\n<section class='av_toggle_section av-luk05b8a-5ed1560266ee37c5c69a04753d8bd522'  itemscope=\"itemscope\" itemprop=\"mainEntity\" itemtype=\"https:\/\/schema.org\/Question\" ><div role=\"tablist\" class=\"single_toggle\" data-tags=\"{Tout} \"  ><p data-fake-id='#toggle-id-6' class='toggler   av-inherit-border-color'  itemprop=\"name\"  role='tab' tabindex='0' aria-controls='toggle-id-6'>Puis-je \u00e9galement obtenir un soutien de Swiss Media Design pour mon design existant ?<span class=\"toggle_icon\"><span class=\"vert_icon\"><\/span><span class=\"hor_icon\"><\/span><\/span><\/p><div id='toggle-id-6' class='toggle_wrap'   itemscope=\"itemscope\" itemprop=\"acceptedAnswer\" itemtype=\"https:\/\/schema.org\/Answer\" ><div class='toggle_content invers-color av-inherit-border-color'  itemprop=\"text\" ><p>Oui, nous proposons aussi bien la cr\u00e9ation de nouveaux designs que l'optimisation ou la r\u00e9vision de designs existants.<\/p>\n<\/div><\/div><\/div><\/section>\n<section class='av_toggle_section av-luk05b8a-10-5163d5536dad2a9e31dcf2ad8d3d5463'  itemscope=\"itemscope\" itemprop=\"mainEntity\" itemtype=\"https:\/\/schema.org\/Question\" ><div role=\"tablist\" class=\"single_toggle\" data-tags=\"{Tout} \"  ><p data-fake-id='#toggle-id-7' class='toggler   av-inherit-border-color'  itemprop=\"name\"  role='tab' tabindex='0' aria-controls='toggle-id-7'> Combien de temps faut-il pour qu'un projet soit termin\u00e9 ?<span class=\"toggle_icon\"><span class=\"vert_icon\"><\/span><span class=\"hor_icon\"><\/span><\/span><\/p><div id='toggle-id-7' class='toggle_wrap'   itemscope=\"itemscope\" itemprop=\"acceptedAnswer\" itemtype=\"https:\/\/schema.org\/Answer\" ><div class='toggle_content invers-color av-inherit-border-color'  itemprop=\"text\" ><p>La dur\u00e9e d'un projet d\u00e9pend de son ampleur et de sa complexit\u00e9. Apr\u00e8s un premier entretien, nous pouvons \u00e9tablir un calendrier r\u00e9aliste.<\/p>\n<\/div><\/div><\/div><\/section>\n<section class='av_toggle_section av-luk05b8a-9-654476836c66afff4680d4df1c58477b'  itemscope=\"itemscope\" itemprop=\"mainEntity\" itemtype=\"https:\/\/schema.org\/Question\" ><div role=\"tablist\" class=\"single_toggle\" data-tags=\"{Tout} \"  ><p data-fake-id='#toggle-id-8' class='toggler   av-inherit-border-color'  itemprop=\"name\"  role='tab' tabindex='0' aria-controls='toggle-id-8'>Est-ce que Swiss Media Design propose \u00e9galement des services de r\u00e9f\u00e9rencement ?<span class=\"toggle_icon\"><span class=\"vert_icon\"><\/span><span class=\"hor_icon\"><\/span><\/span><\/p><div id='toggle-id-8' class='toggle_wrap'   itemscope=\"itemscope\" itemprop=\"acceptedAnswer\" itemtype=\"https:\/\/schema.org\/Answer\" ><div class='toggle_content invers-color av-inherit-border-color'  itemprop=\"text\" ><p>Oui, nous proposons des services complets de r\u00e9f\u00e9rencement pour am\u00e9liorer la visibilit\u00e9 de votre site web dans les moteurs de recherche.<\/p>\n<\/div><\/div><\/div><\/section>\n<section class='av_toggle_section av-luk05b8a-8-1bdc49b59cfed465c1c612b4fe4eeb8d'  itemscope=\"itemscope\" itemprop=\"mainEntity\" itemtype=\"https:\/\/schema.org\/Question\" ><div role=\"tablist\" class=\"single_toggle\" data-tags=\"{Tout} \"  ><p data-fake-id='#toggle-id-9' class='toggler   av-inherit-border-color'  itemprop=\"name\"  role='tab' tabindex='0' aria-controls='toggle-id-9'>Comment le succ\u00e8s de ma campagne de marketing est-il mesur\u00e9 ?<span class=\"toggle_icon\"><span class=\"vert_icon\"><\/span><span class=\"hor_icon\"><\/span><\/span><\/p><div id='toggle-id-9' class='toggle_wrap'   itemscope=\"itemscope\" itemprop=\"acceptedAnswer\" itemtype=\"https:\/\/schema.org\/Answer\" ><div class='toggle_content invers-color av-inherit-border-color'  itemprop=\"text\" ><p>Nous misons sur des KPI clairs et des rapports r\u00e9guliers pour rendre le succ\u00e8s de votre campagne transparent et mesurable.<\/p>\n<\/div><\/div><\/div><\/section>\n<section class='av_toggle_section av-luk05b8a-7-ca8ceec14be4bdc87eca7a41bff4767d'  itemscope=\"itemscope\" itemprop=\"mainEntity\" itemtype=\"https:\/\/schema.org\/Question\" ><div role=\"tablist\" class=\"single_toggle\" data-tags=\"{Tout} \"  ><p data-fake-id='#toggle-id-10' class='toggler   av-inherit-border-color'  itemprop=\"name\"  role='tab' tabindex='0' aria-controls='toggle-id-10'>Pouvez-vous m'aider \u00e0 mieux comprendre mon groupe cible ?<span class=\"toggle_icon\"><span class=\"vert_icon\"><\/span><span class=\"hor_icon\"><\/span><\/span><\/p><div id='toggle-id-10' class='toggle_wrap'   itemscope=\"itemscope\" itemprop=\"acceptedAnswer\" itemtype=\"https:\/\/schema.org\/Answer\" ><div class='toggle_content invers-color av-inherit-border-color'  itemprop=\"text\" ><p>Absolument . Nos services d'analyse de march\u00e9 et d'\u00e9tude de groupe cible sont con\u00e7us pour fournir un aper\u00e7u approfondi de votre groupe cible.<\/p>\n<\/div><\/div><\/div><\/section>\n<section class='av_toggle_section av-luk05b8a-6-bee33d4ad145ae2ecf81e6ef7671007a'  itemscope=\"itemscope\" itemprop=\"mainEntity\" itemtype=\"https:\/\/schema.org\/Question\" ><div role=\"tablist\" class=\"single_toggle\" data-tags=\"{Tout} \"  ><p data-fake-id='#toggle-id-11' class='toggler   av-inherit-border-color'  itemprop=\"name\"  role='tab' tabindex='0' aria-controls='toggle-id-11'>Que se passe-t-il si je ne suis pas satisfait du r\u00e9sultat ?<span class=\"toggle_icon\"><span class=\"vert_icon\"><\/span><span class=\"hor_icon\"><\/span><\/span><\/p><div id='toggle-id-11' class='toggle_wrap'   itemscope=\"itemscope\" itemprop=\"acceptedAnswer\" itemtype=\"https:\/\/schema.org\/Answer\" ><div class='toggle_content invers-color av-inherit-border-color'  itemprop=\"text\" ><p>Nous nous appuyons sur un processus it\u00e9ratif avec des retours r\u00e9guliers pour nous assurer que le produit final r\u00e9pond \u00e0 vos attentes.<\/p>\n<\/div><\/div><\/div><\/section>\n<section class='av_toggle_section av-luk05b8a-5-41054c24980f7db7fa2bc98e434314cc'  itemscope=\"itemscope\" itemprop=\"mainEntity\" itemtype=\"https:\/\/schema.org\/Question\" ><div role=\"tablist\" class=\"single_toggle\" data-tags=\"{Tout} \"  ><p data-fake-id='#toggle-id-12' class='toggler   av-inherit-border-color'  itemprop=\"name\"  role='tab' tabindex='0' aria-controls='toggle-id-12'>Swiss Media Design propose-t-elle des solutions globales ou des services individuels ?<span class=\"toggle_icon\"><span class=\"vert_icon\"><\/span><span class=\"hor_icon\"><\/span><\/span><\/p><div id='toggle-id-12' class='toggle_wrap'   itemscope=\"itemscope\" itemprop=\"acceptedAnswer\" itemtype=\"https:\/\/schema.org\/Answer\" ><div class='toggle_content invers-color av-inherit-border-color'  itemprop=\"text\" ><p>Nous proposons les deux, \u00e0 la fois des solutions packag\u00e9es pour les besoins courants et des services sur mesure pour les exigences sp\u00e9cifiques.<\/p>\n<\/div><\/div><\/div><\/section>\n<section class='av_toggle_section av-luk05b8a-4-1a86dec37e4573a3cf04e30f571ebc31'  itemscope=\"itemscope\" itemprop=\"mainEntity\" itemtype=\"https:\/\/schema.org\/Question\" ><div role=\"tablist\" class=\"single_toggle\" data-tags=\"{Tout} \"  ><p data-fake-id='#toggle-id-13' class='toggler   av-inherit-border-color'  itemprop=\"name\"  role='tab' tabindex='0' aria-controls='toggle-id-13'>Comment les co\u00fbts de mon projet sont-ils d\u00e9termin\u00e9s ?<span class=\"toggle_icon\"><span class=\"vert_icon\"><\/span><span class=\"hor_icon\"><\/span><\/span><\/p><div id='toggle-id-13' class='toggle_wrap'   itemscope=\"itemscope\" itemprop=\"acceptedAnswer\" itemtype=\"https:\/\/schema.org\/Answer\" ><div class='toggle_content invers-color av-inherit-border-color'  itemprop=\"text\" ><p>Les co\u00fbts sont bas\u00e9s sur l'ampleur et la complexit\u00e9 du projet. Nous proposons des devis transparents apr\u00e8s une premi\u00e8re consultation.<\/p>\n<\/div><\/div><\/div><\/section>\n<section class='av_toggle_section av-luk05b8a-3-ce00d594d0e1a43a0bb8872a902d6d19'  itemscope=\"itemscope\" itemprop=\"mainEntity\" itemtype=\"https:\/\/schema.org\/Question\" ><div role=\"tablist\" class=\"single_toggle\" data-tags=\"{Tout} \"  ><p data-fake-id='#toggle-id-14' class='toggler   av-inherit-border-color'  itemprop=\"name\"  role='tab' tabindex='0' aria-controls='toggle-id-14'>Comment d\u00e9marrer mon projet ?<span class=\"toggle_icon\"><span class=\"vert_icon\"><\/span><span class=\"hor_icon\"><\/span><\/span><\/p><div id='toggle-id-14' class='toggle_wrap'   itemscope=\"itemscope\" itemprop=\"acceptedAnswer\" itemtype=\"https:\/\/schema.org\/Answer\" ><div class='toggle_content invers-color av-inherit-border-color'  itemprop=\"text\" ><p>La premi\u00e8re \u00e9tape est un entretien de conseil au cours duquel nous discutons de vos besoins et de vos objectifs. Il vous suffit de nous contacter pour convenir d'un rendez-vous.<\/p>\n<\/div><\/div><\/div><\/section>\n<\/div><\/p><\/div>","protected":false},"excerpt":{"rendered":"","protected":false},"author":2,"featured_media":0,"parent":1993,"menu_order":2800,"comment_status":"closed","ping_status":"closed","template":"","meta":{"footnotes":""},"class_list":["post-254","page","type-page","status-publish","hentry"],"_links":{"self":[{"href":"https:\/\/swissmediadesign.com\/fr\/wp-json\/wp\/v2\/pages\/254","targetHints":{"allow":["GET"]}}],"collection":[{"href":"https:\/\/swissmediadesign.com\/fr\/wp-json\/wp\/v2\/pages"}],"about":[{"href":"https:\/\/swissmediadesign.com\/fr\/wp-json\/wp\/v2\/types\/page"}],"author":[{"embeddable":true,"href":"https:\/\/swissmediadesign.com\/fr\/wp-json\/wp\/v2\/users\/2"}],"replies":[{"embeddable":true,"href":"https:\/\/swissmediadesign.com\/fr\/wp-json\/wp\/v2\/comments?post=254"}],"version-history":[{"count":0,"href":"https:\/\/swissmediadesign.com\/fr\/wp-json\/wp\/v2\/pages\/254\/revisions"}],"up":[{"embeddable":true,"href":"https:\/\/swissmediadesign.com\/fr\/wp-json\/wp\/v2\/pages\/1993"}],"wp:attachment":[{"href":"https:\/\/swissmediadesign.com\/fr\/wp-json\/wp\/v2\/media?parent=254"}],"curies":[{"name":"wp","href":"https:\/\/api.w.org\/{rel}","templated":true}]}}