{"id":27,"date":"2024-04-02T15:56:25","date_gmt":"2024-04-02T13:56:25","guid":{"rendered":"https:\/\/swissmediadesign.com\/?page_id=27"},"modified":"2025-03-25T10:15:24","modified_gmt":"2025-03-25T09:15:24","slug":"unser-team","status":"publish","type":"page","link":"https:\/\/swissmediadesign.com\/fr\/agence\/notre-equipe\/","title":{"rendered":"Notre \u00e9quipe"},"content":{"rendered":"<style type=\"text\/css\" data-created_by=\"avia_inline_auto\" id=\"style-css-av-luja62gx-43610463e77796d36a76ea380e89fd0c\">\n.avia-section.av-luja62gx-43610463e77796d36a76ea380e89fd0c{\nbackground-repeat:no-repeat;\nbackground-image:url(https:\/\/swissmediadesign.com\/wp-content\/uploads\/2024\/04\/140532506_m_normal_none-1500x1000.jpg);\nbackground-position:50% 50%;\nbackground-attachment:scroll;\n}\n.avia-section.av-luja62gx-43610463e77796d36a76ea380e89fd0c .av-section-color-overlay{\nopacity:0.5;\nbackground-color:#000000;\n}\n<\/style>\n<div id='av_section_1'  class='avia-section av-luja62gx-43610463e77796d36a76ea380e89fd0c main_color avia-section-default avia-no-border-styling  avia-builder-el-0  el_before_av_section  avia-builder-el-first  avia-full-stretch avia-bg-style-scroll av-section-color-overlay-active container_wrap fullsize'  data-section-bg-repeat='stretch'><div class=\"av-section-color-overlay-wrap\"><div class=\"av-section-color-overlay\"><\/div><div class='container av-section-cont-open' ><main  role=\"main\" itemprop=\"mainContentOfPage\"  class='template-page content  av-content-full alpha units'><div class='post-entry post-entry-type-page post-entry-27'><div class='entry-content-wrapper clearfix'>\n<div  class='flex_column av-1ur3v-bcedb82a549dadfc8299ef8af1d61db6 av_one_fifth  avia-builder-el-1  el_before_av_three_fifth  avia-builder-el-first  first flex_column_div'     ><\/div><div  class='flex_column av-1r25r-cffe5dee7a6742e7728107ccbbb8da30 av_three_fifth  avia-builder-el-2  el_after_av_one_fifth  el_before_av_one_fifth  flex_column_div'     ><p>\n<style type=\"text\/css\" data-created_by=\"avia_inline_auto\" id=\"style-css-av-luja5fs1-79cdd936c1cf8a7cd0e53dbb632bd13d\">\n#top .av-special-heading.av-luja5fs1-79cdd936c1cf8a7cd0e53dbb632bd13d{\npadding-bottom:10px;\ncolor:#ffffff;\n}\nbody .av-special-heading.av-luja5fs1-79cdd936c1cf8a7cd0e53dbb632bd13d .av-special-heading-tag .heading-char{\nfont-size:25px;\n}\n.av-special-heading.av-luja5fs1-79cdd936c1cf8a7cd0e53dbb632bd13d .special-heading-inner-border{\nborder-color:#ffffff;\n}\n.av-special-heading.av-luja5fs1-79cdd936c1cf8a7cd0e53dbb632bd13d .av-subheading{\nfont-size:15px;\n}\n<\/style>\n<div  class='av-special-heading av-luja5fs1-79cdd936c1cf8a7cd0e53dbb632bd13d av-special-heading-h1 custom-color-heading blockquote modern-quote modern-centered  avia-builder-el-3  el_before_av_textblock  avia-builder-el-first'><h1 class='av-special-heading-tag'  itemprop=\"headline\"  >Notre \u00e9quipe<\/h1><div class=\"special-heading-border\"><div class=\"special-heading-inner-border\"><\/div><\/div><\/div><br \/>\n\n<style type=\"text\/css\" data-created_by=\"avia_inline_auto\" id=\"style-css-av-luja7piv-ce4a81c99a803e8e3b5e5244a39894c4\">\n#top .av_textblock_section.av-luja7piv-ce4a81c99a803e8e3b5e5244a39894c4 .avia_textblock{\ncolor:#ffffff;\n}\n<\/style>\n<section  class='av_textblock_section av-luja7piv-ce4a81c99a803e8e3b5e5244a39894c4'   itemscope=\"itemscope\" itemtype=\"https:\/\/schema.org\/CreativeWork\" ><div class='avia_textblock av_inherit_color'  itemprop=\"text\" ><p style=\"text-align: center;\">Rencontrez l'\u00e9quipe talentueuse qui se cache derri\u00e8re Swiss Media Design : un groupe de professionnels passionn\u00e9s qui repoussent les limites de la cr\u00e9ativit\u00e9 et fournissent des r\u00e9sultats exceptionnels. Nous vous pr\u00e9sentons ici les personnes qui concr\u00e9tisent vos id\u00e9es avec engagement et expertise.<\/p>\n<\/div><\/section><\/p><\/div><div  class='flex_column av-yfrb-2b3ef945904639a1bc8de4cccd4eb420 av_one_fifth  avia-builder-el-5  el_after_av_three_fifth  avia-builder-el-last  flex_column_div'     ><\/div>\n\n<\/div><\/div><\/main><!-- close content main element --><\/div><\/div><\/div><div id='av_section_2'  class='avia-section av-2maxf-a8caf8a13b3298269ca0e03183e8a94e main_color avia-section-default avia-no-border-styling  avia-builder-el-6  el_after_av_section  avia-builder-el-last  avia-bg-style-scroll container_wrap fullsize'  ><div class='container av-section-cont-open' ><div class='template-page content  av-content-full alpha units'><div class='post-entry post-entry-type-page post-entry-27'><div class='entry-content-wrapper clearfix'>\n<div  class='flex_column av-11a87-510b2dcb5913eb742cd4aa06ea45a831 av_one_full  avia-builder-el-7  el_before_av_one_third  avia-builder-el-first  first flex_column_div'     ><p>\n<style type=\"text\/css\" data-created_by=\"avia_inline_auto\" id=\"style-css-av-lujafqgf-7f6770658d8e027c623078a3df2ca185\">\n#top .av-special-heading.av-lujafqgf-7f6770658d8e027c623078a3df2ca185{\npadding-bottom:10px;\n}\nbody .av-special-heading.av-lujafqgf-7f6770658d8e027c623078a3df2ca185 .av-special-heading-tag .heading-char{\nfont-size:25px;\n}\n.av-special-heading.av-lujafqgf-7f6770658d8e027c623078a3df2ca185 .av-subheading{\nfont-size:15px;\n}\n<\/style>\n<div  class='av-special-heading av-lujafqgf-7f6770658d8e027c623078a3df2ca185 av-special-heading-h2 blockquote modern-quote  avia-builder-el-8  el_before_av_textblock  avia-builder-el-first'><h2 class='av-special-heading-tag'  itemprop=\"headline\"  >Nos cr\u00e9ateurs : l'\u00e9quipe en coulisses<\/h2><div class=\"special-heading-border\"><div class=\"special-heading-inner-border\"><\/div><\/div><\/div><br \/>\n<section  class='av_textblock_section av-lujafaas-8eef47b19fd41ac2f51836a45e6288a2'   itemscope=\"itemscope\" itemtype=\"https:\/\/schema.org\/CreativeWork\" ><div class='avia_textblock'  itemprop=\"text\" ><p>Chez Swiss Media Design, les visions prennent vie gr\u00e2ce aux mains et au c\u0153ur de nos esprits cr\u00e9atifs. Derri\u00e8re chaque projet r\u00e9ussi se trouve une \u00e9quipe d'innovateurs dont les comp\u00e9tences uniques et la passion incomparable font de Swiss Media Design plus qu'une simple agence - un creuset o\u00f9 les r\u00eaves cr\u00e9atifs deviennent r\u00e9alit\u00e9. De plus, nous travaillons avec divers freelances si n\u00e9cessaire, afin de nous assurer que nous disposons de la meilleure expertise pour chaque projet. Plongez dans un monde o\u00f9 chaque membre de l'\u00e9quipe et nos freelances exp\u00e9riment\u00e9s contribuent \u00e0 \u00e9largir l'horizon des possibles gr\u00e2ce \u00e0 leur expertise individuelle et \u00e0 leur engagement envers l'excellence.<\/p>\n<p>Nous appr\u00e9cions les contacts par formulaire de contact, par e-mail ou par t\u00e9l\u00e9phone, afin de favoriser les \u00e9changes personnels et professionnels. Veuillez noter que chez nous, la communication WhatsApp est un privil\u00e8ge r\u00e9serv\u00e9 aux projets existants et aux partenaires commerciaux directs.<\/p>\n<\/div><\/section><\/p><\/div><div  class='flex_column av-20jwj-eb4f5757e7de4eb112eb8b3e345d4442 av_one_third  avia-builder-el-10  el_after_av_one_full  el_before_av_one_third  first flex_column_div  column-top-margin'     ><p><section  class='avia-team-member av-lujaa98x-0f80ff24dd9b90a6e5b5ff744b60a8fd  avia-builder-el-11  el_before_av_textblock  avia-builder-el-first'  itemscope=\"itemscope\" itemtype=\"https:\/\/schema.org\/Person\" ><div class=\"team-img-container\"><img class='avia_image avia_image_team' src='https:\/\/swissmediadesign.com\/wp-content\/uploads\/2024\/04\/Shane-Buhcs-Swiss-Media-Design.jpg' alt='Shane Buchs'  itemprop=\"image\"   height=\"1030\" width=\"1030\" \/><div class=\"team-social\"><div class=\"team-social-inner\"><span class='hidden av_member_url_markup twitter'  itemprop=\"url\" >https:\/\/twitter.com\/Shaneebtc<\/span><a href=\"https:\/\/twitter.com\/Shaneebtc\" class=\"avia-team-icon av-lujasm94-150fe450b9ee7eb30f63aadd884efa98 twitter\" rel=\"v:url noopener\" data-avia-tooltip=\"X\" target=\"_blank\" aria-hidden=\"true\" data-av_icon=\"\ue932\" data-av_iconfont=\"entypo-fontello\"><\/a><span class='hidden av_member_url_markup'  itemprop=\"url\" >https:\/\/www.instagram.com\/shanebuchs\/<\/span><a href=\"https:\/\/www.instagram.com\/shanebuchs\/\" class=\"avia-team-icon av-lujasm94-1-ff45146e9d0633c985e68b21ec638122\" rel=\"v:url noopener\" data-avia-tooltip=\"Instagram\" target=\"_blank\" aria-hidden=\"true\" data-av_icon=\"\ue909\" data-av_iconfont=\"entypo-fontello\"><\/a><\/div><\/div><\/div><h3 class='team-member-name'  itemprop=\"name\" >Shane Buchs<\/h3><div class='team-member-job-title'  itemprop=\"jobTitle\" >Directeur g\u00e9n\u00e9ral &amp; propri\u00e9taire<\/div><div class='team-member-description'  itemprop=\"description\" ><p>Je suis Shane Buchs, propri\u00e9taire et directeur de Swiss Media Design GmbH. Cela fait plus de 10 ans que je travaille \u00e0 mon compte dans ce secteur. J'ai acquis mes connaissances professionnelles en Angleterre lors de mes \u00e9tudes dans le domaine du Digital Media Design. J'admire le pouvoir de transformation d'Internet et la mani\u00e8re dont il permet aux entreprises de s'\u00e9tablir avec succ\u00e8s \u00e0 l'\u00e8re num\u00e9rique. J'aime aider les gens \u00e0 accomplir cette t\u00e2che importante et \u00e0 visualiser leurs visions avec succ\u00e8s.<\/p>\n<\/div><span class='hidden team-member-affiliation'  itemprop=\"affiliation\" >Swiss Media Design<\/span><\/section><br \/>\n<section  class='av_textblock_section av-luo366tw-43b6648a57f2c9207a972ddc503ba00f'   itemscope=\"itemscope\" itemtype=\"https:\/\/schema.org\/CreativeWork\" ><div class='avia_textblock'  itemprop=\"text\" ><p>T : <a href=\"tel:0041817560030\">+41 81 756 00 30<\/a><br \/>\nE : <a href=\"mailto:shane.buchs@swissmediadesign.com\">shane.buchs@swissmediadesign.com<\/a><\/p>\n<\/div><\/section><\/p><\/div><div  class='flex_column av-19mgj-d614b070e0be88d07844d81dab77a3c3 av_one_third  avia-builder-el-13  el_after_av_one_third  el_before_av_one_third  flex_column_div  column-top-margin'     ><p><section  class='avia-team-member av-lujaah0m-2d1a506cbe45fe01a10749f925e9f598  avia-builder-el-14  el_before_av_textblock  avia-builder-el-first'  itemscope=\"itemscope\" itemtype=\"https:\/\/schema.org\/Person\" ><div class=\"team-img-container\"><img class='avia_image avia_image_team' src='https:\/\/swissmediadesign.com\/wp-content\/uploads\/2024\/04\/swiss-media-design-beatrice-buchs.jpeg' alt='Beatrice Buchs'  itemprop=\"image\"   height=\"1030\" width=\"1030\" \/><\/div><h3 class='team-member-name'  itemprop=\"name\" >Beatrice Buchs<\/h3><div class='team-member-job-title'  itemprop=\"jobTitle\" >Finances<\/div><div class='team-member-description'  itemprop=\"description\" ><p>Je m'appelle Beatrice Buchs, j'ai dirig\u00e9 avec succ\u00e8s une soci\u00e9t\u00e9 de production renomm\u00e9e en Angleterre et j'ai travaill\u00e9 pendant des ann\u00e9es comme ma\u00eetre-nageur et entra\u00eeneur d\u00e9vou\u00e9. Actuellement, j'enseigne dans plusieurs \u00e9coles publiques. Le design est ma passion profonde et in\u00e9branlable ; dans mon pr\u00e9c\u00e9dent poste de directrice, je me suis beaucoup investie dans les nouveaux m\u00e9dias, j'ai continuellement d\u00e9velopp\u00e9 mes comp\u00e9tences cr\u00e9atives et int\u00e9gr\u00e9 des approches innovantes et r\u00e9fl\u00e9chies dans mes divers projets, ce qui me conf\u00e8re une perspective unique et pr\u00e9cieuse.<\/p>\n<\/div><span class='hidden team-member-affiliation'  itemprop=\"affiliation\" >Swiss Media Design<\/span><\/section><br \/>\n<section  class='av_textblock_section av-lvap4zvl-e1f6063d5f3b2b44475c8088315e4bbe'   itemscope=\"itemscope\" itemtype=\"https:\/\/schema.org\/CreativeWork\" ><div class='avia_textblock'  itemprop=\"text\" ><p>T : <a href=\"tel:0041817560030\">+41 81 756 00 30<\/a><br \/>\nE : <a href=\"mailto:beatrix.buchs@swissmediadesign.com\">beatrix.buchs@swissmediadesign.com<\/a><\/p>\n<\/div><\/section><\/p><\/div><div  class='flex_column av-10hzj-01c5efb25e901daec688a92252db58f6 av_one_third  avia-builder-el-16  el_after_av_one_third  avia-builder-el-last  flex_column_div  column-top-margin'     ><section  class='avia-team-member av-lujaamtg-84cfb3a3c535217c49042f78272b695e  avia-builder-el-17  avia-builder-el-no-sibling'  itemscope=\"itemscope\" itemtype=\"https:\/\/schema.org\/Person\" ><div class=\"team-img-container\"><img class='avia_image avia_image_team' src='https:\/\/swissmediadesign.com\/wp-content\/uploads\/2024\/04\/Naila-Swiss-Media-Design-1030x1030.jpg' alt='Naila'  itemprop=\"image\"   height=\"1030\" width=\"1030\" \/><\/div><h3 class='team-member-name'  itemprop=\"name\" >Naila<\/h3><div class='team-member-job-title'  itemprop=\"jobTitle\" >Feelgoodmanager<\/div><div class='team-member-description'  itemprop=\"description\" ><p>Je m'appelle Naila, Feelgood Manager chez Swiss Media Design GmbH, un Shiba Inu avec des mani\u00e8res de premier ordre et un talent pour cr\u00e9er des moments de gaiet\u00e9. \u00c0 l'\u00e8re du travail \u00e0 domicile, j'ai adapt\u00e9 mes comp\u00e9tences : Maintenant, je fais rire avec des apparitions amusantes en arri\u00e8re-plan des vid\u00e9oconf\u00e9rences. Que je me roule dans un coin ensoleill\u00e9 pour faire une sieste ou que je me glisse discr\u00e8tement dans le champ pendant que l'\u00e9quipe discute, je suis toujours pr\u00eate \u00e0 faire sourire. J'ai h\u00e2te de te faire sourire, toi aussi !<\/p>\n<\/div><span class='hidden team-member-affiliation'  itemprop=\"affiliation\" >Swiss Media Design<\/span><\/section><\/div>","protected":false},"excerpt":{"rendered":"","protected":false},"author":2,"featured_media":0,"parent":1993,"menu_order":2200,"comment_status":"closed","ping_status":"closed","template":"","meta":{"footnotes":""},"class_list":["post-27","page","type-page","status-publish","hentry"],"_links":{"self":[{"href":"https:\/\/swissmediadesign.com\/fr\/wp-json\/wp\/v2\/pages\/27","targetHints":{"allow":["GET"]}}],"collection":[{"href":"https:\/\/swissmediadesign.com\/fr\/wp-json\/wp\/v2\/pages"}],"about":[{"href":"https:\/\/swissmediadesign.com\/fr\/wp-json\/wp\/v2\/types\/page"}],"author":[{"embeddable":true,"href":"https:\/\/swissmediadesign.com\/fr\/wp-json\/wp\/v2\/users\/2"}],"replies":[{"embeddable":true,"href":"https:\/\/swissmediadesign.com\/fr\/wp-json\/wp\/v2\/comments?post=27"}],"version-history":[{"count":0,"href":"https:\/\/swissmediadesign.com\/fr\/wp-json\/wp\/v2\/pages\/27\/revisions"}],"up":[{"embeddable":true,"href":"https:\/\/swissmediadesign.com\/fr\/wp-json\/wp\/v2\/pages\/1993"}],"wp:attachment":[{"href":"https:\/\/swissmediadesign.com\/fr\/wp-json\/wp\/v2\/media?parent=27"}],"curies":[{"name":"wp","href":"https:\/\/api.w.org\/{rel}","templated":true}]}}