{"id":37,"date":"2024-04-02T15:58:15","date_gmt":"2024-04-02T13:58:15","guid":{"rendered":"https:\/\/swissmediadesign.com\/?page_id=37"},"modified":"2026-01-23T15:40:53","modified_gmt":"2026-01-23T14:40:53","slug":"kontakt","status":"publish","type":"page","link":"https:\/\/swissmediadesign.com\/fr\/contact\/","title":{"rendered":"Contact"},"content":{"rendered":"<style type=\"text\/css\" data-created_by=\"avia_inline_auto\" id=\"style-css-av-2hyrh-6c324e05fbc216eee8a6cfb732a533c0\">\n.avia-section.av-2hyrh-6c324e05fbc216eee8a6cfb732a533c0{\nbackground-repeat:no-repeat;\nbackground-image:url(https:\/\/swissmediadesign.com\/wp-content\/uploads\/2024\/04\/164820762_m_normal_none-1500x1000.jpg);\nbackground-position:50% 50%;\nbackground-attachment:scroll;\n}\n.avia-section.av-2hyrh-6c324e05fbc216eee8a6cfb732a533c0 .av-section-color-overlay{\nopacity:0.5;\nbackground-color:#000000;\n}\n<\/style>\n<div id='av_section_1'  class='avia-section av-2hyrh-6c324e05fbc216eee8a6cfb732a533c0 main_color avia-section-default avia-no-border-styling  avia-builder-el-0  el_before_av_section  avia-builder-el-first  avia-full-stretch avia-bg-style-scroll av-section-color-overlay-active container_wrap fullsize'  data-section-bg-repeat='stretch'><div class=\"av-section-color-overlay-wrap\"><div class=\"av-section-color-overlay\"><\/div><div class='container av-section-cont-open' ><main  role=\"main\" itemprop=\"mainContentOfPage\"  class='template-page content  av-content-full alpha units'><div class='post-entry post-entry-type-page post-entry-37'><div class='entry-content-wrapper clearfix'>\n<div  class='flex_column av-24e3t-667e4a44e89809ac1adde5acf3534830 av_one_fifth  avia-builder-el-1  el_before_av_three_fifth  avia-builder-el-first  first flex_column_div'     ><\/div><div  class='flex_column av-1jkyd-687b3000f94b0e9a1add0c049cc3f56b av_three_fifth  avia-builder-el-2  el_after_av_one_fifth  el_before_av_one_fifth  flex_column_div'     ><p>\n<style type=\"text\/css\" data-created_by=\"avia_inline_auto\" id=\"style-css-av-luigp03y-7ae0d71870e06d874d2ff60f2ded617e\">\n#top .av-special-heading.av-luigp03y-7ae0d71870e06d874d2ff60f2ded617e{\npadding-bottom:10px;\ncolor:#ffffff;\n}\nbody .av-special-heading.av-luigp03y-7ae0d71870e06d874d2ff60f2ded617e .av-special-heading-tag .heading-char{\nfont-size:25px;\n}\n.av-special-heading.av-luigp03y-7ae0d71870e06d874d2ff60f2ded617e .special-heading-inner-border{\nborder-color:#ffffff;\n}\n.av-special-heading.av-luigp03y-7ae0d71870e06d874d2ff60f2ded617e .av-subheading{\nfont-size:15px;\n}\n<\/style>\n<div  class='av-special-heading av-luigp03y-7ae0d71870e06d874d2ff60f2ded617e av-special-heading-h1 custom-color-heading blockquote modern-quote modern-centered  avia-builder-el-3  el_before_av_textblock  avia-builder-el-first'><h1 class='av-special-heading-tag'  itemprop=\"headline\"  >Contact<\/h1><div class=\"special-heading-border\"><div class=\"special-heading-inner-border\"><\/div><\/div><\/div><br \/>\n\n<style type=\"text\/css\" data-created_by=\"avia_inline_auto\" id=\"style-css-av-luigpbvg-717b87d5b0fe807b6486172f21abd7b0\">\n#top .av_textblock_section.av-luigpbvg-717b87d5b0fe807b6486172f21abd7b0 .avia_textblock{\ncolor:#ffffff;\n}\n<\/style>\n<section  class='av_textblock_section av-luigpbvg-717b87d5b0fe807b6486172f21abd7b0'   itemscope=\"itemscope\" itemtype=\"https:\/\/schema.org\/CreativeWork\" ><div class='avia_textblock av_inherit_color'  itemprop=\"text\" ><p style=\"text-align: center;\">Commencez votre voyage avec nous et d\u00e9couvrez des solutions publicitaires impressionnantes qui feront battre votre c\u0153ur plus fort. Avec d\u00e9vouement et cr\u00e9ativit\u00e9, nous fa\u00e7onnons la pr\u00e9sence num\u00e9rique de votre marque et transformons des visions en succ\u00e8s tangibles.<\/p>\n<\/div><\/section><\/p><\/div><div  class='flex_column av-tf7l-b8975181f212f3ff2b4c4430ba4f1966 av_one_fifth  avia-builder-el-5  el_after_av_three_fifth  avia-builder-el-last  flex_column_div'     ><\/div>\n\n<\/div><\/div><\/main><!-- close content main element --><\/div><\/div><\/div><div id='av_section_2'  class='avia-section av-2t385-5ca12c43b194b0c0833640f4cf85d531 main_color avia-section-default avia-no-border-styling  avia-builder-el-6  el_after_av_section  el_before_av_google_map  avia-bg-style-scroll container_wrap fullsize'  ><div class='container av-section-cont-open' ><div class='template-page content  av-content-full alpha units'><div class='post-entry post-entry-type-page post-entry-37'><div class='entry-content-wrapper clearfix'>\n<div  class='flex_column av-266dp-c4d970271d0b51d5af6de7e7fc8c4211 av_one_half  avia-builder-el-7  el_before_av_one_half  avia-builder-el-first  first flex_column_div'     ><p>\n<style type=\"text\/css\" data-created_by=\"avia_inline_auto\" id=\"style-css-av-luiooni9-d17ceecfbd89c9c3202f025c1ef54e03\">\n#top .av-special-heading.av-luiooni9-d17ceecfbd89c9c3202f025c1ef54e03{\npadding-bottom:10px;\n}\nbody .av-special-heading.av-luiooni9-d17ceecfbd89c9c3202f025c1ef54e03 .av-special-heading-tag .heading-char{\nfont-size:25px;\n}\n.av-special-heading.av-luiooni9-d17ceecfbd89c9c3202f025c1ef54e03 .av-subheading{\nfont-size:15px;\n}\n<\/style>\n<div  class='av-special-heading av-luiooni9-d17ceecfbd89c9c3202f025c1ef54e03 av-special-heading-h2 blockquote modern-quote  avia-builder-el-8  el_before_av_textblock  avia-builder-el-first'><h2 class='av-special-heading-tag'  itemprop=\"headline\"  >Partagez votre vision avec nous<\/h2><div class=\"special-heading-border\"><div class=\"special-heading-inner-border\"><\/div><\/div><\/div><br \/>\n<section  class='av_textblock_section av-luiopbhg-cc7c1497671788b7f44f3a9f1645131d'   itemscope=\"itemscope\" itemtype=\"https:\/\/schema.org\/CreativeWork\" ><div class='avia_textblock'  itemprop=\"text\" ><p>Faites-nous savoir ce que nous pouvons faire pour vous. Veuillez remplir soigneusement les champs ci-dessous afin que nous puissions traiter votre demande avec toute l'attention qu'elle m\u00e9rite :<\/p>\n<\/div><\/section><br \/>\n<form action=\"https:\/\/swissmediadesign.com\/fr\/contact\/\" method=\"post\" data-fields-with-error=\"Erreurs trouv\u00e9es dans les champs suivants :\" class=\"avia_ajax_form av-form-labels-visible   avia-builder-el-10  el_after_av_textblock  avia-builder-el-last\" data-avia-form-id=\"1\" data-avia-redirect='' data-trp-original-action=\"https:\/\/swissmediadesign.com\/fr\/contact\/\" ><fieldset><p class='first_form  form_element form_element_half' id='element_avia_1_1'><label for=\"avia_1_1\">Votre pr\u00e9nom <abbr class=\"required\" title=\"requis(e)\">*<\/abbr><\/label> <input name=\"avia_1_1\" class=\"text_input is_empty\" type=\"text\" id=\"avia_1_1\" value=\"\" \/><\/p><p class='form_element form_element_half' id='element_avia_2_1'><label for=\"avia_2_1\">Votre nom de famille <abbr class=\"required\" title=\"requis(e)\">*<\/abbr><\/label> <input name=\"avia_2_1\" class=\"text_input is_empty\" type=\"text\" id=\"avia_2_1\" value=\"\" \/><\/p><p class='first_form  form_element form_element_half' id='element_avia_3_1'><label for=\"avia_3_1\">Nom de l'entreprise<\/label> <input name=\"avia_3_1\" class=\"text_input\" type=\"text\" id=\"avia_3_1\" value=\"\" \/><\/p><p class='form_element form_element_half' id='element_avia_4_1'><label for=\"avia_4_1\">Votre e-mail <abbr class=\"required\" title=\"requis(e)\">*<\/abbr><\/label> <input name=\"avia_4_1\" class=\"text_input is_email\" type=\"text\" id=\"avia_4_1\" value=\"\" \/><\/p><p class='first_form  form_element form_element_half' id='element_avia_5_1'><label for=\"avia_5_1\">Votre t\u00e9l\u00e9phone <abbr class=\"required\" title=\"requis(e)\">*<\/abbr><\/label> <input name=\"avia_5_1\" class=\"text_input is_phone\" type=\"text\" id=\"avia_5_1\" value=\"\" \/><\/p><p class='form_element form_element_half' id='element_avia_6_1'><label for=\"avia_6_1\">Sujet <abbr class=\"required\" title=\"requis(e)\">*<\/abbr><\/label><select  name=\"avia_6_1\" class=\"select is_empty\" id=\"avia_6_1\"><option   value='Projektanfrage'>Demande de projet<\/option><option   value='Angebotserstellung'>Pr\u00e9paration de l'offre<\/option><option   value='Beratungsgespr\u00e4ch'>Entretien de conseil<\/option><option   value='Technischer Support'>Support technique<\/option><option   value='Partnerschaftsanfrage'>Demande de partenariat<\/option><option   value='Feedback'>R\u00e9actions<\/option><option   value='Karriere &amp; Jobs'>Carri\u00e8re &amp; emplois<\/option><option   value='Presseanfrage'>Demande de presse<\/option><option   value='Allgemeine Informationen'>Informations g\u00e9n\u00e9rales<\/option><option   value='Datenschutzfrage'>Question de protection des donn\u00e9es<\/option><\/select><\/p><p class='first_form  form_element form_fullwidth' id='element_avia_7_1'><label for=\"avia_7_1\" class=\"textare_label hidden textare_label_avia_7_1\">Votre message <abbr class=\"required\" title=\"requis(e)\">*<\/abbr><\/label><textarea  name=\"avia_7_1\" class=\"text_area is_empty\" cols=\"40\" rows=\"7\" id=\"avia_7_1\" ><\/textarea><\/p><p class=\"hidden\"><input type=\"text\" name=\"avia_8_1\" class=\"hidden\" id=\"avia_8_1\" value=\"\" \/><\/p><p class='form_element form_fullwidth' id='element_avia_9_1'><span class='value_verifier_label'>5 + 2 = ?<\/span><input name=\"avia_9_1_verifier\" type=\"hidden\" id=\"avia_9_1_verifier\" value=\"265253477\"\/><label for=\"avia_9_1\">Merci de prouver que vous \u00eates un humain en donnant le r\u00e9sultat de cette op\u00e9ration <abbr class=\"required\" title=\"requis(e)\">*<\/abbr><\/label><input name=\"avia_9_1\" class=\"text_input captcha\" type=\"text\" id=\"avia_9_1\" value=\"\"\/><\/p><p class=\"form_element\"><input type=\"hidden\" value=\"1\" name=\"avia_generated_form1\" \/><input type=\"submit\" value=\"Envoyer\" class=\"button\"  data-sending-label=\"Envoi\"\/><\/p><\/fieldset><input type=\"hidden\" name=\"trp-form-language\" value=\"fr\"\/><\/form><div id=\"ajaxresponse_1\" class=\"ajaxresponse ajaxresponse_1 hidden\"><\/div><\/p><\/div><div  class='flex_column av-1dhfl-0bcf8a95dc71c4f8ee13e96626f32ddf av_one_half  avia-builder-el-11  el_after_av_one_half  avia-builder-el-last  flex_column_div'     ><p>\n<style type=\"text\/css\" data-created_by=\"avia_inline_auto\" id=\"style-css-av-luioorta-c2f7801d5f43d9bfcf304c0d5fe9d7f9\">\n#top .av-special-heading.av-luioorta-c2f7801d5f43d9bfcf304c0d5fe9d7f9{\npadding-bottom:10px;\n}\nbody .av-special-heading.av-luioorta-c2f7801d5f43d9bfcf304c0d5fe9d7f9 .av-special-heading-tag .heading-char{\nfont-size:25px;\n}\n.av-special-heading.av-luioorta-c2f7801d5f43d9bfcf304c0d5fe9d7f9 .av-subheading{\nfont-size:15px;\n}\n<\/style>\n<div  class='av-special-heading av-luioorta-c2f7801d5f43d9bfcf304c0d5fe9d7f9 av-special-heading-h2 blockquote modern-quote  avia-builder-el-12  el_before_av_textblock  avia-builder-el-first'><h2 class='av-special-heading-tag'  itemprop=\"headline\"  >Pr\u00eat \u00e0 passer \u00e0 l'\u00e9tape suivante ?<\/h2><div class=\"special-heading-border\"><div class=\"special-heading-inner-border\"><\/div><\/div><\/div><br \/>\n<section  class='av_textblock_section av-s95p-911360bccf89a7efb0025a51e7296fde'   itemscope=\"itemscope\" itemtype=\"https:\/\/schema.org\/CreativeWork\" ><div class='avia_textblock'  itemprop=\"text\" ><p>Vos visions sont notre moteur. Chez Swiss Media Design, vos souhaits et objectifs individuels sont au c\u0153ur de notre travail. En tant que votre partenaire pour des solutions publicitaires cr\u00e9atives et efficaces au c\u0153ur de la r\u00e9gion de Buchs SG, nous nous r\u00e9jouissons de d\u00e9velopper avec vous des strat\u00e9gies de marketing sur mesure qui mettront en avant votre marque et m\u00e8neront votre entreprise au succ\u00e8s.<\/p>\n<p><strong>Vous avez une id\u00e9e \u00e0 laquelle vous souhaitez donner vie ? Ou vous cherchez des moyens innovants d'\u00e9tablir votre entreprise sur le march\u00e9 ?<\/strong><\/p>\n<p>Notre \u00e9quipe d'experts passionn\u00e9s est pr\u00eate \u00e0 vous accompagner sur cette voie et \u00e0 vous proposer des solutions adapt\u00e9es \u00e0 vos besoins.<\/p>\n<\/div><\/section><br \/>\n\n<style type=\"text\/css\" data-created_by=\"avia_inline_auto\" id=\"style-css-av-luip0b71-08fe37ae72bc3eabdddea1f00aaf0ce7\">\n#top .av-special-heading.av-luip0b71-08fe37ae72bc3eabdddea1f00aaf0ce7{\npadding-bottom:10px;\n}\nbody .av-special-heading.av-luip0b71-08fe37ae72bc3eabdddea1f00aaf0ce7 .av-special-heading-tag .heading-char{\nfont-size:25px;\n}\n.av-special-heading.av-luip0b71-08fe37ae72bc3eabdddea1f00aaf0ce7 .av-subheading{\nfont-size:15px;\n}\n<\/style>\n<div  class='av-special-heading av-luip0b71-08fe37ae72bc3eabdddea1f00aaf0ce7 av-special-heading-h2 blockquote modern-quote  avia-builder-el-14  el_after_av_textblock  el_before_av_textblock'><h2 class='av-special-heading-tag'  itemprop=\"headline\"  >Heures d'ouverture<\/h2><div class=\"special-heading-border\"><div class=\"special-heading-inner-border\"><\/div><\/div><\/div><br \/>\n<section  class='av_textblock_section av-luirt3dj-c3d04654172b510a43f28ed0d2817807'   itemscope=\"itemscope\" itemtype=\"https:\/\/schema.org\/CreativeWork\" ><div class='avia_textblock'  itemprop=\"text\" ><p>Nous sommes \u00e0 votre disposition pour vos projets et vos demandes. Veuillez noter que pour les travaux en dehors de nos heures de travail principales, conform\u00e9ment \u00e0 notre <a href=\"https:\/\/swissmediadesign.com\/fr\/conditions-generales\/\" target=\"_blank\" rel=\"noopener\">Conditions g\u00e9n\u00e9rales de vente<\/a>Des frais suppl\u00e9mentaires peuvent s'appliquer. Nous vous assurons que nous vous informons toujours \u00e0 l'avance des \u00e9ventuels suppl\u00e9ments afin de garantir une transparence et une s\u00e9curit\u00e9 de planification maximales.<\/p>\n<\/div><\/section><br \/>\n<section  class='av_textblock_section av-135r1-7b8732047df679f7db6c19874273e0af'   itemscope=\"itemscope\" itemtype=\"https:\/\/schema.org\/CreativeWork\" ><div class='avia_textblock'  itemprop=\"text\" ><table>\n<tbody>\n<tr>\n<th>Lu - Ve<\/th>\n<td>08:00 - 12:00, 13:30 - 17:30<\/td>\n<\/tr>\n<tr>\n<th>sam - dim<\/th>\n<td>Ferm\u00e9<\/td>\n<\/tr>\n<\/tbody>\n<\/table>\n<\/div><\/section><br \/>\n\n<style type=\"text\/css\" data-created_by=\"avia_inline_auto\" id=\"style-css-av-p84p-83624383b34b5b307443699a86320fcc\">\n#top .av-special-heading.av-p84p-83624383b34b5b307443699a86320fcc{\npadding-bottom:10px;\n}\nbody .av-special-heading.av-p84p-83624383b34b5b307443699a86320fcc .av-special-heading-tag .heading-char{\nfont-size:25px;\n}\n.av-special-heading.av-p84p-83624383b34b5b307443699a86320fcc .av-subheading{\nfont-size:15px;\n}\n<\/style>\n<div  class='av-special-heading av-p84p-83624383b34b5b307443699a86320fcc av-special-heading-h2 blockquote modern-quote  avia-builder-el-17  el_after_av_textblock  el_before_av_textblock'><h2 class='av-special-heading-tag'  itemprop=\"headline\"  >D\u00e9tails de contact<\/h2><div class=\"special-heading-border\"><div class=\"special-heading-inner-border\"><\/div><\/div><\/div><br \/>\n<section  class='av_textblock_section av-luip0j4f-9f5f062c98009ee2a54f0f50a97097ae'   itemscope=\"itemscope\" itemtype=\"https:\/\/schema.org\/CreativeWork\" ><div class='avia_textblock'  itemprop=\"text\" ><p>Pour un conseil personnalis\u00e9, des demandes de projets ou de plus amples informations sur notre gamme de services, vous pouvez nous contacter via :<\/p>\n<p>Swiss Media Design GmbH<br \/>\nRue de la Gare 49<br \/>\n9470 Buchs SG<br \/>\nSuisse<\/p>\n<p>T :\u00a0<a href=\"tel:0041817560030\">+41 81 756 00 30<\/a><br \/>\nE :\u00a0<a href=\"mailto:info@swissmediadesign.com\">info@swissmediadesign.com<\/a><\/p>\n<\/div><\/section><\/p><\/div><div  class='av_gmaps_sc_main_wrap av_gmaps_main_wrap'><div id='av_gmap_0' class='avia-google-map-container avia-google-map-sc av_gmaps_show_unconditionally av-no-fallback-img' data-mapid='av_gmap_0'  style='height: 400px;'><a class=\"av_gmaps_browser_disabled av_text_confirm_link av_text_confirm_link_visible\" href=\"https:\/\/www.google.com\/maps\/search\/?api=1&#038;query=Bahnhofstrasse%2049%209470%20Buchs\" target=\"_blank\" rel=\"noopener\">Les cartes ont \u00e9t\u00e9 d\u00e9sactiv\u00e9es par le visiteur sur ce site. Cliquer pour ouvrir la carte dans une nouvelle fen\u00eatre.<\/a><\/div><\/div><\/p>","protected":false},"excerpt":{"rendered":"","protected":false},"author":2,"featured_media":0,"parent":0,"menu_order":6000,"comment_status":"closed","ping_status":"closed","template":"","meta":{"footnotes":""},"class_list":["post-37","page","type-page","status-publish","hentry"],"_links":{"self":[{"href":"https:\/\/swissmediadesign.com\/fr\/wp-json\/wp\/v2\/pages\/37","targetHints":{"allow":["GET"]}}],"collection":[{"href":"https:\/\/swissmediadesign.com\/fr\/wp-json\/wp\/v2\/pages"}],"about":[{"href":"https:\/\/swissmediadesign.com\/fr\/wp-json\/wp\/v2\/types\/page"}],"author":[{"embeddable":true,"href":"https:\/\/swissmediadesign.com\/fr\/wp-json\/wp\/v2\/users\/2"}],"replies":[{"embeddable":true,"href":"https:\/\/swissmediadesign.com\/fr\/wp-json\/wp\/v2\/comments?post=37"}],"version-history":[{"count":0,"href":"https:\/\/swissmediadesign.com\/fr\/wp-json\/wp\/v2\/pages\/37\/revisions"}],"wp:attachment":[{"href":"https:\/\/swissmediadesign.com\/fr\/wp-json\/wp\/v2\/media?parent=37"}],"curies":[{"name":"wp","href":"https:\/\/api.w.org\/{rel}","templated":true}]}}