{"id":39,"date":"2024-04-02T15:59:34","date_gmt":"2024-04-02T13:59:34","guid":{"rendered":"https:\/\/swissmediadesign.com\/?page_id=39"},"modified":"2025-03-25T10:12:12","modified_gmt":"2025-03-25T09:12:12","slug":"wer-wir-sind","status":"publish","type":"page","link":"https:\/\/swissmediadesign.com\/fr\/agence\/qui-sommes-nous\/","title":{"rendered":"Qui sommes-nous ?"},"content":{"rendered":"<style type=\"text\/css\" data-created_by=\"avia_inline_auto\" id=\"style-css-av-lujaw67l-1e65cf0b1d09dec421d05a0a2aa05366\">\n.avia-section.av-lujaw67l-1e65cf0b1d09dec421d05a0a2aa05366{\nbackground-repeat:no-repeat;\nbackground-image:url(https:\/\/swissmediadesign.com\/wp-content\/uploads\/2024\/11\/SMD-OFFICE_121124@florin.schmid010-1500x844.jpeg);\nbackground-position:50% 50%;\nbackground-attachment:scroll;\n}\n.avia-section.av-lujaw67l-1e65cf0b1d09dec421d05a0a2aa05366 .av-section-color-overlay{\nopacity:0.6;\nbackground-color:#000000;\n}\n<\/style>\n<div id='av_section_1'  class='avia-section av-lujaw67l-1e65cf0b1d09dec421d05a0a2aa05366 main_color avia-section-default avia-no-border-styling  avia-builder-el-0  el_before_av_section  avia-builder-el-first  avia-full-stretch avia-bg-style-scroll av-section-color-overlay-active container_wrap fullsize'  data-section-bg-repeat='stretch'><div class=\"av-section-color-overlay-wrap\"><div class=\"av-section-color-overlay\"><\/div><div class='container av-section-cont-open' ><main  role=\"main\" itemprop=\"mainContentOfPage\"  class='template-page content  av-content-full alpha units'><div class='post-entry post-entry-type-page post-entry-39'><div class='entry-content-wrapper clearfix'>\n<div  class='flex_column av-2lohf-f2b9a27f67d3e6fed942d48aedb5f56b av_one_fifth  avia-builder-el-1  el_before_av_three_fifth  avia-builder-el-first  first flex_column_div'     ><\/div><div  class='flex_column av-25093-55217c49f07f97701b437976cca97841 av_three_fifth  avia-builder-el-2  el_after_av_one_fifth  el_before_av_one_fifth  flex_column_div'     ><p>\n<style type=\"text\/css\" data-created_by=\"avia_inline_auto\" id=\"style-css-av-lujawcix-871cba96cc1f80c433cccbedfef6b810\">\n#top .av-special-heading.av-lujawcix-871cba96cc1f80c433cccbedfef6b810{\npadding-bottom:10px;\ncolor:#ffffff;\n}\nbody .av-special-heading.av-lujawcix-871cba96cc1f80c433cccbedfef6b810 .av-special-heading-tag .heading-char{\nfont-size:25px;\n}\n.av-special-heading.av-lujawcix-871cba96cc1f80c433cccbedfef6b810 .special-heading-inner-border{\nborder-color:#ffffff;\n}\n.av-special-heading.av-lujawcix-871cba96cc1f80c433cccbedfef6b810 .av-subheading{\nfont-size:15px;\n}\n<\/style>\n<div  class='av-special-heading av-lujawcix-871cba96cc1f80c433cccbedfef6b810 av-special-heading-h1 custom-color-heading blockquote modern-quote modern-centered  avia-builder-el-3  el_before_av_textblock  avia-builder-el-first'><h1 class='av-special-heading-tag'  itemprop=\"headline\"  >Qui sommes-nous ?<\/h1><div class=\"special-heading-border\"><div class=\"special-heading-inner-border\"><\/div><\/div><\/div><br \/>\n\n<style type=\"text\/css\" data-created_by=\"avia_inline_auto\" id=\"style-css-av-1b8sv-8b4b6c2e4d033b34367a6f2b28a29564\">\n#top .av_textblock_section.av-1b8sv-8b4b6c2e4d033b34367a6f2b28a29564 .avia_textblock{\ncolor:#ffffff;\n}\n<\/style>\n<section  class='av_textblock_section av-1b8sv-8b4b6c2e4d033b34367a6f2b28a29564'   itemscope=\"itemscope\" itemtype=\"https:\/\/schema.org\/CreativeWork\" ><div class='avia_textblock av_inherit_color'  itemprop=\"text\" ><p style=\"text-align: center;\">D\u00e9couvrez l'histoire et les personnes qui se cachent derri\u00e8re notre agence. Ici, chez Swiss Media Design, nous associons cr\u00e9ativit\u00e9 et strat\u00e9gie pour cr\u00e9er des solutions exceptionnelles qui enthousiasment et \u00e9meuvent. Plongez dans notre univers, o\u00f9 chaque projet est une affaire de c\u0153ur.<\/p>\n<\/div><\/section><\/p><\/div><div  class='flex_column av-uivf-7b536350c6ab76f6b609a982d45ef5e2 av_one_fifth  avia-builder-el-5  el_after_av_three_fifth  avia-builder-el-last  flex_column_div'     ><\/div>\n\n<\/div><\/div><\/main><!-- close content main element --><\/div><\/div><\/div><div id='av_section_2'  class='avia-section av-1jy87-5077f1b0626829811fbd54a6682e7f1b main_color avia-section-default avia-no-border-styling  avia-builder-el-6  el_after_av_section  avia-builder-el-last  avia-bg-style-scroll container_wrap fullsize'  ><div class='container av-section-cont-open' ><div class='template-page content  av-content-full alpha units'><div class='post-entry post-entry-type-page post-entry-39'><div class='entry-content-wrapper clearfix'>\n<div  class='flex_column av-48yn-65462426ce7f452d8605fed68fa3a73b av_one_half  avia-builder-el-7  el_before_av_one_half  avia-builder-el-first  first flex_column_div'     ><p>\n<style type=\"text\/css\" data-created_by=\"avia_inline_auto\" id=\"style-css-av-lujd5xil-6d7bc1fcf1660dbfdffffbf062f407ea\">\n#top .av-special-heading.av-lujd5xil-6d7bc1fcf1660dbfdffffbf062f407ea{\npadding-bottom:10px;\n}\nbody .av-special-heading.av-lujd5xil-6d7bc1fcf1660dbfdffffbf062f407ea .av-special-heading-tag .heading-char{\nfont-size:25px;\n}\n.av-special-heading.av-lujd5xil-6d7bc1fcf1660dbfdffffbf062f407ea .av-subheading{\nfont-size:15px;\n}\n<\/style>\n<div  class='av-special-heading av-lujd5xil-6d7bc1fcf1660dbfdffffbf062f407ea av-special-heading-h2 blockquote modern-quote  avia-builder-el-8  el_before_av_textblock  avia-builder-el-first'><h2 class='av-special-heading-tag'  itemprop=\"headline\"  >D\u00e9passer les fronti\u00e8res : Notre vision en action<\/h2><div class=\"special-heading-border\"><div class=\"special-heading-inner-border\"><\/div><\/div><\/div><br \/>\n<section  class='av_textblock_section av-lujd5saw-32b7836c1ce92481f3f3849c4505eda1'   itemscope=\"itemscope\" itemtype=\"https:\/\/schema.org\/CreativeWork\" ><div class='avia_textblock'  itemprop=\"text\" ><p>Bienvenue chez Swiss Media Design, o\u00f9 la vision cr\u00e9ative rencontre l'excellence strat\u00e9gique. Plus qu'une simple agence, nous sommes une \u00e9quipe de designers, de strat\u00e8ges et de conteurs qui vivent le marketing num\u00e9rique. Notre objectif ? Donner vie aux marques et cr\u00e9er des succ\u00e8s durables. Depuis notre cr\u00e9ation, nous nous consid\u00e9rons comme des partenaires de nos clients. Chaque projet est une occasion de d\u00e9passer les limites et de d\u00e9couvrir un nouveau potentiel. Chez nous, l'\u00eatre humain est au centre des pr\u00e9occupations - l'innovation na\u00eet de la collaboration.<\/p>\n<p>Notre parcours est marqu\u00e9 par l'apprentissage et l'adaptation. Dans un monde num\u00e9rique dynamique, nous restons toujours \u00e0 l'avant-garde en nous formant et en exp\u00e9rimentant. Notre objectif est de cr\u00e9er des marques qui ne sont pas seulement visibles, mais qui touchent et restent. Chez Swiss Media Design, nous associons l'artisanat au c\u0153ur, les donn\u00e9es \u00e0 l'intuition. D\u00e9couvrez comment nous transformons votre vision en une histoire \u00e0 succ\u00e8s - gr\u00e2ce \u00e0 des succ\u00e8s pour nos clients et des exp\u00e9riences de marque inoubliables.<\/p>\n<\/div><\/section><\/p><\/div><div  class='flex_column av-puw7-dbb13a98396ad0cd07092d70d8755e62 av_one_half  avia-builder-el-10  el_after_av_one_half  avia-builder-el-last  flex_column_div'     ><style type=\"text\/css\" data-created_by=\"avia_inline_auto\" id=\"style-css-av-m3ewk4v5-bdc8d56841c0946e63622a82eec0fd7c\">\n.avia-image-container.av-m3ewk4v5-bdc8d56841c0946e63622a82eec0fd7c img.avia_image{\nbox-shadow:none;\n}\n.avia-image-container.av-m3ewk4v5-bdc8d56841c0946e63622a82eec0fd7c .av-image-caption-overlay-center{\ncolor:#ffffff;\n}\n<\/style>\n<div  class='avia-image-container av-m3ewk4v5-bdc8d56841c0946e63622a82eec0fd7c av-styling- avia-align-center  avia-builder-el-11  avia-builder-el-no-sibling'   itemprop=\"image\" itemscope=\"itemscope\" itemtype=\"https:\/\/schema.org\/ImageObject\" ><div class=\"avia-image-container-inner\"><div class=\"avia-image-overlay-wrap\"><img class='avia_image' src='https:\/\/swissmediadesign.com\/wp-content\/uploads\/2024\/11\/SMD-OFFICE_121124@florin.schmid005-scaled.jpeg' alt='' title='SMD OFFICE_121124@florin.schmid005'  height=\"1440\" width=\"2560\"  itemprop=\"thumbnailUrl\"  \/><\/div><\/div><\/div><\/div>","protected":false},"excerpt":{"rendered":"","protected":false},"author":2,"featured_media":0,"parent":1993,"menu_order":2100,"comment_status":"closed","ping_status":"closed","template":"","meta":{"footnotes":""},"class_list":["post-39","page","type-page","status-publish","hentry"],"_links":{"self":[{"href":"https:\/\/swissmediadesign.com\/fr\/wp-json\/wp\/v2\/pages\/39","targetHints":{"allow":["GET"]}}],"collection":[{"href":"https:\/\/swissmediadesign.com\/fr\/wp-json\/wp\/v2\/pages"}],"about":[{"href":"https:\/\/swissmediadesign.com\/fr\/wp-json\/wp\/v2\/types\/page"}],"author":[{"embeddable":true,"href":"https:\/\/swissmediadesign.com\/fr\/wp-json\/wp\/v2\/users\/2"}],"replies":[{"embeddable":true,"href":"https:\/\/swissmediadesign.com\/fr\/wp-json\/wp\/v2\/comments?post=39"}],"version-history":[{"count":0,"href":"https:\/\/swissmediadesign.com\/fr\/wp-json\/wp\/v2\/pages\/39\/revisions"}],"up":[{"embeddable":true,"href":"https:\/\/swissmediadesign.com\/fr\/wp-json\/wp\/v2\/pages\/1993"}],"wp:attachment":[{"href":"https:\/\/swissmediadesign.com\/fr\/wp-json\/wp\/v2\/media?parent=39"}],"curies":[{"name":"wp","href":"https:\/\/api.w.org\/{rel}","templated":true}]}}