{"id":65,"date":"2024-04-02T17:14:58","date_gmt":"2024-04-02T15:14:58","guid":{"rendered":"https:\/\/swissmediadesign.com\/?page_id=65"},"modified":"2025-04-24T08:54:39","modified_gmt":"2025-04-24T06:54:39","slug":"impressum","status":"publish","type":"page","link":"https:\/\/swissmediadesign.com\/fr\/mentions-legales\/","title":{"rendered":"Mentions l\u00e9gales"},"content":{"rendered":"<style type=\"text\/css\" data-created_by=\"avia_inline_auto\" id=\"style-css-av-3rbt5-758149ace750c455fd96bf3e70baaad4\">\n.avia-section.av-3rbt5-758149ace750c455fd96bf3e70baaad4{\nbackground-repeat:no-repeat;\nbackground-image:url(https:\/\/swissmediadesign.com\/wp-content\/uploads\/2024\/05\/215715423_m_normal_none-1500x1000.jpg);\nbackground-position:50% 50%;\nbackground-attachment:scroll;\n}\n.avia-section.av-3rbt5-758149ace750c455fd96bf3e70baaad4 .av-section-color-overlay{\nopacity:0.5;\nbackground-color:#000000;\n}\n<\/style>\n<div id='av_section_1'  class='avia-section av-3rbt5-758149ace750c455fd96bf3e70baaad4 main_color avia-section-default avia-no-border-styling  avia-builder-el-0  el_before_av_one_full  avia-builder-el-first  avia-full-stretch avia-bg-style-scroll av-section-color-overlay-active container_wrap fullsize'  data-section-bg-repeat='stretch'><div class=\"av-section-color-overlay-wrap\"><div class=\"av-section-color-overlay\"><\/div><div class='container av-section-cont-open' ><main  role=\"main\" itemprop=\"mainContentOfPage\"  class='template-page content  av-content-full alpha units'><div class='post-entry post-entry-type-page post-entry-65'><div class='entry-content-wrapper clearfix'>\n<div  class='flex_column av-330t5-17ce845adb5cb8811d11e551384f31a0 av_one_fifth  avia-builder-el-1  el_before_av_three_fifth  avia-builder-el-first  first flex_column_div'     ><\/div><div  class='flex_column av-2vaq1-c2800f26a87979c2999fc3d9c0e08754 av_three_fifth  avia-builder-el-2  el_after_av_one_fifth  el_before_av_one_fifth  flex_column_div'     ><p>\n<style type=\"text\/css\" data-created_by=\"avia_inline_auto\" id=\"style-css-av-lwgdw87k-d68bc86f7be15f22fb6b6f3a6985eb81\">\n#top .av-special-heading.av-lwgdw87k-d68bc86f7be15f22fb6b6f3a6985eb81{\npadding-bottom:10px;\ncolor:#ffffff;\n}\nbody .av-special-heading.av-lwgdw87k-d68bc86f7be15f22fb6b6f3a6985eb81 .av-special-heading-tag .heading-char{\nfont-size:25px;\n}\n.av-special-heading.av-lwgdw87k-d68bc86f7be15f22fb6b6f3a6985eb81 .special-heading-inner-border{\nborder-color:#ffffff;\n}\n.av-special-heading.av-lwgdw87k-d68bc86f7be15f22fb6b6f3a6985eb81 .av-subheading{\nfont-size:15px;\n}\n<\/style>\n<div  class='av-special-heading av-lwgdw87k-d68bc86f7be15f22fb6b6f3a6985eb81 av-special-heading-h1 custom-color-heading blockquote modern-quote modern-centered  avia-builder-el-3  el_before_av_textblock  avia-builder-el-first'><h1 class='av-special-heading-tag'  itemprop=\"headline\"  >Mentions l\u00e9gales<\/h1><div class=\"special-heading-border\"><div class=\"special-heading-inner-border\"><\/div><\/div><\/div><br \/>\n\n<style type=\"text\/css\" data-created_by=\"avia_inline_auto\" id=\"style-css-av-1wnvx-5ad5e85d42f10d2383b3d6f51fc38ca6\">\n#top .av_textblock_section.av-1wnvx-5ad5e85d42f10d2383b3d6f51fc38ca6 .avia_textblock{\ncolor:#ffffff;\n}\n<\/style>\n<section  class='av_textblock_section av-1wnvx-5ad5e85d42f10d2383b3d6f51fc38ca6'   itemscope=\"itemscope\" itemtype=\"https:\/\/schema.org\/CreativeWork\" ><div class='avia_textblock av_inherit_color'  itemprop=\"text\" ><p style=\"text-align: center;\">Sur cette page, vous trouverez les coordonn\u00e9es et les informations juridiques pertinentes de Swiss Media Design. Nous mettons \u00e0 votre disposition tous les d\u00e9tails importants dont vous avez besoin pour nous contacter ou vous informer sur notre entreprise. Si vous avez des questions ou des pr\u00e9occupations, n'h\u00e9sitez pas \u00e0 nous contacter.<\/p>\n<\/div><\/section><\/p><\/div><div  class='flex_column av-1lz35-aff460d511ff51ae51b4feaa549dd10f av_one_fifth  avia-builder-el-5  el_after_av_three_fifth  avia-builder-el-last  flex_column_div'     ><\/div>\n<\/div><\/div><\/main><!-- close content main element --><\/div><\/div><\/div><div id='after_section_1'  class='main_color av_default_container_wrap container_wrap fullsize'  ><div class='container av-section-cont-open' ><div class='template-page content  av-content-full alpha units'><div class='post-entry post-entry-type-page post-entry-65'><div class='entry-content-wrapper clearfix'>\n<div  class='flex_column av-u159-d0d0a24c980dbca0ce6c979d9aace6c5 av_one_full  avia-builder-el-6  el_after_av_section  avia-builder-el-no-sibling  first flex_column_div'     ><p>\n<style type=\"text\/css\" data-created_by=\"avia_inline_auto\" id=\"style-css-av-lwgdx3pu-8c3821044a222170e70c2c159a344a31\">\n#top .av-special-heading.av-lwgdx3pu-8c3821044a222170e70c2c159a344a31{\npadding-bottom:10px;\n}\nbody .av-special-heading.av-lwgdx3pu-8c3821044a222170e70c2c159a344a31 .av-special-heading-tag .heading-char{\nfont-size:25px;\n}\n.av-special-heading.av-lwgdx3pu-8c3821044a222170e70c2c159a344a31 .av-subheading{\nfont-size:15px;\n}\n<\/style>\n<div  class='av-special-heading av-lwgdx3pu-8c3821044a222170e70c2c159a344a31 av-special-heading-h2 blockquote modern-quote  avia-builder-el-7  el_before_av_textblock  avia-builder-el-first'><h2 class='av-special-heading-tag'  itemprop=\"headline\"  >D\u00e9tails de contact<\/h2><div class=\"special-heading-border\"><div class=\"special-heading-inner-border\"><\/div><\/div><\/div><br \/>\n<section  class='av_textblock_section av-lwgdxuyp-4825c1335fabc1d39a443624c8d75aff'   itemscope=\"itemscope\" itemtype=\"https:\/\/schema.org\/CreativeWork\" ><div class='avia_textblock'  itemprop=\"text\" ><p>Swiss Media Design GmbH<br \/>\nRue de la Gare 49<br \/>\n9470 Buchs SG<br \/>\nSuisse<\/p>\n<p>T :\u00a0<a href=\"tel:0041817560030\">+41 81 756 00 30<\/a><br \/>\nE :\u00a0<a href=\"mailto:info@swissmediadesign.com\">info@swissmediadesign.com<\/a><\/p>\n<\/div><\/section><br \/>\n\n<style type=\"text\/css\" data-created_by=\"avia_inline_auto\" id=\"style-css-av-lwgdy441-ae2d3c84fdcfc9b8fe8ef6aece6bea2e\">\n#top .av-special-heading.av-lwgdy441-ae2d3c84fdcfc9b8fe8ef6aece6bea2e{\npadding-bottom:10px;\n}\nbody .av-special-heading.av-lwgdy441-ae2d3c84fdcfc9b8fe8ef6aece6bea2e .av-special-heading-tag .heading-char{\nfont-size:25px;\n}\n.av-special-heading.av-lwgdy441-ae2d3c84fdcfc9b8fe8ef6aece6bea2e .av-subheading{\nfont-size:15px;\n}\n<\/style>\n<div  class='av-special-heading av-lwgdy441-ae2d3c84fdcfc9b8fe8ef6aece6bea2e av-special-heading-h2 blockquote modern-quote  avia-builder-el-9  el_after_av_textblock  el_before_av_textblock'><h2 class='av-special-heading-tag'  itemprop=\"headline\"  >Concept du site web <span class='special_amp'>&amp;<\/span> Design<\/h2><div class=\"special-heading-border\"><div class=\"special-heading-inner-border\"><\/div><\/div><\/div><br \/>\n<section  class='av_textblock_section av-11nzp-a34f3072106dee27fdf96f2a4fc6ee67'   itemscope=\"itemscope\" itemtype=\"https:\/\/schema.org\/CreativeWork\" ><div class='avia_textblock'  itemprop=\"text\" ><p>Swiss Media Design GmbH<br \/>\nRue de la Gare 49<br \/>\n9470 Buchs SG<br \/>\nSuisse<\/p>\n<p>T :\u00a0<a href=\"tel:0041817560030\">+41 81 756 00 30<\/a><br \/>\nE :\u00a0<a href=\"mailto:info@swissmediadesign.com\">info@swissmediadesign.com<\/a><\/p>\n<\/div><\/section><\/p><\/div>","protected":false},"excerpt":{"rendered":"","protected":false},"author":2,"featured_media":0,"parent":0,"menu_order":11000,"comment_status":"closed","ping_status":"closed","template":"","meta":{"footnotes":""},"class_list":["post-65","page","type-page","status-publish","hentry"],"_links":{"self":[{"href":"https:\/\/swissmediadesign.com\/fr\/wp-json\/wp\/v2\/pages\/65","targetHints":{"allow":["GET"]}}],"collection":[{"href":"https:\/\/swissmediadesign.com\/fr\/wp-json\/wp\/v2\/pages"}],"about":[{"href":"https:\/\/swissmediadesign.com\/fr\/wp-json\/wp\/v2\/types\/page"}],"author":[{"embeddable":true,"href":"https:\/\/swissmediadesign.com\/fr\/wp-json\/wp\/v2\/users\/2"}],"replies":[{"embeddable":true,"href":"https:\/\/swissmediadesign.com\/fr\/wp-json\/wp\/v2\/comments?post=65"}],"version-history":[{"count":0,"href":"https:\/\/swissmediadesign.com\/fr\/wp-json\/wp\/v2\/pages\/65\/revisions"}],"wp:attachment":[{"href":"https:\/\/swissmediadesign.com\/fr\/wp-json\/wp\/v2\/media?parent=65"}],"curies":[{"name":"wp","href":"https:\/\/api.w.org\/{rel}","templated":true}]}}