{"id":88,"date":"2024-04-02T20:23:18","date_gmt":"2024-04-02T18:23:18","guid":{"rendered":"https:\/\/swissmediadesign.com\/?page_id=88"},"modified":"2025-08-25T12:36:36","modified_gmt":"2025-08-25T10:36:36","slug":"webdesign-shops","status":"publish","type":"page","link":"https:\/\/swissmediadesign.com\/fr\/notre-expertise\/devenir-visible\/boutiques-en-ligne\/","title":{"rendered":"Conception de sites web &amp; boutiques"},"content":{"rendered":"<style type=\"text\/css\" data-created_by=\"avia_inline_auto\" id=\"style-css-av-3yh04-f9ead0a8af95cb0ce287739141d7709a\">\n.avia-section.av-3yh04-f9ead0a8af95cb0ce287739141d7709a{\nbackground-repeat:no-repeat;\nbackground-image:url(https:\/\/swissmediadesign.com\/wp-content\/uploads\/2024\/05\/african-american-man-sitting-in-front-of-computer-2023-11-27-04-50-31-utc-1500x1001.jpg);\nbackground-position:50% 50%;\nbackground-attachment:scroll;\n}\n.avia-section.av-3yh04-f9ead0a8af95cb0ce287739141d7709a .av-section-color-overlay{\nopacity:0.5;\nbackground-color:#000000;\n}\n<\/style>\n<div id='av_section_1'  class='avia-section av-3yh04-f9ead0a8af95cb0ce287739141d7709a main_color avia-section-default avia-no-border-styling  avia-builder-el-0  el_before_av_masonry_gallery  avia-builder-el-first  avia-full-stretch avia-bg-style-scroll av-section-color-overlay-active container_wrap fullsize'  data-section-bg-repeat='stretch'><div class=\"av-section-color-overlay-wrap\"><div class=\"av-section-color-overlay\"><\/div><div class='container av-section-cont-open' ><main  role=\"main\" itemprop=\"mainContentOfPage\"  class='template-page content  av-content-full alpha units'><div class='post-entry post-entry-type-page post-entry-88'><div class='entry-content-wrapper clearfix'>\n<div  class='flex_column av-3aa64-0805e32b65cadc112ff50a6050c70fb1 av_one_fifth  avia-builder-el-1  el_before_av_three_fifth  avia-builder-el-first  first flex_column_div'     ><\/div><div  class='flex_column av-2rnss-c5e853ba708aaf98bd0cb1d7762bd924 av_three_fifth  avia-builder-el-2  el_after_av_one_fifth  el_before_av_one_fifth  flex_column_div'     ><p>\n<style type=\"text\/css\" data-created_by=\"avia_inline_auto\" id=\"style-css-av-luo6s8tv-aa4c20515582f7361221b1662b39a0ec\">\n#top .av-special-heading.av-luo6s8tv-aa4c20515582f7361221b1662b39a0ec{\npadding-bottom:10px;\ncolor:#ffffff;\n}\nbody .av-special-heading.av-luo6s8tv-aa4c20515582f7361221b1662b39a0ec .av-special-heading-tag .heading-char{\nfont-size:25px;\n}\n.av-special-heading.av-luo6s8tv-aa4c20515582f7361221b1662b39a0ec .special-heading-inner-border{\nborder-color:#ffffff;\n}\n.av-special-heading.av-luo6s8tv-aa4c20515582f7361221b1662b39a0ec .av-subheading{\nfont-size:15px;\n}\n<\/style>\n<div  class='av-special-heading av-luo6s8tv-aa4c20515582f7361221b1662b39a0ec av-special-heading-h1 custom-color-heading blockquote modern-quote modern-centered  avia-builder-el-3  el_before_av_textblock  avia-builder-el-first'><h1 class='av-special-heading-tag'  itemprop=\"headline\"  >Conception de sites web <span class='special_amp'>&amp;<\/span> Magasins<\/h1><div class='av_custom_color av-subheading av-subheading_below'><p><a href=\"https:\/\/swissmediadesign.com\/fr\/notre-expertise\/devenir-visible\/\">Devenir visible<\/a> \/ <a href=\"https:\/\/swissmediadesign.com\/fr\/unsere-expertise\/sichtbar-werden\/webdesign-shops\/responsive-webdesign\/\">Conception de sites web &amp; boutiques<\/a><\/p>\n<\/div><div class=\"special-heading-border\"><div class=\"special-heading-inner-border\"><\/div><\/div><\/div><br \/>\n\n<style type=\"text\/css\" data-created_by=\"avia_inline_auto\" id=\"style-css-av-1wf9g-6b360dd7e0e2d719ee7ba18af33eabe8\">\n#top .av_textblock_section.av-1wf9g-6b360dd7e0e2d719ee7ba18af33eabe8 .avia_textblock{\ncolor:#ffffff;\n}\n<\/style>\n<section  class='av_textblock_section av-1wf9g-6b360dd7e0e2d719ee7ba18af33eabe8'   itemscope=\"itemscope\" itemtype=\"https:\/\/schema.org\/CreativeWork\" ><div class='avia_textblock av_inherit_color'  itemprop=\"text\" ><div class=\"flex flex-grow flex-col max-w-full\">\n<div class=\"min-h-&#091;20px&#093; text-message flex flex-col items-start whitespace-pre-wrap break-words &#091;.text-message+&amp;&#093;:mt-5 juice:w-full juice:items-end overflow-x-auto gap-2\" dir=\"auto\" data-message-author-role=\"assistant\" data-message-id=\"d6546154-4a46-4d83-be02-09375305892f\">\n<div class=\"flex w-full flex-col gap-1 juice:empty:hidden juice:first:pt-&#091;3px&#093;\">\n<div class=\"markdown prose w-full break-words dark:prose-invert dark\">\n<p style=\"text-align: center;\">D\u00e9couvrez les solutions compl\u00e8tes et sur mesure de Swiss Media Design pour le d\u00e9veloppement de sites web, l'e-commerce. Gr\u00e2ce \u00e0 notre longue exp\u00e9rience et \u00e0 des approches innovantes et orient\u00e9es vers l'avenir, nous concevons votre pr\u00e9sence en ligne pour un avenir num\u00e9rique r\u00e9ussi, durable, impressionnant et efficacement modulable.<\/p>\n<\/div>\n<\/div>\n<\/div>\n<\/div>\n<\/div><\/section><\/p><\/div><div  class='flex_column av-1kbgk-6456ec976f8fd9aafc95a8bd0b3b6008 av_one_fifth  avia-builder-el-5  el_after_av_three_fifth  avia-builder-el-last  flex_column_div'     ><\/div>\n\n\n<style type=\"text\/css\" data-created_by=\"avia_inline_auto\" id=\"style-css-av-lus49q3a-282dd37f313b6aa6ff4c2fffee7c83c1\">\n#top .av-masonry.av-lus49q3a-282dd37f313b6aa6ff4c2fffee7c83c1{\nbackground-color:#ffffff;\n}\n<\/style>\n<div id='av-masonry-1' class='av-masonry av-lus49q3a-282dd37f313b6aa6ff4c2fffee7c83c1 noHover av-flex-size av-large-gap av-hover-overlay-active av-masonry-animation-active av-masonry-col-3 av-caption-always av-caption-style-overlay av-masonry-gallery' data-post_id=\"88\"><div class=\"av-masonry-container isotope av-js-disabled\"><div class='av-masonry-entry isotope-item av-masonry-item-no-image'><\/div><a href=\"https:\/\/swissmediadesign.com\/fr\/notre-expertise\/devenir-visible\/boutiques-en-ligne\/responsive-webdesign\/\"  aria-label=\"image Conception web\"  id='av-masonry-1-item-2580' data-av-masonry-item='2580' class='av-masonry-entry isotope-item post-2580 attachment type-attachment status-inherit hentry  av-masonry-item-with-image' title=\"Conception de sites web\" alt=\"\"  data-av-masonry-custom-link=\"https:\/\/swissmediadesign.com\/unsere-expertise\/sichtbar-werden\/webdesign-shops\/webdesign\/\"  itemprop=\"thumbnailUrl\" ><div class='av-inner-masonry-sizer'><\/div><figure class='av-inner-masonry main_color'><div class=\"av-masonry-outerimage-container\"><div class='av-masonry-image-container'   ><img decoding=\"async\" src=\"https:\/\/swissmediadesign.com\/wp-content\/uploads\/2025\/08\/webdesign-1.png\" title=\"Conception de sites web\" alt=\"\" \/><\/div><\/div><figcaption class='av-inner-masonry-content site-background'><div class='av-inner-masonry-content-pos'><div class='av-inner-masonry-content-pos-content'><div class='avia-arrow'><\/div><h3 class='av-masonry-entry-title entry-title'  itemprop=\"headline\" >Conception de sites web<\/h3><div class='av-masonry-entry-content entry-content'  itemprop=\"text\" >Nous d\u00e9veloppons des sites web qui sont modernes, conviviaux et qui s'affichent de mani\u00e8re optimale sur tous les appareils. Chaque projet est con\u00e7u individuellement, en mettant clairement l'accent sur le design, la performance et l'exp\u00e9rience utilisateur. Nous cr\u00e9ons ainsi des sites num\u00e9riques qui inspirent confiance, convainquent les clients et ont un impact durable.<\/div><\/div><\/div><\/figcaption><\/figure><\/a><!--end av-masonry entry--><a href=\"https:\/\/swissmediadesign.com\/fr\/notre-expertise\/devenir-visible\/boutiques-en-ligne\/solutions-e-commerce\/\"  aria-label=\"image Solutions e-commerce\"  id='av-masonry-1-item-571' data-av-masonry-item='571' class='av-masonry-entry isotope-item post-571 attachment type-attachment status-inherit hentry  av-masonry-item-with-image' title=\"Solutions de commerce \u00e9lectronique\" alt=\"\"  data-av-masonry-custom-link=\"https:\/\/swissmediadesign.com\/unsere-expertise\/sichtbar-werden\/webdesign-shops\/e-commerce-loesungen\/\"  itemprop=\"thumbnailUrl\" ><div class='av-inner-masonry-sizer'><\/div><figure class='av-inner-masonry main_color'><div class=\"av-masonry-outerimage-container\"><div class='av-masonry-image-container'   ><img decoding=\"async\" src=\"https:\/\/swissmediadesign.com\/wp-content\/uploads\/2024\/04\/212180253_m_normal_none-1030x687.jpg\" title=\"Solutions de commerce \u00e9lectronique\" alt=\"\" \/><\/div><\/div><figcaption class='av-inner-masonry-content site-background'><div class='av-inner-masonry-content-pos'><div class='av-inner-masonry-content-pos-content'><div class='avia-arrow'><\/div><h3 class='av-masonry-entry-title entry-title'  itemprop=\"headline\" >Solutions de commerce \u00e9lectronique<\/h3><div class='av-masonry-entry-content entry-content'  itemprop=\"text\" >Ouvrez de nouvelles dimensions \u00e0 votre succ\u00e8s en mati\u00e8re de commerce \u00e9lectronique avec Swiss Media Design. Nos solutions de boutique en ligne sur mesure, compl\u00e9t\u00e9es par un choix vari\u00e9 de m\u00e9thodes de paiement, y compris 24 crypto-monnaies, \u00e9tablissent de nouveaux standards dans le monde num\u00e9rique. Nous combinons innovation et compr\u00e9hension des affaires pour votre succ\u00e8s.<\/div><\/div><\/div><\/figcaption><\/figure><\/a><!--end av-masonry entry--><a href=\"https:\/\/swissmediadesign.com\/fr\/notre-expertise\/devenir-visible\/boutiques-en-ligne\/pages-daccueil\/\"  aria-label=\"image Pages de renvoi\"  id='av-masonry-1-item-503' data-av-masonry-item='503' class='av-masonry-entry isotope-item post-503 attachment type-attachment status-inherit hentry  av-masonry-item-with-image' title=\"Pages d&#039;atterrissage\" alt=\"\"  data-av-masonry-custom-link=\"https:\/\/swissmediadesign.com\/unsere-expertise\/sichtbar-werden\/webdesign-shops\/landing-pages\/\"  itemprop=\"thumbnailUrl\" ><div class='av-inner-masonry-sizer'><\/div><figure class='av-inner-masonry main_color'><div class=\"av-masonry-outerimage-container\"><div class='av-masonry-image-container'   ><img decoding=\"async\" src=\"https:\/\/swissmediadesign.com\/wp-content\/uploads\/2024\/04\/landing-passenger-airplane-at-colorful-sunset-2023-11-27-05-35-19-utc-1030x687.jpg\" title=\"Pages d&#039;atterrissage\" alt=\"\" \/><\/div><\/div><figcaption class='av-inner-masonry-content site-background'><div class='av-inner-masonry-content-pos'><div class='av-inner-masonry-content-pos-content'><div class='avia-arrow'><\/div><h3 class='av-masonry-entry-title entry-title'  itemprop=\"headline\" >Pages d'atterrissage<\/h3><div class='av-masonry-entry-content entry-content'  itemprop=\"text\" >Nos sp\u00e9cialistes allient technologie de pointe et excellence cr\u00e9ative pour cr\u00e9er des landing pages uniques qui non seulement attirent les visiteurs, mais les transforment \u00e9galement en clients fid\u00e8les. Gr\u00e2ce \u00e0 des solutions sur mesure, parfaitement adapt\u00e9es \u00e0 vos objectifs, nous garantissons des r\u00e9sultats qui d\u00e9passent vos attentes.<\/div><\/div><\/div><\/figcaption><\/figure><\/a><!--end av-masonry entry--><\/div><\/div>","protected":false},"excerpt":{"rendered":"","protected":false},"author":2,"featured_media":0,"parent":86,"menu_order":3110,"comment_status":"closed","ping_status":"closed","template":"","meta":{"footnotes":""},"class_list":["post-88","page","type-page","status-publish","hentry"],"_links":{"self":[{"href":"https:\/\/swissmediadesign.com\/fr\/wp-json\/wp\/v2\/pages\/88","targetHints":{"allow":["GET"]}}],"collection":[{"href":"https:\/\/swissmediadesign.com\/fr\/wp-json\/wp\/v2\/pages"}],"about":[{"href":"https:\/\/swissmediadesign.com\/fr\/wp-json\/wp\/v2\/types\/page"}],"author":[{"embeddable":true,"href":"https:\/\/swissmediadesign.com\/fr\/wp-json\/wp\/v2\/users\/2"}],"replies":[{"embeddable":true,"href":"https:\/\/swissmediadesign.com\/fr\/wp-json\/wp\/v2\/comments?post=88"}],"version-history":[{"count":0,"href":"https:\/\/swissmediadesign.com\/fr\/wp-json\/wp\/v2\/pages\/88\/revisions"}],"up":[{"embeddable":true,"href":"https:\/\/swissmediadesign.com\/fr\/wp-json\/wp\/v2\/pages\/86"}],"wp:attachment":[{"href":"https:\/\/swissmediadesign.com\/fr\/wp-json\/wp\/v2\/media?parent=88"}],"curies":[{"name":"wp","href":"https:\/\/api.w.org\/{rel}","templated":true}]}}