{"id":98,"date":"2024-04-02T20:28:12","date_gmt":"2024-04-02T18:28:12","guid":{"rendered":"https:\/\/swissmediadesign.com\/?page_id=98"},"modified":"2025-03-25T11:06:44","modified_gmt":"2025-03-25T10:06:44","slug":"e-commerce-loesungen","status":"publish","type":"page","link":"https:\/\/swissmediadesign.com\/fr\/notre-expertise\/devenir-visible\/boutiques-en-ligne\/solutions-e-commerce\/","title":{"rendered":"Solutions de commerce \u00e9lectronique"},"content":{"rendered":"<style type=\"text\/css\" data-created_by=\"avia_inline_auto\" id=\"style-css-av-506hu-0662ef427927e48185798d5838c7b00f\">\n.avia-section.av-506hu-0662ef427927e48185798d5838c7b00f{\nbackground-repeat:no-repeat;\nbackground-image:url(https:\/\/swissmediadesign.com\/wp-content\/uploads\/2024\/04\/212180253_m_normal_none-1500x1000.jpg);\nbackground-position:50% 50%;\nbackground-attachment:scroll;\n}\n.avia-section.av-506hu-0662ef427927e48185798d5838c7b00f .av-section-color-overlay{\nopacity:0.5;\nbackground-color:#000000;\n}\n<\/style>\n<div id='av_section_1'  class='avia-section av-506hu-0662ef427927e48185798d5838c7b00f main_color avia-section-default avia-no-border-styling  avia-builder-el-0  el_before_av_one_full  avia-builder-el-first  avia-full-stretch avia-bg-style-scroll av-section-color-overlay-active container_wrap fullsize'  data-section-bg-repeat='stretch'><div class=\"av-section-color-overlay-wrap\"><div class=\"av-section-color-overlay\"><\/div><div class='container av-section-cont-open' ><main  role=\"main\" itemprop=\"mainContentOfPage\"  class='template-page content  av-content-full alpha units'><div class='post-entry post-entry-type-page post-entry-98'><div class='entry-content-wrapper clearfix'>\n<div  class='flex_column av-4bm8i-f1a118c0eea3e31a0c9823aa4daf2d05 av_one_fifth  avia-builder-el-1  el_before_av_three_fifth  avia-builder-el-first  first flex_column_div'     ><\/div><div  class='flex_column av-3vbl2-a70f4735cdd382afcc84ead0ff04cc0d av_three_fifth  avia-builder-el-2  el_after_av_one_fifth  el_before_av_one_fifth  flex_column_div'     ><p>\n<style type=\"text\/css\" data-created_by=\"avia_inline_auto\" id=\"style-css-av-3j0di-10499ec4ec4bc239f52913ac1af618fc\">\n#top .av-special-heading.av-3j0di-10499ec4ec4bc239f52913ac1af618fc{\npadding-bottom:10px;\ncolor:#ffffff;\n}\nbody .av-special-heading.av-3j0di-10499ec4ec4bc239f52913ac1af618fc .av-special-heading-tag .heading-char{\nfont-size:25px;\n}\n.av-special-heading.av-3j0di-10499ec4ec4bc239f52913ac1af618fc .special-heading-inner-border{\nborder-color:#ffffff;\n}\n.av-special-heading.av-3j0di-10499ec4ec4bc239f52913ac1af618fc .av-subheading{\nfont-size:15px;\n}\n<\/style>\n<div  class='av-special-heading av-3j0di-10499ec4ec4bc239f52913ac1af618fc av-special-heading-h1 custom-color-heading blockquote modern-quote modern-centered  avia-builder-el-3  el_before_av_textblock  avia-builder-el-first'><h1 class='av-special-heading-tag'  itemprop=\"headline\"  >Solutions de commerce \u00e9lectronique<\/h1><div class='av_custom_color av-subheading av-subheading_below'><p><a href=\"https:\/\/swissmediadesign.com\/fr\/notre-expertise\/devenir-visible\/boutiques-en-ligne\/\">Conception de sites web &amp; boutiques<\/a> \/ <a href=\"https:\/\/swissmediadesign.com\/fr\/notre-expertise\/devenir-visible\/boutiques-en-ligne\/solutions-e-commerce\/\">Solutions de commerce \u00e9lectronique<\/a><\/p>\n<\/div><div class=\"special-heading-border\"><div class=\"special-heading-inner-border\"><\/div><\/div><\/div><br \/>\n\n<style type=\"text\/css\" data-created_by=\"avia_inline_auto\" id=\"style-css-av-2tpsy-5d4bc141605de9d825f3a050dddf5e4b\">\n#top .av_textblock_section.av-2tpsy-5d4bc141605de9d825f3a050dddf5e4b .avia_textblock{\ncolor:#ffffff;\n}\n<\/style>\n<section  class='av_textblock_section av-2tpsy-5d4bc141605de9d825f3a050dddf5e4b'   itemscope=\"itemscope\" itemtype=\"https:\/\/schema.org\/CreativeWork\" ><div class='avia_textblock av_inherit_color'  itemprop=\"text\" ><p style=\"text-align: center;\">Ouvrez de nouvelles dimensions \u00e0 votre succ\u00e8s en mati\u00e8re de commerce \u00e9lectronique avec Swiss Media Design. Nos solutions de boutique en ligne sur mesure, compl\u00e9t\u00e9es par un choix vari\u00e9 de m\u00e9thodes de paiement, y compris 24 crypto-monnaies, \u00e9tablissent de nouveaux standards dans le monde num\u00e9rique. Nous combinons innovation et compr\u00e9hension des affaires pour votre succ\u00e8s.<\/p>\n<\/div><\/section><\/p><\/div><div  class='flex_column av-1vih6-72dff6878d7f936f2b5ab514eec71cf6 av_one_fifth  avia-builder-el-5  el_after_av_three_fifth  avia-builder-el-last  flex_column_div'     ><\/div><\/div><\/div><\/main><!-- close content main element --><\/div><\/div><\/div><div id='after_section_1'  class='main_color av_default_container_wrap container_wrap fullsize'  ><div class='container av-section-cont-open' ><div class='template-page content  av-content-full alpha units'><div class='post-entry post-entry-type-page post-entry-98'><div class='entry-content-wrapper clearfix'><div  class='flex_column av-68gi-2d4651b4893d90c2daad2d0350f4b38a av_one_full  avia-builder-el-6  el_after_av_section  avia-builder-el-no-sibling  first flex_column_div'     ><p>\n<style type=\"text\/css\" data-created_by=\"avia_inline_auto\" id=\"style-css-av-10kcu-b1545fb6a29bff1809304ba53c874501\">\n#top .av-special-heading.av-10kcu-b1545fb6a29bff1809304ba53c874501{\npadding-bottom:10px;\n}\nbody .av-special-heading.av-10kcu-b1545fb6a29bff1809304ba53c874501 .av-special-heading-tag .heading-char{\nfont-size:25px;\n}\n.av-special-heading.av-10kcu-b1545fb6a29bff1809304ba53c874501 .av-subheading{\nfont-size:15px;\n}\n<\/style>\n<div  class='av-special-heading av-10kcu-b1545fb6a29bff1809304ba53c874501 av-special-heading-h2 blockquote modern-quote  avia-builder-el-7  el_before_av_textblock  avia-builder-el-first'><h2 class='av-special-heading-tag'  itemprop=\"headline\"  >L'innovation rencontre la tradition : votre voie vers le succ\u00e8s \u00e0 l'\u00e8re num\u00e9rique<\/h2><div class=\"special-heading-border\"><div class=\"special-heading-inner-border\"><\/div><\/div><\/div><br \/>\n<section  class='av_textblock_section av-lus602or-284af8653e36585745d978daaff1b912'   itemscope=\"itemscope\" itemtype=\"https:\/\/schema.org\/CreativeWork\" ><div class='avia_textblock'  itemprop=\"text\" ><p>Dans un monde qui tourne de plus en plus vite et o\u00f9 la technologie fa\u00e7onne non seulement les affaires, mais aussi la vie quotidienne, Swiss Media Design est \u00e0 vos c\u00f4t\u00e9s pour transformer votre boutique en ligne en une histoire \u00e0 succ\u00e8s. Nous comprenons que votre boutique en ligne est plus qu'un simple site web - c'est le c\u0153ur num\u00e9rique de votre entreprise, un lieu o\u00f9 votre passion rencontre vos clients. C'est pourquoi nous proposons des solutions sur mesure, bas\u00e9es sur les puissantes plateformes WordPress WooCommerce et Shopify, pour faire de votre r\u00eave de boutique en ligne parfaite une r\u00e9alit\u00e9.<\/p>\n<p>Notre engagement ne s'arr\u00eate toutefois pas \u00e0 la mise \u00e0 disposition d'une plateforme conviviale et visuellement agr\u00e9able. Nous savons que les m\u00e9thodes de paiement dans le commerce \u00e9lectronique doivent \u00eatre aussi vari\u00e9es que vos clients eux-m\u00eames. C'est pourquoi nous multiplions les possibilit\u00e9s afin d'offrir \u00e0 vos clients une exp\u00e9rience d'achat transparente et s\u00e9curis\u00e9e. Outre les m\u00e9thodes de paiement traditionnelles telles que les cartes de cr\u00e9dit, les virements bancaires et PayPal, nous avons int\u00e9gr\u00e9 le syst\u00e8me de paiement innovant Twint et faisons d\u00e9sormais un pas de plus vers l'avenir.<\/p>\n<p>Reconnaissant l'importance croissante des monnaies num\u00e9riques dans l'\u00e9conomie mondiale, nous sommes fiers d'offrir des paiements dans une s\u00e9lection impressionnante de 24 crypto-monnaies : Bitcoin, Bitcoin Cash, Bitcoin SV, Cardano (ADA), Dogecoin, Ethereum, Voyager Token (VGX), Litecoin, Nano, OmiseGo, Paxos Standard Token, Polkadot, Stellar, Solana, Qtum, Tron, TrueUSD, USD Coin, Tether ERC-20, USDTTRC20, Aave, Binance Chain (BEP2), Binance Smart Chain (BEP20), Chainlink, et Polygon. Cette d\u00e9cision refl\u00e8te notre engagement \u00e0 \u00eatre \u00e0 la pointe de l'innovation technologique et \u00e0 offrir \u00e0 nos clients la libert\u00e9 d'utiliser les moyens de paiement les plus r\u00e9cents.<\/p>\n<p>Chez Swiss Media Design, nous pensons que votre boutique en ligne est le pont entre vous et vos clients dans le monde entier. C'est pourquoi nous mettons tout en \u0153uvre pour que ce lien soit aussi fort, s\u00fbr et p\u00e9renne que possible. Nous vous invitons \u00e0 suivre cette voie passionnante avec nous. Ouvrons ensemble les portes vers de nouvelles possibilit\u00e9s et menons votre boutique en ligne vers un avenir radieux avec Swiss Media Design.<\/p>\n<\/div><\/section><\/p><\/div><\/p>","protected":false},"excerpt":{"rendered":"","protected":false},"author":2,"featured_media":0,"parent":88,"menu_order":3112,"comment_status":"closed","ping_status":"closed","template":"","meta":{"footnotes":""},"class_list":["post-98","page","type-page","status-publish","hentry"],"_links":{"self":[{"href":"https:\/\/swissmediadesign.com\/fr\/wp-json\/wp\/v2\/pages\/98","targetHints":{"allow":["GET"]}}],"collection":[{"href":"https:\/\/swissmediadesign.com\/fr\/wp-json\/wp\/v2\/pages"}],"about":[{"href":"https:\/\/swissmediadesign.com\/fr\/wp-json\/wp\/v2\/types\/page"}],"author":[{"embeddable":true,"href":"https:\/\/swissmediadesign.com\/fr\/wp-json\/wp\/v2\/users\/2"}],"replies":[{"embeddable":true,"href":"https:\/\/swissmediadesign.com\/fr\/wp-json\/wp\/v2\/comments?post=98"}],"version-history":[{"count":0,"href":"https:\/\/swissmediadesign.com\/fr\/wp-json\/wp\/v2\/pages\/98\/revisions"}],"up":[{"embeddable":true,"href":"https:\/\/swissmediadesign.com\/fr\/wp-json\/wp\/v2\/pages\/88"}],"wp:attachment":[{"href":"https:\/\/swissmediadesign.com\/fr\/wp-json\/wp\/v2\/media?parent=98"}],"curies":[{"name":"wp","href":"https:\/\/api.w.org\/{rel}","templated":true}]}}