{"id":107,"date":"2024-04-02T20:30:44","date_gmt":"2024-04-02T18:30:44","guid":{"rendered":"https:\/\/swissmediadesign.com\/?page_id=107"},"modified":"2025-03-25T11:19:05","modified_gmt":"2025-03-25T10:19:05","slug":"logodesign","status":"publish","type":"page","link":"https:\/\/swissmediadesign.com\/it\/la-nostra-esperienza\/diventare-visibile\/identita-aziendale\/design-del-logo\/","title":{"rendered":"Design del logo"},"content":{"rendered":"<style type=\"text\/css\" data-created_by=\"avia_inline_auto\" id=\"style-css-av-lv0yeg58-106f8fc99287b6ba6a46185fe28dee16\">\n.avia-section.av-lv0yeg58-106f8fc99287b6ba6a46185fe28dee16{\nbackground-repeat:no-repeat;\nbackground-image:url(https:\/\/swissmediadesign.com\/wp-content\/uploads\/2024\/04\/224386232_m_normal_none-3-1500x1000.jpg);\nbackground-position:50% 0%;\nbackground-attachment:scroll;\n}\n.avia-section.av-lv0yeg58-106f8fc99287b6ba6a46185fe28dee16 .av-section-color-overlay{\nopacity:0.5;\nbackground-color:#000000;\n}\n<\/style>\n<div id='av_section_1'  class='avia-section av-lv0yeg58-106f8fc99287b6ba6a46185fe28dee16 main_color avia-section-default avia-no-border-styling  avia-builder-el-0  el_before_av_one_full  avia-builder-el-first  avia-full-stretch avia-bg-style-scroll av-section-color-overlay-active container_wrap fullsize'  data-section-bg-repeat='stretch'><div class=\"av-section-color-overlay-wrap\"><div class=\"av-section-color-overlay\"><\/div><div class='container av-section-cont-open' ><main  role=\"main\" itemprop=\"mainContentOfPage\"  class='template-page content  av-content-full alpha units'><div class='post-entry post-entry-type-page post-entry-107'><div class='entry-content-wrapper clearfix'>\n<div  class='flex_column av-y4he3-8aed0d59e175d3e8b4f47a742b1d858a av_one_fifth  avia-builder-el-1  el_before_av_three_fifth  avia-builder-el-first  first flex_column_div'     ><\/div><div  class='flex_column av-pjwlf-8f26ceadc49157224562d8238c09483d av_three_fifth  avia-builder-el-2  el_after_av_one_fifth  el_before_av_one_fifth  flex_column_div'     ><p>\n<style type=\"text\/css\" data-created_by=\"avia_inline_auto\" id=\"style-css-av-n4irf-edbe93c60ffc5f56efc65082806a19b6\">\n#top .av-special-heading.av-n4irf-edbe93c60ffc5f56efc65082806a19b6{\npadding-bottom:10px;\ncolor:#ffffff;\n}\nbody .av-special-heading.av-n4irf-edbe93c60ffc5f56efc65082806a19b6 .av-special-heading-tag .heading-char{\nfont-size:25px;\n}\n.av-special-heading.av-n4irf-edbe93c60ffc5f56efc65082806a19b6 .special-heading-inner-border{\nborder-color:#ffffff;\n}\n.av-special-heading.av-n4irf-edbe93c60ffc5f56efc65082806a19b6 .av-subheading{\nfont-size:15px;\n}\n<\/style>\n<div  class='av-special-heading av-n4irf-edbe93c60ffc5f56efc65082806a19b6 av-special-heading-h1 custom-color-heading blockquote modern-quote modern-centered  avia-builder-el-3  el_before_av_textblock  avia-builder-el-first'><h1 class='av-special-heading-tag'  itemprop=\"headline\"  >Design del logo<\/h1><div class='av_custom_color av-subheading av-subheading_below'><p><a href=\"https:\/\/swissmediadesign.com\/it\/la-nostra-esperienza\/diventare-visibile\/identita-aziendale\/\">Identit\u00e0 aziendale<\/a> \/ <a href=\"https:\/\/swissmediadesign.com\/it\/la-nostra-esperienza\/diventare-visibile\/identita-aziendale\/design-del-logo\/\">Design del logo<\/a><\/p>\n<\/div><div class=\"special-heading-border\"><div class=\"special-heading-inner-border\"><\/div><\/div><\/div><br \/>\n\n<style type=\"text\/css\" data-created_by=\"avia_inline_auto\" id=\"style-css-av-cjl0z-1ef230a91fc35ba5fe26dfd271e67349\">\n#top .av_textblock_section.av-cjl0z-1ef230a91fc35ba5fe26dfd271e67349 .avia_textblock{\ncolor:#ffffff;\n}\n<\/style>\n<section  class='av_textblock_section av-cjl0z-1ef230a91fc35ba5fe26dfd271e67349'   itemscope=\"itemscope\" itemtype=\"https:\/\/schema.org\/CreativeWork\" ><div class='avia_textblock av_inherit_color'  itemprop=\"text\" ><p style=\"text-align: center;\">Scoprite subito le soluzioni innovative e personalizzate di Swiss Media Design per la creazione di loghi. Con strategie complete, creative e mirate, sviluppiamo in modo proattivo il vostro logo unico per una presenza forte, assertiva e convincente, nonch\u00e9 per una percezione del marchio sostenibile e di grande impatto.<\/p>\n<\/div><\/section><\/p><\/div><div  class='flex_column av-7tw8b-0bc00732f98f6112f7eee62e52351b0f av_one_fifth  avia-builder-el-5  el_after_av_three_fifth  avia-builder-el-last  flex_column_div'     ><\/div><\/div><\/div><\/main><!-- close content main element --><\/div><\/div><\/div><div id='after_section_1'  class='main_color av_default_container_wrap container_wrap fullsize'  ><div class='container av-section-cont-open' ><div class='template-page content  av-content-full alpha units'><div class='post-entry post-entry-type-page post-entry-107'><div class='entry-content-wrapper clearfix'><div  class='flex_column av-8bx5f-fa63642824a82caa793846a3ff02de72 av_one_full  avia-builder-el-6  el_after_av_section  avia-builder-el-no-sibling  first flex_column_div'     ><p>\n<style type=\"text\/css\" data-created_by=\"avia_inline_auto\" id=\"style-css-av-lw0eifo2-f66531c41c6d8980cb557f4b10fbdb91\">\n#top .av-special-heading.av-lw0eifo2-f66531c41c6d8980cb557f4b10fbdb91{\npadding-bottom:10px;\n}\nbody .av-special-heading.av-lw0eifo2-f66531c41c6d8980cb557f4b10fbdb91 .av-special-heading-tag .heading-char{\nfont-size:25px;\n}\n.av-special-heading.av-lw0eifo2-f66531c41c6d8980cb557f4b10fbdb91 .av-subheading{\nfont-size:15px;\n}\n<\/style>\n<div  class='av-special-heading av-lw0eifo2-f66531c41c6d8980cb557f4b10fbdb91 av-special-heading-h2 blockquote modern-quote  avia-builder-el-7  el_before_av_textblock  avia-builder-el-first'><h2 class='av-special-heading-tag'  itemprop=\"headline\"  >Design professionale del logo per il vostro marchio<\/h2><div class=\"special-heading-border\"><div class=\"special-heading-inner-border\"><\/div><\/div><\/div><br \/>\n<section  class='av_textblock_section av-lw0eila9-713480773c5c513bdcb642c52f80d9df'   itemscope=\"itemscope\" itemtype=\"https:\/\/schema.org\/CreativeWork\" ><div class='avia_textblock'  itemprop=\"text\" ><p>Benvenuti nel mondo del design creativo di loghi, dove la vostra visione si trasforma in loghi unici e personalizzati. I nostri designer professionisti sfruttano la loro vasta esperienza e creativit\u00e0 per offrirvi soluzioni innovative in Adobe Illustrator, personalizzate in base alle vostre esigenze. Siamo consapevoli che un buon logo \u00e8 pi\u00f9 di una semplice immagine: \u00e8 il fulcro dell'identit\u00e0 del vostro marchio e svolge un ruolo cruciale nella comunicazione dei valori aziendali.<\/p>\n<p>Con noi, tutto inizia con una comprensione approfondita degli obiettivi del vostro marchio, seguita dalla creazione di tre logotipi personalizzati basati sul vostro brief e sulla nostra interpretazione creativa. In seguito, fissiamo un incontro con voi per discutere i progetti in dettaglio e raccogliere il vostro feedback. Questo processo interattivo garantisce che il vostro logo non solo sia accattivante, ma rappresenti perfettamente voi e il vostro marchio.<\/p>\n<p>Lavoriamo in formato vettoriale per garantire che il vostro logo risulti impeccabile in qualsiasi dimensione e su qualsiasi piattaforma, dai biglietti da visita ai grandi poster. Il nostro lavoro termina solo quando siete completamente soddisfatti del logo finale. Su richiesta, offriamo anche la possibilit\u00e0 di invertire il logo su sfondo nero. Si tratta di un'opzione molto richiesta, ma si prega di notare che si tratta di una spesa aggiuntiva e che deve essere presa in considerazione di conseguenza.<\/p>\n<p>Al termine del processo di progettazione, riceverete un pacchetto logo completo che include i formati di file pi\u00f9 comuni: AI, EPS, SVG, PDF, PNG e JPG. Questo vi garantisce di avere a portata di mano il file giusto per ogni applicazione. Inoltre, offriamo anche assistenza per l'implementazione del vostro nuovo logo su diversi media e piattaforme, per garantire che il vostro marchio sia presentato in modo coerente ed efficace.<\/p>\n<p>Lavoriamo insieme per creare un logo forte, deciso e convincente che rafforzi in modo duraturo la percezione del vostro marchio e vi aiuti a distinguervi in un mercato competitivo. La vostra soddisfazione \u00e8 il nostro obiettivo finale, e non siamo soddisfatti finch\u00e9 non lo siete voi.<\/p>\n<\/div><\/section><\/p><\/div><\/p>","protected":false},"excerpt":{"rendered":"","protected":false},"author":2,"featured_media":0,"parent":104,"menu_order":3221,"comment_status":"closed","ping_status":"closed","template":"","meta":{"footnotes":""},"class_list":["post-107","page","type-page","status-publish","hentry"],"_links":{"self":[{"href":"https:\/\/swissmediadesign.com\/it\/wp-json\/wp\/v2\/pages\/107","targetHints":{"allow":["GET"]}}],"collection":[{"href":"https:\/\/swissmediadesign.com\/it\/wp-json\/wp\/v2\/pages"}],"about":[{"href":"https:\/\/swissmediadesign.com\/it\/wp-json\/wp\/v2\/types\/page"}],"author":[{"embeddable":true,"href":"https:\/\/swissmediadesign.com\/it\/wp-json\/wp\/v2\/users\/2"}],"replies":[{"embeddable":true,"href":"https:\/\/swissmediadesign.com\/it\/wp-json\/wp\/v2\/comments?post=107"}],"version-history":[{"count":0,"href":"https:\/\/swissmediadesign.com\/it\/wp-json\/wp\/v2\/pages\/107\/revisions"}],"up":[{"embeddable":true,"href":"https:\/\/swissmediadesign.com\/it\/wp-json\/wp\/v2\/pages\/104"}],"wp:attachment":[{"href":"https:\/\/swissmediadesign.com\/it\/wp-json\/wp\/v2\/media?parent=107"}],"curies":[{"name":"wp","href":"https:\/\/api.w.org\/{rel}","templated":true}]}}