{"id":109,"date":"2024-04-02T20:30:59","date_gmt":"2024-04-02T18:30:59","guid":{"rendered":"https:\/\/swissmediadesign.com\/?page_id=109"},"modified":"2025-03-25T11:21:55","modified_gmt":"2025-03-25T10:21:55","slug":"branding-rebranding","status":"publish","type":"page","link":"https:\/\/swissmediadesign.com\/it\/la-nostra-esperienza\/diventare-visibile\/identita-aziendale\/branding-rebranding\/","title":{"rendered":"Branding e rebranding"},"content":{"rendered":"<style type=\"text\/css\" data-created_by=\"avia_inline_auto\" id=\"style-css-av-1e1nnh-fe7a2c93cc3f571549a8e7f493fb32cc\">\n.avia-section.av-1e1nnh-fe7a2c93cc3f571549a8e7f493fb32cc{\nbackground-repeat:no-repeat;\nbackground-image:url(https:\/\/swissmediadesign.com\/wp-content\/uploads\/2024\/05\/207420574_m_normal_none-1500x1000.jpg);\nbackground-position:50% 50%;\nbackground-attachment:scroll;\n}\n.avia-section.av-1e1nnh-fe7a2c93cc3f571549a8e7f493fb32cc .av-section-color-overlay{\nopacity:0.5;\nbackground-color:#000000;\n}\n<\/style>\n<div id='av_section_1'  class='avia-section av-1e1nnh-fe7a2c93cc3f571549a8e7f493fb32cc main_color avia-section-default avia-no-border-styling  avia-builder-el-0  el_before_av_one_full  avia-builder-el-first  avia-full-stretch avia-bg-style-scroll av-section-color-overlay-active container_wrap fullsize'  data-section-bg-repeat='stretch'><div class=\"av-section-color-overlay-wrap\"><div class=\"av-section-color-overlay\"><\/div><div class='container av-section-cont-open' ><main  role=\"main\" itemprop=\"mainContentOfPage\"  class='template-page content  av-content-full alpha units'><div class='post-entry post-entry-type-page post-entry-109'><div class='entry-content-wrapper clearfix'>\n<div  class='flex_column av-18tx5x-7695476ea70dbfee9e1528bdaa8dd9a0 av_one_fifth  avia-builder-el-1  el_before_av_three_fifth  avia-builder-el-first  first flex_column_div'     ><\/div><div  class='flex_column av-10n951-0b47673e12a4490479678ca5b04cbd36 av_three_fifth  avia-builder-el-2  el_after_av_one_fifth  el_before_av_one_fifth  flex_column_div'     ><p>\n<style type=\"text\/css\" data-created_by=\"avia_inline_auto\" id=\"style-css-av-lw0euykp-f3c232ed86e880e5d3ee50fe423c8bae\">\n#top .av-special-heading.av-lw0euykp-f3c232ed86e880e5d3ee50fe423c8bae{\npadding-bottom:10px;\ncolor:#ffffff;\n}\nbody .av-special-heading.av-lw0euykp-f3c232ed86e880e5d3ee50fe423c8bae .av-special-heading-tag .heading-char{\nfont-size:25px;\n}\n.av-special-heading.av-lw0euykp-f3c232ed86e880e5d3ee50fe423c8bae .special-heading-inner-border{\nborder-color:#ffffff;\n}\n.av-special-heading.av-lw0euykp-f3c232ed86e880e5d3ee50fe423c8bae .av-subheading{\nfont-size:15px;\n}\n<\/style>\n<div  class='av-special-heading av-lw0euykp-f3c232ed86e880e5d3ee50fe423c8bae av-special-heading-h1 custom-color-heading blockquote modern-quote modern-centered  avia-builder-el-3  el_before_av_textblock  avia-builder-el-first'><h1 class='av-special-heading-tag'  itemprop=\"headline\"  >Branding <span class='special_amp'>&amp;<\/span> Rebranding<\/h1><div class='av_custom_color av-subheading av-subheading_below'><p><a href=\"https:\/\/swissmediadesign.com\/it\/la-nostra-esperienza\/diventare-visibile\/identita-aziendale\/\">Identit\u00e0 aziendale<\/a> \/ <a href=\"https:\/\/swissmediadesign.com\/it\/la-nostra-esperienza\/diventare-visibile\/identita-aziendale\/branding-rebranding\/\">Branding e rebranding<\/a><\/p>\n<\/div><div class=\"special-heading-border\"><div class=\"special-heading-inner-border\"><\/div><\/div><\/div><br \/>\n\n<style type=\"text\/css\" data-created_by=\"avia_inline_auto\" id=\"style-css-av-wr90l-234e0f6c1da2858f4bd1a298acc4916b\">\n#top .av_textblock_section.av-wr90l-234e0f6c1da2858f4bd1a298acc4916b .avia_textblock{\ncolor:#ffffff;\n}\n<\/style>\n<section  class='av_textblock_section av-wr90l-234e0f6c1da2858f4bd1a298acc4916b'   itemscope=\"itemscope\" itemtype=\"https:\/\/schema.org\/CreativeWork\" ><div class='avia_textblock av_inherit_color'  itemprop=\"text\" ><p style=\"text-align: center;\">Scoprite il potere di trasformazione dei nostri servizi di branding e rebranding. Grazie alla nostra vasta esperienza e creativit\u00e0, sviluppiamo strategie di marchio personalizzate che rendono il vostro marchio visibile e d'impatto. Utilizziamo la vostra visione per creare un'immagine di marca convincente che garantisca un successo a lungo termine.<\/p>\n<\/div><\/section><\/p><\/div><div  class='flex_column av-p546t-8e1d0608e675866d0698ada5eb4c95d4 av_one_fifth  avia-builder-el-5  el_after_av_three_fifth  avia-builder-el-last  flex_column_div'     ><\/div><\/div><\/div><\/main><!-- close content main element --><\/div><\/div><\/div><div id='after_section_1'  class='main_color av_default_container_wrap container_wrap fullsize'  ><div class='container av-section-cont-open' ><div class='template-page content  av-content-full alpha units'><div class='post-entry post-entry-type-page post-entry-109'><div class='entry-content-wrapper clearfix'><div  class='flex_column av-n3k1h-ab63db29a2dfd945cdbfc454252f87bd av_one_full  avia-builder-el-6  el_after_av_section  avia-builder-el-no-sibling  first flex_column_div'     ><p>\n<style type=\"text\/css\" data-created_by=\"avia_inline_auto\" id=\"style-css-av-cy79h-20645e4c5322b2d78c5b4fa4e347876c\">\n#top .av-special-heading.av-cy79h-20645e4c5322b2d78c5b4fa4e347876c{\npadding-bottom:10px;\n}\nbody .av-special-heading.av-cy79h-20645e4c5322b2d78c5b4fa4e347876c .av-special-heading-tag .heading-char{\nfont-size:25px;\n}\n.av-special-heading.av-cy79h-20645e4c5322b2d78c5b4fa4e347876c .av-subheading{\nfont-size:15px;\n}\n<\/style>\n<div  class='av-special-heading av-cy79h-20645e4c5322b2d78c5b4fa4e347876c av-special-heading-h2 blockquote modern-quote  avia-builder-el-7  el_before_av_textblock  avia-builder-el-first'><h2 class='av-special-heading-tag'  itemprop=\"headline\"  > Rafforzate il vostro marchio con il nostro branding e rebranding professionale<\/h2><div class=\"special-heading-border\"><div class=\"special-heading-inner-border\"><\/div><\/div><\/div><br \/>\n<section  class='av_textblock_section av-16fv1-a2c97b0a17bb8ccb9c935d8a35e3ecd0'   itemscope=\"itemscope\" itemtype=\"https:\/\/schema.org\/CreativeWork\" ><div class='avia_textblock'  itemprop=\"text\" ><p>Nel nostro mondo frenetico, un marchio chiaro e accattivante \u00e8 fondamentale per il successo di un'azienda. Il nostro servizio di branding e rebranding eleva l'identit\u00e0 del vostro marchio e la adatta alle condizioni di mercato in continua evoluzione. Grazie ad anni di esperienza e a una creativit\u00e0 sfrenata, offriamo soluzioni personalizzate che non solo rendono visibile il vostro marchio, ma che lasciano un'impressione duratura e creano un vantaggio competitivo.<\/p>\n<p>Con noi, tutto inizia con una profonda comprensione della storia del vostro marchio e dei valori che volete incarnare. Ci immergiamo nell'anima della vostra azienda per capire ed enfatizzare gli aspetti unici che vi contraddistinguono. Questo processo ci aiuta a sviluppare strategie che non sono solo tecnicamente impeccabili, ma anche emotivamente risonanti.<\/p>\n<p>Il nostro approccio integra gli obiettivi aziendali in ogni dettaglio del processo di rebranding, dalla riprogettazione visiva al riallineamento strategico della comunicazione del marchio. I nostri esperti utilizzano le vostre visioni principali per creare un'immagine del marchio coerente e coinvolgente che rifletta l'essenza della vostra filosofia aziendale e parli direttamente al vostro pubblico di riferimento. Poniamo particolare enfasi sul racconto di una storia che crei connessioni reali e coinvolga emotivamente i vostri clienti.<\/p>\n<p>Lavoriamo insieme per ridefinire il vostro marchio e trasformarlo in un'identit\u00e0 a prova di futuro che garantisca un successo a lungo termine. La nostra passione \u00e8 far progredire la vostra attivit\u00e0 attraverso un branding creativo ed efficace. Con il nostro approccio globale, faremo in modo che il vostro marchio risplenda in tutte le sue sfaccettature e crei un legame duraturo con clienti e stakeholder. Vedrete la vostra azienda non solo crescere, ma anche trovare un significato pi\u00f9 profondo e una connessione con il pubblico grazie ai nostri sforzi di branding mirati.<\/p>\n<\/div><\/section><\/p><\/div><\/p>","protected":false},"excerpt":{"rendered":"","protected":false},"author":2,"featured_media":0,"parent":104,"menu_order":3222,"comment_status":"closed","ping_status":"closed","template":"","meta":{"footnotes":""},"class_list":["post-109","page","type-page","status-publish","hentry"],"_links":{"self":[{"href":"https:\/\/swissmediadesign.com\/it\/wp-json\/wp\/v2\/pages\/109","targetHints":{"allow":["GET"]}}],"collection":[{"href":"https:\/\/swissmediadesign.com\/it\/wp-json\/wp\/v2\/pages"}],"about":[{"href":"https:\/\/swissmediadesign.com\/it\/wp-json\/wp\/v2\/types\/page"}],"author":[{"embeddable":true,"href":"https:\/\/swissmediadesign.com\/it\/wp-json\/wp\/v2\/users\/2"}],"replies":[{"embeddable":true,"href":"https:\/\/swissmediadesign.com\/it\/wp-json\/wp\/v2\/comments?post=109"}],"version-history":[{"count":0,"href":"https:\/\/swissmediadesign.com\/it\/wp-json\/wp\/v2\/pages\/109\/revisions"}],"up":[{"embeddable":true,"href":"https:\/\/swissmediadesign.com\/it\/wp-json\/wp\/v2\/pages\/104"}],"wp:attachment":[{"href":"https:\/\/swissmediadesign.com\/it\/wp-json\/wp\/v2\/media?parent=109"}],"curies":[{"name":"wp","href":"https:\/\/api.w.org\/{rel}","templated":true}]}}