{"id":120,"date":"2024-04-02T20:33:04","date_gmt":"2024-04-02T18:33:04","guid":{"rendered":"https:\/\/swissmediadesign.com\/?page_id=120"},"modified":"2025-03-25T10:59:01","modified_gmt":"2025-03-25T09:59:01","slug":"on-page-seo","status":"publish","type":"page","link":"https:\/\/swissmediadesign.com\/it\/la-nostra-esperienza\/diventare-visibile\/ottimizzazione-dei-motori-di-ricerca-seo\/seo-su-pagina\/","title":{"rendered":"SEO On-Page"},"content":{"rendered":"<style type=\"text\/css\" data-created_by=\"avia_inline_auto\" id=\"style-css-av-lw0k7ccz-41d6a5c99278af492dfbaa65dd0fbd04\">\n.avia-section.av-lw0k7ccz-41d6a5c99278af492dfbaa65dd0fbd04{\nbackground-repeat:no-repeat;\nbackground-image:url(https:\/\/swissmediadesign.com\/wp-content\/uploads\/2024\/05\/149942382_m_normal_none-1500x1000.jpg);\nbackground-position:50% 50%;\nbackground-attachment:scroll;\n}\n.avia-section.av-lw0k7ccz-41d6a5c99278af492dfbaa65dd0fbd04 .av-section-color-overlay{\nopacity:0.5;\nbackground-color:#000000;\n}\n<\/style>\n<div id='av_section_1'  class='avia-section av-lw0k7ccz-41d6a5c99278af492dfbaa65dd0fbd04 main_color avia-section-default avia-no-border-styling  avia-builder-el-0  el_before_av_one_full  avia-builder-el-first  avia-full-stretch avia-bg-style-scroll av-section-color-overlay-active container_wrap fullsize'  data-section-bg-repeat='stretch'><div class=\"av-section-color-overlay-wrap\"><div class=\"av-section-color-overlay\"><\/div><div class='container av-section-cont-open' ><main  role=\"main\" itemprop=\"mainContentOfPage\"  class='template-page content  av-content-full alpha units'><div class='post-entry post-entry-type-page post-entry-120'><div class='entry-content-wrapper clearfix'>\n<div  class='flex_column av-18y56g-c173eeb8c529c58bc0b1d44a17286f5e av_one_fifth  avia-builder-el-1  el_before_av_three_fifth  avia-builder-el-first  first flex_column_div'     ><\/div><div  class='flex_column av-119vyo-df88dc2872628b050b0194f399dc381d av_three_fifth  avia-builder-el-2  el_after_av_one_fifth  el_before_av_one_fifth  flex_column_div'     ><p>\n<style type=\"text\/css\" data-created_by=\"avia_inline_auto\" id=\"style-css-av-lw0k5o75-a429611fbb0171bbf0d9746a04ec61cf\">\n#top .av-special-heading.av-lw0k5o75-a429611fbb0171bbf0d9746a04ec61cf{\npadding-bottom:10px;\ncolor:#ffffff;\n}\nbody .av-special-heading.av-lw0k5o75-a429611fbb0171bbf0d9746a04ec61cf .av-special-heading-tag .heading-char{\nfont-size:25px;\n}\n.av-special-heading.av-lw0k5o75-a429611fbb0171bbf0d9746a04ec61cf .special-heading-inner-border{\nborder-color:#ffffff;\n}\n.av-special-heading.av-lw0k5o75-a429611fbb0171bbf0d9746a04ec61cf .av-subheading{\nfont-size:15px;\n}\n<\/style>\n<div  class='av-special-heading av-lw0k5o75-a429611fbb0171bbf0d9746a04ec61cf av-special-heading-h1 custom-color-heading blockquote modern-quote modern-centered  avia-builder-el-3  el_before_av_textblock  avia-builder-el-first'><h1 class='av-special-heading-tag'  itemprop=\"headline\"  >SEO On-Page<\/h1><div class='av_custom_color av-subheading av-subheading_below'><p><a href=\"https:\/\/swissmediadesign.com\/it\/la-nostra-esperienza\/diventare-visibile\/ottimizzazione-dei-motori-di-ricerca-seo\/\">Ottimizzazione dei motori di ricerca<\/a> \/ <a href=\"https:\/\/swissmediadesign.com\/it\/la-nostra-esperienza\/diventare-visibile\/ottimizzazione-dei-motori-di-ricerca-seo\/seo-su-pagina\/\">SEO On-Page<\/a><\/p>\n<\/div><div class=\"special-heading-border\"><div class=\"special-heading-inner-border\"><\/div><\/div><\/div><br \/>\n\n<style type=\"text\/css\" data-created_by=\"avia_inline_auto\" id=\"style-css-av-ym1cg-7f605075cba3d6c74cb6ed0d17dd8266\">\n#top .av_textblock_section.av-ym1cg-7f605075cba3d6c74cb6ed0d17dd8266 .avia_textblock{\ncolor:#ffffff;\n}\n<\/style>\n<section  class='av_textblock_section av-ym1cg-7f605075cba3d6c74cb6ed0d17dd8266'   itemscope=\"itemscope\" itemtype=\"https:\/\/schema.org\/CreativeWork\" ><div class='avia_textblock av_inherit_color'  itemprop=\"text\" ><p style=\"text-align: center;\">Portate il vostro sito web a un livello superiore grazie alla nostra profonda esperienza e creativit\u00e0. Sviluppiamo strategie SEO precise che non solo aumentano la visibilit\u00e0, ma incoraggiano anche l'interazione. Meta titoli personalizzati e parole chiave specifiche presentano i vostri contenuti e si rivolgono efficacemente al vostro gruppo target.<\/p>\n<\/div><\/section><\/p><\/div><div  class='flex_column av-rr6rs-4d8dd6d4524b94f8a745a5d121685481 av_one_fifth  avia-builder-el-5  el_after_av_three_fifth  avia-builder-el-last  flex_column_div'     ><\/div><\/div><\/div><\/main><!-- close content main element --><\/div><\/div><\/div><div id='after_section_1'  class='main_color av_default_container_wrap container_wrap fullsize'  ><div class='container av-section-cont-open' ><div class='template-page content  av-content-full alpha units'><div class='post-entry post-entry-type-page post-entry-120'><div class='entry-content-wrapper clearfix'><div  class='flex_column av-l95m8-59d4852a4ea69bf68f22c5e5b128761f av_one_full  avia-builder-el-6  el_after_av_section  avia-builder-el-no-sibling  first flex_column_div'     ><p>\n<style type=\"text\/css\" data-created_by=\"avia_inline_auto\" id=\"style-css-av-gzckw-88c813061c58609aebd15f763b5882a1\">\n#top .av-special-heading.av-gzckw-88c813061c58609aebd15f763b5882a1{\npadding-bottom:10px;\n}\nbody .av-special-heading.av-gzckw-88c813061c58609aebd15f763b5882a1 .av-special-heading-tag .heading-char{\nfont-size:25px;\n}\n.av-special-heading.av-gzckw-88c813061c58609aebd15f763b5882a1 .av-subheading{\nfont-size:15px;\n}\n<\/style>\n<div  class='av-special-heading av-gzckw-88c813061c58609aebd15f763b5882a1 av-special-heading-h2 blockquote modern-quote  avia-builder-el-7  el_before_av_textblock  avia-builder-el-first'><h2 class='av-special-heading-tag'  itemprop=\"headline\"  >Ottimizzate la vostra presenza online con i nostri servizi di SEO on-page personalizzati<\/h2><div class=\"special-heading-border\"><div class=\"special-heading-inner-border\"><\/div><\/div><\/div><br \/>\n<section  class='av_textblock_section av-9whfc-4d6ae5f87289ec99503c56c0d7c2fc9b'   itemscope=\"itemscope\" itemtype=\"https:\/\/schema.org\/CreativeWork\" ><div class='avia_textblock'  itemprop=\"text\" ><p>La SEO on-page \u00e8 fondamentale non solo per ottenere un buon posizionamento nei motori di ricerca, ma anche per creare connessioni reali con i vostri visitatori. Nella nostra strategia SEO personalizzata, poniamo particolare enfasi sulla creazione di meta titoli e descrizioni uniche per ogni pagina del vostro sito web. Inoltre, determiniamo una parola chiave specifica per ogni pagina che catturi con precisione l'essenza del contenuto e si rivolga al pubblico di destinazione. Queste misure assicurano che ogni pagina sia presentata nel modo migliore possibile, comunicando il messaggio del vostro marchio in modo potente e chiaro e aumentando la rilevanza nelle classifiche dei motori di ricerca.<\/p>\n<p>Ogni meta-titolo, descrizione e parola chiave \u00e8 formulata con cura per suscitare la curiosit\u00e0 e l'interesse del vostro pubblico target, creando un contatto iniziale che attira i potenziali clienti verso i contenuti del vostro sito. Questo approccio personalizzato non solo contribuisce a migliorare la visibilit\u00e0 nei risultati di ricerca, ma crea anche una risonanza emotiva che trasforma i visitatori in clienti fedeli.<\/p>\n<p>Lavoriamo inoltre per ottimizzare l'esperienza dell'utente su ogni singola pagina del vostro sito web, riducendo i tempi di caricamento, semplificando la navigazione e garantendo che tutti i contenuti siano progettati tenendo conto dell'usabilit\u00e0 e dell'accessibilit\u00e0. Consideriamo ogni pagina del vostro sito web come un'opportunit\u00e0 per raccontare una storia che coinvolga i vostri visitatori e li spinga a tornare.<\/p>\n<p>Grazie all'ottimizzazione delle parole chiave, al miglioramento della navigazione dell'utente e al rispetto delle best practice tecniche, il vostro sito web non solo verr\u00e0 trovato, ma rimarr\u00e0 ancorato nella mente dei vostri visitatori. Il nostro obiettivo \u00e8 trasformare la vostra presenza online in una fonte di esperienze memorabili che facciano la differenza nel vostro mercato e vi consacrino come un'autorit\u00e0 di primo piano nel vostro settore. Lavoriamo insieme per raggiungere i vostri obiettivi e trasformare il vostro sito web in un centro di attrazione magnetico per il vostro pubblico di riferimento.<\/p>\n<\/div><\/section><\/p><\/div><\/p>","protected":false},"excerpt":{"rendered":"","protected":false},"author":2,"featured_media":0,"parent":116,"menu_order":3132,"comment_status":"closed","ping_status":"closed","template":"","meta":{"footnotes":""},"class_list":["post-120","page","type-page","status-publish","hentry"],"_links":{"self":[{"href":"https:\/\/swissmediadesign.com\/it\/wp-json\/wp\/v2\/pages\/120","targetHints":{"allow":["GET"]}}],"collection":[{"href":"https:\/\/swissmediadesign.com\/it\/wp-json\/wp\/v2\/pages"}],"about":[{"href":"https:\/\/swissmediadesign.com\/it\/wp-json\/wp\/v2\/types\/page"}],"author":[{"embeddable":true,"href":"https:\/\/swissmediadesign.com\/it\/wp-json\/wp\/v2\/users\/2"}],"replies":[{"embeddable":true,"href":"https:\/\/swissmediadesign.com\/it\/wp-json\/wp\/v2\/comments?post=120"}],"version-history":[{"count":0,"href":"https:\/\/swissmediadesign.com\/it\/wp-json\/wp\/v2\/pages\/120\/revisions"}],"up":[{"embeddable":true,"href":"https:\/\/swissmediadesign.com\/it\/wp-json\/wp\/v2\/pages\/116"}],"wp:attachment":[{"href":"https:\/\/swissmediadesign.com\/it\/wp-json\/wp\/v2\/media?parent=120"}],"curies":[{"name":"wp","href":"https:\/\/api.w.org\/{rel}","templated":true}]}}