{"id":122,"date":"2024-04-02T20:33:23","date_gmt":"2024-04-02T18:33:23","guid":{"rendered":"https:\/\/swissmediadesign.com\/?page_id=122"},"modified":"2025-03-25T10:00:20","modified_gmt":"2025-03-25T09:00:20","slug":"lokale-seo-strategien","status":"publish","type":"page","link":"https:\/\/swissmediadesign.com\/it\/la-nostra-esperienza\/diventare-visibile\/ottimizzazione-dei-motori-di-ricerca-seo\/strategie-di-local-seo\/","title":{"rendered":"Strategie SEO locali"},"content":{"rendered":"<style type=\"text\/css\" data-created_by=\"avia_inline_auto\" id=\"style-css-av-1f4uxe-aec319be8dfd3d0773d1fcc213b63520\">\n.avia-section.av-1f4uxe-aec319be8dfd3d0773d1fcc213b63520{\nbackground-repeat:no-repeat;\nbackground-image:url(https:\/\/swissmediadesign.com\/wp-content\/uploads\/2024\/05\/116596555_m_normal_none-1500x1000.jpg);\nbackground-position:50% 50%;\nbackground-attachment:scroll;\n}\n.avia-section.av-1f4uxe-aec319be8dfd3d0773d1fcc213b63520 .av-section-color-overlay{\nopacity:0.5;\nbackground-color:#000000;\n}\n<\/style>\n<div id='av_section_1'  class='avia-section av-1f4uxe-aec319be8dfd3d0773d1fcc213b63520 main_color avia-section-default avia-no-border-styling  avia-builder-el-0  el_before_av_one_full  avia-builder-el-first  avia-full-stretch avia-bg-style-scroll av-section-color-overlay-active container_wrap fullsize'  data-section-bg-repeat='stretch'><div class=\"av-section-color-overlay-wrap\"><div class=\"av-section-color-overlay\"><\/div><div class='container av-section-cont-open' ><main  role=\"main\" itemprop=\"mainContentOfPage\"  class='template-page content  av-content-full alpha units'><div class='post-entry post-entry-type-page post-entry-122'><div class='entry-content-wrapper clearfix'>\n<div  class='flex_column av-16xjr6-a56984cb9b3bf8861c9a3d69cd6a51c6 av_one_fifth  avia-builder-el-1  el_before_av_three_fifth  avia-builder-el-first  first flex_column_div'     ><\/div><div  class='flex_column av-40c2y-421678a8a69207addcbd79a0d2c0aa82 av_three_fifth  avia-builder-el-2  el_after_av_one_fifth  el_before_av_one_fifth  flex_column_div'     ><p>\n<style type=\"text\/css\" data-created_by=\"avia_inline_auto\" id=\"style-css-av-lw0koatk-4afbafa4977495812c5abf337c79d89d\">\n#top .av-special-heading.av-lw0koatk-4afbafa4977495812c5abf337c79d89d{\npadding-bottom:10px;\ncolor:#ffffff;\n}\nbody .av-special-heading.av-lw0koatk-4afbafa4977495812c5abf337c79d89d .av-special-heading-tag .heading-char{\nfont-size:25px;\n}\n.av-special-heading.av-lw0koatk-4afbafa4977495812c5abf337c79d89d .special-heading-inner-border{\nborder-color:#ffffff;\n}\n.av-special-heading.av-lw0koatk-4afbafa4977495812c5abf337c79d89d .av-subheading{\nfont-size:15px;\n}\n<\/style>\n<div  class='av-special-heading av-lw0koatk-4afbafa4977495812c5abf337c79d89d av-special-heading-h1 custom-color-heading blockquote modern-quote modern-centered  avia-builder-el-3  el_before_av_textblock  avia-builder-el-first'><h1 class='av-special-heading-tag'  itemprop=\"headline\"  >Strategie SEO locali<\/h1><div class='av_custom_color av-subheading av-subheading_below'><p><a href=\"https:\/\/swissmediadesign.com\/it\/la-nostra-esperienza\/diventare-visibile\/ottimizzazione-dei-motori-di-ricerca-seo\/\">Ottimizzazione dei motori di ricerca<\/a> \/ <a href=\"https:\/\/swissmediadesign.com\/it\/la-nostra-esperienza\/diventare-visibile\/ottimizzazione-dei-motori-di-ricerca-seo\/strategie-di-local-seo\/\">Strategie SEO locali<\/a><\/p>\n<\/div><div class=\"special-heading-border\"><div class=\"special-heading-inner-border\"><\/div><\/div><\/div><br \/>\n\n<style type=\"text\/css\" data-created_by=\"avia_inline_auto\" id=\"style-css-av-ufq2y-ae543d438fd157e1ce2285ecc03419e0\">\n#top .av_textblock_section.av-ufq2y-ae543d438fd157e1ce2285ecc03419e0 .avia_textblock{\ncolor:#ffffff;\n}\n<\/style>\n<section  class='av_textblock_section av-ufq2y-ae543d438fd157e1ce2285ecc03419e0'   itemscope=\"itemscope\" itemtype=\"https:\/\/schema.org\/CreativeWork\" ><div class='avia_textblock av_inherit_color'  itemprop=\"text\" ><p style=\"text-align: center;\">Con oltre dieci anni di esperienza nel mercato svizzero, possiamo rendere visibile la vostra attivit\u00e0 a livello locale. Le nostre soluzioni di Local SEO utilizzano approcci innovativi per sviluppare strategie che attirino l'attenzione e diano risultati sostenibili. Lasciateci trasformare i vostri obiettivi SEO locali in un successo misurabile.<\/p>\n<\/div><\/section><\/p><\/div><div  class='flex_column av-qhnvu-b3d27dd8b920d6b8212d4725eeb8c6e5 av_one_fifth  avia-builder-el-5  el_after_av_three_fifth  avia-builder-el-last  flex_column_div'     ><\/div><\/div><\/div><\/main><!-- close content main element --><\/div><\/div><\/div><div id='after_section_1'  class='main_color av_default_container_wrap container_wrap fullsize'  ><div class='container av-section-cont-open' ><div class='template-page content  av-content-full alpha units'><div class='post-entry post-entry-type-page post-entry-122'><div class='entry-content-wrapper clearfix'><div  class='flex_column av-lk34y-a19de273ca4fec7dacbbe52ababd91a8 av_one_full  avia-builder-el-6  el_after_av_section  avia-builder-el-no-sibling  first flex_column_div'     ><p>\n<style type=\"text\/css\" data-created_by=\"avia_inline_auto\" id=\"style-css-av-dr0b6-21ab953e66e443fdc89e9abc440c65ae\">\n#top .av-special-heading.av-dr0b6-21ab953e66e443fdc89e9abc440c65ae{\npadding-bottom:10px;\n}\nbody .av-special-heading.av-dr0b6-21ab953e66e443fdc89e9abc440c65ae .av-special-heading-tag .heading-char{\nfont-size:25px;\n}\n.av-special-heading.av-dr0b6-21ab953e66e443fdc89e9abc440c65ae .av-subheading{\nfont-size:15px;\n}\n<\/style>\n<div  class='av-special-heading av-dr0b6-21ab953e66e443fdc89e9abc440c65ae av-special-heading-h2 blockquote modern-quote  avia-builder-el-7  el_before_av_textblock  avia-builder-el-first'><h2 class='av-special-heading-tag'  itemprop=\"headline\"  > Aumentate la vostra visibilit\u00e0 locale con le nostre strategie SEO locali specializzate<\/h2><div class=\"special-heading-border\"><div class=\"special-heading-inner-border\"><\/div><\/div><\/div><br \/>\n<section  class='av_textblock_section av-9a6yi-a60bc9f247626670561b2c47ed31fc46'   itemscope=\"itemscope\" itemtype=\"https:\/\/schema.org\/CreativeWork\" ><div class='avia_textblock'  itemprop=\"text\" ><p>Nel mondo digitale di oggi, \u00e8 fondamentale essere visibili a livello locale e connettersi direttamente con il proprio pubblico di riferimento. I nostri servizi di Local SEO su misura sono studiati appositamente per far risaltare la vostra attivit\u00e0 nei risultati delle ricerche locali, soprattutto attraverso un'ottimizzazione completa del vostro profilo Google My Business. Non solo rendiamo il vostro profilo pi\u00f9 attraente per le ricerche locali, ma ci assicuriamo anche che le informazioni sulla vostra attivit\u00e0 siano accurate e aggiornate per aumentare la vostra credibilit\u00e0 e visibilit\u00e0 nel mercato locale.<\/p>\n<p>Con oltre 10 anni di esperienza nella SEO locale, in particolare in Svizzera, abbiamo l'esperienza e la conoscenza del territorio per rendere la vostra attivit\u00e0 efficacemente visibile. Conosciamo le sfide e le opportunit\u00e0 specifiche del mercato svizzero e utilizziamo queste conoscenze per sviluppare strategie mirate che mettano la vostra posizione e il vostro marchio al centro dell'attenzione. La nostra profonda conoscenza del mercato locale ci permette di calibrare i vostri sforzi SEO per massimizzare l'impatto e aumentare la vostra visibilit\u00e0 dove conta di pi\u00f9: nella vostra zona.<\/p>\n<p>Le nostre strategie SEO locali emotivamente coinvolgenti vanno oltre l'ottimizzazione tecnica. Vi aiutiamo a costruire un rapporto pi\u00f9 profondo con la vostra comunit\u00e0 locale creando contenuti autentici che raccontano la vostra storia unica e coinvolgono i clienti locali. Promuovendo le recensioni e coinvolgendo le reti locali, rafforziamo la vostra presenza locale e costruiamo fiducia e fedelt\u00e0 con i vostri clienti.<\/p>\n<p>Affidatevi alle nostre tecniche mirate di Local SEO per migliorare non solo la vostra presenza online, ma anche per affermare il vostro marchio come una forza da tenere in considerazione nella comunit\u00e0 locale. Lavoriamo insieme per portarvi in cima ai risultati di ricerca locali e creare connessioni reali e durature con i vostri clienti locali.<\/p>\n<\/div><\/section><\/p><\/div><\/p>","protected":false},"excerpt":{"rendered":"","protected":false},"author":2,"featured_media":0,"parent":116,"menu_order":3133,"comment_status":"closed","ping_status":"closed","template":"","meta":{"footnotes":""},"class_list":["post-122","page","type-page","status-publish","hentry"],"_links":{"self":[{"href":"https:\/\/swissmediadesign.com\/it\/wp-json\/wp\/v2\/pages\/122","targetHints":{"allow":["GET"]}}],"collection":[{"href":"https:\/\/swissmediadesign.com\/it\/wp-json\/wp\/v2\/pages"}],"about":[{"href":"https:\/\/swissmediadesign.com\/it\/wp-json\/wp\/v2\/types\/page"}],"author":[{"embeddable":true,"href":"https:\/\/swissmediadesign.com\/it\/wp-json\/wp\/v2\/users\/2"}],"replies":[{"embeddable":true,"href":"https:\/\/swissmediadesign.com\/it\/wp-json\/wp\/v2\/comments?post=122"}],"version-history":[{"count":0,"href":"https:\/\/swissmediadesign.com\/it\/wp-json\/wp\/v2\/pages\/122\/revisions"}],"up":[{"embeddable":true,"href":"https:\/\/swissmediadesign.com\/it\/wp-json\/wp\/v2\/pages\/116"}],"wp:attachment":[{"href":"https:\/\/swissmediadesign.com\/it\/wp-json\/wp\/v2\/media?parent=122"}],"curies":[{"name":"wp","href":"https:\/\/api.w.org\/{rel}","templated":true}]}}