{"id":147,"date":"2024-04-02T20:44:12","date_gmt":"2024-04-02T18:44:12","guid":{"rendered":"https:\/\/swissmediadesign.com\/?page_id=147"},"modified":"2025-04-24T08:42:40","modified_gmt":"2025-04-24T06:42:40","slug":"newslettergestaltung-ohne-versand","status":"publish","type":"page","link":"https:\/\/swissmediadesign.com\/it\/la-nostra-esperienza\/crescere\/sviluppo-del-design-aziendale\/manuale-di-progettazione-aziendale\/","title":{"rendered":"Progettazione di newsletter senza invio"},"content":{"rendered":"<style type=\"text\/css\" data-created_by=\"avia_inline_auto\" id=\"style-css-av-lwi1t8qw-ec44c7fd5ce62ff543864af65168b46d\">\n.avia-section.av-lwi1t8qw-ec44c7fd5ce62ff543864af65168b46d{\nbackground-repeat:no-repeat;\nbackground-image:url(https:\/\/swissmediadesign.com\/wp-content\/uploads\/2024\/05\/208151297_m_normal_none-1500x1000.jpg);\nbackground-position:50% 50%;\nbackground-attachment:scroll;\n}\n.avia-section.av-lwi1t8qw-ec44c7fd5ce62ff543864af65168b46d .av-section-color-overlay{\nopacity:0.5;\nbackground-color:#000000;\n}\n<\/style>\n<div id='av_section_1'  class='avia-section av-lwi1t8qw-ec44c7fd5ce62ff543864af65168b46d main_color avia-section-default avia-no-border-styling  avia-builder-el-0  el_before_av_one_full  avia-builder-el-first  avia-full-stretch avia-bg-style-scroll av-section-color-overlay-active container_wrap fullsize'  data-section-bg-repeat='stretch'><div class=\"av-section-color-overlay-wrap\"><div class=\"av-section-color-overlay\"><\/div><div class='container av-section-cont-open' ><main  role=\"main\" itemprop=\"mainContentOfPage\"  class='template-page content  av-content-full alpha units'><div class='post-entry post-entry-type-page post-entry-147'><div class='entry-content-wrapper clearfix'>\n<div  class='flex_column av-zbkcj-6526e351e07e99131b42e9e86bc49e19 av_one_fifth  avia-builder-el-1  el_before_av_three_fifth  avia-builder-el-first  first flex_column_div'     ><\/div><div  class='flex_column av-olc0z-1895124de99ae31446d7ba7da2b5b35e av_three_fifth  avia-builder-el-2  el_after_av_one_fifth  el_before_av_one_fifth  flex_column_div'     ><p>\n<style type=\"text\/css\" data-created_by=\"avia_inline_auto\" id=\"style-css-av-lwi1sijc-611a60d69c508c0eba024f04747e93e3\">\n#top .av-special-heading.av-lwi1sijc-611a60d69c508c0eba024f04747e93e3{\npadding-bottom:10px;\ncolor:#ffffff;\n}\nbody .av-special-heading.av-lwi1sijc-611a60d69c508c0eba024f04747e93e3 .av-special-heading-tag .heading-char{\nfont-size:25px;\n}\n.av-special-heading.av-lwi1sijc-611a60d69c508c0eba024f04747e93e3 .special-heading-inner-border{\nborder-color:#ffffff;\n}\n.av-special-heading.av-lwi1sijc-611a60d69c508c0eba024f04747e93e3 .av-subheading{\nfont-size:15px;\n}\n<\/style>\n<div  class='av-special-heading av-lwi1sijc-611a60d69c508c0eba024f04747e93e3 av-special-heading-h1 custom-color-heading blockquote modern-quote modern-centered  avia-builder-el-3  el_before_av_textblock  avia-builder-el-first'><h1 class='av-special-heading-tag'  itemprop=\"headline\"  >Progettazione di newsletter senza invio<\/h1><div class='av_custom_color av-subheading av-subheading_below'><p><a href=\"https:\/\/swissmediadesign.com\/it\/la-nostra-esperienza\/crescere\/sviluppo-del-design-aziendale\/\">Marketing online<\/a> \/ <a href=\"https:\/\/swissmediadesign.com\/it\/la-nostra-esperienza\/crescere\/sviluppo-del-design-aziendale\/manuale-di-progettazione-aziendale\/\">Progettazione di newsletter senza invio<\/a><\/p>\n<\/div><div class=\"special-heading-border\"><div class=\"special-heading-inner-border\"><\/div><\/div><\/div><br \/>\n\n<style type=\"text\/css\" data-created_by=\"avia_inline_auto\" id=\"style-css-av-iie2z-798fd64a655d0c03bae45c1b7d07fd7c\">\n#top .av_textblock_section.av-iie2z-798fd64a655d0c03bae45c1b7d07fd7c .avia_textblock{\ncolor:#ffffff;\n}\n<\/style>\n<section  class='av_textblock_section av-iie2z-798fd64a655d0c03bae45c1b7d07fd7c'   itemscope=\"itemscope\" itemtype=\"https:\/\/schema.org\/CreativeWork\" ><div class='avia_textblock av_inherit_color'  itemprop=\"text\" ><p style=\"text-align: center;\">Swiss Media Design offre un design creativo e professionale per le newsletter. Lavoriamo con Mailchimp e Cleverreach, creiamo modelli personalizzabili e offriamo una formazione online completa. A causa delle norme legali, non ci occupiamo noi stessi della spedizione, ma raccomandiamo fornitori di servizi specializzati.<\/p>\n<\/div><\/section><\/p><\/div><div  class='flex_column av-dvid7-890e9223386d613a1d35624cbe17a8d0 av_one_fifth  avia-builder-el-5  el_after_av_three_fifth  avia-builder-el-last  flex_column_div'     ><\/div><\/div><\/div><\/main><!-- close content main element --><\/div><\/div><\/div><div id='after_section_1'  class='main_color av_default_container_wrap container_wrap fullsize'  ><div class='container av-section-cont-open' ><div class='template-page content  av-content-full alpha units'><div class='post-entry post-entry-type-page post-entry-147'><div class='entry-content-wrapper clearfix'><div  class='flex_column av-w8lv-1bf67b6b29e38d0112221db9d23c12b8 av_one_full  avia-builder-el-6  el_after_av_section  avia-builder-el-no-sibling  first flex_column_div'     ><p>\n<style type=\"text\/css\" data-created_by=\"avia_inline_auto\" id=\"style-css-av-lwi22czu-c62608882ec8f5ddbdef4c05c3a85ba5\">\n#top .av-special-heading.av-lwi22czu-c62608882ec8f5ddbdef4c05c3a85ba5{\npadding-bottom:10px;\n}\nbody .av-special-heading.av-lwi22czu-c62608882ec8f5ddbdef4c05c3a85ba5 .av-special-heading-tag .heading-char{\nfont-size:25px;\n}\n.av-special-heading.av-lwi22czu-c62608882ec8f5ddbdef4c05c3a85ba5 .av-subheading{\nfont-size:15px;\n}\n<\/style>\n<div  class='av-special-heading av-lwi22czu-c62608882ec8f5ddbdef4c05c3a85ba5 av-special-heading-h2 blockquote modern-quote  avia-builder-el-7  el_before_av_textblock  avia-builder-el-first'><h2 class='av-special-heading-tag'  itemprop=\"headline\"  >Design di newsletter di ispirazione per il vostro marchio<\/h2><div class=\"special-heading-border\"><div class=\"special-heading-inner-border\"><\/div><\/div><\/div><br \/>\n<section  class='av_textblock_section av-lwi21uuo-ddde0f52e45b8dd77254ebaf17c4c257'   itemscope=\"itemscope\" itemtype=\"https:\/\/schema.org\/CreativeWork\" ><div class='avia_textblock'  itemprop=\"text\" ><p>Swiss Media Design offre servizi completi per la progettazione di newsletter accattivanti e professionali. La nostra esperienza consiste nello sviluppo creativo e strategico di newsletter che informano, ispirano e stimolano all'azione.<\/p>\n<p>La nostra attenzione \u00e8 rivolta al design, perch\u00e9 sappiamo che un design di prima qualit\u00e0 fa la differenza. Raccomandiamo quindi di utilizzare fornitori di servizi di email marketing specializzati per evitare problemi legali e garantire che le vostre newsletter siano inviate in conformit\u00e0 con la legge.<\/p>\n<p>Grazie alla nostra vasta esperienza, lavoriamo principalmente con piattaforme come Mailchimp e Cleverreach, che offrono strumenti di prim'ordine per la creazione e la gestione delle newsletter. I nostri servizi comprendono il design creativo, la progettazione dei contenuti, il layout e la struttura, nonch\u00e9 il responsive design.<\/p>\n<p>Il nostro editor drag-and-drop \u00e8 un punto di forza particolare. Creiamo modelli facili da usare che potete personalizzare facilmente. Offriamo anche una formazione online per facilitare l'utilizzo degli strumenti e ottimizzare la vostra strategia di email marketing.<\/p>\n<p>Creiamo anche customer journey per una strategia di marketing completamente automatizzata. Questi coprono tutte le fasi dal contatto iniziale alla conversione e oltre. Lavoriamo sempre con un processo di double opt-in per garantire che tutti i destinatari abbiano dato il loro consenso. Se i clienti si rivolgono a noi con liste di indirizzi e-mail gi\u00e0 esistenti, la responsabilit\u00e0 della legittimit\u00e0 di queste liste ricade sempre su di loro, poich\u00e9 noi ci occupiamo solo della progettazione e non dell'invio.<\/p>\n<p>Affidatevi a Swiss Media Design per fare delle vostre newsletter un potente strumento della vostra strategia di marketing. Contattateci oggi stesso e iniziate il vostro viaggio verso newsletter efficaci e di grande impatto.<\/p>\n<\/div><\/section><\/p><\/div><\/p>","protected":false},"excerpt":{"rendered":"","protected":false},"author":2,"featured_media":0,"parent":143,"menu_order":3222,"comment_status":"closed","ping_status":"closed","template":"","meta":{"footnotes":""},"class_list":["post-147","page","type-page","status-publish","hentry"],"_links":{"self":[{"href":"https:\/\/swissmediadesign.com\/it\/wp-json\/wp\/v2\/pages\/147","targetHints":{"allow":["GET"]}}],"collection":[{"href":"https:\/\/swissmediadesign.com\/it\/wp-json\/wp\/v2\/pages"}],"about":[{"href":"https:\/\/swissmediadesign.com\/it\/wp-json\/wp\/v2\/types\/page"}],"author":[{"embeddable":true,"href":"https:\/\/swissmediadesign.com\/it\/wp-json\/wp\/v2\/users\/2"}],"replies":[{"embeddable":true,"href":"https:\/\/swissmediadesign.com\/it\/wp-json\/wp\/v2\/comments?post=147"}],"version-history":[{"count":0,"href":"https:\/\/swissmediadesign.com\/it\/wp-json\/wp\/v2\/pages\/147\/revisions"}],"up":[{"embeddable":true,"href":"https:\/\/swissmediadesign.com\/it\/wp-json\/wp\/v2\/pages\/143"}],"wp:attachment":[{"href":"https:\/\/swissmediadesign.com\/it\/wp-json\/wp\/v2\/media?parent=147"}],"curies":[{"name":"wp","href":"https:\/\/api.w.org\/{rel}","templated":true}]}}