{"id":150,"date":"2024-04-02T20:44:39","date_gmt":"2024-04-02T18:44:39","guid":{"rendered":"https:\/\/swissmediadesign.com\/?page_id=150"},"modified":"2025-04-24T08:42:50","modified_gmt":"2025-04-24T06:42:50","slug":"effizientes-google-ads-marketing","status":"publish","type":"page","link":"https:\/\/swissmediadesign.com\/it\/la-nostra-esperienza\/crescere\/sviluppo-del-design-aziendale\/strategie-di-comunicazione-visiva\/","title":{"rendered":"Marketing efficiente su Google Ads"},"content":{"rendered":"<style type=\"text\/css\" data-created_by=\"avia_inline_auto\" id=\"style-css-av-lwi2t18n-fb308cb36728fc7206e07928035b06b6\">\n.avia-section.av-lwi2t18n-fb308cb36728fc7206e07928035b06b6{\nbackground-repeat:no-repeat;\nbackground-image:url(https:\/\/swissmediadesign.com\/wp-content\/uploads\/2024\/05\/AdobeStock_288081374_Editorial_Use_Only-1500x998.jpeg);\nbackground-position:50% 50%;\nbackground-attachment:scroll;\n}\n.avia-section.av-lwi2t18n-fb308cb36728fc7206e07928035b06b6 .av-section-color-overlay{\nopacity:0.5;\nbackground-color:#000000;\n}\n<\/style>\n<div id='av_section_1'  class='avia-section av-lwi2t18n-fb308cb36728fc7206e07928035b06b6 main_color avia-section-default avia-no-border-styling  avia-builder-el-0  el_before_av_one_full  avia-builder-el-first  avia-full-stretch avia-bg-style-scroll av-section-color-overlay-active container_wrap fullsize'  data-section-bg-repeat='stretch'><div class=\"av-section-color-overlay-wrap\"><div class=\"av-section-color-overlay\"><\/div><div class='container av-section-cont-open' ><main  role=\"main\" itemprop=\"mainContentOfPage\"  class='template-page content  av-content-full alpha units'><div class='post-entry post-entry-type-page post-entry-150'><div class='entry-content-wrapper clearfix'>\n<div  class='flex_column av-z7d46-03c82e51c12f64018c624a0c2bf8255c av_one_fifth  avia-builder-el-1  el_before_av_three_fifth  avia-builder-el-first  first flex_column_div'     ><\/div><div  class='flex_column av-r5ti6-7d581946a5996e293e131ab1e337abeb av_three_fifth  avia-builder-el-2  el_after_av_one_fifth  el_before_av_one_fifth  flex_column_div'     ><p>\n<style type=\"text\/css\" data-created_by=\"avia_inline_auto\" id=\"style-css-av-lwi2t7dq-ad8f110fd60cab53a76f1359a0c3e9eb\">\n#top .av-special-heading.av-lwi2t7dq-ad8f110fd60cab53a76f1359a0c3e9eb{\npadding-bottom:10px;\ncolor:#ffffff;\n}\nbody .av-special-heading.av-lwi2t7dq-ad8f110fd60cab53a76f1359a0c3e9eb .av-special-heading-tag .heading-char{\nfont-size:25px;\n}\n.av-special-heading.av-lwi2t7dq-ad8f110fd60cab53a76f1359a0c3e9eb .special-heading-inner-border{\nborder-color:#ffffff;\n}\n.av-special-heading.av-lwi2t7dq-ad8f110fd60cab53a76f1359a0c3e9eb .av-subheading{\nfont-size:15px;\n}\n<\/style>\n<div  class='av-special-heading av-lwi2t7dq-ad8f110fd60cab53a76f1359a0c3e9eb av-special-heading-h1 custom-color-heading blockquote modern-quote modern-centered  avia-builder-el-3  el_before_av_textblock  avia-builder-el-first'><h1 class='av-special-heading-tag'  itemprop=\"headline\"  >Marketing efficiente su Google Ads<\/h1><div class='av_custom_color av-subheading av-subheading_below'><p><a href=\"https:\/\/swissmediadesign.com\/it\/la-nostra-esperienza\/crescere\/sviluppo-del-design-aziendale\/\">Marketing online<\/a> \/ <a href=\"https:\/\/swissmediadesign.com\/it\/la-nostra-esperienza\/crescere\/sviluppo-del-design-aziendale\/strategie-di-comunicazione-visiva\/\">Marketing efficiente su Google Ads<\/a><\/p>\n<\/div><div class=\"special-heading-border\"><div class=\"special-heading-inner-border\"><\/div><\/div><\/div><br \/>\n\n<style type=\"text\/css\" data-created_by=\"avia_inline_auto\" id=\"style-css-av-jg6wm-048b8304d5cf14f056766cc527de9958\">\n#top .av_textblock_section.av-jg6wm-048b8304d5cf14f056766cc527de9958 .avia_textblock{\ncolor:#ffffff;\n}\n<\/style>\n<section  class='av_textblock_section av-jg6wm-048b8304d5cf14f056766cc527de9958'   itemscope=\"itemscope\" itemtype=\"https:\/\/schema.org\/CreativeWork\" ><div class='avia_textblock av_inherit_color'  itemprop=\"text\" ><p style=\"text-align: center;\">Benvenuti in Swiss Media Design, il vostro partner per un marketing efficace su Google Ads. Grazie a campagne personalizzate e a un'esperienza approfondita, facciamo brillare il vostro marchio nello spazio digitale. Scoprite con noi nuove opportunit\u00e0 per raggiungere il vostro gruppo target e posizionare la vostra azienda con successo.<\/p>\n<\/div><\/section><\/p><\/div><div  class='flex_column av-1lsd2-9314326f4a3374b2308c4a119a2cd655 av_one_fifth  avia-builder-el-5  el_after_av_three_fifth  avia-builder-el-last  flex_column_div'     ><\/div><\/div><\/div><\/main><!-- close content main element --><\/div><\/div><\/div><div id='after_section_1'  class='main_color av_default_container_wrap container_wrap fullsize'  ><div class='container av-section-cont-open' ><div class='template-page content  av-content-full alpha units'><div class='post-entry post-entry-type-page post-entry-150'><div class='entry-content-wrapper clearfix'><div  class='flex_column av-aiesu-5a6278a3470b6549fbb12ada88fdaa18 av_one_full  avia-builder-el-6  el_after_av_section  avia-builder-el-no-sibling  first flex_column_div'     ><p>\n<style type=\"text\/css\" data-created_by=\"avia_inline_auto\" id=\"style-css-av-lwi2uz2s-881b0c99408134bdb4a2710749f61f39\">\n#top .av-special-heading.av-lwi2uz2s-881b0c99408134bdb4a2710749f61f39{\npadding-bottom:10px;\n}\nbody .av-special-heading.av-lwi2uz2s-881b0c99408134bdb4a2710749f61f39 .av-special-heading-tag .heading-char{\nfont-size:25px;\n}\n.av-special-heading.av-lwi2uz2s-881b0c99408134bdb4a2710749f61f39 .av-subheading{\nfont-size:15px;\n}\n<\/style>\n<div  class='av-special-heading av-lwi2uz2s-881b0c99408134bdb4a2710749f61f39 av-special-heading-h2 blockquote modern-quote  avia-builder-el-7  el_before_av_textblock  avia-builder-el-first'><h2 class='av-special-heading-tag'  itemprop=\"headline\"  > Campagne Google Ads efficaci per il vostro successo digitale<\/h2><div class=\"special-heading-border\"><div class=\"special-heading-inner-border\"><\/div><\/div><\/div><br \/>\n<section  class='av_textblock_section av-lwi2vaj5-ba338f5b9567ca8ef43fd38a49692bb8'   itemscope=\"itemscope\" itemtype=\"https:\/\/schema.org\/CreativeWork\" ><div class='avia_textblock'  itemprop=\"text\" ><p>Noi di Swiss Media Design ci occupiamo con passione di portare il vostro marchio al successo digitale. Grazie alla nostra esperienza in tutte le aree del marketing digitale, offriamo campagne Google Ads personalizzate che mettono il vostro marchio sotto i riflettori e fanno progredire la vostra attivit\u00e0.<\/p>\n<p>Google Ads \u00e8 un modo estremamente efficace per pubblicizzare il vostro marchio e attirare l'attenzione dei potenziali clienti. Attraverso campagne di ricerca mirate, posizioniamo i vostri annunci esattamente dove il vostro gruppo target sta cercando attivamente i vostri prodotti o servizi. Ci\u00f2 significa massima visibilit\u00e0 e un'alta probabilit\u00e0 che i potenziali clienti clicchino sui vostri annunci e si interessino alla vostra azienda.<\/p>\n<p>Ma Google Ads va ben oltre le campagne di ricerca. Con campagne di branding e strategie di remarketing, ci assicuriamo che il vostro marchio rimanga presente nella mente del vostro gruppo target. Attraverso il branding continuo e la pubblicit\u00e0 mirata, possiamo rafforzare la fiducia nel vostro marchio e costruire relazioni a lungo termine con i clienti.<\/p>\n<p>I nostri esperti lavorano a stretto contatto con voi per comprendere i vostri obiettivi e sviluppare una campagna che porti al successo il vostro marchio. Analizziamo costantemente le prestazioni delle vostre campagne e le ottimizziamo per garantirvi il massimo risultato.<\/p>\n<p>Affidatevi a Swiss Media Design per guidare il vostro marchio verso il successo digitale. Contattateci oggi stesso per saperne di pi\u00f9 sui nostri servizi Google Ads e iniziare il vostro percorso verso il successo.<\/p>\n<\/div><\/section><\/p><\/div><\/p>","protected":false},"excerpt":{"rendered":"","protected":false},"author":2,"featured_media":0,"parent":143,"menu_order":3223,"comment_status":"closed","ping_status":"closed","template":"","meta":{"footnotes":""},"class_list":["post-150","page","type-page","status-publish","hentry"],"_links":{"self":[{"href":"https:\/\/swissmediadesign.com\/it\/wp-json\/wp\/v2\/pages\/150","targetHints":{"allow":["GET"]}}],"collection":[{"href":"https:\/\/swissmediadesign.com\/it\/wp-json\/wp\/v2\/pages"}],"about":[{"href":"https:\/\/swissmediadesign.com\/it\/wp-json\/wp\/v2\/types\/page"}],"author":[{"embeddable":true,"href":"https:\/\/swissmediadesign.com\/it\/wp-json\/wp\/v2\/users\/2"}],"replies":[{"embeddable":true,"href":"https:\/\/swissmediadesign.com\/it\/wp-json\/wp\/v2\/comments?post=150"}],"version-history":[{"count":0,"href":"https:\/\/swissmediadesign.com\/it\/wp-json\/wp\/v2\/pages\/150\/revisions"}],"up":[{"embeddable":true,"href":"https:\/\/swissmediadesign.com\/it\/wp-json\/wp\/v2\/pages\/143"}],"wp:attachment":[{"href":"https:\/\/swissmediadesign.com\/it\/wp-json\/wp\/v2\/media?parent=150"}],"curies":[{"name":"wp","href":"https:\/\/api.w.org\/{rel}","templated":true}]}}