{"id":179,"date":"2024-04-02T20:55:33","date_gmt":"2024-04-02T18:55:33","guid":{"rendered":"https:\/\/swissmediadesign.com\/?page_id=179"},"modified":"2025-04-24T08:44:55","modified_gmt":"2025-04-24T06:44:55","slug":"strategieentwicklung-fuer-marktfuehrer","status":"publish","type":"page","link":"https:\/\/swissmediadesign.com\/it\/la-nostra-esperienza\/dominare\/leadership-strategica-di-mercato\/sviluppo-della-strategia-per-i-leader-di-mercato\/","title":{"rendered":"Sviluppo della strategia per i leader di mercato"},"content":{"rendered":"<style type=\"text\/css\" data-created_by=\"avia_inline_auto\" id=\"style-css-av-lwp17y0p-5aebfd0402083661fcfa304dad940c46\">\n.avia-section.av-lwp17y0p-5aebfd0402083661fcfa304dad940c46{\nbackground-repeat:no-repeat;\nbackground-image:url(https:\/\/swissmediadesign.com\/wp-content\/uploads\/2024\/05\/201434584_m_normal_none-1500x1000.jpg);\nbackground-position:50% 50%;\nbackground-attachment:scroll;\n}\n.avia-section.av-lwp17y0p-5aebfd0402083661fcfa304dad940c46 .av-section-color-overlay{\nopacity:0.5;\nbackground-color:#000000;\n}\n<\/style>\n<div id='av_section_1'  class='avia-section av-lwp17y0p-5aebfd0402083661fcfa304dad940c46 main_color avia-section-default avia-no-border-styling  avia-builder-el-0  el_before_av_one_full  avia-builder-el-first  avia-full-stretch avia-bg-style-scroll av-section-color-overlay-active container_wrap fullsize'  data-section-bg-repeat='stretch'><div class=\"av-section-color-overlay-wrap\"><div class=\"av-section-color-overlay\"><\/div><div class='container av-section-cont-open' ><main  role=\"main\" itemprop=\"mainContentOfPage\"  class='template-page content  av-content-full alpha units'><div class='post-entry post-entry-type-page post-entry-179'><div class='entry-content-wrapper clearfix'>\n<div  class='flex_column av-1cg717-353b62a2f2a13f82c1ffa6baf44fd53d av_one_fifth  avia-builder-el-1  el_before_av_three_fifth  avia-builder-el-first  first flex_column_div'     ><\/div><div  class='flex_column av-19tjmj-a32e8db8ee8895c29d77d97d7394fb17 av_three_fifth  avia-builder-el-2  el_after_av_one_fifth  el_before_av_one_fifth  flex_column_div'     ><p>\n<style type=\"text\/css\" data-created_by=\"avia_inline_auto\" id=\"style-css-av-12kee3-d19ea042b6dcb4bf484118b262badb27\">\n#top .av-special-heading.av-12kee3-d19ea042b6dcb4bf484118b262badb27{\npadding-bottom:10px;\ncolor:#ffffff;\n}\nbody .av-special-heading.av-12kee3-d19ea042b6dcb4bf484118b262badb27 .av-special-heading-tag .heading-char{\nfont-size:25px;\n}\n.av-special-heading.av-12kee3-d19ea042b6dcb4bf484118b262badb27 .special-heading-inner-border{\nborder-color:#ffffff;\n}\n.av-special-heading.av-12kee3-d19ea042b6dcb4bf484118b262badb27 .av-subheading{\nfont-size:15px;\n}\n<\/style>\n<div  class='av-special-heading av-12kee3-d19ea042b6dcb4bf484118b262badb27 av-special-heading-h1 custom-color-heading blockquote modern-quote modern-centered  avia-builder-el-3  el_before_av_textblock  avia-builder-el-first'><h1 class='av-special-heading-tag'  itemprop=\"headline\"  >Sviluppo della strategia per i leader di mercato<\/h1><div class='av_custom_color av-subheading av-subheading_below'><p><a href=\"https:\/\/swissmediadesign.com\/it\/la-nostra-esperienza\/dominare\/leadership-strategica-di-mercato\/\">Leadership strategica di mercato<\/a> \/ <a href=\"https:\/\/swissmediadesign.com\/it\/la-nostra-esperienza\/dominare\/leadership-strategica-di-mercato\/sviluppo-della-strategia-per-i-leader-di-mercato\/\">Sviluppo della strategia per i leader di mercato<\/a><\/p>\n<\/div><div class=\"special-heading-border\"><div class=\"special-heading-inner-border\"><\/div><\/div><\/div><br \/>\n\n<style type=\"text\/css\" data-created_by=\"avia_inline_auto\" id=\"style-css-av-ypej7-fa9e34773f6326b0ef0715a23ad76ea8\">\n#top .av_textblock_section.av-ypej7-fa9e34773f6326b0ef0715a23ad76ea8 .avia_textblock{\ncolor:#ffffff;\n}\n<\/style>\n<section  class='av_textblock_section av-ypej7-fa9e34773f6326b0ef0715a23ad76ea8'   itemscope=\"itemscope\" itemtype=\"https:\/\/schema.org\/CreativeWork\" ><div class='avia_textblock av_inherit_color'  itemprop=\"text\" ><p style=\"text-align: center;\">I nostri servizi di sviluppo strategico di Swiss Media Design vi aiutano a consolidare ed espandere la vostra posizione sul mercato. Con strategie personalizzate basate su analisi di mercato dettagliate e approcci innovativi, vi aiutiamo a raggiungere un successo e una competitivit\u00e0 sostenibili.<\/p>\n<\/div><\/section><\/p><\/div><div  class='flex_column av-qvczf-327761dc54b03a03a6dccc5b6d331743 av_one_fifth  avia-builder-el-5  el_after_av_three_fifth  avia-builder-el-last  flex_column_div'     ><\/div><\/div><\/div><\/main><!-- close content main element --><\/div><\/div><\/div><div id='after_section_1'  class='main_color av_default_container_wrap container_wrap fullsize'  ><div class='container av-section-cont-open' ><div class='template-page content  av-content-full alpha units'><div class='post-entry post-entry-type-page post-entry-179'><div class='entry-content-wrapper clearfix'><div  class='flex_column av-kzjzf-617a9d6c2ee62ad65031c81f908727a8 av_one_full  avia-builder-el-6  el_after_av_section  avia-builder-el-no-sibling  first flex_column_div'     ><p>\n<style type=\"text\/css\" data-created_by=\"avia_inline_auto\" id=\"style-css-av-f9vnv-00ad358d84abce83eb607629f429c20b\">\n#top .av-special-heading.av-f9vnv-00ad358d84abce83eb607629f429c20b{\npadding-bottom:10px;\n}\nbody .av-special-heading.av-f9vnv-00ad358d84abce83eb607629f429c20b .av-special-heading-tag .heading-char{\nfont-size:25px;\n}\n.av-special-heading.av-f9vnv-00ad358d84abce83eb607629f429c20b .av-subheading{\nfont-size:15px;\n}\n<\/style>\n<div  class='av-special-heading av-f9vnv-00ad358d84abce83eb607629f429c20b av-special-heading-h2 blockquote modern-quote  avia-builder-el-7  el_before_av_textblock  avia-builder-el-first'><h2 class='av-special-heading-tag'  itemprop=\"headline\"  >Leadership di mercato a lungo termine grazie all'eccellenza strategica<\/h2><div class=\"special-heading-border\"><div class=\"special-heading-inner-border\"><\/div><\/div><\/div><br \/>\n<section  class='av_textblock_section av-7gv5f-60c461e7d9ddeef42a874738ddc53460'   itemscope=\"itemscope\" itemtype=\"https:\/\/schema.org\/CreativeWork\" ><div class='avia_textblock'  itemprop=\"text\" ><p>In un mondo economico in continua evoluzione, \u00e8 fondamentale essere proattivi, anche se la vostra organizzazione ha gi\u00e0 una forte posizione di mercato. Noi di Swiss Media Design offriamo servizi completi di sviluppo della strategia per i leader di mercato, per garantire che non solo manteniate la vostra posizione di leadership, ma che la rafforziate continuamente.<\/p>\n<p>Lo sviluppo della nostra strategia inizia con un'analisi approfondita del vostro attuale ambiente di mercato e del panorama competitivo. Esaminiamo i fattori esterni e interni per ottenere una comprensione completa della vostra posizione di mercato e delle sfide e opportunit\u00e0 che vi attendono. Utilizziamo strumenti di analisi all'avanguardia e metodi collaudati per fornirvi approfondimenti dettagliati e raccomandazioni per l'azione.<\/p>\n<p>Una parte essenziale del nostro lavoro \u00e8 aiutarvi a rimanere innovativi e agili. Anche se la vostra azienda ha successo, \u00e8 essenziale cercare costantemente nuove opportunit\u00e0 e miglioramenti. Non aspettate che le condizioni di mercato cambino o che i concorrenti vi raggiungano. Possiamo aiutarvi a sviluppare in modo proattivo nuove strategie per massimizzare il potenziale di crescita e difendere la vostra posizione di mercato.<\/p>\n<p>Le nostre strategie personalizzate comprendono l'identificazione di nuovi mercati e gruppi target, lo sviluppo di strategie di espansione e l'implementazione di processi di innovazione. Vi aiutiamo ad adattare e ottimizzare i vostri modelli di business, in modo da poter reagire con flessibilit\u00e0 alle mutevoli condizioni di mercato. Vi sosteniamo inoltre nell'attuazione di strategie di crescita basate su un successo sostenibile.<\/p>\n<p>Noi di Swiss Media Design non ci consideriamo solo dei consulenti, ma dei partner a lungo termine. Vi accompagniamo costantemente e adattiamo le nostre strategie su base continuativa per assicurarvi di essere sempre un passo avanti. Rivedendo e adattando regolarmente le strategie che sviluppiamo, vi garantiamo il successo anche in un contesto di mercato dinamico.<\/p>\n<p>Affidatevi alla nostra esperienza nello sviluppo di strategie per i leader di mercato per accompagnare la vostra azienda sulla strada della crescita sostenibile e del successo continuo. Insieme daremo forma al futuro della vostra azienda e garantiremo la vostra posizione di leader sul mercato.<\/p>\n<\/div><\/section><\/p><\/div><\/p>","protected":false},"excerpt":{"rendered":"","protected":false},"author":2,"featured_media":0,"parent":175,"menu_order":3312,"comment_status":"closed","ping_status":"closed","template":"","meta":{"footnotes":""},"class_list":["post-179","page","type-page","status-publish","hentry"],"_links":{"self":[{"href":"https:\/\/swissmediadesign.com\/it\/wp-json\/wp\/v2\/pages\/179","targetHints":{"allow":["GET"]}}],"collection":[{"href":"https:\/\/swissmediadesign.com\/it\/wp-json\/wp\/v2\/pages"}],"about":[{"href":"https:\/\/swissmediadesign.com\/it\/wp-json\/wp\/v2\/types\/page"}],"author":[{"embeddable":true,"href":"https:\/\/swissmediadesign.com\/it\/wp-json\/wp\/v2\/users\/2"}],"replies":[{"embeddable":true,"href":"https:\/\/swissmediadesign.com\/it\/wp-json\/wp\/v2\/comments?post=179"}],"version-history":[{"count":0,"href":"https:\/\/swissmediadesign.com\/it\/wp-json\/wp\/v2\/pages\/179\/revisions"}],"up":[{"embeddable":true,"href":"https:\/\/swissmediadesign.com\/it\/wp-json\/wp\/v2\/pages\/175"}],"wp:attachment":[{"href":"https:\/\/swissmediadesign.com\/it\/wp-json\/wp\/v2\/media?parent=179"}],"curies":[{"name":"wp","href":"https:\/\/api.w.org\/{rel}","templated":true}]}}