{"id":201,"date":"2024-04-02T21:02:48","date_gmt":"2024-04-02T19:02:48","guid":{"rendered":"https:\/\/swissmediadesign.com\/?page_id=201"},"modified":"2025-04-24T08:46:31","modified_gmt":"2025-04-24T06:46:31","slug":"datensicherheit","status":"publish","type":"page","link":"https:\/\/swissmediadesign.com\/it\/la-nostra-esperienza\/dominare\/soluzioni-di-branding-innovative\/storytelling-content-marketing\/","title":{"rendered":"Sicurezza dei dati"},"content":{"rendered":"<style type=\"text\/css\" data-created_by=\"avia_inline_auto\" id=\"style-css-av-lwpcvfll-44e07879677c02ea955b5f33a611bcbc\">\n.avia-section.av-lwpcvfll-44e07879677c02ea955b5f33a611bcbc{\nbackground-repeat:no-repeat;\nbackground-image:url(https:\/\/swissmediadesign.com\/wp-content\/uploads\/2024\/05\/162195870_m_normal_none-1500x1000.jpg);\nbackground-position:50% 50%;\nbackground-attachment:scroll;\n}\n.avia-section.av-lwpcvfll-44e07879677c02ea955b5f33a611bcbc .av-section-color-overlay{\nopacity:0.5;\nbackground-color:#000000;\n}\n<\/style>\n<div id='av_section_1'  class='avia-section av-lwpcvfll-44e07879677c02ea955b5f33a611bcbc main_color avia-section-default avia-no-border-styling  avia-builder-el-0  el_before_av_one_full  avia-builder-el-first  avia-full-stretch avia-bg-style-scroll av-section-color-overlay-active container_wrap fullsize'  data-section-bg-repeat='stretch'><div class=\"av-section-color-overlay-wrap\"><div class=\"av-section-color-overlay\"><\/div><div class='container av-section-cont-open' ><main  role=\"main\" itemprop=\"mainContentOfPage\"  class='template-page content  av-content-full alpha units'><div class='post-entry post-entry-type-page post-entry-201'><div class='entry-content-wrapper clearfix'>\n<div  class='flex_column av-134855-0b13bc304415b30dec16916d771a23a3 av_one_fifth  avia-builder-el-1  el_before_av_three_fifth  avia-builder-el-first  first flex_column_div'     ><\/div><div  class='flex_column av-vx1w9-ab048e6ec7b86592b9432d69a4459368 av_three_fifth  avia-builder-el-2  el_after_av_one_fifth  el_before_av_one_fifth  flex_column_div'     ><p>\n<style type=\"text\/css\" data-created_by=\"avia_inline_auto\" id=\"style-css-av-lwpcuf7o-327e7d9bdb75cd45a5af52b0f36419d3\">\n#top .av-special-heading.av-lwpcuf7o-327e7d9bdb75cd45a5af52b0f36419d3{\npadding-bottom:10px;\ncolor:#ffffff;\n}\nbody .av-special-heading.av-lwpcuf7o-327e7d9bdb75cd45a5af52b0f36419d3 .av-special-heading-tag .heading-char{\nfont-size:25px;\n}\n.av-special-heading.av-lwpcuf7o-327e7d9bdb75cd45a5af52b0f36419d3 .special-heading-inner-border{\nborder-color:#ffffff;\n}\n.av-special-heading.av-lwpcuf7o-327e7d9bdb75cd45a5af52b0f36419d3 .av-subheading{\nfont-size:15px;\n}\n<\/style>\n<div  class='av-special-heading av-lwpcuf7o-327e7d9bdb75cd45a5af52b0f36419d3 av-special-heading-h1 custom-color-heading blockquote modern-quote modern-centered  avia-builder-el-3  el_before_av_textblock  avia-builder-el-first'><h1 class='av-special-heading-tag'  itemprop=\"headline\"  >Sicurezza dei dati<\/h1><div class='av_custom_color av-subheading av-subheading_below'><p><a href=\"https:\/\/swissmediadesign.com\/it\/la-nostra-esperienza\/dominare\/soluzioni-di-branding-innovative\/\">Sicurezza<\/a> \/ <a href=\"https:\/\/swissmediadesign.com\/it\/la-nostra-esperienza\/dominare\/soluzioni-di-branding-innovative\/storytelling-content-marketing\/\">Sicurezza dei dati<\/a><\/p>\n<\/div><div class=\"special-heading-border\"><div class=\"special-heading-inner-border\"><\/div><\/div><\/div><br \/>\n\n<style type=\"text\/css\" data-created_by=\"avia_inline_auto\" id=\"style-css-av-lwpcw51b-59137f7a293f0c28a810e13e04007125\">\n#top .av_textblock_section.av-lwpcw51b-59137f7a293f0c28a810e13e04007125 .avia_textblock{\ncolor:#ffffff;\n}\n<\/style>\n<section  class='av_textblock_section av-lwpcw51b-59137f7a293f0c28a810e13e04007125'   itemscope=\"itemscope\" itemtype=\"https:\/\/schema.org\/CreativeWork\" ><div class='avia_textblock av_inherit_color'  itemprop=\"text\" ><p style=\"text-align: center;\">La sicurezza dei dati \u00e8 fondamentale per garantire in ogni momento l'integrit\u00e0 e la riservatezza delle vostre informazioni sensibili. Swiss Media Design offre soluzioni complete per proteggere i vostri dati da perdita, furto e accesso non autorizzato. Affidatevi alla nostra esperienza per la massima sicurezza dei dati.<\/p>\n<\/div><\/section><\/p><\/div><div  class='flex_column av-r7bk1-e81332fa52537259ecefa8f4831a1c78 av_one_fifth  avia-builder-el-5  el_after_av_three_fifth  avia-builder-el-last  flex_column_div'     ><\/div><\/div><\/div><\/main><!-- close content main element --><\/div><\/div><\/div><div id='after_section_1'  class='main_color av_default_container_wrap container_wrap fullsize'  ><div class='container av-section-cont-open' ><div class='template-page content  av-content-full alpha units'><div class='post-entry post-entry-type-page post-entry-201'><div class='entry-content-wrapper clearfix'><div  class='flex_column av-jtugh-d540c44d4a8a9d01da43505d9f68d1e0 av_one_full  avia-builder-el-6  el_after_av_section  avia-builder-el-no-sibling  first flex_column_div'     ><p>\n<style type=\"text\/css\" data-created_by=\"avia_inline_auto\" id=\"style-css-av-ghlr5-0f06a4be50aecc3caba0d2298ce0e37f\">\n#top .av-special-heading.av-ghlr5-0f06a4be50aecc3caba0d2298ce0e37f{\npadding-bottom:10px;\n}\nbody .av-special-heading.av-ghlr5-0f06a4be50aecc3caba0d2298ce0e37f .av-special-heading-tag .heading-char{\nfont-size:25px;\n}\n.av-special-heading.av-ghlr5-0f06a4be50aecc3caba0d2298ce0e37f .av-subheading{\nfont-size:15px;\n}\n<\/style>\n<div  class='av-special-heading av-ghlr5-0f06a4be50aecc3caba0d2298ce0e37f av-special-heading-h2 blockquote modern-quote  avia-builder-el-7  el_before_av_textblock  avia-builder-el-first'><h2 class='av-special-heading-tag'  itemprop=\"headline\"  >Ottimizzazione continua dell'architettura di sicurezza<\/h2><div class=\"special-heading-border\"><div class=\"special-heading-inner-border\"><\/div><\/div><\/div><br \/>\n<section  class='av_textblock_section av-86y7l-128dbfa108edefdc76b607753c0623ae'   itemscope=\"itemscope\" itemtype=\"https:\/\/schema.org\/CreativeWork\" ><div class='avia_textblock'  itemprop=\"text\" ><p>Nel mondo digitale di oggi, la sicurezza dei dati \u00e8 fondamentale per garantire l'integrit\u00e0, la riservatezza e la disponibilit\u00e0 delle vostre informazioni sensibili. Noi di Swiss Media Design siamo consapevoli dell'importanza cruciale della protezione dei vostri dati e offriamo soluzioni complete basate su tecnologie all'avanguardia e sulle migliori pratiche.<\/p>\n<p>I nostri servizi iniziano con una valutazione dettagliata della vostra attuale infrastruttura di sicurezza. Identifichiamo le vulnerabilit\u00e0 e le potenziali minacce che potrebbero mettere a rischio i vostri dati. Sulla base di quest'analisi, sviluppiamo strategie di sicurezza personalizzate, adatte alle esigenze e ai requisiti della vostra azienda. Le nostre soluzioni includono l'implementazione di tecnologie di crittografia avanzate, firewall e sistemi di rilevamento delle intrusioni (IDS) per garantire una protezione completa dei vostri dati.<\/p>\n<p>Una parte essenziale dei nostri servizi di sicurezza dei dati \u00e8 il monitoraggio continuo dei vostri sistemi. Utilizzando strumenti di monitoraggio all'avanguardia, siamo in grado di rilevare attivit\u00e0 insolite e potenziali minacce in tempo reale e di intervenire immediatamente per prevenire i danni. Questa strategia di monitoraggio proattivo garantisce che i vostri dati siano sempre protetti e che possiate reagire rapidamente alle nuove minacce.<\/p>\n<p>Offriamo inoltre regolari audit di sicurezza e test di penetrazione per verificare e migliorare costantemente l'efficacia delle vostre misure di sicurezza. Questi test ci aiutano a riconoscere tempestivamente le vulnerabilit\u00e0 e ad adottare misure mirate per correggerle. Il nostro obiettivo \u00e8 ottimizzare costantemente la vostra architettura di sicurezza e adattarla all'evoluzione del panorama delle minacce.<\/p>\n<p>Un altro aspetto importante dei nostri servizi di sicurezza dei dati \u00e8 la formazione e la sensibilizzazione dei vostri dipendenti. L'errore umano \u00e8 spesso il punto pi\u00f9 debole della catena di sicurezza, quindi offriamo programmi di formazione completi per sensibilizzare il vostro team sull'importanza della sicurezza dei dati e condividere le migliori pratiche di sicurezza. Attraverso una formazione regolare e simulazioni di incidenti di sicurezza, ci assicuriamo che i vostri dipendenti sappiano riconoscere e rispondere alle potenziali minacce.<\/p>\n<p>Affidatevi all'esperienza di Swiss Media Design per rafforzare la sicurezza dei vostri dati e proteggere le vostre informazioni sensibili. Con le nostre soluzioni di sicurezza personalizzate, le misure di monitoraggio proattive e i programmi di formazione completi, siamo il vostro partner affidabile per proteggere i dati aziendali e garantire la continuit\u00e0 aziendale in un mondo sempre pi\u00f9 connesso.<\/p>\n<\/div><\/section><\/p><\/div><\/p>","protected":false},"excerpt":{"rendered":"","protected":false},"author":2,"featured_media":0,"parent":199,"menu_order":3331,"comment_status":"closed","ping_status":"closed","template":"","meta":{"footnotes":""},"class_list":["post-201","page","type-page","status-publish","hentry"],"_links":{"self":[{"href":"https:\/\/swissmediadesign.com\/it\/wp-json\/wp\/v2\/pages\/201","targetHints":{"allow":["GET"]}}],"collection":[{"href":"https:\/\/swissmediadesign.com\/it\/wp-json\/wp\/v2\/pages"}],"about":[{"href":"https:\/\/swissmediadesign.com\/it\/wp-json\/wp\/v2\/types\/page"}],"author":[{"embeddable":true,"href":"https:\/\/swissmediadesign.com\/it\/wp-json\/wp\/v2\/users\/2"}],"replies":[{"embeddable":true,"href":"https:\/\/swissmediadesign.com\/it\/wp-json\/wp\/v2\/comments?post=201"}],"version-history":[{"count":0,"href":"https:\/\/swissmediadesign.com\/it\/wp-json\/wp\/v2\/pages\/201\/revisions"}],"up":[{"embeddable":true,"href":"https:\/\/swissmediadesign.com\/it\/wp-json\/wp\/v2\/pages\/199"}],"wp:attachment":[{"href":"https:\/\/swissmediadesign.com\/it\/wp-json\/wp\/v2\/media?parent=201"}],"curies":[{"name":"wp","href":"https:\/\/api.w.org\/{rel}","templated":true}]}}