{"id":203,"date":"2024-04-02T21:03:11","date_gmt":"2024-04-02T19:03:11","guid":{"rendered":"https:\/\/swissmediadesign.com\/?page_id=203"},"modified":"2025-04-24T08:46:45","modified_gmt":"2025-04-24T06:46:45","slug":"cybersecurity","status":"publish","type":"page","link":"https:\/\/swissmediadesign.com\/it\/la-nostra-esperienza\/dominare\/soluzioni-di-branding-innovative\/strategie-seo-avanzate\/","title":{"rendered":"Sicurezza informatica"},"content":{"rendered":"<style type=\"text\/css\" data-created_by=\"avia_inline_auto\" id=\"style-css-av-lwpc0lfz-f59f8d83b1c84b198168a75ca9a63234\">\n.avia-section.av-lwpc0lfz-f59f8d83b1c84b198168a75ca9a63234{\nbackground-repeat:no-repeat;\nbackground-image:url(https:\/\/swissmediadesign.com\/wp-content\/uploads\/2024\/05\/224386232_m_normal_none-7-1500x1000.jpg);\nbackground-position:50% 50%;\nbackground-attachment:scroll;\n}\n.avia-section.av-lwpc0lfz-f59f8d83b1c84b198168a75ca9a63234 .av-section-color-overlay{\nopacity:0.5;\nbackground-color:#000000;\n}\n<\/style>\n<div id='av_section_1'  class='avia-section av-lwpc0lfz-f59f8d83b1c84b198168a75ca9a63234 main_color avia-section-default avia-no-border-styling  avia-builder-el-0  el_before_av_one_full  avia-builder-el-first  avia-full-stretch avia-bg-style-scroll av-section-color-overlay-active container_wrap fullsize'  data-section-bg-repeat='stretch'><div class=\"av-section-color-overlay-wrap\"><div class=\"av-section-color-overlay\"><\/div><div class='container av-section-cont-open' ><main  role=\"main\" itemprop=\"mainContentOfPage\"  class='template-page content  av-content-full alpha units'><div class='post-entry post-entry-type-page post-entry-203'><div class='entry-content-wrapper clearfix'>\n<div  class='flex_column av-19tf0j-db4f8f6e0daf3ca0c34ca1256ac9a045 av_one_fifth  avia-builder-el-1  el_before_av_three_fifth  avia-builder-el-first  first flex_column_div'     ><\/div><div  class='flex_column av-152kjv-cf2b942f2098fb080a09f25c42111019 av_three_fifth  avia-builder-el-2  el_after_av_one_fifth  el_before_av_one_fifth  flex_column_div'     ><p>\n<style type=\"text\/css\" data-created_by=\"avia_inline_auto\" id=\"style-css-av-lwpbzw9w-0cec2ddb979cdaa5a2231224970d362c\">\n#top .av-special-heading.av-lwpbzw9w-0cec2ddb979cdaa5a2231224970d362c{\npadding-bottom:10px;\ncolor:#ffffff;\n}\nbody .av-special-heading.av-lwpbzw9w-0cec2ddb979cdaa5a2231224970d362c .av-special-heading-tag .heading-char{\nfont-size:25px;\n}\n.av-special-heading.av-lwpbzw9w-0cec2ddb979cdaa5a2231224970d362c .special-heading-inner-border{\nborder-color:#ffffff;\n}\n.av-special-heading.av-lwpbzw9w-0cec2ddb979cdaa5a2231224970d362c .av-subheading{\nfont-size:15px;\n}\n<\/style>\n<div  class='av-special-heading av-lwpbzw9w-0cec2ddb979cdaa5a2231224970d362c av-special-heading-h1 custom-color-heading blockquote modern-quote modern-centered  avia-builder-el-3  el_before_av_textblock  avia-builder-el-first'><h1 class='av-special-heading-tag'  itemprop=\"headline\"  >Sicurezza informatica<\/h1><div class='av_custom_color av-subheading av-subheading_below'><p><a href=\"https:\/\/swissmediadesign.com\/it\/la-nostra-esperienza\/dominare\/soluzioni-di-branding-innovative\/\">Sicurezza<\/a> \/ <a href=\"https:\/\/swissmediadesign.com\/it\/la-nostra-esperienza\/dominare\/soluzioni-di-branding-innovative\/strategie-seo-avanzate\/\">Sicurezza informatica<\/a><\/p>\n<\/div><div class=\"special-heading-border\"><div class=\"special-heading-inner-border\"><\/div><\/div><\/div><br \/>\n\n<style type=\"text\/css\" data-created_by=\"avia_inline_auto\" id=\"style-css-av-umyy3-4d33bb532d87a4a16d49710734196f88\">\n#top .av_textblock_section.av-umyy3-4d33bb532d87a4a16d49710734196f88 .avia_textblock{\ncolor:#ffffff;\n}\n<\/style>\n<section  class='av_textblock_section av-umyy3-4d33bb532d87a4a16d49710734196f88'   itemscope=\"itemscope\" itemtype=\"https:\/\/schema.org\/CreativeWork\" ><div class='avia_textblock av_inherit_color'  itemprop=\"text\" ><p style=\"text-align: center;\">In un mondo connesso in rete, la sicurezza informatica \u00e8 fondamentale per proteggere i dati aziendali. Swiss Media Design offre soluzioni complete per proteggere la vostra organizzazione dalle minacce digitali. Affidatevi alla nostra esperienza per salvaguardare il vostro patrimonio digitale e la vostra continuit\u00e0 aziendale.<\/p>\n<\/div><\/section><\/p><\/div><div  class='flex_column av-te8lv-d85ad1bc0bf72db7ac0ed335f954f589 av_one_fifth  avia-builder-el-5  el_after_av_three_fifth  avia-builder-el-last  flex_column_div'     ><\/div><\/div><\/div><\/main><!-- close content main element --><\/div><\/div><\/div><div id='after_section_1'  class='main_color av_default_container_wrap container_wrap fullsize'  ><div class='container av-section-cont-open' ><div class='template-page content  av-content-full alpha units'><div class='post-entry post-entry-type-page post-entry-203'><div class='entry-content-wrapper clearfix'><div  class='flex_column av-kmzub-5456ed7b39cc31143c9a151a8e212c72 av_one_full  avia-builder-el-6  el_after_av_section  avia-builder-el-no-sibling  first flex_column_div'     ><p>\n<style type=\"text\/css\" data-created_by=\"avia_inline_auto\" id=\"style-css-av-d1xlf-cf21adf1d6b8b8bb1980e668d7663b8e\">\n#top .av-special-heading.av-d1xlf-cf21adf1d6b8b8bb1980e668d7663b8e{\npadding-bottom:10px;\n}\nbody .av-special-heading.av-d1xlf-cf21adf1d6b8b8bb1980e668d7663b8e .av-special-heading-tag .heading-char{\nfont-size:25px;\n}\n.av-special-heading.av-d1xlf-cf21adf1d6b8b8bb1980e668d7663b8e .av-subheading{\nfont-size:15px;\n}\n<\/style>\n<div  class='av-special-heading av-d1xlf-cf21adf1d6b8b8bb1980e668d7663b8e av-special-heading-h2 blockquote modern-quote  avia-builder-el-7  el_before_av_textblock  avia-builder-el-first'><h2 class='av-special-heading-tag'  itemprop=\"headline\"  >Soluzioni avanzate di cybersecurity per la vostra azienda<\/h2><div class=\"special-heading-border\"><div class=\"special-heading-inner-border\"><\/div><\/div><\/div><br \/>\n<section  class='av_textblock_section av-2wbn-2e0072cc6551f9774c43a15f713bb5b3'   itemscope=\"itemscope\" itemtype=\"https:\/\/schema.org\/CreativeWork\" ><div class='avia_textblock'  itemprop=\"text\" ><p>Nel mondo digitalizzato di oggi, la sicurezza informatica \u00e8 fondamentale per proteggere l'integrit\u00e0, la riservatezza e la disponibilit\u00e0 dei dati aziendali. Noi di Swiss Media Design siamo consapevoli del fatto che gli attacchi informatici stanno diventando sempre pi\u00f9 sofisticati e frequenti e richiedono un approccio proattivo e completo alla sicurezza. I nostri servizi di cybersecurity sono progettati per proteggere la vostra organizzazione da un'ampia gamma di minacce digitali e per garantire che le vostre operazioni commerciali possano continuare a svolgersi senza interruzioni.<\/p>\n<p>Le nostre soluzioni di cybersecurity iniziano con una valutazione approfondita della vostra attuale infrastruttura di sicurezza. Identifichiamo le vulnerabilit\u00e0 e i rischi potenziali dei vostri sistemi e sviluppiamo strategie di sicurezza personalizzate, adatte alle esigenze e ai requisiti della vostra azienda. Lavoriamo esclusivamente con strumenti di qualit\u00e0 superiore ed evitiamo i fornitori gratuiti per garantire i pi\u00f9 elevati standard di sicurezza. I nostri esperti implementano misure di sicurezza avanzate, tra cui firewall, sistemi di rilevamento delle intrusioni (IDS) e tecnologie di crittografia, per garantire una protezione a pi\u00f9 livelli dei vostri beni digitali.<\/p>\n<p>Una parte essenziale dei nostri servizi di cybersecurity \u00e8 il monitoraggio continuo dei vostri sistemi. Utilizzando i pi\u00f9 recenti strumenti di monitoraggio, siamo in grado di rilevare attivit\u00e0 insolite e potenziali minacce in tempo reale e di intervenire immediatamente per prevenire i danni. Le nostre strategie di monitoraggio e risposta proattive assicurano che la vostra organizzazione sia sempre protetta dalle minacce informatiche nuove ed emergenti.<\/p>\n<p>Offriamo inoltre regolari controlli di sicurezza e test di penetrazione per verificare e migliorare costantemente la resistenza dei vostri sistemi agli attacchi. Questi test ci aiutano a riconoscere tempestivamente le vulnerabilit\u00e0 e ad adottare misure mirate per correggerle. Il nostro obiettivo \u00e8 ottimizzare costantemente la vostra architettura di sicurezza e adattarla all'evoluzione del panorama delle minacce.<\/p>\n<p>Un altro aspetto importante dei nostri servizi di cybersecurity \u00e8 la formazione e la sensibilizzazione dei vostri dipendenti. L'errore umano \u00e8 spesso il punto pi\u00f9 debole della catena di sicurezza, quindi offriamo programmi di formazione completi per sensibilizzare il vostro team sull'importanza della sicurezza informatica e insegnare le migliori pratiche di sicurezza. Attraverso una formazione regolare e simulazioni di attacchi di phishing, ci assicuriamo che i vostri dipendenti sappiano riconoscere e rispondere alle potenziali minacce.<\/p>\n<p>La nostra competenza \u00e8 in particolare nell'area della sicurezza di WordPress. Offriamo soluzioni di sicurezza specializzate per i siti web WordPress, per garantire che la vostra presenza online sia sempre protetta. Siamo anche in grado di implementare misure di sicurezza complete per altri sistemi e piattaforme.<\/p>\n<p>Affidatevi all'esperienza di Swiss Media Design per rafforzare la vostra cybersecurity e proteggere i vostri asset digitali. Con le nostre soluzioni di sicurezza personalizzate, le misure di monitoraggio proattive e i programmi di formazione completi, siamo il vostro partner affidabile per proteggere i dati aziendali e garantire la continuit\u00e0 operativa in un mondo sempre pi\u00f9 connesso.<\/p>\n<\/div><\/section><\/p><\/div><\/p>","protected":false},"excerpt":{"rendered":"","protected":false},"author":2,"featured_media":0,"parent":199,"menu_order":3332,"comment_status":"closed","ping_status":"closed","template":"","meta":{"footnotes":""},"class_list":["post-203","page","type-page","status-publish","hentry"],"_links":{"self":[{"href":"https:\/\/swissmediadesign.com\/it\/wp-json\/wp\/v2\/pages\/203","targetHints":{"allow":["GET"]}}],"collection":[{"href":"https:\/\/swissmediadesign.com\/it\/wp-json\/wp\/v2\/pages"}],"about":[{"href":"https:\/\/swissmediadesign.com\/it\/wp-json\/wp\/v2\/types\/page"}],"author":[{"embeddable":true,"href":"https:\/\/swissmediadesign.com\/it\/wp-json\/wp\/v2\/users\/2"}],"replies":[{"embeddable":true,"href":"https:\/\/swissmediadesign.com\/it\/wp-json\/wp\/v2\/comments?post=203"}],"version-history":[{"count":0,"href":"https:\/\/swissmediadesign.com\/it\/wp-json\/wp\/v2\/pages\/203\/revisions"}],"up":[{"embeddable":true,"href":"https:\/\/swissmediadesign.com\/it\/wp-json\/wp\/v2\/pages\/199"}],"wp:attachment":[{"href":"https:\/\/swissmediadesign.com\/it\/wp-json\/wp\/v2\/media?parent=203"}],"curies":[{"name":"wp","href":"https:\/\/api.w.org\/{rel}","templated":true}]}}