{"id":205,"date":"2024-04-02T21:03:28","date_gmt":"2024-04-02T19:03:28","guid":{"rendered":"https:\/\/swissmediadesign.com\/?page_id=205"},"modified":"2025-04-24T08:46:57","modified_gmt":"2025-04-24T06:46:57","slug":"compliance-und-datenschutz","status":"publish","type":"page","link":"https:\/\/swissmediadesign.com\/it\/la-nostra-esperienza\/dominare\/soluzioni-di-branding-innovative\/campagne-creative-sui-social-media\/","title":{"rendered":"Conformit\u00e0 e protezione dei dati"},"content":{"rendered":"<style type=\"text\/css\" data-created_by=\"avia_inline_auto\" id=\"style-css-av-lwpd6zcd-ac1ce81771806b82c3a2404d58b4cc66\">\n.avia-section.av-lwpd6zcd-ac1ce81771806b82c3a2404d58b4cc66{\nbackground-repeat:no-repeat;\nbackground-image:url(https:\/\/swissmediadesign.com\/wp-content\/uploads\/2024\/05\/224386232_m_normal_none-8-1500x1000.jpg);\nbackground-position:50% 50%;\nbackground-attachment:scroll;\n}\n.avia-section.av-lwpd6zcd-ac1ce81771806b82c3a2404d58b4cc66 .av-section-color-overlay{\nopacity:0.5;\nbackground-color:#000000;\n}\n<\/style>\n<div id='av_section_1'  class='avia-section av-lwpd6zcd-ac1ce81771806b82c3a2404d58b4cc66 main_color avia-section-default avia-no-border-styling  avia-builder-el-0  el_before_av_one_full  avia-builder-el-first  avia-full-stretch avia-bg-style-scroll av-section-color-overlay-active container_wrap fullsize'  data-section-bg-repeat='stretch'><div class=\"av-section-color-overlay-wrap\"><div class=\"av-section-color-overlay\"><\/div><div class='container av-section-cont-open' ><main  role=\"main\" itemprop=\"mainContentOfPage\"  class='template-page content  av-content-full alpha units'><div class='post-entry post-entry-type-page post-entry-205'><div class='entry-content-wrapper clearfix'>\n<div  class='flex_column av-14pyul-e27ba220eaab43da5e4be2cb859b6e25 av_one_fifth  avia-builder-el-1  el_before_av_three_fifth  avia-builder-el-first  first flex_column_div'     ><\/div><div  class='flex_column av-395r1-849330c35d115db7bf7af41bfbe94d29 av_three_fifth  avia-builder-el-2  el_after_av_one_fifth  el_before_av_one_fifth  flex_column_div'     ><p>\n<style type=\"text\/css\" data-created_by=\"avia_inline_auto\" id=\"style-css-av-lwpd77jz-d0dcd3206a2bf7d0a587e69aa7a766e3\">\n#top .av-special-heading.av-lwpd77jz-d0dcd3206a2bf7d0a587e69aa7a766e3{\npadding-bottom:10px;\ncolor:#ffffff;\n}\nbody .av-special-heading.av-lwpd77jz-d0dcd3206a2bf7d0a587e69aa7a766e3 .av-special-heading-tag .heading-char{\nfont-size:25px;\n}\n.av-special-heading.av-lwpd77jz-d0dcd3206a2bf7d0a587e69aa7a766e3 .special-heading-inner-border{\nborder-color:#ffffff;\n}\n.av-special-heading.av-lwpd77jz-d0dcd3206a2bf7d0a587e69aa7a766e3 .av-subheading{\nfont-size:15px;\n}\n<\/style>\n<div  class='av-special-heading av-lwpd77jz-d0dcd3206a2bf7d0a587e69aa7a766e3 av-special-heading-h1 custom-color-heading blockquote modern-quote modern-centered  avia-builder-el-3  el_before_av_textblock  avia-builder-el-first'><h1 class='av-special-heading-tag'  itemprop=\"headline\"  >Conformit\u00e0 e protezione dei dati<\/h1><div class='av_custom_color av-subheading av-subheading_below'><p><a href=\"https:\/\/swissmediadesign.com\/it\/la-nostra-esperienza\/dominare\/soluzioni-di-branding-innovative\/\">Sicurezza<\/a> \/ <a href=\"https:\/\/swissmediadesign.com\/it\/la-nostra-esperienza\/dominare\/soluzioni-di-branding-innovative\/campagne-creative-sui-social-media\/\">Conformit\u00e0 e protezione dei dati<\/a><\/p>\n<\/div><div class=\"special-heading-border\"><div class=\"special-heading-inner-border\"><\/div><\/div><\/div><br \/>\n\n<style type=\"text\/css\" data-created_by=\"avia_inline_auto\" id=\"style-css-av-lwpd8ft7-cdb2c0462d026996ac5421343ed02da0\">\n#top .av_textblock_section.av-lwpd8ft7-cdb2c0462d026996ac5421343ed02da0 .avia_textblock{\ncolor:#ffffff;\n}\n<\/style>\n<section  class='av_textblock_section av-lwpd8ft7-cdb2c0462d026996ac5421343ed02da0'   itemscope=\"itemscope\" itemtype=\"https:\/\/schema.org\/CreativeWork\" ><div class='avia_textblock av_inherit_color'  itemprop=\"text\" ><p style=\"text-align: center;\">La conformit\u00e0 e la protezione dei dati sono fondamentali per soddisfare i requisiti legali e garantire la fiducia dei clienti. Swiss Media Design offre soluzioni complete, compresa la sicurezza del cloud, per proteggere i vostri dati ed elaborarli nel rispetto della legge. Affidatevi alla nostra esperienza per la massima sicurezza dei dati.<\/p>\n<\/div><\/section><\/p><\/div><div  class='flex_column av-pv1wl-3f6e99bd9bfb649dde44c8338c472ae0 av_one_fifth  avia-builder-el-5  el_after_av_three_fifth  avia-builder-el-last  flex_column_div'     ><\/div><\/div><\/div><\/main><!-- close content main element --><\/div><\/div><\/div><div id='after_section_1'  class='main_color av_default_container_wrap container_wrap fullsize'  ><div class='container av-section-cont-open' ><div class='template-page content  av-content-full alpha units'><div class='post-entry post-entry-type-page post-entry-205'><div class='entry-content-wrapper clearfix'><div  class='flex_column av-kj5q5-ca0633f01d01a4826cc7550e40d05c61 av_one_full  avia-builder-el-6  el_after_av_section  avia-builder-el-no-sibling  first flex_column_div'     ><p>\n<style type=\"text\/css\" data-created_by=\"avia_inline_auto\" id=\"style-css-av-dce51-088a48d8612236aebc32f3d5262ae97f\">\n#top .av-special-heading.av-dce51-088a48d8612236aebc32f3d5262ae97f{\npadding-bottom:10px;\n}\nbody .av-special-heading.av-dce51-088a48d8612236aebc32f3d5262ae97f .av-special-heading-tag .heading-char{\nfont-size:25px;\n}\n.av-special-heading.av-dce51-088a48d8612236aebc32f3d5262ae97f .av-subheading{\nfont-size:15px;\n}\n<\/style>\n<div  class='av-special-heading av-dce51-088a48d8612236aebc32f3d5262ae97f av-special-heading-h2 blockquote modern-quote  avia-builder-el-7  el_before_av_textblock  avia-builder-el-first'><h2 class='av-special-heading-tag'  itemprop=\"headline\"  >Strategie di protezione dei dati personalizzate per la vostra azienda<\/h2><div class=\"special-heading-border\"><div class=\"special-heading-inner-border\"><\/div><\/div><\/div><br \/>\n<section  class='av_textblock_section av-a7yat-0008e972e6e456e5293164e8303474d4'   itemscope=\"itemscope\" itemtype=\"https:\/\/schema.org\/CreativeWork\" ><div class='avia_textblock'  itemprop=\"text\" ><p>Nel mondo degli affari di oggi, la conformit\u00e0 e la protezione dei dati sono fondamentali per soddisfare i requisiti normativi e garantire la fiducia dei vostri clienti. Noi di Swiss Media Design comprendiamo la complessit\u00e0 e la natura critica di questi requisiti e offriamo soluzioni complete per garantire che i vostri dati non solo siano protetti, ma anche elaborati in conformit\u00e0 alla legge.<\/p>\n<p>I nostri servizi iniziano con un'analisi approfondita delle vostre attuali pratiche e politiche di protezione dei dati. Identifichiamo i punti deboli e le aree che devono essere migliorate per garantire la conformit\u00e0 a tutte le leggi pertinenti in materia di protezione dei dati, come il GDPR (General Data Protection Regulation). Su questa base, sviluppiamo strategie di protezione dei dati personalizzate e adattate alle esigenze e ai requisiti della vostra azienda.<\/p>\n<p>Una componente fondamentale dei nostri servizi \u00e8 l'integrazione delle misure di sicurezza del cloud. Poich\u00e9 sempre pi\u00f9 aziende si affidano a soluzioni cloud per archiviare e gestire i propri dati, \u00e8 fondamentale che questi siano protetti da accessi non autorizzati, perdite e altre minacce. Implementiamo soluzioni avanzate per la sicurezza del cloud che garantiscono che i vostri dati siano sicuri nel cloud come nei sistemi on-premise. Ci\u00f2 include la crittografia, i controlli di accesso e le verifiche periodiche della sicurezza.<\/p>\n<p>I nostri programmi di monitoraggio e conformit\u00e0 proattivi vi aiutano a mantenere una visione continua delle vostre pratiche di protezione dei dati e a garantire che siano sempre conformi ai requisiti legali vigenti. Offriamo audit e valutazioni regolari per verificare la conformit\u00e0 alle normative sulla protezione dei dati e apportare le modifiche necessarie. Questo monitoraggio continuo garantisce che la vostra organizzazione sia sempre aggiornata e non corra alcun rischio.<\/p>\n<p>Inoltre, offriamo programmi di formazione per sensibilizzare i vostri dipendenti sull'importanza della conformit\u00e0 e della protezione dei dati. Attraverso corsi di formazione e workshop mirati, ci assicuriamo che il vostro team comprenda e applichi le migliori pratiche in materia di protezione dei dati. Questo non solo contribuisce ad aumentare la sicurezza dei vostri dati, ma promuove anche una cultura aziendale che d\u00e0 priorit\u00e0 alla protezione dei dati e alla conformit\u00e0.<\/p>\n<p>Affidatevi a Swiss Media Design per soddisfare i vostri requisiti di conformit\u00e0 e protezione dei dati. Grazie alle nostre soluzioni complete, che includono misure di sicurezza nel cloud, e alla nostra esperienza, garantiamo che le vostre informazioni sensibili siano protette ed elaborate in conformit\u00e0 alla legge. Questo vi permette di concentrarvi sulla gestione della vostra attivit\u00e0, mentre noi garantiamo la sicurezza e l'integrit\u00e0 dei vostri dati.<\/p>\n<\/div><\/section><\/p><\/div><\/p>","protected":false},"excerpt":{"rendered":"","protected":false},"author":2,"featured_media":0,"parent":199,"menu_order":3333,"comment_status":"closed","ping_status":"closed","template":"","meta":{"footnotes":""},"class_list":["post-205","page","type-page","status-publish","hentry"],"_links":{"self":[{"href":"https:\/\/swissmediadesign.com\/it\/wp-json\/wp\/v2\/pages\/205","targetHints":{"allow":["GET"]}}],"collection":[{"href":"https:\/\/swissmediadesign.com\/it\/wp-json\/wp\/v2\/pages"}],"about":[{"href":"https:\/\/swissmediadesign.com\/it\/wp-json\/wp\/v2\/types\/page"}],"author":[{"embeddable":true,"href":"https:\/\/swissmediadesign.com\/it\/wp-json\/wp\/v2\/users\/2"}],"replies":[{"embeddable":true,"href":"https:\/\/swissmediadesign.com\/it\/wp-json\/wp\/v2\/comments?post=205"}],"version-history":[{"count":0,"href":"https:\/\/swissmediadesign.com\/it\/wp-json\/wp\/v2\/pages\/205\/revisions"}],"up":[{"embeddable":true,"href":"https:\/\/swissmediadesign.com\/it\/wp-json\/wp\/v2\/pages\/199"}],"wp:attachment":[{"href":"https:\/\/swissmediadesign.com\/it\/wp-json\/wp\/v2\/media?parent=205"}],"curies":[{"name":"wp","href":"https:\/\/api.w.org\/{rel}","templated":true}]}}