{"id":250,"date":"2024-04-02T22:17:05","date_gmt":"2024-04-02T20:17:05","guid":{"rendered":"https:\/\/swissmediadesign.com\/?page_id=250"},"modified":"2025-03-25T10:22:47","modified_gmt":"2025-03-25T09:22:47","slug":"unsere-erfolge","status":"publish","type":"page","link":"https:\/\/swissmediadesign.com\/it\/agenzia\/i-nostri-successi\/","title":{"rendered":"I nostri successi"},"content":{"rendered":"<style type=\"text\/css\" data-created_by=\"avia_inline_auto\" id=\"style-css-av-lujuy3er-d90e8f64be9542698b26b065ab3af3a7\">\n.avia-section.av-lujuy3er-d90e8f64be9542698b26b065ab3af3a7{\nbackground-repeat:no-repeat;\nbackground-image:url(https:\/\/swissmediadesign.com\/wp-content\/uploads\/2024\/04\/79417838_m_normal_none-1500x900.jpg);\nbackground-position:50% 50%;\nbackground-attachment:scroll;\n}\n.avia-section.av-lujuy3er-d90e8f64be9542698b26b065ab3af3a7 .av-section-color-overlay{\nopacity:0.5;\nbackground-color:#000000;\n}\n<\/style>\n<div id='av_section_1'  class='avia-section av-lujuy3er-d90e8f64be9542698b26b065ab3af3a7 main_color avia-section-default avia-no-border-styling  avia-builder-el-0  el_before_av_section  avia-builder-el-first  avia-full-stretch avia-bg-style-scroll av-section-color-overlay-active container_wrap fullsize'  data-section-bg-repeat='stretch'><div class=\"av-section-color-overlay-wrap\"><div class=\"av-section-color-overlay\"><\/div><div class='container av-section-cont-open' ><main  role=\"main\" itemprop=\"mainContentOfPage\"  class='template-page content  av-content-full alpha units'><div class='post-entry post-entry-type-page post-entry-250'><div class='entry-content-wrapper clearfix'>\n<div  class='flex_column av-ptgua-b467165308a03d5e6cd750dbcb4c5dd0 av_one_fifth  avia-builder-el-1  el_before_av_three_fifth  avia-builder-el-first  first flex_column_div'     ><\/div><div  class='flex_column av-kvs8i-6f91942dcbd95dff5beae2f61d8cbaeb av_three_fifth  avia-builder-el-2  el_after_av_one_fifth  el_before_av_one_fifth  flex_column_div'     ><p>\n<style type=\"text\/css\" data-created_by=\"avia_inline_auto\" id=\"style-css-av-lujuxgvo-a81b8411a5ee6a6c158737282797cb4d\">\n#top .av-special-heading.av-lujuxgvo-a81b8411a5ee6a6c158737282797cb4d{\npadding-bottom:10px;\ncolor:#ffffff;\n}\nbody .av-special-heading.av-lujuxgvo-a81b8411a5ee6a6c158737282797cb4d .av-special-heading-tag .heading-char{\nfont-size:25px;\n}\n.av-special-heading.av-lujuxgvo-a81b8411a5ee6a6c158737282797cb4d .special-heading-inner-border{\nborder-color:#ffffff;\n}\n.av-special-heading.av-lujuxgvo-a81b8411a5ee6a6c158737282797cb4d .av-subheading{\nfont-size:15px;\n}\n<\/style>\n<div  class='av-special-heading av-lujuxgvo-a81b8411a5ee6a6c158737282797cb4d av-special-heading-h1 custom-color-heading blockquote modern-quote modern-centered  avia-builder-el-3  el_before_av_textblock  avia-builder-el-first'><h1 class='av-special-heading-tag'  itemprop=\"headline\"  >I nostri successi<\/h1><div class=\"special-heading-border\"><div class=\"special-heading-inner-border\"><\/div><\/div><\/div><br \/>\n\n<style type=\"text\/css\" data-created_by=\"avia_inline_auto\" id=\"style-css-av-1m9ey-0673dd23bb440926154a1712b04c0950\">\n#top .av_textblock_section.av-1m9ey-0673dd23bb440926154a1712b04c0950 .avia_textblock{\ncolor:#ffffff;\n}\n<\/style>\n<section  class='av_textblock_section av-1m9ey-0673dd23bb440926154a1712b04c0950'   itemscope=\"itemscope\" itemtype=\"https:\/\/schema.org\/CreativeWork\" ><div class='avia_textblock av_inherit_color'  itemprop=\"text\" ><p style=\"text-align: center;\">Iniziate il vostro viaggio con noi e scoprite soluzioni pubblicitarie di grande impatto che vi faranno battere il cuore. Con dedizione e creativit\u00e0, diamo forma alla presenza digitale del vostro marchio e trasformiamo le visioni in successi tangibili.<\/p>\n<\/div><\/section><\/p><\/div><div  class='flex_column av-bjzi2-4466685af97bbc9f513e1c99468a5f58 av_one_fifth  avia-builder-el-5  el_after_av_three_fifth  avia-builder-el-last  flex_column_div'     ><\/div>\n\n<\/div><\/div><\/main><!-- close content main element --><\/div><\/div><\/div><div id='av_section_2'  class='avia-section av-fmla2-24a172079fd14f25ef21efc135f96ae1 main_color avia-section-default avia-no-border-styling  avia-builder-el-6  el_after_av_section  avia-builder-el-last  avia-bg-style-scroll container_wrap fullsize'  ><div class='container av-section-cont-open' ><div class='template-page content  av-content-full alpha units'><div class='post-entry post-entry-type-page post-entry-250'><div class='entry-content-wrapper clearfix'>\n<div  class='flex_column av-7a2lu-db191b97291d8c38e2d15d21995df63e av_one_full  avia-builder-el-7  avia-builder-el-no-sibling  first flex_column_div'     ><p>\n<style type=\"text\/css\" data-created_by=\"avia_inline_auto\" id=\"style-css-av-lujv2jzq-234d368ecd2502a0a77a1ca56aada00f\">\n#top .av-special-heading.av-lujv2jzq-234d368ecd2502a0a77a1ca56aada00f{\npadding-bottom:10px;\n}\nbody .av-special-heading.av-lujv2jzq-234d368ecd2502a0a77a1ca56aada00f .av-special-heading-tag .heading-char{\nfont-size:25px;\n}\n.av-special-heading.av-lujv2jzq-234d368ecd2502a0a77a1ca56aada00f .av-subheading{\nfont-size:15px;\n}\n<\/style>\n<div  class='av-special-heading av-lujv2jzq-234d368ecd2502a0a77a1ca56aada00f av-special-heading-h2 blockquote modern-quote  avia-builder-el-8  el_before_av_textblock  avia-builder-el-first'><h2 class='av-special-heading-tag'  itemprop=\"headline\"  >Successo e responsabilit\u00e0: il nostro impegno per gli standard di qualit\u00e0 svizzeri<\/h2><div class=\"special-heading-border\"><div class=\"special-heading-inner-border\"><\/div><\/div><\/div><br \/>\n<section  class='av_textblock_section av-lujv1p4e-b8939790c166b2f733b9f69f326d9279'   itemscope=\"itemscope\" itemtype=\"https:\/\/schema.org\/CreativeWork\" ><div class='avia_textblock'  itemprop=\"text\" ><p>Per Swiss Media Design il successo non \u00e8 solo numeri e statistiche: \u00e8 il risultato di passione, innovazione e duro lavoro. Dalla creazione di design pluripremiati allo sviluppo di strategie di marketing innovative, abbiamo sempre puntato all'eccellenza. I nostri successi si riflettono non solo nei premi e nelle recensioni dei clienti, ma anche nelle partnership a lungo termine che abbiamo costruito e nei cambiamenti positivi che stiamo apportando al mondo. Ogni traguardo raggiunto rafforza la nostra ricerca dell'eccellenza e ci motiva a continuare a sviluppare soluzioni innovative che deliziano e impressionano i nostri clienti. Il nostro curriculum \u00e8 un incentivo costante a proseguire il nostro viaggio come agenzia leader di soluzioni creative e a continuare a stabilire lo standard di eccellenza.<\/p>\n<p>In qualit\u00e0 di membro orgoglioso di Swiss Made: For Swiss quality products and services, ci impegniamo a rispettare i pi\u00f9 alti standard di competenza, qualit\u00e0 e tradizione. I valori che il marchio Swiss rappresenta sono gli stessi che noi di Swiss Media Design viviamo e custodiamo. Offriamo alle aziende la possibilit\u00e0 di etichettare i loro prodotti e servizi con l'ambito marchio della balestra, sottolineando cos\u00ec in modo accattivante il loro forte legame con le origini svizzere.<\/p>\n<p>Come membri di Swiss Label, produciamo una certa percentuale dei nostri prodotti e servizi esclusivamente in Svizzera. Questa scelta consapevole garantisce che i nostri prodotti e servizi soddisfino gli elevati standard qualitativi svizzeri di cui siamo orgogliosi.<\/p>\n<p>Swiss Label svolge regolari misure di garanzia della qualit\u00e0 per assicurare che i prodotti e i servizi dei nostri membri soddisfino i pi\u00f9 alti standard qualitativi. Inoltre, offriamo ai nostri membri una piattaforma dove possono non solo presentare i loro prodotti, ma anche interagire con altre aziende attraverso campagne di marketing congiunte e cooperazioni.<\/p>\n<p>Inoltre, siamo orgogliosi di portare il badge Swiss Hosting, il che significa che noi di Hostpoint e Webland abbiamo tutti i nostri servizi di hosting e l'infrastruttura web esclusivamente in Svizzera. Questa certificazione sottolinea il nostro impegno per la qualit\u00e0 e l'affidabilit\u00e0 svizzera in tutte le nostre aree di attivit\u00e0.<\/p>\n<\/div><\/section><\/p><\/div>","protected":false},"excerpt":{"rendered":"","protected":false},"author":2,"featured_media":0,"parent":1993,"menu_order":2600,"comment_status":"closed","ping_status":"closed","template":"","meta":{"footnotes":""},"class_list":["post-250","page","type-page","status-publish","hentry"],"_links":{"self":[{"href":"https:\/\/swissmediadesign.com\/it\/wp-json\/wp\/v2\/pages\/250","targetHints":{"allow":["GET"]}}],"collection":[{"href":"https:\/\/swissmediadesign.com\/it\/wp-json\/wp\/v2\/pages"}],"about":[{"href":"https:\/\/swissmediadesign.com\/it\/wp-json\/wp\/v2\/types\/page"}],"author":[{"embeddable":true,"href":"https:\/\/swissmediadesign.com\/it\/wp-json\/wp\/v2\/users\/2"}],"replies":[{"embeddable":true,"href":"https:\/\/swissmediadesign.com\/it\/wp-json\/wp\/v2\/comments?post=250"}],"version-history":[{"count":0,"href":"https:\/\/swissmediadesign.com\/it\/wp-json\/wp\/v2\/pages\/250\/revisions"}],"up":[{"embeddable":true,"href":"https:\/\/swissmediadesign.com\/it\/wp-json\/wp\/v2\/pages\/1993"}],"wp:attachment":[{"href":"https:\/\/swissmediadesign.com\/it\/wp-json\/wp\/v2\/media?parent=250"}],"curies":[{"name":"wp","href":"https:\/\/api.w.org\/{rel}","templated":true}]}}