{"id":252,"date":"2024-04-02T22:17:18","date_gmt":"2024-04-02T20:17:18","guid":{"rendered":"https:\/\/swissmediadesign.com\/?page_id=252"},"modified":"2025-03-25T10:25:57","modified_gmt":"2025-03-25T09:25:57","slug":"soziales-engagement","status":"publish","type":"page","link":"https:\/\/swissmediadesign.com\/it\/agenzia\/impegno-sociale\/","title":{"rendered":"Impegno sociale"},"content":{"rendered":"<style type=\"text\/css\" data-created_by=\"avia_inline_auto\" id=\"style-css-av-lujdm0x2-37d8da490f5fbfec2cc5d0c863807a13\">\n.avia-section.av-lujdm0x2-37d8da490f5fbfec2cc5d0c863807a13{\nbackground-repeat:no-repeat;\nbackground-image:url(https:\/\/swissmediadesign.com\/wp-content\/uploads\/2024\/04\/105272634_m_normal_none-1500x1000.jpg);\nbackground-position:50% 50%;\nbackground-attachment:scroll;\n}\n.avia-section.av-lujdm0x2-37d8da490f5fbfec2cc5d0c863807a13 .av-section-color-overlay{\nopacity:0.5;\nbackground-color:#000000;\n}\n<\/style>\n<div id='av_section_1'  class='avia-section av-lujdm0x2-37d8da490f5fbfec2cc5d0c863807a13 main_color avia-section-default avia-no-border-styling  avia-builder-el-0  el_before_av_section  avia-builder-el-first  avia-full-stretch avia-bg-style-scroll av-section-color-overlay-active container_wrap fullsize'  data-section-bg-repeat='stretch'><div class=\"av-section-color-overlay-wrap\"><div class=\"av-section-color-overlay\"><\/div><div class='container av-section-cont-open' ><main  role=\"main\" itemprop=\"mainContentOfPage\"  class='template-page content  av-content-full alpha units'><div class='post-entry post-entry-type-page post-entry-252'><div class='entry-content-wrapper clearfix'>\n<div  class='flex_column av-y4bbw-18bfcbd7fdf5d37a6c5fe39062c29cd9 av_one_fifth  avia-builder-el-1  el_before_av_three_fifth  avia-builder-el-first  first flex_column_div'     ><\/div><div  class='flex_column av-rncr8-35092a9ab2c26d72fb4f0711218973aa av_three_fifth  avia-builder-el-2  el_after_av_one_fifth  el_before_av_one_fifth  flex_column_div'     ><p>\n<style type=\"text\/css\" data-created_by=\"avia_inline_auto\" id=\"style-css-av-lujdm8c2-d543227938943fd9eee1ceeb7115aaab\">\n#top .av-special-heading.av-lujdm8c2-d543227938943fd9eee1ceeb7115aaab{\npadding-bottom:10px;\ncolor:#ffffff;\n}\nbody .av-special-heading.av-lujdm8c2-d543227938943fd9eee1ceeb7115aaab .av-special-heading-tag .heading-char{\nfont-size:25px;\n}\n.av-special-heading.av-lujdm8c2-d543227938943fd9eee1ceeb7115aaab .special-heading-inner-border{\nborder-color:#ffffff;\n}\n.av-special-heading.av-lujdm8c2-d543227938943fd9eee1ceeb7115aaab .av-subheading{\nfont-size:15px;\n}\n<\/style>\n<div  class='av-special-heading av-lujdm8c2-d543227938943fd9eee1ceeb7115aaab av-special-heading-h1 custom-color-heading blockquote modern-quote modern-centered  avia-builder-el-3  el_before_av_textblock  avia-builder-el-first'><h1 class='av-special-heading-tag'  itemprop=\"headline\"  >Impegno sociale<\/h1><div class=\"special-heading-border\"><div class=\"special-heading-inner-border\"><\/div><\/div><\/div><br \/>\n\n<style type=\"text\/css\" data-created_by=\"avia_inline_auto\" id=\"style-css-av-lujdsaym-93b5a7537b080b3ccb3f8fac8ab5201e\">\n#top .av_textblock_section.av-lujdsaym-93b5a7537b080b3ccb3f8fac8ab5201e .avia_textblock{\ncolor:#ffffff;\n}\n<\/style>\n<section  class='av_textblock_section av-lujdsaym-93b5a7537b080b3ccb3f8fac8ab5201e'   itemscope=\"itemscope\" itemtype=\"https:\/\/schema.org\/CreativeWork\" ><div class='avia_textblock av_inherit_color'  itemprop=\"text\" ><p style=\"text-align: center;\">Noi di Swiss Media Design ci impegniamo con passione e determinazione per un futuro sostenibile. Il nostro impegno spazia dal piantare alberi per le recensioni dei clienti alla promozione della mobilit\u00e0 elettrica.<\/p>\n<\/div><\/section><\/p><\/div><div  class='flex_column av-j2o3o-ecca7f06853504598b22f96301fae6fd av_one_fifth  avia-builder-el-5  el_after_av_three_fifth  avia-builder-el-last  flex_column_div'     ><\/div>\n\n<\/div><\/div><\/main><!-- close content main element --><\/div><\/div><\/div><div id='av_section_2'  class='avia-section av-eiyl0-2643a6acbde77425baba0790b5ff2086 main_color avia-section-default avia-no-border-styling  avia-builder-el-6  el_after_av_section  avia-builder-el-last  avia-bg-style-scroll container_wrap fullsize'  ><div class='container av-section-cont-open' ><div class='template-page content  av-content-full alpha units'><div class='post-entry post-entry-type-page post-entry-252'><div class='entry-content-wrapper clearfix'>\n<div  class='flex_column av-blf78-72543a98d0775d0c2ae9618afc248f3c av_one_full  avia-builder-el-7  avia-builder-el-no-sibling  first flex_column_div'     ><p>\n<style type=\"text\/css\" data-created_by=\"avia_inline_auto\" id=\"style-css-av-lujdrfo2-1eeb467a78a6f417888e50c3dfb57370\">\n#top .av-special-heading.av-lujdrfo2-1eeb467a78a6f417888e50c3dfb57370{\npadding-bottom:10px;\n}\nbody .av-special-heading.av-lujdrfo2-1eeb467a78a6f417888e50c3dfb57370 .av-special-heading-tag .heading-char{\nfont-size:25px;\n}\n.av-special-heading.av-lujdrfo2-1eeb467a78a6f417888e50c3dfb57370 .av-subheading{\nfont-size:15px;\n}\n<\/style>\n<div  class='av-special-heading av-lujdrfo2-1eeb467a78a6f417888e50c3dfb57370 av-special-heading-h2 blockquote modern-quote  avia-builder-el-8  el_before_av_textblock  avia-builder-el-first'><h2 class='av-special-heading-tag'  itemprop=\"headline\"  >Impronta verde: il nostro impegno per il futuro<\/h2><div class=\"special-heading-border\"><div class=\"special-heading-inner-border\"><\/div><\/div><\/div><br \/>\n<section  class='av_textblock_section av-lujdqkfd-eb02bcbb3ea7fdecd97444d6b8077da7'   itemscope=\"itemscope\" itemtype=\"https:\/\/schema.org\/CreativeWork\" ><div class='avia_textblock'  itemprop=\"text\" ><p>In Swiss Media Design combiniamo l'innovazione tecnologica con un profondo impegno sociale. Un esempio lampante \u00e8 la nostra collaborazione con Reviewforest: per ogni recensione di un cliente piantiamo un albero. Questa iniziativa \u00e8 al centro dei nostri sforzi per ridurre al minimo la nostra impronta ecologica e contribuire attivamente alla tutela dell'ambiente. Ad oggi, abbiamo piantato con orgoglio oltre 100 alberi: un segno visibile del nostro impegno per un futuro pi\u00f9 verde.<\/p>\n<p>La nostra decisione di passare completamente al lavoro da casa riflette anche il nostro impegno per la sostenibilit\u00e0. Questo modo di lavorare non solo ci permette di ridurre il consumo energetico, ma anche di minimizzare le emissioni di CO2 causate dal pendolarismo quotidiano. Questo cambiamento nella nostra cultura lavorativa non solo fa risparmiare risorse, ma promuove anche un ambiente di lavoro sano e flessibile per il nostro team.<\/p>\n<p>Oltre a queste iniziative, ci stiamo concentrando sull'elettromobilit\u00e0 nel nostro comportamento di mobilit\u00e0. La Tesla come veicolo aziendale simboleggia la nostra visione di un futuro a emissioni zero e la nostra convinzione che le tecnologie innovative siano la chiave per risolvere le sfide ambientali. L'impegno verso i veicoli elettrici riflette il nostro sforzo di prendere decisioni sostenibili in tutti i settori della nostra azienda.<\/p>\n<p>Il nostro impegno sociale e le nostre pratiche commerciali sostenibili sono espressione del nostro sforzo di lasciare un segno positivo nel mondo digitale e fisico. Per Swiss Media Design, ogni passo verso la sostenibilit\u00e0 e la responsabilit\u00e0 sociale \u00e8 un passo verso un successo duraturo che va oltre i confini della nostra azienda.<\/p>\n<\/div><\/section><\/p><\/div>","protected":false},"excerpt":{"rendered":"","protected":false},"author":2,"featured_media":0,"parent":1993,"menu_order":2700,"comment_status":"closed","ping_status":"closed","template":"","meta":{"footnotes":""},"class_list":["post-252","page","type-page","status-publish","hentry"],"_links":{"self":[{"href":"https:\/\/swissmediadesign.com\/it\/wp-json\/wp\/v2\/pages\/252","targetHints":{"allow":["GET"]}}],"collection":[{"href":"https:\/\/swissmediadesign.com\/it\/wp-json\/wp\/v2\/pages"}],"about":[{"href":"https:\/\/swissmediadesign.com\/it\/wp-json\/wp\/v2\/types\/page"}],"author":[{"embeddable":true,"href":"https:\/\/swissmediadesign.com\/it\/wp-json\/wp\/v2\/users\/2"}],"replies":[{"embeddable":true,"href":"https:\/\/swissmediadesign.com\/it\/wp-json\/wp\/v2\/comments?post=252"}],"version-history":[{"count":0,"href":"https:\/\/swissmediadesign.com\/it\/wp-json\/wp\/v2\/pages\/252\/revisions"}],"up":[{"embeddable":true,"href":"https:\/\/swissmediadesign.com\/it\/wp-json\/wp\/v2\/pages\/1993"}],"wp:attachment":[{"href":"https:\/\/swissmediadesign.com\/it\/wp-json\/wp\/v2\/media?parent=252"}],"curies":[{"name":"wp","href":"https:\/\/api.w.org\/{rel}","templated":true}]}}