{"id":31,"date":"2024-04-02T15:57:36","date_gmt":"2024-04-02T13:57:36","guid":{"rendered":"https:\/\/swissmediadesign.com\/?page_id=31"},"modified":"2025-03-25T10:34:16","modified_gmt":"2025-03-25T09:34:16","slug":"unsere-expertise","status":"publish","type":"page","link":"https:\/\/swissmediadesign.com\/it\/la-nostra-esperienza\/","title":{"rendered":"La nostra esperienza"},"content":{"rendered":"<style type=\"text\/css\" data-created_by=\"avia_inline_auto\" id=\"style-css-av-3hi2v-86567e858de85387d032ca9ec9d26c1f\">\n.avia-section.av-3hi2v-86567e858de85387d032ca9ec9d26c1f{\nbackground-repeat:no-repeat;\nbackground-image:url(https:\/\/swissmediadesign.com\/wp-content\/uploads\/2024\/04\/26809644_m_normal_none-1500x1000.jpg);\nbackground-position:50% 50%;\nbackground-attachment:scroll;\n}\n.avia-section.av-3hi2v-86567e858de85387d032ca9ec9d26c1f .av-section-color-overlay{\nopacity:0.5;\nbackground-color:#000000;\n}\n<\/style>\n<div id='av_section_1'  class='avia-section av-3hi2v-86567e858de85387d032ca9ec9d26c1f main_color avia-section-default avia-no-border-styling  avia-builder-el-0  el_before_av_masonry_gallery  avia-builder-el-first  avia-full-stretch avia-bg-style-scroll av-section-color-overlay-active container_wrap fullsize'  data-section-bg-repeat='stretch'><div class=\"av-section-color-overlay-wrap\"><div class=\"av-section-color-overlay\"><\/div><div class='container av-section-cont-open' ><main  role=\"main\" itemprop=\"mainContentOfPage\"  class='template-page content  av-content-full alpha units'><div class='post-entry post-entry-type-page post-entry-31'><div class='entry-content-wrapper clearfix'>\n<div  class='flex_column av-2rj1r-f1f8a5e1514b3f50d2d7edef536f5cc6 av_one_fifth  avia-builder-el-1  el_before_av_three_fifth  avia-builder-el-first  first flex_column_div'     ><\/div><div  class='flex_column av-1wcqz-7c36cd9ad9e97bb410c38dd672dbde23 av_three_fifth  avia-builder-el-2  el_after_av_one_fifth  el_before_av_one_fifth  flex_column_div'     ><p>\n<style type=\"text\/css\" data-created_by=\"avia_inline_auto\" id=\"style-css-av-luitvn8s-2a6e7fc0b9368efbb74bfab7b65a0a47\">\n#top .av-special-heading.av-luitvn8s-2a6e7fc0b9368efbb74bfab7b65a0a47{\npadding-bottom:10px;\ncolor:#ffffff;\n}\nbody .av-special-heading.av-luitvn8s-2a6e7fc0b9368efbb74bfab7b65a0a47 .av-special-heading-tag .heading-char{\nfont-size:25px;\n}\n.av-special-heading.av-luitvn8s-2a6e7fc0b9368efbb74bfab7b65a0a47 .special-heading-inner-border{\nborder-color:#ffffff;\n}\n.av-special-heading.av-luitvn8s-2a6e7fc0b9368efbb74bfab7b65a0a47 .av-subheading{\nfont-size:15px;\n}\n<\/style>\n<div  class='av-special-heading av-luitvn8s-2a6e7fc0b9368efbb74bfab7b65a0a47 av-special-heading-h1 custom-color-heading blockquote modern-quote modern-centered  avia-builder-el-3  el_before_av_textblock  avia-builder-el-first'><h1 class='av-special-heading-tag'  itemprop=\"headline\"  >La nostra esperienza<\/h1><div class=\"special-heading-border\"><div class=\"special-heading-inner-border\"><\/div><\/div><\/div><br \/>\n\n<style type=\"text\/css\" data-created_by=\"avia_inline_auto\" id=\"style-css-av-1m6rz-a36aace6e62b829f03582336e4757e42\">\n#top .av_textblock_section.av-1m6rz-a36aace6e62b829f03582336e4757e42 .avia_textblock{\ncolor:#ffffff;\n}\n<\/style>\n<section  class='av_textblock_section av-1m6rz-a36aace6e62b829f03582336e4757e42'   itemscope=\"itemscope\" itemtype=\"https:\/\/schema.org\/CreativeWork\" ><div class='avia_textblock av_inherit_color'  itemprop=\"text\" ><p style=\"text-align: center;\">Liberate tutto il potenziale del vostro marchio con la nostra competenza. Grazie alla nostra profonda esperienza e alla nostra sfrenata creativit\u00e0, creiamo strategie di marketing personalizzate che non solo attirano l'attenzione, ma lasciano anche un'impressione duratura. Trasformiamo le vostre visioni in un successo misurabile.<\/p>\n<\/div><\/section><\/p><\/div><div  class='flex_column av-ra77-d83278664cd6406e1a8db73f9ae0513d av_one_fifth  avia-builder-el-5  el_after_av_three_fifth  avia-builder-el-last  flex_column_div'     ><\/div>\n\n\n<style type=\"text\/css\" data-created_by=\"avia_inline_auto\" id=\"style-css-av-luiuopwa-87119582ee6ff666130338da2817e02b\">\n#top .av-masonry.av-luiuopwa-87119582ee6ff666130338da2817e02b{\nbackground-color:#ffffff;\n}\n<\/style>\n<div id='av-masonry-1' class='av-masonry av-luiuopwa-87119582ee6ff666130338da2817e02b noHover av-flex-size av-large-gap av-hover-overlay-active av-masonry-animation-active av-masonry-col-3 av-caption-always av-caption-style-overlay av-masonry-gallery' data-post_id=\"31\"><div class=\"av-masonry-container isotope av-js-disabled\"><div class='av-masonry-entry isotope-item av-masonry-item-no-image'><\/div><a href=\"https:\/\/swissmediadesign.com\/it\/la-nostra-esperienza\/diventare-visibile\/\"  aria-label=\"immagine Diventare visibile\"  id='av-masonry-1-item-269' data-av-masonry-item='269' class='av-masonry-entry isotope-item post-269 attachment type-attachment status-inherit hentry  av-masonry-item-with-image' title=\"Diventare visibili\" alt=\"Beginnen Sie Ihre Reise mit uns und entdecken Sie beeindruckende Werbel\u00f6sungen, die Ihr Herz h\u00f6her schlagen lassen. Mit Hingabe und Kreativit\u00e4t formen wir den digitalen Auftritt Ihrer Marke. Wir verwandeln Visionen in greifbare Erfolge und gestalten Erlebnisse, die Ihre Zielgruppe nachhaltig faszinieren.\"  data-av-masonry-custom-link=\"https:\/\/swissmediadesign.com\/unsere-expertise\/sichtbar-werden\/\"  itemprop=\"thumbnailUrl\" ><div class='av-inner-masonry-sizer'><\/div><figure class='av-inner-masonry main_color'><div class=\"av-masonry-outerimage-container\"><div class='av-masonry-image-container'   ><img decoding=\"async\" src=\"https:\/\/swissmediadesign.com\/wp-content\/uploads\/2024\/04\/70425452_m_normal_none-1030x687.jpg\" title=\"Diventare visibili\" alt=\"Iniziate il vostro viaggio con noi e scoprite soluzioni pubblicitarie di grande impatto che vi faranno battere il cuore. Diamo forma alla presenza digitale del vostro marchio con dedizione e creativit\u00e0. Trasformiamo le visioni in successi tangibili e progettiamo esperienze che affascineranno il vostro gruppo target a lungo termine.\" \/><\/div><\/div><figcaption class='av-inner-masonry-content site-background'><div class='av-inner-masonry-content-pos'><div class='av-inner-masonry-content-pos-content'><div class='avia-arrow'><\/div><h3 class='av-masonry-entry-title entry-title'  itemprop=\"headline\" >Diventare visibili<\/h3><div class='av-masonry-entry-content entry-content'  itemprop=\"text\" >Iniziate il vostro viaggio con noi e scoprite soluzioni pubblicitarie di grande impatto che vi faranno battere il cuore. Diamo forma alla presenza digitale del vostro marchio con dedizione e creativit\u00e0. Trasformiamo le visioni in successi tangibili e progettiamo esperienze che affascineranno il vostro gruppo target a lungo termine.<\/div><\/div><\/div><\/figcaption><\/figure><\/a><!--end av-masonry entry--><a href=\"https:\/\/swissmediadesign.com\/it\/la-nostra-esperienza\/crescere\/\"  aria-label=\"immagine Crescere\"  id='av-masonry-1-item-412' data-av-masonry-item='412' class='av-masonry-entry isotope-item post-412 attachment type-attachment status-inherit hentry  av-masonry-item-with-image' title=\"Crescere\" alt=\"Steigern Sie Ihr Potenzial mit uns und erleben Sie, wie Ihr Gesch\u00e4ft neue H\u00f6hen erreicht. Unsere strategische Weitsicht gepaart mit innovativer Kreativit\u00e4t entfacht ein dynamisches Wachstum Ihrer Marke. Wir nehmen Ihre Ambitionen und verwandeln sie in messbare Erfolge, indem wir zielgerichtete Strategien mit kreativer Exzellenz kombinieren.\"  data-av-masonry-custom-link=\"https:\/\/swissmediadesign.com\/unsere-expertise\/wachsen\/\"  itemprop=\"thumbnailUrl\" ><div class='av-inner-masonry-sizer'><\/div><figure class='av-inner-masonry main_color'><div class=\"av-masonry-outerimage-container\"><div class='av-masonry-image-container'   ><img decoding=\"async\" src=\"https:\/\/swissmediadesign.com\/wp-content\/uploads\/2024\/04\/208638253_m_normal_none-1030x687.jpg\" title=\"Crescere\" alt=\"Aumentate il vostro potenziale con noi e vedrete la vostra attivit\u00e0 raggiungere nuove vette. La nostra lungimiranza strategica unita alla creativit\u00e0 innovativa stimola una crescita dinamica del vostro marchio. Prendiamo le vostre ambizioni e le trasformiamo in un successo misurabile, combinando strategie mirate con l&#039;eccellenza creativa.\" \/><\/div><\/div><figcaption class='av-inner-masonry-content site-background'><div class='av-inner-masonry-content-pos'><div class='av-inner-masonry-content-pos-content'><div class='avia-arrow'><\/div><h3 class='av-masonry-entry-title entry-title'  itemprop=\"headline\" >Crescere<\/h3><div class='av-masonry-entry-content entry-content'  itemprop=\"text\" > Aumentate il vostro potenziale con noi e vedrete la vostra attivit\u00e0 raggiungere nuove vette. La nostra lungimiranza strategica unita alla creativit\u00e0 innovativa stimola una crescita dinamica del vostro marchio. Prendiamo le vostre ambizioni e le trasformiamo in un successo misurabile, combinando strategie mirate con l'eccellenza creativa.<\/div><\/div><\/div><\/figcaption><\/figure><\/a><!--end av-masonry entry--><a href=\"https:\/\/swissmediadesign.com\/it\/dominieren\/\"  aria-label=\"immagine Dominare\"  id='av-masonry-1-item-685' data-av-masonry-item='685' class='av-masonry-entry isotope-item post-685 attachment type-attachment status-inherit hentry  av-masonry-item-with-image' title=\"Dominare\" alt=\"Erobern Sie den Markt mit unserer Unterst\u00fctzung. Durch pr\u00e4zise Marktforschung und k\u00fchne Strategien f\u00fchren wir Sie zur Spitze. Unser Ziel ist klar definiert: Gemeinsam dominieren wir den Markt und setzen neue Massst\u00e4be, mit einer Vision, die so weit reicht wie der Gipfel \u00fcber den Wolken, und sogar dar\u00fcber hinaus in die unendlichen Weiten des Erfolgs.\"  data-av-masonry-custom-link=\"https:\/\/swissmediadesign.com\/dominieren\/\"  itemprop=\"thumbnailUrl\" ><div class='av-inner-masonry-sizer'><\/div><figure class='av-inner-masonry main_color'><div class=\"av-masonry-outerimage-container\"><div class='av-masonry-image-container'   ><img decoding=\"async\" src=\"https:\/\/swissmediadesign.com\/wp-content\/uploads\/2024\/04\/47565668_l_normal_none-1030x687.png\" title=\"Dominare\" alt=\"Conquistate il mercato con il nostro supporto. Grazie a precise ricerche di mercato e a strategie coraggiose, vi porteremo in alto. Il nostro obiettivo \u00e8 chiaramente definito: Insieme dominiamo il mercato e stabiliamo nuovi standard, con una visione che arriva fino alla vetta sopra le nuvole, e anche oltre, nelle infinite distese del successo.\" \/><\/div><\/div><figcaption class='av-inner-masonry-content site-background'><div class='av-inner-masonry-content-pos'><div class='av-inner-masonry-content-pos-content'><div class='avia-arrow'><\/div><h3 class='av-masonry-entry-title entry-title'  itemprop=\"headline\" >Dominare<\/h3><div class='av-masonry-entry-content entry-content'  itemprop=\"text\" > Conquistate il mercato con il nostro supporto. Grazie a precise ricerche di mercato e a strategie coraggiose, vi porteremo in alto. Il nostro obiettivo \u00e8 chiaramente definito: Insieme dominiamo il mercato e stabiliamo nuovi standard, con una visione che arriva fino alla vetta sopra le nuvole, e anche oltre, nelle infinite distese del successo.<\/div><\/div><\/div><\/figcaption><\/figure><\/a><!--end av-masonry entry--><\/div><\/div>","protected":false},"excerpt":{"rendered":"","protected":false},"author":2,"featured_media":0,"parent":0,"menu_order":3000,"comment_status":"closed","ping_status":"closed","template":"","meta":{"footnotes":""},"class_list":["post-31","page","type-page","status-publish","hentry"],"_links":{"self":[{"href":"https:\/\/swissmediadesign.com\/it\/wp-json\/wp\/v2\/pages\/31","targetHints":{"allow":["GET"]}}],"collection":[{"href":"https:\/\/swissmediadesign.com\/it\/wp-json\/wp\/v2\/pages"}],"about":[{"href":"https:\/\/swissmediadesign.com\/it\/wp-json\/wp\/v2\/types\/page"}],"author":[{"embeddable":true,"href":"https:\/\/swissmediadesign.com\/it\/wp-json\/wp\/v2\/users\/2"}],"replies":[{"embeddable":true,"href":"https:\/\/swissmediadesign.com\/it\/wp-json\/wp\/v2\/comments?post=31"}],"version-history":[{"count":0,"href":"https:\/\/swissmediadesign.com\/it\/wp-json\/wp\/v2\/pages\/31\/revisions"}],"wp:attachment":[{"href":"https:\/\/swissmediadesign.com\/it\/wp-json\/wp\/v2\/media?parent=31"}],"curies":[{"name":"wp","href":"https:\/\/api.w.org\/{rel}","templated":true}]}}