{"id":39,"date":"2024-04-02T15:59:34","date_gmt":"2024-04-02T13:59:34","guid":{"rendered":"https:\/\/swissmediadesign.com\/?page_id=39"},"modified":"2025-03-25T10:12:12","modified_gmt":"2025-03-25T09:12:12","slug":"wer-wir-sind","status":"publish","type":"page","link":"https:\/\/swissmediadesign.com\/it\/agenzia\/chi-siamo\/","title":{"rendered":"Chi siamo"},"content":{"rendered":"<style type=\"text\/css\" data-created_by=\"avia_inline_auto\" id=\"style-css-av-lujaw67l-1e65cf0b1d09dec421d05a0a2aa05366\">\n.avia-section.av-lujaw67l-1e65cf0b1d09dec421d05a0a2aa05366{\nbackground-repeat:no-repeat;\nbackground-image:url(https:\/\/swissmediadesign.com\/wp-content\/uploads\/2024\/11\/SMD-OFFICE_121124@florin.schmid010-1500x844.jpeg);\nbackground-position:50% 50%;\nbackground-attachment:scroll;\n}\n.avia-section.av-lujaw67l-1e65cf0b1d09dec421d05a0a2aa05366 .av-section-color-overlay{\nopacity:0.6;\nbackground-color:#000000;\n}\n<\/style>\n<div id='av_section_1'  class='avia-section av-lujaw67l-1e65cf0b1d09dec421d05a0a2aa05366 main_color avia-section-default avia-no-border-styling  avia-builder-el-0  el_before_av_section  avia-builder-el-first  avia-full-stretch avia-bg-style-scroll av-section-color-overlay-active container_wrap fullsize'  data-section-bg-repeat='stretch'><div class=\"av-section-color-overlay-wrap\"><div class=\"av-section-color-overlay\"><\/div><div class='container av-section-cont-open' ><main  role=\"main\" itemprop=\"mainContentOfPage\"  class='template-page content  av-content-full alpha units'><div class='post-entry post-entry-type-page post-entry-39'><div class='entry-content-wrapper clearfix'>\n<div  class='flex_column av-2lohf-f2b9a27f67d3e6fed942d48aedb5f56b av_one_fifth  avia-builder-el-1  el_before_av_three_fifth  avia-builder-el-first  first flex_column_div'     ><\/div><div  class='flex_column av-25093-55217c49f07f97701b437976cca97841 av_three_fifth  avia-builder-el-2  el_after_av_one_fifth  el_before_av_one_fifth  flex_column_div'     ><p>\n<style type=\"text\/css\" data-created_by=\"avia_inline_auto\" id=\"style-css-av-lujawcix-871cba96cc1f80c433cccbedfef6b810\">\n#top .av-special-heading.av-lujawcix-871cba96cc1f80c433cccbedfef6b810{\npadding-bottom:10px;\ncolor:#ffffff;\n}\nbody .av-special-heading.av-lujawcix-871cba96cc1f80c433cccbedfef6b810 .av-special-heading-tag .heading-char{\nfont-size:25px;\n}\n.av-special-heading.av-lujawcix-871cba96cc1f80c433cccbedfef6b810 .special-heading-inner-border{\nborder-color:#ffffff;\n}\n.av-special-heading.av-lujawcix-871cba96cc1f80c433cccbedfef6b810 .av-subheading{\nfont-size:15px;\n}\n<\/style>\n<div  class='av-special-heading av-lujawcix-871cba96cc1f80c433cccbedfef6b810 av-special-heading-h1 custom-color-heading blockquote modern-quote modern-centered  avia-builder-el-3  el_before_av_textblock  avia-builder-el-first'><h1 class='av-special-heading-tag'  itemprop=\"headline\"  >Chi siamo<\/h1><div class=\"special-heading-border\"><div class=\"special-heading-inner-border\"><\/div><\/div><\/div><br \/>\n\n<style type=\"text\/css\" data-created_by=\"avia_inline_auto\" id=\"style-css-av-1b8sv-8b4b6c2e4d033b34367a6f2b28a29564\">\n#top .av_textblock_section.av-1b8sv-8b4b6c2e4d033b34367a6f2b28a29564 .avia_textblock{\ncolor:#ffffff;\n}\n<\/style>\n<section  class='av_textblock_section av-1b8sv-8b4b6c2e4d033b34367a6f2b28a29564'   itemscope=\"itemscope\" itemtype=\"https:\/\/schema.org\/CreativeWork\" ><div class='avia_textblock av_inherit_color'  itemprop=\"text\" ><p style=\"text-align: center;\">Scoprite la storia e le persone che stanno dietro alla nostra agenzia. In Swiss Media Design uniamo creativit\u00e0 e strategia per creare soluzioni eccezionali che ispirano e commuovono. Immergetevi nel nostro mondo, dove ogni progetto \u00e8 una questione di cuore.<\/p>\n<\/div><\/section><\/p><\/div><div  class='flex_column av-uivf-7b536350c6ab76f6b609a982d45ef5e2 av_one_fifth  avia-builder-el-5  el_after_av_three_fifth  avia-builder-el-last  flex_column_div'     ><\/div>\n\n<\/div><\/div><\/main><!-- close content main element --><\/div><\/div><\/div><div id='av_section_2'  class='avia-section av-1jy87-5077f1b0626829811fbd54a6682e7f1b main_color avia-section-default avia-no-border-styling  avia-builder-el-6  el_after_av_section  avia-builder-el-last  avia-bg-style-scroll container_wrap fullsize'  ><div class='container av-section-cont-open' ><div class='template-page content  av-content-full alpha units'><div class='post-entry post-entry-type-page post-entry-39'><div class='entry-content-wrapper clearfix'>\n<div  class='flex_column av-48yn-65462426ce7f452d8605fed68fa3a73b av_one_half  avia-builder-el-7  el_before_av_one_half  avia-builder-el-first  first flex_column_div'     ><p>\n<style type=\"text\/css\" data-created_by=\"avia_inline_auto\" id=\"style-css-av-lujd5xil-6d7bc1fcf1660dbfdffffbf062f407ea\">\n#top .av-special-heading.av-lujd5xil-6d7bc1fcf1660dbfdffffbf062f407ea{\npadding-bottom:10px;\n}\nbody .av-special-heading.av-lujd5xil-6d7bc1fcf1660dbfdffffbf062f407ea .av-special-heading-tag .heading-char{\nfont-size:25px;\n}\n.av-special-heading.av-lujd5xil-6d7bc1fcf1660dbfdffffbf062f407ea .av-subheading{\nfont-size:15px;\n}\n<\/style>\n<div  class='av-special-heading av-lujd5xil-6d7bc1fcf1660dbfdffffbf062f407ea av-special-heading-h2 blockquote modern-quote  avia-builder-el-8  el_before_av_textblock  avia-builder-el-first'><h2 class='av-special-heading-tag'  itemprop=\"headline\"  >Attraversare le frontiere: La nostra visione in azione<\/h2><div class=\"special-heading-border\"><div class=\"special-heading-inner-border\"><\/div><\/div><\/div><br \/>\n<section  class='av_textblock_section av-lujd5saw-32b7836c1ce92481f3f3849c4505eda1'   itemscope=\"itemscope\" itemtype=\"https:\/\/schema.org\/CreativeWork\" ><div class='avia_textblock'  itemprop=\"text\" ><p>Benvenuti in Swiss Media Design, dove la visione creativa incontra l'eccellenza strategica. Siamo pi\u00f9 di una semplice agenzia: siamo un team di designer, strateghi e narratori che vivono e respirano il marketing digitale. Il nostro obiettivo? Dare vita ai marchi e creare un successo sostenibile. Fin dalla nostra fondazione, ci siamo considerati un partner per i nostri clienti. Ogni progetto \u00e8 un'opportunit\u00e0 per superare i limiti e scoprire nuove potenzialit\u00e0. Per noi le persone sono al centro dell'attenzione: l'innovazione nasce dalla collaborazione.<\/p>\n<p>Il nostro viaggio \u00e8 caratterizzato da apprendimento e adattamento. In un mondo digitale dinamico, ci manteniamo all'avanguardia continuando a imparare e a sperimentare. Il nostro obiettivo \u00e8 creare marchi non solo visibili, ma anche toccanti e duraturi. In Swiss Media Design uniamo l'artigianato al cuore, i dati all'intuizione. Scoprite come trasformiamo la vostra visione in una storia di successo, attraverso il successo dei nostri clienti e esperienze di marca indimenticabili.<\/p>\n<\/div><\/section><\/p><\/div><div  class='flex_column av-puw7-dbb13a98396ad0cd07092d70d8755e62 av_one_half  avia-builder-el-10  el_after_av_one_half  avia-builder-el-last  flex_column_div'     ><style type=\"text\/css\" data-created_by=\"avia_inline_auto\" id=\"style-css-av-m3ewk4v5-bdc8d56841c0946e63622a82eec0fd7c\">\n.avia-image-container.av-m3ewk4v5-bdc8d56841c0946e63622a82eec0fd7c img.avia_image{\nbox-shadow:none;\n}\n.avia-image-container.av-m3ewk4v5-bdc8d56841c0946e63622a82eec0fd7c .av-image-caption-overlay-center{\ncolor:#ffffff;\n}\n<\/style>\n<div  class='avia-image-container av-m3ewk4v5-bdc8d56841c0946e63622a82eec0fd7c av-styling- avia-align-center  avia-builder-el-11  avia-builder-el-no-sibling'   itemprop=\"image\" itemscope=\"itemscope\" itemtype=\"https:\/\/schema.org\/ImageObject\" ><div class=\"avia-image-container-inner\"><div class=\"avia-image-overlay-wrap\"><img class='avia_image' src='https:\/\/swissmediadesign.com\/wp-content\/uploads\/2024\/11\/SMD-OFFICE_121124@florin.schmid005-scaled.jpeg' alt='' title='SMD OFFICE_121124@florin.schmid005'  height=\"1440\" width=\"2560\"  itemprop=\"thumbnailUrl\"  \/><\/div><\/div><\/div><\/div>","protected":false},"excerpt":{"rendered":"","protected":false},"author":2,"featured_media":0,"parent":1993,"menu_order":2100,"comment_status":"closed","ping_status":"closed","template":"","meta":{"footnotes":""},"class_list":["post-39","page","type-page","status-publish","hentry"],"_links":{"self":[{"href":"https:\/\/swissmediadesign.com\/it\/wp-json\/wp\/v2\/pages\/39","targetHints":{"allow":["GET"]}}],"collection":[{"href":"https:\/\/swissmediadesign.com\/it\/wp-json\/wp\/v2\/pages"}],"about":[{"href":"https:\/\/swissmediadesign.com\/it\/wp-json\/wp\/v2\/types\/page"}],"author":[{"embeddable":true,"href":"https:\/\/swissmediadesign.com\/it\/wp-json\/wp\/v2\/users\/2"}],"replies":[{"embeddable":true,"href":"https:\/\/swissmediadesign.com\/it\/wp-json\/wp\/v2\/comments?post=39"}],"version-history":[{"count":0,"href":"https:\/\/swissmediadesign.com\/it\/wp-json\/wp\/v2\/pages\/39\/revisions"}],"up":[{"embeddable":true,"href":"https:\/\/swissmediadesign.com\/it\/wp-json\/wp\/v2\/pages\/1993"}],"wp:attachment":[{"href":"https:\/\/swissmediadesign.com\/it\/wp-json\/wp\/v2\/media?parent=39"}],"curies":[{"name":"wp","href":"https:\/\/api.w.org\/{rel}","templated":true}]}}