{"id":67,"date":"2024-04-02T17:15:08","date_gmt":"2024-04-02T15:15:08","guid":{"rendered":"https:\/\/swissmediadesign.com\/?page_id=67"},"modified":"2025-04-24T08:55:01","modified_gmt":"2025-04-24T06:55:01","slug":"rechtliches","status":"publish","type":"page","link":"https:\/\/swissmediadesign.com\/it\/legale\/","title":{"rendered":"Questioni legali"},"content":{"rendered":"<style type=\"text\/css\" data-created_by=\"avia_inline_auto\" id=\"style-css-av-559f3-a2cf55bc656a45edb59d3a1a4225a664\">\n.avia-section.av-559f3-a2cf55bc656a45edb59d3a1a4225a664{\nbackground-repeat:no-repeat;\nbackground-image:url(https:\/\/swissmediadesign.com\/wp-content\/uploads\/2024\/05\/53915945_l_normal_none-1500x997.jpg);\nbackground-position:50% 50%;\nbackground-attachment:scroll;\n}\n.avia-section.av-559f3-a2cf55bc656a45edb59d3a1a4225a664 .av-section-color-overlay{\nopacity:0.5;\nbackground-color:#000000;\n}\n<\/style>\n<div id='av_section_1'  class='avia-section av-559f3-a2cf55bc656a45edb59d3a1a4225a664 main_color avia-section-default avia-no-border-styling  avia-builder-el-0  el_before_av_one_full  avia-builder-el-first  avia-full-stretch avia-bg-style-scroll av-section-color-overlay-active container_wrap fullsize'  data-section-bg-repeat='stretch'><div class=\"av-section-color-overlay-wrap\"><div class=\"av-section-color-overlay\"><\/div><div class='container av-section-cont-open' ><main  role=\"main\" itemprop=\"mainContentOfPage\"  class='template-page content  av-content-full alpha units'><div class='post-entry post-entry-type-page post-entry-67'><div class='entry-content-wrapper clearfix'>\n<div  class='flex_column av-4pglb-19169f489965bab134785da3ed7164e9 av_one_fifth  avia-builder-el-1  el_before_av_three_fifth  avia-builder-el-first  first flex_column_div'     ><\/div><div  class='flex_column av-3na4r-d795422194afd9d8287335503209b926 av_three_fifth  avia-builder-el-2  el_after_av_one_fifth  el_before_av_one_fifth  flex_column_div'     ><p>\n<style type=\"text\/css\" data-created_by=\"avia_inline_auto\" id=\"style-css-av-lwgehhyb-8afc8c1f472a199343f250356370db7d\">\n#top .av-special-heading.av-lwgehhyb-8afc8c1f472a199343f250356370db7d{\npadding-bottom:10px;\ncolor:#ffffff;\n}\nbody .av-special-heading.av-lwgehhyb-8afc8c1f472a199343f250356370db7d .av-special-heading-tag .heading-char{\nfont-size:25px;\n}\n.av-special-heading.av-lwgehhyb-8afc8c1f472a199343f250356370db7d .special-heading-inner-border{\nborder-color:#ffffff;\n}\n.av-special-heading.av-lwgehhyb-8afc8c1f472a199343f250356370db7d .av-subheading{\nfont-size:15px;\n}\n<\/style>\n<div  class='av-special-heading av-lwgehhyb-8afc8c1f472a199343f250356370db7d av-special-heading-h1 custom-color-heading blockquote modern-quote modern-centered  avia-builder-el-3  el_before_av_textblock  avia-builder-el-first'><h1 class='av-special-heading-tag'  itemprop=\"headline\"  >Questioni legali<\/h1><div class=\"special-heading-border\"><div class=\"special-heading-inner-border\"><\/div><\/div><\/div><br \/>\n\n<style type=\"text\/css\" data-created_by=\"avia_inline_auto\" id=\"style-css-av-3bp8f-1b944de57f6c2fb34b87cffc2f76d7f0\">\n#top .av_textblock_section.av-3bp8f-1b944de57f6c2fb34b87cffc2f76d7f0 .avia_textblock{\ncolor:#ffffff;\n}\n<\/style>\n<section  class='av_textblock_section av-3bp8f-1b944de57f6c2fb34b87cffc2f76d7f0'   itemscope=\"itemscope\" itemtype=\"https:\/\/schema.org\/CreativeWork\" ><div class='avia_textblock av_inherit_color'  itemprop=\"text\" ><p style=\"text-align: center;\">Questa pagina contiene informazioni legalmente rilevanti di Swiss Media Design. Qui potete trovare maggiori informazioni sull'applicabilit\u00e0 delle informazioni fornite, sulle esclusioni di responsabilit\u00e0 e sulle nostre linee guida. \u00c8 importante che leggiate attentamente queste informazioni. In caso di domande o dubbi, non esitate a contattarci.<\/p>\n<\/div><\/section><\/p><\/div><div  class='flex_column av-2n8r7-ed291784aeec82af5933ef12d3f8c5f2 av_one_fifth  avia-builder-el-5  el_after_av_three_fifth  avia-builder-el-last  flex_column_div'     ><\/div>\n<\/div><\/div><\/main><!-- close content main element --><\/div><\/div><\/div><div id='after_section_1'  class='main_color av_default_container_wrap container_wrap fullsize'  ><div class='container av-section-cont-open' ><div class='template-page content  av-content-full alpha units'><div class='post-entry post-entry-type-page post-entry-67'><div class='entry-content-wrapper clearfix'>\n<div  class='flex_column av-88qf-d68f28dc0cde9201efa5dd6fbc101cb3 av_one_full  avia-builder-el-6  el_after_av_section  avia-builder-el-no-sibling  first flex_column_div'     ><p>\n<style type=\"text\/css\" data-created_by=\"avia_inline_auto\" id=\"style-css-av-4qvv-aceaa397ea1538d17aa67199dbfcede8\">\n#top .av-special-heading.av-4qvv-aceaa397ea1538d17aa67199dbfcede8{\npadding-bottom:10px;\n}\nbody .av-special-heading.av-4qvv-aceaa397ea1538d17aa67199dbfcede8 .av-special-heading-tag .heading-char{\nfont-size:25px;\n}\n.av-special-heading.av-4qvv-aceaa397ea1538d17aa67199dbfcede8 .av-subheading{\nfont-size:15px;\n}\n<\/style>\n<div  class='av-special-heading av-4qvv-aceaa397ea1538d17aa67199dbfcede8 av-special-heading-h2 blockquote modern-quote  avia-builder-el-7  el_before_av_textblock  avia-builder-el-first'><h2 class='av-special-heading-tag'  itemprop=\"headline\"  >Applicabilit\u00e0<\/h2><div class=\"special-heading-border\"><div class=\"special-heading-inner-border\"><\/div><\/div><\/div><br \/>\n<section  class='av_textblock_section av-3uh7-6df5fdc0e81049ea5252d9655e2cc5e9'   itemscope=\"itemscope\" itemtype=\"https:\/\/schema.org\/CreativeWork\" ><div class='avia_textblock'  itemprop=\"text\" ><p>L'utente riconosce che le informazioni fornite in questo sito web si applicano principalmente all'ambito giuridico della Svizzera. L'applicabilit\u00e0 ad altri Paesi non \u00e8 prevista n\u00e9 garantita. Gli utenti di altre giurisdizioni devono pertanto richiedere una consulenza legale per verificare l'applicabilit\u00e0 delle informazioni alle loro specifiche circostanze.<\/p>\n<\/div><\/section><br \/>\n\n<style type=\"text\/css\" data-created_by=\"avia_inline_auto\" id=\"style-css-av-lwget9x9-e9a2a6c22489cbba0228d0ee966afbad\">\n#top .av-special-heading.av-lwget9x9-e9a2a6c22489cbba0228d0ee966afbad{\npadding-bottom:10px;\n}\nbody .av-special-heading.av-lwget9x9-e9a2a6c22489cbba0228d0ee966afbad .av-special-heading-tag .heading-char{\nfont-size:25px;\n}\n.av-special-heading.av-lwget9x9-e9a2a6c22489cbba0228d0ee966afbad .av-subheading{\nfont-size:15px;\n}\n<\/style>\n<div  class='av-special-heading av-lwget9x9-e9a2a6c22489cbba0228d0ee966afbad av-special-heading-h2 blockquote modern-quote  avia-builder-el-9  el_after_av_textblock  el_before_av_textblock'><h2 class='av-special-heading-tag'  itemprop=\"headline\"  >Esclusione di responsabilit\u00e0 per informazioni non corrette<\/h2><div class=\"special-heading-border\"><div class=\"special-heading-inner-border\"><\/div><\/div><\/div><br \/>\n<section  class='av_textblock_section av-lwgeti8t-636e2fec90cfc660fbdbaf0f4a49ad85'   itemscope=\"itemscope\" itemtype=\"https:\/\/schema.org\/CreativeWork\" ><div class='avia_textblock'  itemprop=\"text\" ><p>Swiss Media Design GmbH non si assume alcuna responsabilit\u00e0 per l'accuratezza, la completezza e l'attualit\u00e0 delle informazioni fornite. In particolare, le informazioni non possono sostituire la consulenza legale personale.<\/p>\n<\/div><\/section><br \/>\n\n<style type=\"text\/css\" data-created_by=\"avia_inline_auto\" id=\"style-css-av-lwgetqwo-ab97200d4f98acfdd401756afc0524a2\">\n#top .av-special-heading.av-lwgetqwo-ab97200d4f98acfdd401756afc0524a2{\npadding-bottom:10px;\n}\nbody .av-special-heading.av-lwgetqwo-ab97200d4f98acfdd401756afc0524a2 .av-special-heading-tag .heading-char{\nfont-size:25px;\n}\n.av-special-heading.av-lwgetqwo-ab97200d4f98acfdd401756afc0524a2 .av-subheading{\nfont-size:15px;\n}\n<\/style>\n<div  class='av-special-heading av-lwgetqwo-ab97200d4f98acfdd401756afc0524a2 av-special-heading-h2 blockquote modern-quote  avia-builder-el-11  el_after_av_textblock  el_before_av_textblock'><h2 class='av-special-heading-tag'  itemprop=\"headline\"  >Esclusione di responsabilit\u00e0 per le pagine collegate<\/h2><div class=\"special-heading-border\"><div class=\"special-heading-inner-border\"><\/div><\/div><\/div><br \/>\n<section  class='av_textblock_section av-lwgetxze-22112d78fae000b5a3baf0a34d61802f'   itemscope=\"itemscope\" itemtype=\"https:\/\/schema.org\/CreativeWork\" ><div class='avia_textblock'  itemprop=\"text\" ><p>Da questo sito \u00e8 possibile accedere ad altri siti Internet non gestiti da Swiss Media Design GmbH. Swiss Media Design GmbH non \u00e8 responsabile del contenuto di queste pagine, n\u00e9 approva, sostiene o conferma il contenuto delle pagine esterne o degli indirizzi collegati ivi elencati.<\/p>\n<\/div><\/section><br \/>\n\n<style type=\"text\/css\" data-created_by=\"avia_inline_auto\" id=\"style-css-av-lwgeu6nr-fb72ce365691bb565bf1f28bd93cbc23\">\n#top .av-special-heading.av-lwgeu6nr-fb72ce365691bb565bf1f28bd93cbc23{\npadding-bottom:10px;\n}\nbody .av-special-heading.av-lwgeu6nr-fb72ce365691bb565bf1f28bd93cbc23 .av-special-heading-tag .heading-char{\nfont-size:25px;\n}\n.av-special-heading.av-lwgeu6nr-fb72ce365691bb565bf1f28bd93cbc23 .av-subheading{\nfont-size:15px;\n}\n<\/style>\n<div  class='av-special-heading av-lwgeu6nr-fb72ce365691bb565bf1f28bd93cbc23 av-special-heading-h2 blockquote modern-quote  avia-builder-el-13  el_after_av_textblock  el_before_av_textblock'><h2 class='av-special-heading-tag'  itemprop=\"headline\"  >Esclusione della responsabilit\u00e0 per difetti tecnici<\/h2><div class=\"special-heading-border\"><div class=\"special-heading-inner-border\"><\/div><\/div><\/div><br \/>\n<section  class='av_textblock_section av-lwgeugtw-ebea8ffd4d707103f875e54e0e5d9451'   itemscope=\"itemscope\" itemtype=\"https:\/\/schema.org\/CreativeWork\" ><div class='avia_textblock'  itemprop=\"text\" ><p>Swiss Media Design GmbH non si assume alcuna responsabilit\u00e0 per eventuali danni diretti o indiretti derivanti dall'uso delle informazioni e del materiale presenti su questo sito web o dall'accesso tramite link ad altri siti web. Swiss Media Design GmbH non garantisce che le informazioni, il software, i documenti o altri dati accessibili tramite uno di questi siti web siano privi di virus o altri componenti dannosi.<\/p>\n<\/div><\/section><br \/>\n\n<style type=\"text\/css\" data-created_by=\"avia_inline_auto\" id=\"style-css-av-lwgeuuxj-a1c44ff7c976be0798098c8993744c98\">\n#top .av-special-heading.av-lwgeuuxj-a1c44ff7c976be0798098c8993744c98{\npadding-bottom:10px;\n}\nbody .av-special-heading.av-lwgeuuxj-a1c44ff7c976be0798098c8993744c98 .av-special-heading-tag .heading-char{\nfont-size:25px;\n}\n.av-special-heading.av-lwgeuuxj-a1c44ff7c976be0798098c8993744c98 .av-subheading{\nfont-size:15px;\n}\n<\/style>\n<div  class='av-special-heading av-lwgeuuxj-a1c44ff7c976be0798098c8993744c98 av-special-heading-h2 blockquote modern-quote  avia-builder-el-15  el_after_av_textblock  el_before_av_textblock'><h2 class='av-special-heading-tag'  itemprop=\"headline\"  >Cambiamenti<\/h2><div class=\"special-heading-border\"><div class=\"special-heading-inner-border\"><\/div><\/div><\/div><br \/>\n<section  class='av_textblock_section av-lwgev14g-fbcb338d90e5e5f6daf7e5d28fb777e2'   itemscope=\"itemscope\" itemtype=\"https:\/\/schema.org\/CreativeWork\" ><div class='avia_textblock'  itemprop=\"text\" ><p>Swiss Media Design GmbH si riserva il diritto di modificare in qualsiasi momento il contenuto del sito e le presenti disposizioni. L'utente \u00e8 pertanto tenuto a leggere le presenti disposizioni ogni volta che visita il sito web.<\/p>\n<\/div><\/section><\/p><\/div>","protected":false},"excerpt":{"rendered":"","protected":false},"author":2,"featured_media":0,"parent":0,"menu_order":13000,"comment_status":"closed","ping_status":"closed","template":"","meta":{"footnotes":""},"class_list":["post-67","page","type-page","status-publish","hentry"],"_links":{"self":[{"href":"https:\/\/swissmediadesign.com\/it\/wp-json\/wp\/v2\/pages\/67","targetHints":{"allow":["GET"]}}],"collection":[{"href":"https:\/\/swissmediadesign.com\/it\/wp-json\/wp\/v2\/pages"}],"about":[{"href":"https:\/\/swissmediadesign.com\/it\/wp-json\/wp\/v2\/types\/page"}],"author":[{"embeddable":true,"href":"https:\/\/swissmediadesign.com\/it\/wp-json\/wp\/v2\/users\/2"}],"replies":[{"embeddable":true,"href":"https:\/\/swissmediadesign.com\/it\/wp-json\/wp\/v2\/comments?post=67"}],"version-history":[{"count":0,"href":"https:\/\/swissmediadesign.com\/it\/wp-json\/wp\/v2\/pages\/67\/revisions"}],"wp:attachment":[{"href":"https:\/\/swissmediadesign.com\/it\/wp-json\/wp\/v2\/media?parent=67"}],"curies":[{"name":"wp","href":"https:\/\/api.w.org\/{rel}","templated":true}]}}