{"id":86,"date":"2024-04-02T20:22:46","date_gmt":"2024-04-02T18:22:46","guid":{"rendered":"https:\/\/swissmediadesign.com\/?page_id=86"},"modified":"2025-03-25T10:39:16","modified_gmt":"2025-03-25T09:39:16","slug":"sichtbar-werden","status":"publish","type":"page","link":"https:\/\/swissmediadesign.com\/it\/la-nostra-esperienza\/diventare-visibile\/","title":{"rendered":"Diventare visibili"},"content":{"rendered":"<style type=\"text\/css\" data-created_by=\"avia_inline_auto\" id=\"style-css-av-luiu3q8a-9578b9bbc024ba40fd18af0149c057af\">\n.avia-section.av-luiu3q8a-9578b9bbc024ba40fd18af0149c057af{\nbackground-repeat:no-repeat;\nbackground-image:url(https:\/\/swissmediadesign.com\/wp-content\/uploads\/2024\/04\/70425452_m_normal_none-1500x1000.jpg);\nbackground-position:50% 50%;\nbackground-attachment:scroll;\n}\n.avia-section.av-luiu3q8a-9578b9bbc024ba40fd18af0149c057af .av-section-color-overlay{\nopacity:0.5;\nbackground-color:#000000;\n}\n<\/style>\n<div id='av_section_1'  class='avia-section av-luiu3q8a-9578b9bbc024ba40fd18af0149c057af main_color avia-section-default avia-no-border-styling  avia-builder-el-0  el_before_av_masonry_gallery  avia-builder-el-first  avia-full-stretch avia-bg-style-scroll av-section-color-overlay-active container_wrap fullsize'  data-section-bg-repeat='stretch'><div class=\"av-section-color-overlay-wrap\"><div class=\"av-section-color-overlay\"><\/div><div class='container av-section-cont-open' ><main  role=\"main\" itemprop=\"mainContentOfPage\"  class='template-page content  av-content-full alpha units'><div class='post-entry post-entry-type-page post-entry-86'><div class='entry-content-wrapper clearfix'>\n<div  class='flex_column av-2s6gy-6ca825ad8888abee4a843b8341107a8c av_one_fifth  avia-builder-el-1  el_before_av_three_fifth  avia-builder-el-first  first flex_column_div'     ><\/div><div  class='flex_column av-2c9ee-20bbc9248ca4777835fa38b2c9837276 av_three_fifth  avia-builder-el-2  el_after_av_one_fifth  el_before_av_one_fifth  flex_column_div'     ><p>\n<style type=\"text\/css\" data-created_by=\"avia_inline_auto\" id=\"style-css-av-luiu2wps-d801b5c6ecf8767cc27f30a5489a5d4c\">\n#top .av-special-heading.av-luiu2wps-d801b5c6ecf8767cc27f30a5489a5d4c{\npadding-bottom:10px;\ncolor:#ffffff;\n}\nbody .av-special-heading.av-luiu2wps-d801b5c6ecf8767cc27f30a5489a5d4c .av-special-heading-tag .heading-char{\nfont-size:25px;\n}\n.av-special-heading.av-luiu2wps-d801b5c6ecf8767cc27f30a5489a5d4c .special-heading-inner-border{\nborder-color:#ffffff;\n}\n.av-special-heading.av-luiu2wps-d801b5c6ecf8767cc27f30a5489a5d4c .av-subheading{\nfont-size:15px;\n}\n<\/style>\n<div  class='av-special-heading av-luiu2wps-d801b5c6ecf8767cc27f30a5489a5d4c av-special-heading-h1 custom-color-heading blockquote modern-quote modern-centered  avia-builder-el-3  el_before_av_textblock  avia-builder-el-first'><h1 class='av-special-heading-tag'  itemprop=\"headline\"  >Diventare visibili<\/h1><div class='av_custom_color av-subheading av-subheading_below'><p><a href=\"https:\/\/swissmediadesign.com\/it\/la-nostra-esperienza\/\">La nostra esperienza<\/a> \/ <a href=\"https:\/\/swissmediadesign.com\/it\/la-nostra-esperienza\/diventare-visibile\/\">Diventare visibili<\/a><\/p>\n<\/div><div class=\"special-heading-border\"><div class=\"special-heading-inner-border\"><\/div><\/div><\/div><br \/>\n\n<style type=\"text\/css\" data-created_by=\"avia_inline_auto\" id=\"style-css-av-4ic2-0a41b0693eb0a4bdc1446df79d0f628c\">\n#top .av_textblock_section.av-4ic2-0a41b0693eb0a4bdc1446df79d0f628c .avia_textblock{\ncolor:#ffffff;\n}\n<\/style>\n<section  class='av_textblock_section av-4ic2-0a41b0693eb0a4bdc1446df79d0f628c'   itemscope=\"itemscope\" itemtype=\"https:\/\/schema.org\/CreativeWork\" ><div class='avia_textblock av_inherit_color'  itemprop=\"text\" ><p style=\"text-align: center;\">Iniziate il vostro viaggio con noi e scoprite soluzioni pubblicitarie di grande impatto che vi faranno battere il cuore. Diamo forma alla presenza digitale del vostro marchio con dedizione e creativit\u00e0. Trasformiamo le visioni in successi tangibili e progettiamo esperienze che affascineranno il vostro gruppo target a lungo termine.<\/p>\n<\/div><\/section><\/p><\/div><div  class='flex_column av-qui2-1352a2b3a9cddd6b00a17a40576d4b89 av_one_fifth  avia-builder-el-5  el_after_av_three_fifth  avia-builder-el-last  flex_column_div'     ><\/div>\n<style type=\"text\/css\" data-created_by=\"avia_inline_auto\" id=\"style-css-av-q91u-ef11b3d03405fb543a1ea455bcba6bdc\">\n#top .av-masonry.av-q91u-ef11b3d03405fb543a1ea455bcba6bdc{\nbackground-color:#ffffff;\n}\n<\/style>\n<div id='av-masonry-1' class='av-masonry av-q91u-ef11b3d03405fb543a1ea455bcba6bdc noHover av-flex-size av-large-gap av-hover-overlay-active av-masonry-animation-active av-masonry-col-3 av-caption-always av-caption-style-overlay av-masonry-gallery' data-post_id=\"86\"><div class=\"av-masonry-container isotope av-js-disabled\"><div class='av-masonry-entry isotope-item av-masonry-item-no-image'><\/div><a href=\"https:\/\/swissmediadesign.com\/it\/la-nostra-esperienza\/diventare-visibile\/negozi-di-webdesign\/\"  aria-label=\"immagine Webdesign &amp; Shops\"  id='av-masonry-1-item-868' data-av-masonry-item='868' class='av-masonry-entry isotope-item post-868 attachment type-attachment status-inherit hentry  av-masonry-item-with-image' title=\"Webdesign e negozi\" alt=\"\"  data-av-masonry-custom-link=\"https:\/\/swissmediadesign.com\/unsere-expertise\/sichtbar-werden\/webdesign-shops\/\"  itemprop=\"thumbnailUrl\" ><div class='av-inner-masonry-sizer'><\/div><figure class='av-inner-masonry main_color'><div class=\"av-masonry-outerimage-container\"><div class='av-masonry-image-container'   ><img decoding=\"async\" src=\"https:\/\/swissmediadesign.com\/wp-content\/uploads\/2024\/05\/african-american-man-sitting-in-front-of-computer-2023-11-27-04-50-31-utc-1030x688.jpg\" title=\"Webdesign e negozi\" alt=\"\" \/><\/div><\/div><figcaption class='av-inner-masonry-content site-background'><div class='av-inner-masonry-content-pos'><div class='av-inner-masonry-content-pos-content'><div class='avia-arrow'><\/div><h3 class='av-masonry-entry-title entry-title'  itemprop=\"headline\" >Webdesign e negozi<\/h3><div class='av-masonry-entry-content entry-content'  itemprop=\"text\" >Scoprite le soluzioni personalizzate e complete di Swiss Media Design per lo sviluppo di siti web e l'e-commerce. Grazie alla nostra esperienza pluriennale e agli approcci innovativi e lungimiranti, progettiamo la vostra presenza online per un futuro digitale di successo, sostenibile, impressionante ed efficacemente scalabile.<\/div><\/div><\/div><\/figcaption><\/figure><\/a><!--end av-masonry entry--><a href=\"https:\/\/swissmediadesign.com\/it\/la-nostra-esperienza\/diventare-visibile\/identita-aziendale\/\"  aria-label=\"immagine Corporate Identity\"  id='av-masonry-1-item-871' data-av-masonry-item='871' class='av-masonry-entry isotope-item post-871 attachment type-attachment status-inherit hentry  av-masonry-item-with-image' title=\"Identit\u00e0 aziendale\" alt=\"\"  data-av-masonry-custom-link=\"https:\/\/swissmediadesign.com\/unsere-expertise\/sichtbar-werden\/corporate-identity\/\"  itemprop=\"thumbnailUrl\" ><div class='av-inner-masonry-sizer'><\/div><figure class='av-inner-masonry main_color'><div class=\"av-masonry-outerimage-container\"><div class='av-masonry-image-container'   ><img decoding=\"async\" src=\"https:\/\/swissmediadesign.com\/wp-content\/uploads\/2024\/05\/224386232_m_normal_none-1030x687.jpg\" title=\"Identit\u00e0 aziendale\" alt=\"\" \/><\/div><\/div><figcaption class='av-inner-masonry-content site-background'><div class='av-inner-masonry-content-pos'><div class='av-inner-masonry-content-pos-content'><div class='avia-arrow'><\/div><h3 class='av-masonry-entry-title entry-title'  itemprop=\"headline\" >Identit\u00e0 aziendale<\/h3><div class='av-masonry-entry-content entry-content'  itemprop=\"text\" >Scoprite subito le soluzioni innovative e personalizzate di Swiss Media Design per l'identit\u00e0 aziendale. Con strategie creative e complete, sviluppiamo in modo proattivo la vostra identit\u00e0 di marchio unica per una presenza forte, assertiva e convincente, nonch\u00e9 per un aumento sostenibile del valore di mercato.<\/div><\/div><\/div><\/figcaption><\/figure><\/a><!--end av-masonry entry--><a href=\"https:\/\/swissmediadesign.com\/it\/la-nostra-esperienza\/diventare-visibile\/ottimizzazione-dei-motori-di-ricerca-seo\/\"  aria-label=\"immagine ottimizzazione dei motori di ricerca\"  id='av-masonry-1-item-865' data-av-masonry-item='865' class='av-masonry-entry isotope-item post-865 attachment type-attachment status-inherit hentry  av-masonry-item-with-image' title=\"Ottimizzazione dei motori di ricerca\" alt=\"\"  data-av-masonry-custom-link=\"https:\/\/swissmediadesign.com\/unsere-expertise\/sichtbar-werden\/suchmaschinenoptimierung\/\"  itemprop=\"thumbnailUrl\" ><div class='av-inner-masonry-sizer'><\/div><figure class='av-inner-masonry main_color'><div class=\"av-masonry-outerimage-container\"><div class='av-masonry-image-container'   ><img decoding=\"async\" src=\"https:\/\/swissmediadesign.com\/wp-content\/uploads\/2024\/05\/139589453_m_normal_none-1030x687.jpg\" title=\"Ottimizzazione dei motori di ricerca\" alt=\"\" \/><\/div><\/div><figcaption class='av-inner-masonry-content site-background'><div class='av-inner-masonry-content-pos'><div class='av-inner-masonry-content-pos-content'><div class='avia-arrow'><\/div><h3 class='av-masonry-entry-title entry-title'  itemprop=\"headline\" >Ottimizzazione dei motori di ricerca<\/h3><div class='av-masonry-entry-content entry-content'  itemprop=\"text\" >Scoprite come le nostre strategie SEO possono portare il vostro sito web in cima ai motori di ricerca. Grazie a una vasta esperienza e a tecniche innovative, ottimizziamo i vostri contenuti, miglioriamo le vostre classifiche e aumentiamo la vostra visibilit\u00e0. Ogni misura \u00e8 finalizzata ad attrarre il vostro gruppo target e a trasmettere il messaggio del vostro marchio.<\/div><\/div><\/div><\/figcaption><\/figure><\/a><!--end av-masonry entry--><\/div><\/div><\/p>","protected":false},"excerpt":{"rendered":"","protected":false},"author":2,"featured_media":0,"parent":31,"menu_order":3100,"comment_status":"closed","ping_status":"closed","template":"","meta":{"footnotes":""},"class_list":["post-86","page","type-page","status-publish","hentry"],"_links":{"self":[{"href":"https:\/\/swissmediadesign.com\/it\/wp-json\/wp\/v2\/pages\/86","targetHints":{"allow":["GET"]}}],"collection":[{"href":"https:\/\/swissmediadesign.com\/it\/wp-json\/wp\/v2\/pages"}],"about":[{"href":"https:\/\/swissmediadesign.com\/it\/wp-json\/wp\/v2\/types\/page"}],"author":[{"embeddable":true,"href":"https:\/\/swissmediadesign.com\/it\/wp-json\/wp\/v2\/users\/2"}],"replies":[{"embeddable":true,"href":"https:\/\/swissmediadesign.com\/it\/wp-json\/wp\/v2\/comments?post=86"}],"version-history":[{"count":0,"href":"https:\/\/swissmediadesign.com\/it\/wp-json\/wp\/v2\/pages\/86\/revisions"}],"up":[{"embeddable":true,"href":"https:\/\/swissmediadesign.com\/it\/wp-json\/wp\/v2\/pages\/31"}],"wp:attachment":[{"href":"https:\/\/swissmediadesign.com\/it\/wp-json\/wp\/v2\/media?parent=86"}],"curies":[{"name":"wp","href":"https:\/\/api.w.org\/{rel}","templated":true}]}}