{"id":98,"date":"2024-04-02T20:28:12","date_gmt":"2024-04-02T18:28:12","guid":{"rendered":"https:\/\/swissmediadesign.com\/?page_id=98"},"modified":"2025-03-25T11:06:44","modified_gmt":"2025-03-25T10:06:44","slug":"e-commerce-loesungen","status":"publish","type":"page","link":"https:\/\/swissmediadesign.com\/it\/la-nostra-esperienza\/diventare-visibile\/negozi-di-webdesign\/soluzioni-di-commercio-elettronico\/","title":{"rendered":"Soluzioni di e-commerce"},"content":{"rendered":"<style type=\"text\/css\" data-created_by=\"avia_inline_auto\" id=\"style-css-av-506hu-0662ef427927e48185798d5838c7b00f\">\n.avia-section.av-506hu-0662ef427927e48185798d5838c7b00f{\nbackground-repeat:no-repeat;\nbackground-image:url(https:\/\/swissmediadesign.com\/wp-content\/uploads\/2024\/04\/212180253_m_normal_none-1500x1000.jpg);\nbackground-position:50% 50%;\nbackground-attachment:scroll;\n}\n.avia-section.av-506hu-0662ef427927e48185798d5838c7b00f .av-section-color-overlay{\nopacity:0.5;\nbackground-color:#000000;\n}\n<\/style>\n<div id='av_section_1'  class='avia-section av-506hu-0662ef427927e48185798d5838c7b00f main_color avia-section-default avia-no-border-styling  avia-builder-el-0  el_before_av_one_full  avia-builder-el-first  avia-full-stretch avia-bg-style-scroll av-section-color-overlay-active container_wrap fullsize'  data-section-bg-repeat='stretch'><div class=\"av-section-color-overlay-wrap\"><div class=\"av-section-color-overlay\"><\/div><div class='container av-section-cont-open' ><main  role=\"main\" itemprop=\"mainContentOfPage\"  class='template-page content  av-content-full alpha units'><div class='post-entry post-entry-type-page post-entry-98'><div class='entry-content-wrapper clearfix'>\n<div  class='flex_column av-4bm8i-f1a118c0eea3e31a0c9823aa4daf2d05 av_one_fifth  avia-builder-el-1  el_before_av_three_fifth  avia-builder-el-first  first flex_column_div'     ><\/div><div  class='flex_column av-3vbl2-a70f4735cdd382afcc84ead0ff04cc0d av_three_fifth  avia-builder-el-2  el_after_av_one_fifth  el_before_av_one_fifth  flex_column_div'     ><p>\n<style type=\"text\/css\" data-created_by=\"avia_inline_auto\" id=\"style-css-av-3j0di-10499ec4ec4bc239f52913ac1af618fc\">\n#top .av-special-heading.av-3j0di-10499ec4ec4bc239f52913ac1af618fc{\npadding-bottom:10px;\ncolor:#ffffff;\n}\nbody .av-special-heading.av-3j0di-10499ec4ec4bc239f52913ac1af618fc .av-special-heading-tag .heading-char{\nfont-size:25px;\n}\n.av-special-heading.av-3j0di-10499ec4ec4bc239f52913ac1af618fc .special-heading-inner-border{\nborder-color:#ffffff;\n}\n.av-special-heading.av-3j0di-10499ec4ec4bc239f52913ac1af618fc .av-subheading{\nfont-size:15px;\n}\n<\/style>\n<div  class='av-special-heading av-3j0di-10499ec4ec4bc239f52913ac1af618fc av-special-heading-h1 custom-color-heading blockquote modern-quote modern-centered  avia-builder-el-3  el_before_av_textblock  avia-builder-el-first'><h1 class='av-special-heading-tag'  itemprop=\"headline\"  >Soluzioni di e-commerce<\/h1><div class='av_custom_color av-subheading av-subheading_below'><p><a href=\"https:\/\/swissmediadesign.com\/it\/la-nostra-esperienza\/diventare-visibile\/negozi-di-webdesign\/\">Webdesign e negozi<\/a> \/ <a href=\"https:\/\/swissmediadesign.com\/it\/la-nostra-esperienza\/diventare-visibile\/negozi-di-webdesign\/soluzioni-di-commercio-elettronico\/\">Soluzioni di e-commerce<\/a><\/p>\n<\/div><div class=\"special-heading-border\"><div class=\"special-heading-inner-border\"><\/div><\/div><\/div><br \/>\n\n<style type=\"text\/css\" data-created_by=\"avia_inline_auto\" id=\"style-css-av-2tpsy-5d4bc141605de9d825f3a050dddf5e4b\">\n#top .av_textblock_section.av-2tpsy-5d4bc141605de9d825f3a050dddf5e4b .avia_textblock{\ncolor:#ffffff;\n}\n<\/style>\n<section  class='av_textblock_section av-2tpsy-5d4bc141605de9d825f3a050dddf5e4b'   itemscope=\"itemscope\" itemtype=\"https:\/\/schema.org\/CreativeWork\" ><div class='avia_textblock av_inherit_color'  itemprop=\"text\" ><p style=\"text-align: center;\">Aprite nuove dimensioni al successo del vostro e-commerce con Swiss Media Design. Le nostre soluzioni personalizzate per il negozio online, completate da un'ampia gamma di metodi di pagamento, tra cui 24 criptovalute, stabiliscono nuovi standard nel mondo digitale. Combiniamo innovazione e comprensione commerciale per il vostro successo.<\/p>\n<\/div><\/section><\/p><\/div><div  class='flex_column av-1vih6-72dff6878d7f936f2b5ab514eec71cf6 av_one_fifth  avia-builder-el-5  el_after_av_three_fifth  avia-builder-el-last  flex_column_div'     ><\/div><\/div><\/div><\/main><!-- close content main element --><\/div><\/div><\/div><div id='after_section_1'  class='main_color av_default_container_wrap container_wrap fullsize'  ><div class='container av-section-cont-open' ><div class='template-page content  av-content-full alpha units'><div class='post-entry post-entry-type-page post-entry-98'><div class='entry-content-wrapper clearfix'><div  class='flex_column av-68gi-2d4651b4893d90c2daad2d0350f4b38a av_one_full  avia-builder-el-6  el_after_av_section  avia-builder-el-no-sibling  first flex_column_div'     ><p>\n<style type=\"text\/css\" data-created_by=\"avia_inline_auto\" id=\"style-css-av-10kcu-b1545fb6a29bff1809304ba53c874501\">\n#top .av-special-heading.av-10kcu-b1545fb6a29bff1809304ba53c874501{\npadding-bottom:10px;\n}\nbody .av-special-heading.av-10kcu-b1545fb6a29bff1809304ba53c874501 .av-special-heading-tag .heading-char{\nfont-size:25px;\n}\n.av-special-heading.av-10kcu-b1545fb6a29bff1809304ba53c874501 .av-subheading{\nfont-size:15px;\n}\n<\/style>\n<div  class='av-special-heading av-10kcu-b1545fb6a29bff1809304ba53c874501 av-special-heading-h2 blockquote modern-quote  avia-builder-el-7  el_before_av_textblock  avia-builder-el-first'><h2 class='av-special-heading-tag'  itemprop=\"headline\"  >L'innovazione incontra la tradizione: la vostra strada verso il successo nell'era digitale<\/h2><div class=\"special-heading-border\"><div class=\"special-heading-inner-border\"><\/div><\/div><\/div><br \/>\n<section  class='av_textblock_section av-lus602or-284af8653e36585745d978daaff1b912'   itemscope=\"itemscope\" itemtype=\"https:\/\/schema.org\/CreativeWork\" ><div class='avia_textblock'  itemprop=\"text\" ><p>In un mondo che gira sempre pi\u00f9 velocemente e in cui la tecnologia sta plasmando non solo gli affari ma anche la vita quotidiana, Swiss Media Design \u00e8 al vostro fianco per trasformare il vostro negozio online in una storia di successo. Sappiamo che il vostro negozio online \u00e8 pi\u00f9 di un semplice sito web: \u00e8 il fulcro digitale della vostra attivit\u00e0, un luogo in cui la vostra passione incontra i vostri clienti. Ecco perch\u00e9 offriamo soluzioni personalizzate basate sulle potenti piattaforme WordPress WooCommerce e Shopify per trasformare il vostro sogno di un negozio online perfetto in realt\u00e0.<\/p>\n<p>Tuttavia, il nostro impegno non si esaurisce nella fornitura di una piattaforma facile da usare e visivamente accattivante. Sappiamo che i metodi di pagamento nell'e-commerce devono essere diversi come i vostri clienti. Ecco perch\u00e9 stiamo ampliando le opzioni per offrire ai vostri clienti un'esperienza di acquisto sicura e senza interruzioni. Oltre ai metodi di pagamento tradizionali come carte di credito, bonifici bancari e PayPal, abbiamo integrato l'innovativo sistema di pagamento Twint e stiamo facendo un passo avanti verso il futuro.<\/p>\n<p>Riconoscendo la crescente importanza delle valute digitali nell'economia globale, siamo orgogliosi di offrire pagamenti in una gamma impressionante di 24 criptovalute: Bitcoin, Bitcoin Cash, Bitcoin SV, Cardano (ADA), Dogecoin, Ethereum, Voyager Token (VGX), Litecoin, Nano, OmiseGo, Paxos Standard Token, Polkadot, Stellar, Solana, Qtum, Tron, TrueUSD, USD Coin, Tether ERC-20, USDTTRC20, Aave, Binance Chain (BEP2), Binance Smart Chain (BEP20), Chainlink e Polygon. Questa decisione riflette il nostro impegno a essere all'avanguardia nell'innovazione tecnologica e a dare ai nostri clienti la libert\u00e0 di utilizzare le pi\u00f9 recenti opzioni di pagamento.<\/p>\n<p>Noi di Swiss Media Design crediamo che il vostro negozio online sia il ponte tra voi e i vostri clienti in tutto il mondo. Per questo facciamo tutto il possibile per rendere questo collegamento il pi\u00f9 forte, sicuro e a prova di futuro possibile. Vi invitiamo a unirvi a noi in questo entusiasmante viaggio. Apriamo insieme le porte a nuove possibilit\u00e0 e guidiamo il vostro negozio online verso un futuro luminoso con Swiss Media Design.<\/p>\n<\/div><\/section><\/p><\/div><\/p>","protected":false},"excerpt":{"rendered":"","protected":false},"author":2,"featured_media":0,"parent":88,"menu_order":3112,"comment_status":"closed","ping_status":"closed","template":"","meta":{"footnotes":""},"class_list":["post-98","page","type-page","status-publish","hentry"],"_links":{"self":[{"href":"https:\/\/swissmediadesign.com\/it\/wp-json\/wp\/v2\/pages\/98","targetHints":{"allow":["GET"]}}],"collection":[{"href":"https:\/\/swissmediadesign.com\/it\/wp-json\/wp\/v2\/pages"}],"about":[{"href":"https:\/\/swissmediadesign.com\/it\/wp-json\/wp\/v2\/types\/page"}],"author":[{"embeddable":true,"href":"https:\/\/swissmediadesign.com\/it\/wp-json\/wp\/v2\/users\/2"}],"replies":[{"embeddable":true,"href":"https:\/\/swissmediadesign.com\/it\/wp-json\/wp\/v2\/comments?post=98"}],"version-history":[{"count":0,"href":"https:\/\/swissmediadesign.com\/it\/wp-json\/wp\/v2\/pages\/98\/revisions"}],"up":[{"embeddable":true,"href":"https:\/\/swissmediadesign.com\/it\/wp-json\/wp\/v2\/pages\/88"}],"wp:attachment":[{"href":"https:\/\/swissmediadesign.com\/it\/wp-json\/wp\/v2\/media?parent=98"}],"curies":[{"name":"wp","href":"https:\/\/api.w.org\/{rel}","templated":true}]}}